{"id":78359,"date":"2021-11-12T12:36:08","date_gmt":"2021-11-12T12:36:08","guid":{"rendered":"https:\/\/www.biocabaz.pt\/web\/?post_type=product&#038;p=78359"},"modified":"2025-06-12T08:34:10","modified_gmt":"2025-06-12T08:34:10","slug":"marmelada-bio-quinta-dos-jugais","status":"publish","type":"product","link":"https:\/\/biocabaz.pt\/web\/en\/produto\/marmelada-bio-quinta-dos-jugais\/","title":{"rendered":"Marmelada Bio Quinta Dos Jugais 500GRS"},"content":{"rendered":"<h4 class=\"jaminfoNutricional\">INGREDIENTES:<\/h4>\n<p class=\"jaminfoNutricionalIngred\">Marmelo (50%), A\u00e7\u00facar<\/p>\n<div class=\"imgStampsAlign\"><img decoding=\"async\" class=\"imgIngredients ls-is-cached lazyloaded\" src=\"https:\/\/jugais.com\/wp-content\/uploads\/2020\/06\/vegan.jpg\" alt=\"Alimenta\u00e7\u00e3o Vegan\" data-src=\"https:\/\/jugais.com\/wp-content\/uploads\/2020\/06\/vegan.jpg\" data-zoom-image=\"https:\/\/jugais.com\/wp-content\/uploads\/2020\/06\/vegan.jpg\" \/><img decoding=\"async\" class=\"imageStamps ls-is-cached lazyloaded\" src=\"https:\/\/jugais.com\/wp-content\/uploads\/2020\/06\/sem-gluten.jpg\" alt=\"Sem Gluten\" data-src=\"https:\/\/jugais.com\/wp-content\/uploads\/2020\/06\/sem-gluten.jpg\" data-zoom-image=\"https:\/\/jugais.com\/wp-content\/uploads\/2020\/06\/sem-gluten.jpg\" \/><img decoding=\"async\" class=\"imageStamps ls-is-cached lazyloaded\" src=\"https:\/\/jugais.com\/wp-content\/uploads\/2020\/06\/sem-lactose.jpg\" alt=\"Sem Lactose\" data-src=\"https:\/\/jugais.com\/wp-content\/uploads\/2020\/06\/sem-lactose.jpg\" data-zoom-image=\"https:\/\/jugais.com\/wp-content\/uploads\/2020\/06\/sem-lactose.jpg\" \/><img decoding=\"async\" class=\"imageStamps ls-is-cached lazyloaded\" src=\"https:\/\/jugais.com\/wp-content\/uploads\/2020\/06\/sem-gmo.jpg\" alt=\"N\u00e3o leva fruta gen\u00e9ticamente modificada\" data-src=\"https:\/\/jugais.com\/wp-content\/uploads\/2020\/06\/sem-gmo.jpg\" data-zoom-image=\"https:\/\/jugais.com\/wp-content\/uploads\/2020\/06\/sem-gmo.jpg\" \/><\/div>\n","protected":false},"excerpt":{"rendered":"<h4 class=\"title_info_nutriciDestaque\">Informa\u00e7\u00e3o Nutricional por 100g<\/h4>\n<div>\n<div class=\"vc_col-xs-12 vc_col-sm-9\">\n<ul class=\"ul_info_nurtici\">\n<li class=\"list_info_nurtici \"><\/li>\n<li class=\"list_info_nurtici list_info_nuic_line\">VALOR ENERG\u00c9TICO<span class=\"spanRight_info_nurtici\">291 Kcal<\/span><\/li>\n<li class=\"list_info_nurtici list_info_nuic_line\">L\u00cdPIDOS<span class=\"spanRight_info_nurtici\"><0,3g<\/span><\/li>\n<li class=\"list_info_nurtici list_info_nuic_line\">dos quais \u00e1cidos gordos saturados<span class=\"spanRight_info_nurtici\"><0,3g<\/span><\/li>\n<li class=\"list_info_nurtici list_info_nuic_line\">HIDRATOS DE CARBONO<span class=\"spanRight_info_nurtici\">71g<\/span><\/li>\n<li class=\"list_info_nurtici list_info_nuic_line\">dos quais a\u00e7ucares<span class=\"spanRight_info_nurtici\">57g<\/span><\/li>\n<li class=\"list_info_nurtici list_info_nuic_line\">FIBRAS<span class=\"spanRight_info_nurtici\">2,6g<\/span><\/li>\n<li class=\"list_info_nurtici list_info_nuic_line\">PROTE\u00cdNAS<span class=\"spanRight_info_nurtici\">0,6g<\/span><\/li>\n<li class=\"list_info_nurtici list_info_nuic_line\">SAL<span class=\"spanRight_info_nurtici\"><0,03g<\/span><\/li>\n<\/ul>\n<\/div>\n<\/div>\n","protected":false},"featured_media":78360,"comment_status":"closed","ping_status":"closed","template":"","meta":[],"product_cat":[32],"product_tag":[],"class_list":["post-78359","product","type-product","status-publish","has-post-thumbnail","hentry","product_cat-compotas-e-mel"],"bundle_layout":"","bundled_by":[],"bundled_items":[],"yoast_head":"<!-- This site is optimized with the Yoast SEO plugin v26.3 - https:\/\/yoast.com\/wordpress\/plugins\/seo\/ -->\n<title>Marmelada Bio Quinta Dos Jugais 500GRS<\/title>\n<meta name=\"robots\" content=\"index, follow, max-snippet:-1, max-image-preview:large, max-video-preview:-1\" \/>\n<link rel=\"canonical\" href=\"https:\/\/biocabaz.pt\/web\/en\/produto\/marmelada-bio-quinta-dos-jugais\/\" \/>\n<meta property=\"og:locale\" content=\"pt_PT\" \/>\n<meta property=\"og:locale:alternate\" content=\"pt_PT\" \/>\n<meta property=\"og:type\" content=\"article\" \/>\n<meta property=\"og:title\" content=\"Marmelada Bio Quinta Dos Jugais 500GRS\" \/>\n<meta property=\"og:description\" content=\"Informa\u00e7\u00e3o Nutricional por 100g       VALOR ENERG\u00c9TICO291 Kcal  L\u00cdPIDOS\" \/>\n<meta property=\"og:url\" content=\"https:\/\/biocabaz.pt\/web\/en\/produto\/marmelada-bio-quinta-dos-jugais\/\" \/>\n<meta property=\"og:site_name\" content=\"CABAZES BIOL\u00d3GICOS\" \/>\n<meta property=\"article:modified_time\" content=\"2025-06-12T08:34:10+00:00\" \/>\n<meta property=\"og:image\" content=\"https:\/\/www.biocabaz.pt\/web\/wp-conteudos\/uploads\/2021\/11\/marmelada-bio-quinta-dos-jugais.jpg\" \/>\n\t<meta property=\"og:image:width\" content=\"300\" \/>\n\t<meta property=\"og:image:height\" content=\"330\" \/>\n\t<meta property=\"og:image:type\" content=\"image\/jpeg\" \/>\n<meta name=\"twitter:card\" content=\"summary_large_image\" \/>\n<script type=\"application\/ld+json\" class=\"yoast-schema-graph\">{\"@context\":\"https:\/\/schema.org\",\"@graph\":[{\"@type\":\"WebPage\",\"@id\":\"https:\/\/biocabaz.pt\/web\/en\/produto\/marmelada-bio-quinta-dos-jugais\/\",\"url\":\"https:\/\/biocabaz.pt\/web\/en\/produto\/marmelada-bio-quinta-dos-jugais\/\",\"name\":\"Marmelada Bio Quinta Dos Jugais 500GRS\",\"isPartOf\":{\"@id\":\"https:\/\/biocabaz.pt\/web\/#website\"},\"primaryImageOfPage\":{\"@id\":\"https:\/\/biocabaz.pt\/web\/en\/produto\/marmelada-bio-quinta-dos-jugais\/#primaryimage\"},\"image\":{\"@id\":\"https:\/\/biocabaz.pt\/web\/en\/produto\/marmelada-bio-quinta-dos-jugais\/#primaryimage\"},\"thumbnailUrl\":\"https:\/\/www.biocabaz.pt\/web\/wp-conteudos\/uploads\/2021\/11\/marmelada-bio-quinta-dos-jugais.jpg\",\"datePublished\":\"2021-11-12T12:36:08+00:00\",\"dateModified\":\"2025-06-12T08:34:10+00:00\",\"breadcrumb\":{\"@id\":\"https:\/\/biocabaz.pt\/web\/en\/produto\/marmelada-bio-quinta-dos-jugais\/#breadcrumb\"},\"inLanguage\":\"pt-PT\",\"potentialAction\":[{\"@type\":\"ReadAction\",\"target\":[\"https:\/\/biocabaz.pt\/web\/en\/produto\/marmelada-bio-quinta-dos-jugais\/\"]}]},{\"@type\":\"ImageObject\",\"inLanguage\":\"pt-PT\",\"@id\":\"https:\/\/biocabaz.pt\/web\/en\/produto\/marmelada-bio-quinta-dos-jugais\/#primaryimage\",\"url\":\"https:\/\/www.biocabaz.pt\/web\/wp-conteudos\/uploads\/2021\/11\/marmelada-bio-quinta-dos-jugais.jpg\",\"contentUrl\":\"https:\/\/www.biocabaz.pt\/web\/wp-conteudos\/uploads\/2021\/11\/marmelada-bio-quinta-dos-jugais.jpg\",\"width\":300,\"height\":330,\"caption\":\"Marmelada Bio Quinta Dos Jugais\"},{\"@type\":\"BreadcrumbList\",\"@id\":\"https:\/\/biocabaz.pt\/web\/en\/produto\/marmelada-bio-quinta-dos-jugais\/#breadcrumb\",\"itemListElement\":[{\"@type\":\"ListItem\",\"position\":1,\"name\":\"Home\",\"item\":\"https:\/\/biocabaz.pt\/web\/\"},{\"@type\":\"ListItem\",\"position\":2,\"name\":\"Loja\",\"item\":\"https:\/\/biocabaz.pt\/web\/shop\/\"},{\"@type\":\"ListItem\",\"position\":3,\"name\":\"Marmelada Bio Quinta Dos Jugais 500GRS\"}]},{\"@type\":\"WebSite\",\"@id\":\"https:\/\/biocabaz.pt\/web\/#website\",\"url\":\"https:\/\/biocabaz.pt\/web\/\",\"name\":\"CABAZES BIOL\u00d3GICOS\",\"description\":\"One+Number\",\"potentialAction\":[{\"@type\":\"SearchAction\",\"target\":{\"@type\":\"EntryPoint\",\"urlTemplate\":\"https:\/\/biocabaz.pt\/web\/?s={search_term_string}\"},\"query-input\":{\"@type\":\"PropertyValueSpecification\",\"valueRequired\":true,\"valueName\":\"search_term_string\"}}],\"inLanguage\":\"pt-PT\"}]}<\/script>\n<!-- \/ Yoast SEO plugin. -->","yoast_head_json":{"title":"Marmelada Bio Quinta Dos Jugais 500GRS","robots":{"index":"index","follow":"follow","max-snippet":"max-snippet:-1","max-image-preview":"max-image-preview:large","max-video-preview":"max-video-preview:-1"},"canonical":"https:\/\/biocabaz.pt\/web\/en\/produto\/marmelada-bio-quinta-dos-jugais\/","og_locale":"pt_PT","og_type":"article","og_title":"[:en]Marmelada Bio Quinta Dos Jugais 500GRS[:pt]Marmelada Bio Quinta Dos Jugais 500GRS[:] - CABAZES BIOL\u00d3GICOS","og_description":"Informa\u00e7\u00e3o Nutricional por 100g       VALOR ENERG\u00c9TICO291 Kcal  L\u00cdPIDOS","og_url":"https:\/\/biocabaz.pt\/web\/en\/produto\/marmelada-bio-quinta-dos-jugais\/","og_site_name":"CABAZES BIOL\u00d3GICOS","article_modified_time":"2025-06-12T08:34:10+00:00","og_image":[{"width":300,"height":330,"url":"https:\/\/www.biocabaz.pt\/web\/wp-conteudos\/uploads\/2021\/11\/marmelada-bio-quinta-dos-jugais.jpg","type":"image\/jpeg"}],"twitter_card":"summary_large_image","schema":{"@context":"https:\/\/schema.org","@graph":[{"@type":"WebPage","@id":"https:\/\/biocabaz.pt\/web\/en\/produto\/marmelada-bio-quinta-dos-jugais\/","url":"https:\/\/biocabaz.pt\/web\/en\/produto\/marmelada-bio-quinta-dos-jugais\/","name":"Marmelada Bio Quinta Dos Jugais 500GRS","isPartOf":{"@id":"https:\/\/biocabaz.pt\/web\/#website"},"primaryImageOfPage":{"@id":"https:\/\/biocabaz.pt\/web\/en\/produto\/marmelada-bio-quinta-dos-jugais\/#primaryimage"},"image":{"@id":"https:\/\/biocabaz.pt\/web\/en\/produto\/marmelada-bio-quinta-dos-jugais\/#primaryimage"},"thumbnailUrl":"https:\/\/www.biocabaz.pt\/web\/wp-conteudos\/uploads\/2021\/11\/marmelada-bio-quinta-dos-jugais.jpg","datePublished":"2021-11-12T12:36:08+00:00","dateModified":"2025-06-12T08:34:10+00:00","breadcrumb":{"@id":"https:\/\/biocabaz.pt\/web\/en\/produto\/marmelada-bio-quinta-dos-jugais\/#breadcrumb"},"inLanguage":"pt-PT","potentialAction":[{"@type":"ReadAction","target":["https:\/\/biocabaz.pt\/web\/en\/produto\/marmelada-bio-quinta-dos-jugais\/"]}]},{"@type":"ImageObject","inLanguage":"pt-PT","@id":"https:\/\/biocabaz.pt\/web\/en\/produto\/marmelada-bio-quinta-dos-jugais\/#primaryimage","url":"https:\/\/www.biocabaz.pt\/web\/wp-conteudos\/uploads\/2021\/11\/marmelada-bio-quinta-dos-jugais.jpg","contentUrl":"https:\/\/www.biocabaz.pt\/web\/wp-conteudos\/uploads\/2021\/11\/marmelada-bio-quinta-dos-jugais.jpg","width":300,"height":330,"caption":"Marmelada Bio Quinta Dos Jugais"},{"@type":"BreadcrumbList","@id":"https:\/\/biocabaz.pt\/web\/en\/produto\/marmelada-bio-quinta-dos-jugais\/#breadcrumb","itemListElement":[{"@type":"ListItem","position":1,"name":"Home","item":"https:\/\/biocabaz.pt\/web\/"},{"@type":"ListItem","position":2,"name":"Loja","item":"https:\/\/biocabaz.pt\/web\/shop\/"},{"@type":"ListItem","position":3,"name":"Marmelada Bio Quinta Dos Jugais 500GRS"}]},{"@type":"WebSite","@id":"https:\/\/biocabaz.pt\/web\/#website","url":"https:\/\/biocabaz.pt\/web\/","name":"CABAZES BIOL\u00d3GICOS","description":"One+Number","potentialAction":[{"@type":"SearchAction","target":{"@type":"EntryPoint","urlTemplate":"https:\/\/biocabaz.pt\/web\/?s={search_term_string}"},"query-input":{"@type":"PropertyValueSpecification","valueRequired":true,"valueName":"search_term_string"}}],"inLanguage":"pt-PT"}]}},"_links":{"self":[{"href":"https:\/\/biocabaz.pt\/web\/en\/wp-json\/wp\/v2\/product\/78359","targetHints":{"allow":["GET"]}}],"collection":[{"href":"https:\/\/biocabaz.pt\/web\/en\/wp-json\/wp\/v2\/product"}],"about":[{"href":"https:\/\/biocabaz.pt\/web\/en\/wp-json\/wp\/v2\/types\/product"}],"replies":[{"embeddable":true,"href":"https:\/\/biocabaz.pt\/web\/en\/wp-json\/wp\/v2\/comments?post=78359"}],"wp:featuredmedia":[{"embeddable":true,"href":"https:\/\/biocabaz.pt\/web\/en\/wp-json\/wp\/v2\/media\/78360"}],"wp:attachment":[{"href":"https:\/\/biocabaz.pt\/web\/en\/wp-json\/wp\/v2\/media?parent=78359"}],"wp:term":[{"taxonomy":"product_cat","embeddable":true,"href":"https:\/\/biocabaz.pt\/web\/en\/wp-json\/wp\/v2\/product_cat?post=78359"},{"taxonomy":"product_tag","embeddable":true,"href":"https:\/\/biocabaz.pt\/web\/en\/wp-json\/wp\/v2\/product_tag?post=78359"}],"curies":[{"name":"wp","href":"https:\/\/api.w.org\/{rel}","templated":true}]}}