{"id":78056,"date":"2021-11-05T12:08:40","date_gmt":"2021-11-05T12:08:40","guid":{"rendered":"https:\/\/www.biocabaz.pt\/web\/?post_type=product&#038;p=78056"},"modified":"2022-12-30T12:26:46","modified_gmt":"2022-12-30T12:26:46","slug":"bebida-de-amendoa-sem-acucar-bio-provida-1l","status":"publish","type":"product","link":"https:\/\/biocabaz.pt\/web\/en\/produto\/bebida-de-amendoa-sem-acucar-bio-provida-1l\/","title":{"rendered":"Bebida de Am\u00eandoa Sem A\u00e7\u00facar BIO PR\u00d3VIDA 1L"},"content":{"rendered":"<p>Origem Portugal<\/p>\n","protected":false},"excerpt":{"rendered":"<h3><strong>DESCRI\u00c7\u00c3O<\/strong><\/h3>\n<p>Bebida de Am\u00eandoa BIO sem a\u00e7\u00facar. Apto para Vegans. Sem lactose. Isento de gl\u00faten. Ingredientes: \u00c1gua, AM\u00caNDOA* (4%), emulsionante: lecitina* (de girassol*), sal marinho. *de produ\u00e7\u00e3o biol\u00f3gica. IT-BIO-007. Agricultura UE. Certiplanet PT-BIO-04<\/p>\n<h3><strong>DADOS NUTRICIONAIS<\/strong><\/h3>\n<p>Declara\u00e7\u00e3o Nutricional por 100ml: Energia : 111kJ\/27kcal; L\u00edpidos : 2,5g, dos quais saturados : 0,2g; Hidratos de Carbono :0,0g, dos quais a\u00e7\u00facares: 0,0g; Fibra: 0,6g; Prote\u00ednas : 1,1g; Sal &#8211; 0,08g.<\/p>\n<h3><strong>MODO DE UTILIZA\u00c7\u00c3O<\/strong><\/h3>\n<p>Pronto a consumir como bebida fria ou quente. Sugest\u00f5es de utiliza\u00e7\u00e3o: Junto com os seus cereais matinais ou muesli, simplesmente como uma bebida refrescante ao longo do dia ou adicionando aos batidos ou smoothies. Agitar bem antes de usar. Ap\u00f3s abertura, conservar no frigor\u00edfico e consumir dentro de 3-4 dias. CONSERVAR EM LOCAL SECO E FRESCO.<\/p>\n","protected":false},"featured_media":78058,"comment_status":"closed","ping_status":"closed","template":"","meta":[],"product_cat":[34],"product_tag":[],"class_list":["post-78056","product","type-product","status-publish","has-post-thumbnail","hentry","product_cat-leites-bebidas-vegetais"],"bundle_layout":"","bundled_by":[],"bundled_items":[],"yoast_head":"<!-- This site is optimized with the Yoast SEO plugin v26.3 - https:\/\/yoast.com\/wordpress\/plugins\/seo\/ -->\n<title>Bebida de Am\u00eandoa Sem A\u00e7\u00facar BIO PR\u00d3VIDA 1L<\/title>\n<meta name=\"robots\" content=\"index, follow, max-snippet:-1, max-image-preview:large, max-video-preview:-1\" \/>\n<link rel=\"canonical\" href=\"https:\/\/biocabaz.pt\/web\/en\/produto\/bebida-de-amendoa-sem-acucar-bio-provida-1l\/\" \/>\n<meta property=\"og:locale\" content=\"pt_PT\" \/>\n<meta property=\"og:locale:alternate\" content=\"pt_PT\" \/>\n<meta property=\"og:type\" content=\"article\" \/>\n<meta property=\"og:title\" content=\"Bebida de Am\u00eandoa Sem A\u00e7\u00facar BIO PR\u00d3VIDA 1L\" \/>\n<meta property=\"og:description\" content=\"DESCRI\u00c7\u00c3O Bebida de Am\u00eandoa BIO sem a\u00e7\u00facar. Apto para Vegans. Sem lactose. Isento de gl\u00faten. Ingredientes: \u00c1gua, AM\u00caNDOA* (4%), emulsionante: lecitina* (de girassol*), sal marinho. *de produ\u00e7\u00e3o biol\u00f3gica. IT-BIO-007. Agricultura UE. Certiplanet PT-BIO-04 DADOS NUTRICIONAIS Declara\u00e7\u00e3o Nutricional por 100ml: Energia : 111kJ\/27kcal; L\u00edpidos : 2,5g, dos quais saturados : 0,2g; Hidratos de Carbono :0,0g, dos quais a\u00e7\u00facares: 0,0g; Fibra: 0,6g; Prote\u00ednas : 1,1g; Sal - 0,08g. MODO DE UTILIZA\u00c7\u00c3O Pronto a consumir como bebida fria ou quente. Sugest\u00f5es de utiliza\u00e7\u00e3o: Junto com os seus cereais matinais ou muesli, simplesmente como uma bebida refrescante ao longo do dia ou adicionando aos batidos ou smoothies. Agitar bem antes de usar. Ap\u00f3s abertura, conservar no frigor\u00edfico e consumir dentro de 3-4 dias. CONSERVAR EM LOCAL SECO E FRESCO.\" \/>\n<meta property=\"og:url\" content=\"https:\/\/biocabaz.pt\/web\/en\/produto\/bebida-de-amendoa-sem-acucar-bio-provida-1l\/\" \/>\n<meta property=\"og:site_name\" content=\"CABAZES BIOL\u00d3GICOS\" \/>\n<meta property=\"article:modified_time\" content=\"2022-12-30T12:26:46+00:00\" \/>\n<meta property=\"og:image\" content=\"https:\/\/www.biocabaz.pt\/web\/wp-conteudos\/uploads\/2021\/11\/bebida-de-amendoa-sem-acucar-bio-provida-1l-1.jpg\" \/>\n\t<meta property=\"og:image:width\" content=\"326\" \/>\n\t<meta property=\"og:image:height\" content=\"300\" \/>\n\t<meta property=\"og:image:type\" content=\"image\/jpeg\" \/>\n<meta name=\"twitter:card\" content=\"summary_large_image\" \/>\n<script type=\"application\/ld+json\" class=\"yoast-schema-graph\">{\"@context\":\"https:\/\/schema.org\",\"@graph\":[{\"@type\":\"WebPage\",\"@id\":\"https:\/\/biocabaz.pt\/web\/en\/produto\/bebida-de-amendoa-sem-acucar-bio-provida-1l\/\",\"url\":\"https:\/\/biocabaz.pt\/web\/en\/produto\/bebida-de-amendoa-sem-acucar-bio-provida-1l\/\",\"name\":\"Bebida de Am\u00eandoa Sem A\u00e7\u00facar BIO PR\u00d3VIDA 1L\",\"isPartOf\":{\"@id\":\"https:\/\/biocabaz.pt\/web\/en\/#website\"},\"primaryImageOfPage\":{\"@id\":\"https:\/\/biocabaz.pt\/web\/en\/produto\/bebida-de-amendoa-sem-acucar-bio-provida-1l\/#primaryimage\"},\"image\":{\"@id\":\"https:\/\/biocabaz.pt\/web\/en\/produto\/bebida-de-amendoa-sem-acucar-bio-provida-1l\/#primaryimage\"},\"thumbnailUrl\":\"https:\/\/www.biocabaz.pt\/web\/wp-conteudos\/uploads\/2021\/11\/bebida-de-amendoa-sem-acucar-bio-provida-1l-1.jpg\",\"datePublished\":\"2021-11-05T12:08:40+00:00\",\"dateModified\":\"2022-12-30T12:26:46+00:00\",\"breadcrumb\":{\"@id\":\"https:\/\/biocabaz.pt\/web\/en\/produto\/bebida-de-amendoa-sem-acucar-bio-provida-1l\/#breadcrumb\"},\"inLanguage\":\"pt-PT\",\"potentialAction\":[{\"@type\":\"ReadAction\",\"target\":[\"https:\/\/biocabaz.pt\/web\/en\/produto\/bebida-de-amendoa-sem-acucar-bio-provida-1l\/\"]}]},{\"@type\":\"ImageObject\",\"inLanguage\":\"pt-PT\",\"@id\":\"https:\/\/biocabaz.pt\/web\/en\/produto\/bebida-de-amendoa-sem-acucar-bio-provida-1l\/#primaryimage\",\"url\":\"https:\/\/www.biocabaz.pt\/web\/wp-conteudos\/uploads\/2021\/11\/bebida-de-amendoa-sem-acucar-bio-provida-1l-1.jpg\",\"contentUrl\":\"https:\/\/www.biocabaz.pt\/web\/wp-conteudos\/uploads\/2021\/11\/bebida-de-amendoa-sem-acucar-bio-provida-1l-1.jpg\",\"width\":326,\"height\":300,\"caption\":\"bebida-de-amendoa-sem-acucar-bio-provida-1l\"},{\"@type\":\"BreadcrumbList\",\"@id\":\"https:\/\/biocabaz.pt\/web\/en\/produto\/bebida-de-amendoa-sem-acucar-bio-provida-1l\/#breadcrumb\",\"itemListElement\":[{\"@type\":\"ListItem\",\"position\":1,\"name\":\"Home\",\"item\":\"https:\/\/biocabaz.pt\/web\/en\/\"},{\"@type\":\"ListItem\",\"position\":2,\"name\":\"Shop\",\"item\":\"https:\/\/biocabaz.pt\/web\/en\/shop\/\"},{\"@type\":\"ListItem\",\"position\":3,\"name\":\"Bebida de Am\u00eandoa Sem A\u00e7\u00facar BIO PR\u00d3VIDA 1L\"}]},{\"@type\":\"WebSite\",\"@id\":\"https:\/\/biocabaz.pt\/web\/en\/#website\",\"url\":\"https:\/\/biocabaz.pt\/web\/en\/\",\"name\":\"CABAZES BIOL\u00d3GICOS\",\"description\":\"One+Number\",\"potentialAction\":[{\"@type\":\"SearchAction\",\"target\":{\"@type\":\"EntryPoint\",\"urlTemplate\":\"https:\/\/biocabaz.pt\/web\/en\/?s={search_term_string}\"},\"query-input\":{\"@type\":\"PropertyValueSpecification\",\"valueRequired\":true,\"valueName\":\"search_term_string\"}}],\"inLanguage\":\"pt-PT\"}]}<\/script>\n<!-- \/ Yoast SEO plugin. -->","yoast_head_json":{"title":"Bebida de Am\u00eandoa Sem A\u00e7\u00facar BIO PR\u00d3VIDA 1L","robots":{"index":"index","follow":"follow","max-snippet":"max-snippet:-1","max-image-preview":"max-image-preview:large","max-video-preview":"max-video-preview:-1"},"canonical":"https:\/\/biocabaz.pt\/web\/en\/produto\/bebida-de-amendoa-sem-acucar-bio-provida-1l\/","og_locale":"pt_PT","og_type":"article","og_title":"[:pt]Bebida de Am\u00eandoa Sem A\u00e7\u00facar BIO PR\u00d3VIDA 1L[:] - CABAZES BIOL\u00d3GICOS","og_description":"DESCRI\u00c7\u00c3O Bebida de Am\u00eandoa BIO sem a\u00e7\u00facar. Apto para Vegans. Sem lactose. Isento de gl\u00faten. Ingredientes: \u00c1gua, AM\u00caNDOA* (4%), emulsionante: lecitina* (de girassol*), sal marinho. *de produ\u00e7\u00e3o biol\u00f3gica. IT-BIO-007. Agricultura UE. Certiplanet PT-BIO-04 DADOS NUTRICIONAIS Declara\u00e7\u00e3o Nutricional por 100ml: Energia : 111kJ\/27kcal; L\u00edpidos : 2,5g, dos quais saturados : 0,2g; Hidratos de Carbono :0,0g, dos quais a\u00e7\u00facares: 0,0g; Fibra: 0,6g; Prote\u00ednas : 1,1g; Sal - 0,08g. MODO DE UTILIZA\u00c7\u00c3O Pronto a consumir como bebida fria ou quente. Sugest\u00f5es de utiliza\u00e7\u00e3o: Junto com os seus cereais matinais ou muesli, simplesmente como uma bebida refrescante ao longo do dia ou adicionando aos batidos ou smoothies. Agitar bem antes de usar. Ap\u00f3s abertura, conservar no frigor\u00edfico e consumir dentro de 3-4 dias. CONSERVAR EM LOCAL SECO E FRESCO.","og_url":"https:\/\/biocabaz.pt\/web\/en\/produto\/bebida-de-amendoa-sem-acucar-bio-provida-1l\/","og_site_name":"CABAZES BIOL\u00d3GICOS","article_modified_time":"2022-12-30T12:26:46+00:00","og_image":[{"width":326,"height":300,"url":"https:\/\/www.biocabaz.pt\/web\/wp-conteudos\/uploads\/2021\/11\/bebida-de-amendoa-sem-acucar-bio-provida-1l-1.jpg","type":"image\/jpeg"}],"twitter_card":"summary_large_image","schema":{"@context":"https:\/\/schema.org","@graph":[{"@type":"WebPage","@id":"https:\/\/biocabaz.pt\/web\/en\/produto\/bebida-de-amendoa-sem-acucar-bio-provida-1l\/","url":"https:\/\/biocabaz.pt\/web\/en\/produto\/bebida-de-amendoa-sem-acucar-bio-provida-1l\/","name":"Bebida de Am\u00eandoa Sem A\u00e7\u00facar BIO PR\u00d3VIDA 1L","isPartOf":{"@id":"https:\/\/biocabaz.pt\/web\/en\/#website"},"primaryImageOfPage":{"@id":"https:\/\/biocabaz.pt\/web\/en\/produto\/bebida-de-amendoa-sem-acucar-bio-provida-1l\/#primaryimage"},"image":{"@id":"https:\/\/biocabaz.pt\/web\/en\/produto\/bebida-de-amendoa-sem-acucar-bio-provida-1l\/#primaryimage"},"thumbnailUrl":"https:\/\/www.biocabaz.pt\/web\/wp-conteudos\/uploads\/2021\/11\/bebida-de-amendoa-sem-acucar-bio-provida-1l-1.jpg","datePublished":"2021-11-05T12:08:40+00:00","dateModified":"2022-12-30T12:26:46+00:00","breadcrumb":{"@id":"https:\/\/biocabaz.pt\/web\/en\/produto\/bebida-de-amendoa-sem-acucar-bio-provida-1l\/#breadcrumb"},"inLanguage":"pt-PT","potentialAction":[{"@type":"ReadAction","target":["https:\/\/biocabaz.pt\/web\/en\/produto\/bebida-de-amendoa-sem-acucar-bio-provida-1l\/"]}]},{"@type":"ImageObject","inLanguage":"pt-PT","@id":"https:\/\/biocabaz.pt\/web\/en\/produto\/bebida-de-amendoa-sem-acucar-bio-provida-1l\/#primaryimage","url":"https:\/\/www.biocabaz.pt\/web\/wp-conteudos\/uploads\/2021\/11\/bebida-de-amendoa-sem-acucar-bio-provida-1l-1.jpg","contentUrl":"https:\/\/www.biocabaz.pt\/web\/wp-conteudos\/uploads\/2021\/11\/bebida-de-amendoa-sem-acucar-bio-provida-1l-1.jpg","width":326,"height":300,"caption":"bebida-de-amendoa-sem-acucar-bio-provida-1l"},{"@type":"BreadcrumbList","@id":"https:\/\/biocabaz.pt\/web\/en\/produto\/bebida-de-amendoa-sem-acucar-bio-provida-1l\/#breadcrumb","itemListElement":[{"@type":"ListItem","position":1,"name":"Home","item":"https:\/\/biocabaz.pt\/web\/en\/"},{"@type":"ListItem","position":2,"name":"Shop","item":"https:\/\/biocabaz.pt\/web\/en\/shop\/"},{"@type":"ListItem","position":3,"name":"Bebida de Am\u00eandoa Sem A\u00e7\u00facar BIO PR\u00d3VIDA 1L"}]},{"@type":"WebSite","@id":"https:\/\/biocabaz.pt\/web\/en\/#website","url":"https:\/\/biocabaz.pt\/web\/en\/","name":"CABAZES BIOL\u00d3GICOS","description":"One+Number","potentialAction":[{"@type":"SearchAction","target":{"@type":"EntryPoint","urlTemplate":"https:\/\/biocabaz.pt\/web\/en\/?s={search_term_string}"},"query-input":{"@type":"PropertyValueSpecification","valueRequired":true,"valueName":"search_term_string"}}],"inLanguage":"pt-PT"}]}},"_links":{"self":[{"href":"https:\/\/biocabaz.pt\/web\/en\/wp-json\/wp\/v2\/product\/78056","targetHints":{"allow":["GET"]}}],"collection":[{"href":"https:\/\/biocabaz.pt\/web\/en\/wp-json\/wp\/v2\/product"}],"about":[{"href":"https:\/\/biocabaz.pt\/web\/en\/wp-json\/wp\/v2\/types\/product"}],"replies":[{"embeddable":true,"href":"https:\/\/biocabaz.pt\/web\/en\/wp-json\/wp\/v2\/comments?post=78056"}],"wp:featuredmedia":[{"embeddable":true,"href":"https:\/\/biocabaz.pt\/web\/en\/wp-json\/wp\/v2\/media\/78058"}],"wp:attachment":[{"href":"https:\/\/biocabaz.pt\/web\/en\/wp-json\/wp\/v2\/media?parent=78056"}],"wp:term":[{"taxonomy":"product_cat","embeddable":true,"href":"https:\/\/biocabaz.pt\/web\/en\/wp-json\/wp\/v2\/product_cat?post=78056"},{"taxonomy":"product_tag","embeddable":true,"href":"https:\/\/biocabaz.pt\/web\/en\/wp-json\/wp\/v2\/product_tag?post=78056"}],"curies":[{"name":"wp","href":"https:\/\/api.w.org\/{rel}","templated":true}]}}