{"id":7639,"date":"2018-08-26T08:12:56","date_gmt":"2018-08-26T08:12:56","guid":{"rendered":"https:\/\/www.biocabaz.pt\/web\/?post_type=product&#038;p=7639"},"modified":"2025-12-01T20:31:35","modified_gmt":"2025-12-01T20:31:35","slug":"figo-da-india-bio-nacional","status":"publish","type":"product","link":"https:\/\/biocabaz.pt\/web\/en\/produto\/figo-da-india-bio-nacional\/","title":{"rendered":"Portuguese organic India&#8217;s fig"},"content":{"rendered":"<p>Origem Portugal<\/p>\n","protected":false},"excerpt":{"rendered":"<p>Origem Portugal<\/p>\n","protected":false},"featured_media":7640,"comment_status":"closed","ping_status":"closed","template":"","meta":[],"product_cat":[9,10],"product_tag":[],"class_list":["post-7639","product","type-product","status-publish","has-post-thumbnail","hentry","product_cat-frescos","product_cat-frutas"],"bundle_layout":"","bundled_by":[],"bundled_items":[],"yoast_head":"<!-- This site is optimized with the Yoast SEO plugin v26.3 - https:\/\/yoast.com\/wordpress\/plugins\/seo\/ -->\n<title>Portuguese organic India&#039;s fig<\/title>\n<meta name=\"description\" content=\"FIGO DA \u00cdNDIA BIO NACIONAL\" \/>\n<meta name=\"robots\" content=\"index, follow, max-snippet:-1, max-image-preview:large, max-video-preview:-1\" \/>\n<link rel=\"canonical\" href=\"https:\/\/biocabaz.pt\/web\/en\/produto\/figo-da-india-bio-nacional\/\" \/>\n<meta property=\"og:locale\" content=\"pt_PT\" \/>\n<meta property=\"og:locale:alternate\" content=\"pt_PT\" \/>\n<meta property=\"og:type\" content=\"article\" \/>\n<meta property=\"og:title\" content=\"Portuguese organic India&#039;s fig\" \/>\n<meta property=\"og:description\" content=\"FIGO DA \u00cdNDIA BIO NACIONAL\" \/>\n<meta property=\"og:url\" content=\"https:\/\/biocabaz.pt\/web\/en\/produto\/figo-da-india-bio-nacional\/\" \/>\n<meta property=\"og:site_name\" content=\"CABAZES BIOL\u00d3GICOS\" \/>\n<meta property=\"article:modified_time\" content=\"2025-12-01T20:31:35+00:00\" \/>\n<meta property=\"og:image\" content=\"https:\/\/www.biocabaz.pt\/web\/wp-conteudos\/uploads\/2018\/08\/figo-da-india.jpg\" \/>\n\t<meta property=\"og:image:width\" content=\"860\" \/>\n\t<meta property=\"og:image:height\" content=\"680\" \/>\n\t<meta property=\"og:image:type\" content=\"image\/jpeg\" \/>\n<meta name=\"twitter:card\" content=\"summary_large_image\" \/>\n<script type=\"application\/ld+json\" class=\"yoast-schema-graph\">{\"@context\":\"https:\/\/schema.org\",\"@graph\":[{\"@type\":\"WebPage\",\"@id\":\"https:\/\/biocabaz.pt\/web\/produto\/figo-da-india-bio-nacional\/\",\"url\":\"https:\/\/biocabaz.pt\/web\/produto\/figo-da-india-bio-nacional\/\",\"name\":\"Portuguese organic India's fig\",\"isPartOf\":{\"@id\":\"https:\/\/biocabaz.pt\/web\/#website\"},\"primaryImageOfPage\":{\"@id\":\"https:\/\/biocabaz.pt\/web\/produto\/figo-da-india-bio-nacional\/#primaryimage\"},\"image\":{\"@id\":\"https:\/\/biocabaz.pt\/web\/produto\/figo-da-india-bio-nacional\/#primaryimage\"},\"thumbnailUrl\":\"https:\/\/www.biocabaz.pt\/web\/wp-conteudos\/uploads\/2018\/08\/figo-da-india.jpg\",\"datePublished\":\"2018-08-26T08:12:56+00:00\",\"dateModified\":\"2025-12-01T20:31:35+00:00\",\"description\":\"FIGO DA \u00cdNDIA BIO NACIONAL\",\"breadcrumb\":{\"@id\":\"https:\/\/biocabaz.pt\/web\/produto\/figo-da-india-bio-nacional\/#breadcrumb\"},\"inLanguage\":\"pt-PT\",\"potentialAction\":[{\"@type\":\"ReadAction\",\"target\":[\"https:\/\/biocabaz.pt\/web\/produto\/figo-da-india-bio-nacional\/\"]}]},{\"@type\":\"ImageObject\",\"inLanguage\":\"pt-PT\",\"@id\":\"https:\/\/biocabaz.pt\/web\/produto\/figo-da-india-bio-nacional\/#primaryimage\",\"url\":\"https:\/\/www.biocabaz.pt\/web\/wp-conteudos\/uploads\/2018\/08\/figo-da-india.jpg\",\"contentUrl\":\"https:\/\/www.biocabaz.pt\/web\/wp-conteudos\/uploads\/2018\/08\/figo-da-india.jpg\",\"width\":860,\"height\":680,\"caption\":\"FIGO DA \u00cdNDIA BIO NACIONAL\"},{\"@type\":\"BreadcrumbList\",\"@id\":\"https:\/\/biocabaz.pt\/web\/produto\/figo-da-india-bio-nacional\/#breadcrumb\",\"itemListElement\":[{\"@type\":\"ListItem\",\"position\":1,\"name\":\"Home\",\"item\":\"https:\/\/biocabaz.pt\/web\/\"},{\"@type\":\"ListItem\",\"position\":2,\"name\":\"Loja\",\"item\":\"https:\/\/biocabaz.pt\/web\/shop\/\"},{\"@type\":\"ListItem\",\"position\":3,\"name\":\"FIGO DA \u00cdNDIA BIO NACIONAL\"}]},{\"@type\":\"WebSite\",\"@id\":\"https:\/\/biocabaz.pt\/web\/#website\",\"url\":\"https:\/\/biocabaz.pt\/web\/\",\"name\":\"CABAZES BIOL\u00d3GICOS\",\"description\":\"One+Number\",\"potentialAction\":[{\"@type\":\"SearchAction\",\"target\":{\"@type\":\"EntryPoint\",\"urlTemplate\":\"https:\/\/biocabaz.pt\/web\/?s={search_term_string}\"},\"query-input\":{\"@type\":\"PropertyValueSpecification\",\"valueRequired\":true,\"valueName\":\"search_term_string\"}}],\"inLanguage\":\"pt-PT\"}]}<\/script>\n<!-- \/ Yoast SEO plugin. -->","yoast_head_json":{"title":"Portuguese organic India's fig","description":"FIGO DA \u00cdNDIA BIO NACIONAL","robots":{"index":"index","follow":"follow","max-snippet":"max-snippet:-1","max-image-preview":"max-image-preview:large","max-video-preview":"max-video-preview:-1"},"canonical":"https:\/\/biocabaz.pt\/web\/en\/produto\/figo-da-india-bio-nacional\/","og_locale":"pt_PT","og_type":"article","og_title":"[:en]Portuguese organic India&#039;s fig[:pt]FIGO DA \u00cdNDIA BIO NACIONAL[:] - CABAZES BIOL\u00d3GICOS","og_description":"FIGO DA \u00cdNDIA BIO NACIONAL","og_url":"https:\/\/biocabaz.pt\/web\/en\/produto\/figo-da-india-bio-nacional\/","og_site_name":"CABAZES BIOL\u00d3GICOS","article_modified_time":"2025-12-01T20:31:35+00:00","og_image":[{"width":860,"height":680,"url":"https:\/\/www.biocabaz.pt\/web\/wp-conteudos\/uploads\/2018\/08\/figo-da-india.jpg","type":"image\/jpeg"}],"twitter_card":"summary_large_image","schema":{"@context":"https:\/\/schema.org","@graph":[{"@type":"WebPage","@id":"https:\/\/biocabaz.pt\/web\/produto\/figo-da-india-bio-nacional\/","url":"https:\/\/biocabaz.pt\/web\/produto\/figo-da-india-bio-nacional\/","name":"Portuguese organic India's fig","isPartOf":{"@id":"https:\/\/biocabaz.pt\/web\/#website"},"primaryImageOfPage":{"@id":"https:\/\/biocabaz.pt\/web\/produto\/figo-da-india-bio-nacional\/#primaryimage"},"image":{"@id":"https:\/\/biocabaz.pt\/web\/produto\/figo-da-india-bio-nacional\/#primaryimage"},"thumbnailUrl":"https:\/\/www.biocabaz.pt\/web\/wp-conteudos\/uploads\/2018\/08\/figo-da-india.jpg","datePublished":"2018-08-26T08:12:56+00:00","dateModified":"2025-12-01T20:31:35+00:00","description":"FIGO DA \u00cdNDIA BIO NACIONAL","breadcrumb":{"@id":"https:\/\/biocabaz.pt\/web\/produto\/figo-da-india-bio-nacional\/#breadcrumb"},"inLanguage":"pt-PT","potentialAction":[{"@type":"ReadAction","target":["https:\/\/biocabaz.pt\/web\/produto\/figo-da-india-bio-nacional\/"]}]},{"@type":"ImageObject","inLanguage":"pt-PT","@id":"https:\/\/biocabaz.pt\/web\/produto\/figo-da-india-bio-nacional\/#primaryimage","url":"https:\/\/www.biocabaz.pt\/web\/wp-conteudos\/uploads\/2018\/08\/figo-da-india.jpg","contentUrl":"https:\/\/www.biocabaz.pt\/web\/wp-conteudos\/uploads\/2018\/08\/figo-da-india.jpg","width":860,"height":680,"caption":"FIGO DA \u00cdNDIA BIO NACIONAL"},{"@type":"BreadcrumbList","@id":"https:\/\/biocabaz.pt\/web\/produto\/figo-da-india-bio-nacional\/#breadcrumb","itemListElement":[{"@type":"ListItem","position":1,"name":"Home","item":"https:\/\/biocabaz.pt\/web\/"},{"@type":"ListItem","position":2,"name":"Loja","item":"https:\/\/biocabaz.pt\/web\/shop\/"},{"@type":"ListItem","position":3,"name":"FIGO DA \u00cdNDIA BIO NACIONAL"}]},{"@type":"WebSite","@id":"https:\/\/biocabaz.pt\/web\/#website","url":"https:\/\/biocabaz.pt\/web\/","name":"CABAZES BIOL\u00d3GICOS","description":"One+Number","potentialAction":[{"@type":"SearchAction","target":{"@type":"EntryPoint","urlTemplate":"https:\/\/biocabaz.pt\/web\/?s={search_term_string}"},"query-input":{"@type":"PropertyValueSpecification","valueRequired":true,"valueName":"search_term_string"}}],"inLanguage":"pt-PT"}]}},"_links":{"self":[{"href":"https:\/\/biocabaz.pt\/web\/en\/wp-json\/wp\/v2\/product\/7639","targetHints":{"allow":["GET"]}}],"collection":[{"href":"https:\/\/biocabaz.pt\/web\/en\/wp-json\/wp\/v2\/product"}],"about":[{"href":"https:\/\/biocabaz.pt\/web\/en\/wp-json\/wp\/v2\/types\/product"}],"replies":[{"embeddable":true,"href":"https:\/\/biocabaz.pt\/web\/en\/wp-json\/wp\/v2\/comments?post=7639"}],"wp:featuredmedia":[{"embeddable":true,"href":"https:\/\/biocabaz.pt\/web\/en\/wp-json\/wp\/v2\/media\/7640"}],"wp:attachment":[{"href":"https:\/\/biocabaz.pt\/web\/en\/wp-json\/wp\/v2\/media?parent=7639"}],"wp:term":[{"taxonomy":"product_cat","embeddable":true,"href":"https:\/\/biocabaz.pt\/web\/en\/wp-json\/wp\/v2\/product_cat?post=7639"},{"taxonomy":"product_tag","embeddable":true,"href":"https:\/\/biocabaz.pt\/web\/en\/wp-json\/wp\/v2\/product_tag?post=7639"}],"curies":[{"name":"wp","href":"https:\/\/api.w.org\/{rel}","templated":true}]}}