{"id":75691,"date":"2021-09-09T21:25:36","date_gmt":"2021-09-09T21:25:36","guid":{"rendered":"https:\/\/www.biocabaz.pt\/web\/?post_type=product&#038;p=75691"},"modified":"2022-12-30T11:52:53","modified_gmt":"2022-12-30T11:52:53","slug":"vitamin-c-1000-100-comprimidos-now","status":"publish","type":"product","link":"https:\/\/biocabaz.pt\/web\/en\/produto\/vitamin-c-1000-100-comprimidos-now\/","title":{"rendered":"Vitamin C-1000 100 comprimidos Now"},"content":{"rendered":"","protected":false},"excerpt":{"rendered":"<p>Refor\u00e7o de Vitamina C<\/p>\n<p><strong>Indica\u00e7\u00f5es Terap\u00eauticas:<\/strong><\/p>\n<p>A Vitamina C \u00e9 um poderoso antioxidante e uma das vitaminas mais populares.<\/p>\n<p>Os frutos c\u00edtricos est\u00e3o repletos com grandes quantidades de vitamina C, mas precisaria de consumir uma quantidade enorme para maximizar o seu consumo de Vitamina C. NOW Vitamin C-1000 abastece o corpo com 1000mg de vitamina C em cada c\u00e1psula, proporcionando v\u00e1rios benef\u00edcios para a sa\u00fade como: resposta imunit\u00e1ria mais forte, aumento da produ\u00e7\u00e3o de colag\u00e9nio, pele, ossos e articula\u00e7\u00f5es saud\u00e1veis, redu\u00e7\u00e3o da produ\u00e7\u00e3o de cortisol (hormona do stress), funcionamento adequado do sistema nervoso, aumento da produ\u00e7\u00e3o de neurotransmissores e protec\u00e7\u00e3o das c\u00e9lulas contra o stress oxidativo.<\/p>\n<p>&nbsp;<\/p>\n<p>A f\u00f3rmula de NOW Vitamin C-1000 torna-se ainda melhor com a adi\u00e7\u00e3o de um Complexo de Bioflavon\u00f3ides C\u00edtricos e Rutina. Estes nutrientes oferecem suporte antioxidante adicional contra os radicais livres, combatem a inflama\u00e7\u00e3o e melhoram a circula\u00e7\u00e3o sangu\u00ednea.<\/p>\n<p>&nbsp;<\/p>\n<p><strong>Composi\u00e7\u00e3o:<\/strong><\/p>\n<p>Por 1 comprimido:<\/p>\n<p>Vitamina C \u2013 1000 mg (1111% DDR*);<\/p>\n<p>Roseira brava em p\u00f3 \u2013 25mg;<\/p>\n<p>Complexo de Bioflavonoides c\u00edtricos &#8211; 25mg.<\/p>\n<p>&nbsp;<\/p>\n<p>DDR* \u2013 Dose Di\u00e1ria Recomendada.<\/p>\n<p>&nbsp;<\/p>\n<p><strong>Ingredientes:<\/strong><\/p>\n<p>Celulose, Estearato de magn\u00e9sio (origem vegetal) e revestimento vegetal.<\/p>\n<p>&nbsp;<\/p>\n<p>N\u00e3o fabricado com ingredientes de trigo, gl\u00faten, soja, leite, ovo, peixe, marisco ou nozes. Produzido em uma instala\u00e7\u00e3o GMP que processa outros ingredientes que contenham esses al\u00e9rgenos.<\/p>\n<p>&nbsp;<\/p>\n<p><strong>Dosagem e Administra\u00e7\u00e3o:<\/strong><\/p>\n<p>Tomar 1 comprimido por dia.<\/p>\n<p>&nbsp;<\/p>\n<p><strong>Apresenta\u00e7\u00e3o:<\/strong><\/p>\n<p>Embalagem com 100 comprimidos<\/p>\n<p>&nbsp;<\/p>\n<p><strong>Avisos:<\/strong><\/p>\n<p>Conservar em local fresco, seco e ao abrigo da luz.<\/p>\n<p>&nbsp;<\/p>\n<p>Se ocorrer alguma reac\u00e7\u00e3o, parar a utiliza\u00e7\u00e3o.<\/p>\n<p>&nbsp;<\/p>\n<p>N\u00e3o exceder a toma di\u00e1ria recomendada.<\/p>\n<p>&nbsp;<\/p>\n<p>Evite o produto em caso de alergia ou sensibilidade a algum dos ingredientes.<\/p>\n<p>&nbsp;<\/p>\n<p>Se estiver gr\u00e1vida, a amamentar, a tomar alguma especialidade farmac\u00eautica ou se sofre de alguma doen\u00e7a, consulte o seu m\u00e9dico ou t\u00e9cnico de sa\u00fade antes de tomar este suplemento.<\/p>\n<p>&nbsp;<\/p>\n<p>Os suplementos alimentares n\u00e3o devem ser utilizados como substitutos de um regime alimentar variado e de um estilo de vida saud\u00e1vel.<\/p>\n<p>&nbsp;<\/p>\n<p>Manter fora do alcance das crian\u00e7as.<\/p>\n","protected":false},"featured_media":75692,"comment_status":"closed","ping_status":"closed","template":"","meta":[],"product_cat":[88],"product_tag":[],"class_list":["post-75691","product","type-product","status-publish","has-post-thumbnail","hentry","product_cat-suplementos"],"bundle_layout":"","bundled_by":[],"bundled_items":[],"yoast_head":"<!-- This site is optimized with the Yoast SEO plugin v26.3 - https:\/\/yoast.com\/wordpress\/plugins\/seo\/ -->\n<title>Vitamin C-1000 100 comprimidos Now<\/title>\n<meta name=\"robots\" content=\"index, follow, max-snippet:-1, max-image-preview:large, max-video-preview:-1\" \/>\n<link rel=\"canonical\" href=\"https:\/\/www.biocabaz.pt\/web\/produto\/vitamin-c-1000-100-comprimidos-now\/\" \/>\n<meta property=\"og:locale\" content=\"pt_PT\" \/>\n<meta property=\"og:locale:alternate\" content=\"pt_PT\" \/>\n<meta property=\"og:type\" content=\"article\" \/>\n<meta property=\"og:title\" content=\"Vitamin C-1000 100 comprimidos Now\" \/>\n<meta property=\"og:description\" content=\"Refor\u00e7o de Vitamina C  Indica\u00e7\u00f5es Terap\u00eauticas:  A Vitamina C \u00e9 um poderoso antioxidante e uma das vitaminas mais populares.  Os frutos c\u00edtricos est\u00e3o repletos com grandes quantidades de vitamina C, mas precisaria de consumir uma quantidade enorme para maximizar o seu consumo de Vitamina C. NOW Vitamin C-1000 abastece o corpo com 1000mg de vitamina C em cada c\u00e1psula, proporcionando v\u00e1rios benef\u00edcios para a sa\u00fade como: resposta imunit\u00e1ria mais forte, aumento da produ\u00e7\u00e3o de colag\u00e9nio, pele, ossos e articula\u00e7\u00f5es saud\u00e1veis, redu\u00e7\u00e3o da produ\u00e7\u00e3o de cortisol (hormona do stress), funcionamento adequado do sistema nervoso, aumento da produ\u00e7\u00e3o de neurotransmissores e protec\u00e7\u00e3o das c\u00e9lulas contra o stress oxidativo.  &nbsp;  A f\u00f3rmula de NOW Vitamin C-1000 torna-se ainda melhor com a adi\u00e7\u00e3o de um Complexo de Bioflavon\u00f3ides C\u00edtricos e Rutina. Estes nutrientes oferecem suporte antioxidante adicional contra os radicais livres, combatem a inflama\u00e7\u00e3o e melhoram a circula\u00e7\u00e3o sangu\u00ednea.  &nbsp;  Composi\u00e7\u00e3o:  Por 1 comprimido:  Vitamina C \u2013 1000 mg (1111% DDR*);  Roseira brava em p\u00f3 \u2013 25mg;  Complexo de Bioflavonoides c\u00edtricos - 25mg.  &nbsp;  DDR* \u2013 Dose Di\u00e1ria Recomendada.  &nbsp;  Ingredientes:  Celulose, Estearato de magn\u00e9sio (origem vegetal) e revestimento vegetal.  &nbsp;  N\u00e3o fabricado com ingredientes de trigo, gl\u00faten, soja, leite, ovo, peixe, marisco ou nozes. Produzido em uma instala\u00e7\u00e3o GMP que processa outros ingredientes que contenham esses al\u00e9rgenos.  &nbsp;  Dosagem e Administra\u00e7\u00e3o:  Tomar 1 comprimido por dia.  &nbsp;  Apresenta\u00e7\u00e3o:  Embalagem com 100 comprimidos  &nbsp;  Avisos:  Conservar em local fresco, seco e ao abrigo da luz.  &nbsp;  Se ocorrer alguma reac\u00e7\u00e3o, parar a utiliza\u00e7\u00e3o.  &nbsp;  N\u00e3o exceder a toma di\u00e1ria recomendada.  &nbsp;  Evite o produto em caso de alergia ou sensibilidade a algum dos ingredientes.  &nbsp;  Se estiver gr\u00e1vida, a amamentar, a tomar alguma especialidade farmac\u00eautica ou se sofre de alguma doen\u00e7a, consulte o seu m\u00e9dico ou t\u00e9cnico de sa\u00fade antes de tomar este suplemento.  &nbsp;  Os suplementos alimentares n\u00e3o devem ser utilizados como substitutos de um regime alimentar variado e de um estilo de vida saud\u00e1vel.  &nbsp;  Manter fora do alcance das crian\u00e7as.\" \/>\n<meta property=\"og:url\" content=\"https:\/\/biocabaz.pt\/web\/en\/produto\/vitamin-c-1000-100-comprimidos-now\/\" \/>\n<meta property=\"og:site_name\" content=\"CABAZES BIOL\u00d3GICOS\" \/>\n<meta property=\"article:modified_time\" content=\"2022-12-30T11:52:53+00:00\" \/>\n<meta property=\"og:image\" content=\"https:\/\/www.biocabaz.pt\/web\/wp-conteudos\/uploads\/2021\/09\/vitamin-c-1000-100-comprimidos-now.jpg\" \/>\n\t<meta property=\"og:image:width\" content=\"600\" \/>\n\t<meta property=\"og:image:height\" content=\"600\" \/>\n\t<meta property=\"og:image:type\" content=\"image\/jpeg\" \/>\n<meta name=\"twitter:card\" content=\"summary_large_image\" \/>\n<script type=\"application\/ld+json\" class=\"yoast-schema-graph\">{\"@context\":\"https:\/\/schema.org\",\"@graph\":[{\"@type\":\"WebPage\",\"@id\":\"https:\/\/www.biocabaz.pt\/web\/produto\/vitamin-c-1000-100-comprimidos-now\/\",\"url\":\"https:\/\/www.biocabaz.pt\/web\/produto\/vitamin-c-1000-100-comprimidos-now\/\",\"name\":\"Vitamin C-1000 100 comprimidos Now\",\"isPartOf\":{\"@id\":\"https:\/\/biocabaz.pt\/web\/#website\"},\"primaryImageOfPage\":{\"@id\":\"https:\/\/www.biocabaz.pt\/web\/produto\/vitamin-c-1000-100-comprimidos-now\/#primaryimage\"},\"image\":{\"@id\":\"https:\/\/www.biocabaz.pt\/web\/produto\/vitamin-c-1000-100-comprimidos-now\/#primaryimage\"},\"thumbnailUrl\":\"https:\/\/www.biocabaz.pt\/web\/wp-conteudos\/uploads\/2021\/09\/vitamin-c-1000-100-comprimidos-now.jpg\",\"datePublished\":\"2021-09-09T21:25:36+00:00\",\"dateModified\":\"2022-12-30T11:52:53+00:00\",\"breadcrumb\":{\"@id\":\"https:\/\/www.biocabaz.pt\/web\/produto\/vitamin-c-1000-100-comprimidos-now\/#breadcrumb\"},\"inLanguage\":\"pt-PT\",\"potentialAction\":[{\"@type\":\"ReadAction\",\"target\":[\"https:\/\/www.biocabaz.pt\/web\/produto\/vitamin-c-1000-100-comprimidos-now\/\"]}]},{\"@type\":\"ImageObject\",\"inLanguage\":\"pt-PT\",\"@id\":\"https:\/\/www.biocabaz.pt\/web\/produto\/vitamin-c-1000-100-comprimidos-now\/#primaryimage\",\"url\":\"https:\/\/www.biocabaz.pt\/web\/wp-conteudos\/uploads\/2021\/09\/vitamin-c-1000-100-comprimidos-now.jpg\",\"contentUrl\":\"https:\/\/www.biocabaz.pt\/web\/wp-conteudos\/uploads\/2021\/09\/vitamin-c-1000-100-comprimidos-now.jpg\",\"width\":600,\"height\":600,\"caption\":\"Vitamin C-1000 100 comprimidos Now\"},{\"@type\":\"BreadcrumbList\",\"@id\":\"https:\/\/www.biocabaz.pt\/web\/produto\/vitamin-c-1000-100-comprimidos-now\/#breadcrumb\",\"itemListElement\":[{\"@type\":\"ListItem\",\"position\":1,\"name\":\"Home\",\"item\":\"https:\/\/biocabaz.pt\/web\/\"},{\"@type\":\"ListItem\",\"position\":2,\"name\":\"Loja\",\"item\":\"https:\/\/biocabaz.pt\/web\/shop\/\"},{\"@type\":\"ListItem\",\"position\":3,\"name\":\"Vitamin C-1000 100 comprimidos Now\"}]},{\"@type\":\"WebSite\",\"@id\":\"https:\/\/biocabaz.pt\/web\/#website\",\"url\":\"https:\/\/biocabaz.pt\/web\/\",\"name\":\"CABAZES BIOL\u00d3GICOS\",\"description\":\"One+Number\",\"potentialAction\":[{\"@type\":\"SearchAction\",\"target\":{\"@type\":\"EntryPoint\",\"urlTemplate\":\"https:\/\/biocabaz.pt\/web\/?s={search_term_string}\"},\"query-input\":{\"@type\":\"PropertyValueSpecification\",\"valueRequired\":true,\"valueName\":\"search_term_string\"}}],\"inLanguage\":\"pt-PT\"}]}<\/script>\n<!-- \/ Yoast SEO plugin. -->","yoast_head_json":{"title":"Vitamin C-1000 100 comprimidos Now","robots":{"index":"index","follow":"follow","max-snippet":"max-snippet:-1","max-image-preview":"max-image-preview:large","max-video-preview":"max-video-preview:-1"},"canonical":"https:\/\/www.biocabaz.pt\/web\/produto\/vitamin-c-1000-100-comprimidos-now\/","og_locale":"pt_PT","og_type":"article","og_title":"[:pt]Vitamin C-1000 100 comprimidos Now[:] - CABAZES BIOL\u00d3GICOS","og_description":"Refor\u00e7o de Vitamina C  Indica\u00e7\u00f5es Terap\u00eauticas:  A Vitamina C \u00e9 um poderoso antioxidante e uma das vitaminas mais populares.  Os frutos c\u00edtricos est\u00e3o repletos com grandes quantidades de vitamina C, mas precisaria de consumir uma quantidade enorme para maximizar o seu consumo de Vitamina C. NOW Vitamin C-1000 abastece o corpo com 1000mg de vitamina C em cada c\u00e1psula, proporcionando v\u00e1rios benef\u00edcios para a sa\u00fade como: resposta imunit\u00e1ria mais forte, aumento da produ\u00e7\u00e3o de colag\u00e9nio, pele, ossos e articula\u00e7\u00f5es saud\u00e1veis, redu\u00e7\u00e3o da produ\u00e7\u00e3o de cortisol (hormona do stress), funcionamento adequado do sistema nervoso, aumento da produ\u00e7\u00e3o de neurotransmissores e protec\u00e7\u00e3o das c\u00e9lulas contra o stress oxidativo.  &nbsp;  A f\u00f3rmula de NOW Vitamin C-1000 torna-se ainda melhor com a adi\u00e7\u00e3o de um Complexo de Bioflavon\u00f3ides C\u00edtricos e Rutina. Estes nutrientes oferecem suporte antioxidante adicional contra os radicais livres, combatem a inflama\u00e7\u00e3o e melhoram a circula\u00e7\u00e3o sangu\u00ednea.  &nbsp;  Composi\u00e7\u00e3o:  Por 1 comprimido:  Vitamina C \u2013 1000 mg (1111% DDR*);  Roseira brava em p\u00f3 \u2013 25mg;  Complexo de Bioflavonoides c\u00edtricos - 25mg.  &nbsp;  DDR* \u2013 Dose Di\u00e1ria Recomendada.  &nbsp;  Ingredientes:  Celulose, Estearato de magn\u00e9sio (origem vegetal) e revestimento vegetal.  &nbsp;  N\u00e3o fabricado com ingredientes de trigo, gl\u00faten, soja, leite, ovo, peixe, marisco ou nozes. Produzido em uma instala\u00e7\u00e3o GMP que processa outros ingredientes que contenham esses al\u00e9rgenos.  &nbsp;  Dosagem e Administra\u00e7\u00e3o:  Tomar 1 comprimido por dia.  &nbsp;  Apresenta\u00e7\u00e3o:  Embalagem com 100 comprimidos  &nbsp;  Avisos:  Conservar em local fresco, seco e ao abrigo da luz.  &nbsp;  Se ocorrer alguma reac\u00e7\u00e3o, parar a utiliza\u00e7\u00e3o.  &nbsp;  N\u00e3o exceder a toma di\u00e1ria recomendada.  &nbsp;  Evite o produto em caso de alergia ou sensibilidade a algum dos ingredientes.  &nbsp;  Se estiver gr\u00e1vida, a amamentar, a tomar alguma especialidade farmac\u00eautica ou se sofre de alguma doen\u00e7a, consulte o seu m\u00e9dico ou t\u00e9cnico de sa\u00fade antes de tomar este suplemento.  &nbsp;  Os suplementos alimentares n\u00e3o devem ser utilizados como substitutos de um regime alimentar variado e de um estilo de vida saud\u00e1vel.  &nbsp;  Manter fora do alcance das crian\u00e7as.","og_url":"https:\/\/biocabaz.pt\/web\/en\/produto\/vitamin-c-1000-100-comprimidos-now\/","og_site_name":"CABAZES BIOL\u00d3GICOS","article_modified_time":"2022-12-30T11:52:53+00:00","og_image":[{"width":600,"height":600,"url":"https:\/\/www.biocabaz.pt\/web\/wp-conteudos\/uploads\/2021\/09\/vitamin-c-1000-100-comprimidos-now.jpg","type":"image\/jpeg"}],"twitter_card":"summary_large_image","schema":{"@context":"https:\/\/schema.org","@graph":[{"@type":"WebPage","@id":"https:\/\/www.biocabaz.pt\/web\/produto\/vitamin-c-1000-100-comprimidos-now\/","url":"https:\/\/www.biocabaz.pt\/web\/produto\/vitamin-c-1000-100-comprimidos-now\/","name":"Vitamin C-1000 100 comprimidos Now","isPartOf":{"@id":"https:\/\/biocabaz.pt\/web\/#website"},"primaryImageOfPage":{"@id":"https:\/\/www.biocabaz.pt\/web\/produto\/vitamin-c-1000-100-comprimidos-now\/#primaryimage"},"image":{"@id":"https:\/\/www.biocabaz.pt\/web\/produto\/vitamin-c-1000-100-comprimidos-now\/#primaryimage"},"thumbnailUrl":"https:\/\/www.biocabaz.pt\/web\/wp-conteudos\/uploads\/2021\/09\/vitamin-c-1000-100-comprimidos-now.jpg","datePublished":"2021-09-09T21:25:36+00:00","dateModified":"2022-12-30T11:52:53+00:00","breadcrumb":{"@id":"https:\/\/www.biocabaz.pt\/web\/produto\/vitamin-c-1000-100-comprimidos-now\/#breadcrumb"},"inLanguage":"pt-PT","potentialAction":[{"@type":"ReadAction","target":["https:\/\/www.biocabaz.pt\/web\/produto\/vitamin-c-1000-100-comprimidos-now\/"]}]},{"@type":"ImageObject","inLanguage":"pt-PT","@id":"https:\/\/www.biocabaz.pt\/web\/produto\/vitamin-c-1000-100-comprimidos-now\/#primaryimage","url":"https:\/\/www.biocabaz.pt\/web\/wp-conteudos\/uploads\/2021\/09\/vitamin-c-1000-100-comprimidos-now.jpg","contentUrl":"https:\/\/www.biocabaz.pt\/web\/wp-conteudos\/uploads\/2021\/09\/vitamin-c-1000-100-comprimidos-now.jpg","width":600,"height":600,"caption":"Vitamin C-1000 100 comprimidos Now"},{"@type":"BreadcrumbList","@id":"https:\/\/www.biocabaz.pt\/web\/produto\/vitamin-c-1000-100-comprimidos-now\/#breadcrumb","itemListElement":[{"@type":"ListItem","position":1,"name":"Home","item":"https:\/\/biocabaz.pt\/web\/"},{"@type":"ListItem","position":2,"name":"Loja","item":"https:\/\/biocabaz.pt\/web\/shop\/"},{"@type":"ListItem","position":3,"name":"Vitamin C-1000 100 comprimidos Now"}]},{"@type":"WebSite","@id":"https:\/\/biocabaz.pt\/web\/#website","url":"https:\/\/biocabaz.pt\/web\/","name":"CABAZES BIOL\u00d3GICOS","description":"One+Number","potentialAction":[{"@type":"SearchAction","target":{"@type":"EntryPoint","urlTemplate":"https:\/\/biocabaz.pt\/web\/?s={search_term_string}"},"query-input":{"@type":"PropertyValueSpecification","valueRequired":true,"valueName":"search_term_string"}}],"inLanguage":"pt-PT"}]}},"_links":{"self":[{"href":"https:\/\/biocabaz.pt\/web\/en\/wp-json\/wp\/v2\/product\/75691","targetHints":{"allow":["GET"]}}],"collection":[{"href":"https:\/\/biocabaz.pt\/web\/en\/wp-json\/wp\/v2\/product"}],"about":[{"href":"https:\/\/biocabaz.pt\/web\/en\/wp-json\/wp\/v2\/types\/product"}],"replies":[{"embeddable":true,"href":"https:\/\/biocabaz.pt\/web\/en\/wp-json\/wp\/v2\/comments?post=75691"}],"wp:featuredmedia":[{"embeddable":true,"href":"https:\/\/biocabaz.pt\/web\/en\/wp-json\/wp\/v2\/media\/75692"}],"wp:attachment":[{"href":"https:\/\/biocabaz.pt\/web\/en\/wp-json\/wp\/v2\/media?parent=75691"}],"wp:term":[{"taxonomy":"product_cat","embeddable":true,"href":"https:\/\/biocabaz.pt\/web\/en\/wp-json\/wp\/v2\/product_cat?post=75691"},{"taxonomy":"product_tag","embeddable":true,"href":"https:\/\/biocabaz.pt\/web\/en\/wp-json\/wp\/v2\/product_tag?post=75691"}],"curies":[{"name":"wp","href":"https:\/\/api.w.org\/{rel}","templated":true}]}}