{"id":75689,"date":"2021-09-09T21:19:38","date_gmt":"2021-09-09T21:19:38","guid":{"rendered":"https:\/\/www.biocabaz.pt\/web\/?post_type=product&#038;p=75689"},"modified":"2022-10-03T19:25:35","modified_gmt":"2022-10-03T19:25:35","slug":"now-magnesium-citrate-200mg-100-comprimidos","status":"publish","type":"product","link":"https:\/\/biocabaz.pt\/web\/en\/produto\/now-magnesium-citrate-200mg-100-comprimidos\/","title":{"rendered":"NOW MAGNESIUM CITRATE 200MG 100 COMPRIMIDOS"},"content":{"rendered":"","protected":false},"excerpt":{"rendered":"<p><strong>NOW Magnesium Citrate 200mg 100 Comprimidos<\/strong><\/p>\n<p>O Magnesium fortalece os m\u00fasculos , equilibra os sistema nervoso e alivia dores<\/p>\n<p class=\"style-paragraph\">O magn\u00e9sio \u00e9 imprescind\u00edvel para os atletas, fortalece os m\u00fasculos card\u00edacos, equilibra o sistema nervoso: fundamental em casos de stress, depress\u00e3o, ansiedade, ajuda a dormir melhor, ajuda a criar colag\u00e9nio, fundamental para o esqueleto, tend\u00f5es e cartilagens, abranda a inflama\u00e7\u00e3o prost\u00e1tica, alivia as dores e ajuda a absorver e fixar o c\u00e1lcio.<\/p>\n<p>\u00a0<strong>Composi\u00e7\u00e3o:<\/strong><\/p>\n<p><em>Por 1 comprimido:<\/em><br \/>\nMagn\u00e9sio &#8211; como magn\u00e9sio citrato &#8211; 200mg.<\/p>\n<p><strong>Dosagem e Administra\u00e7\u00e3o:<\/strong><br \/>\nTomar 2 comprimidos por dia de prefer\u00eancia \u00e0s refei\u00e7\u00f5es.<\/p>\n<p><strong>Apresenta\u00e7\u00e3o:<br \/>\n<\/strong>Frasco com 100 comprimidos<\/p>\n<p><strong>Advert\u00eancias:<\/strong><\/p>\n<p>Se estiver gr\u00e1vida, a amamentar, a tomar alguma especialidade farmac\u00eautica ou se sofre de alguma doen\u00e7a, consulte o seu m\u00e9dico ou t\u00e9cnico de sa\u00fade antes de tomar este suplemento.\u00a0Os suplementos alimentares n\u00e3o devem ser utilizados como substitutos de um regime alimentar variado e de um estilo de vida saud\u00e1vel.\u00a0Manter fora do alcance das crian\u00e7as.<\/p>\n","protected":false},"featured_media":75690,"comment_status":"closed","ping_status":"closed","template":"","meta":[],"product_cat":[88],"product_tag":[],"class_list":["post-75689","product","type-product","status-publish","has-post-thumbnail","hentry","product_cat-suplementos"],"bundle_layout":"","bundled_by":[],"bundled_items":[],"yoast_head":"<!-- This site is optimized with the Yoast SEO plugin v26.3 - https:\/\/yoast.com\/wordpress\/plugins\/seo\/ -->\n<title>NOW MAGNESIUM CITRATE 200MG 100 COMPRIMIDOS<\/title>\n<meta name=\"robots\" content=\"index, follow, max-snippet:-1, max-image-preview:large, max-video-preview:-1\" \/>\n<link rel=\"canonical\" href=\"https:\/\/www.biocabaz.pt\/web\/produto\/now-magnesium-citrate-200mg-100-comprimidos\/\" \/>\n<meta property=\"og:locale\" content=\"pt_PT\" \/>\n<meta property=\"og:locale:alternate\" content=\"pt_PT\" \/>\n<meta property=\"og:type\" content=\"article\" \/>\n<meta property=\"og:title\" content=\"NOW MAGNESIUM CITRATE 200MG 100 COMPRIMIDOS\" \/>\n<meta property=\"og:description\" content=\"NOW Magnesium Citrate 200mg 100 Comprimidos  O Magnesium fortalece os m\u00fasculos , equilibra os sistema nervoso e alivia dores O magn\u00e9sio \u00e9 imprescind\u00edvel para os atletas, fortalece os m\u00fasculos card\u00edacos, equilibra o sistema nervoso: fundamental em casos de stress, depress\u00e3o, ansiedade, ajuda a dormir melhor, ajuda a criar colag\u00e9nio, fundamental para o esqueleto, tend\u00f5es e cartilagens, abranda a inflama\u00e7\u00e3o prost\u00e1tica, alivia as dores e ajuda a absorver e fixar o c\u00e1lcio. \u00a0Composi\u00e7\u00e3o:  Por 1 comprimido: Magn\u00e9sio - como magn\u00e9sio citrato - 200mg.  Dosagem e Administra\u00e7\u00e3o: Tomar 2 comprimidos por dia de prefer\u00eancia \u00e0s refei\u00e7\u00f5es.  Apresenta\u00e7\u00e3o: Frasco com 100 comprimidos  Advert\u00eancias:  Se estiver gr\u00e1vida, a amamentar, a tomar alguma especialidade farmac\u00eautica ou se sofre de alguma doen\u00e7a, consulte o seu m\u00e9dico ou t\u00e9cnico de sa\u00fade antes de tomar este suplemento.\u00a0Os suplementos alimentares n\u00e3o devem ser utilizados como substitutos de um regime alimentar variado e de um estilo de vida saud\u00e1vel.\u00a0Manter fora do alcance das crian\u00e7as.\" \/>\n<meta property=\"og:url\" content=\"https:\/\/biocabaz.pt\/web\/en\/produto\/now-magnesium-citrate-200mg-100-comprimidos\/\" \/>\n<meta property=\"og:site_name\" content=\"CABAZES BIOL\u00d3GICOS\" \/>\n<meta property=\"article:modified_time\" content=\"2022-10-03T19:25:35+00:00\" \/>\n<meta property=\"og:image\" content=\"https:\/\/www.biocabaz.pt\/web\/wp-conteudos\/uploads\/2021\/09\/now-magnesium-citrate-200mg-100-comprimidos-e1631222318484.jpg\" \/>\n\t<meta property=\"og:image:width\" content=\"500\" \/>\n\t<meta property=\"og:image:height\" content=\"549\" \/>\n\t<meta property=\"og:image:type\" content=\"image\/jpeg\" \/>\n<meta name=\"twitter:card\" content=\"summary_large_image\" \/>\n<script type=\"application\/ld+json\" class=\"yoast-schema-graph\">{\"@context\":\"https:\/\/schema.org\",\"@graph\":[{\"@type\":\"WebPage\",\"@id\":\"https:\/\/www.biocabaz.pt\/web\/produto\/now-magnesium-citrate-200mg-100-comprimidos\/\",\"url\":\"https:\/\/www.biocabaz.pt\/web\/produto\/now-magnesium-citrate-200mg-100-comprimidos\/\",\"name\":\"NOW MAGNESIUM CITRATE 200MG 100 COMPRIMIDOS\",\"isPartOf\":{\"@id\":\"https:\/\/www.biocabaz.pt\/web\/#website\"},\"primaryImageOfPage\":{\"@id\":\"https:\/\/www.biocabaz.pt\/web\/produto\/now-magnesium-citrate-200mg-100-comprimidos\/#primaryimage\"},\"image\":{\"@id\":\"https:\/\/www.biocabaz.pt\/web\/produto\/now-magnesium-citrate-200mg-100-comprimidos\/#primaryimage\"},\"thumbnailUrl\":\"https:\/\/www.biocabaz.pt\/web\/wp-conteudos\/uploads\/2021\/09\/now-magnesium-citrate-200mg-100-comprimidos-e1631222318484.jpg\",\"datePublished\":\"2021-09-09T21:19:38+00:00\",\"dateModified\":\"2022-10-03T19:25:35+00:00\",\"breadcrumb\":{\"@id\":\"https:\/\/www.biocabaz.pt\/web\/produto\/now-magnesium-citrate-200mg-100-comprimidos\/#breadcrumb\"},\"inLanguage\":\"pt-PT\",\"potentialAction\":[{\"@type\":\"ReadAction\",\"target\":[\"https:\/\/www.biocabaz.pt\/web\/produto\/now-magnesium-citrate-200mg-100-comprimidos\/\"]}]},{\"@type\":\"ImageObject\",\"inLanguage\":\"pt-PT\",\"@id\":\"https:\/\/www.biocabaz.pt\/web\/produto\/now-magnesium-citrate-200mg-100-comprimidos\/#primaryimage\",\"url\":\"https:\/\/www.biocabaz.pt\/web\/wp-conteudos\/uploads\/2021\/09\/now-magnesium-citrate-200mg-100-comprimidos-e1631222318484.jpg\",\"contentUrl\":\"https:\/\/www.biocabaz.pt\/web\/wp-conteudos\/uploads\/2021\/09\/now-magnesium-citrate-200mg-100-comprimidos-e1631222318484.jpg\",\"width\":500,\"height\":549,\"caption\":\"NOW MAGNESIUM CITRATE 200MG 100 COMPRIMIDOS\"},{\"@type\":\"BreadcrumbList\",\"@id\":\"https:\/\/www.biocabaz.pt\/web\/produto\/now-magnesium-citrate-200mg-100-comprimidos\/#breadcrumb\",\"itemListElement\":[{\"@type\":\"ListItem\",\"position\":1,\"name\":\"Home\",\"item\":\"https:\/\/www.biocabaz.pt\/web\/\"},{\"@type\":\"ListItem\",\"position\":2,\"name\":\"Shop\",\"item\":\"https:\/\/www.biocabaz.pt\/web\/en\/shop\/\"},{\"@type\":\"ListItem\",\"position\":3,\"name\":\"NOW MAGNESIUM CITRATE 200MG 100 COMPRIMIDOS\"}]},{\"@type\":\"WebSite\",\"@id\":\"https:\/\/www.biocabaz.pt\/web\/#website\",\"url\":\"https:\/\/www.biocabaz.pt\/web\/\",\"name\":\"CABAZES BIOL\u00d3GICOS\",\"description\":\"One+Number\",\"potentialAction\":[{\"@type\":\"SearchAction\",\"target\":{\"@type\":\"EntryPoint\",\"urlTemplate\":\"https:\/\/www.biocabaz.pt\/web\/?s={search_term_string}\"},\"query-input\":{\"@type\":\"PropertyValueSpecification\",\"valueRequired\":true,\"valueName\":\"search_term_string\"}}],\"inLanguage\":\"pt-PT\"}]}<\/script>\n<!-- \/ Yoast SEO plugin. -->","yoast_head_json":{"title":"NOW MAGNESIUM CITRATE 200MG 100 COMPRIMIDOS","robots":{"index":"index","follow":"follow","max-snippet":"max-snippet:-1","max-image-preview":"max-image-preview:large","max-video-preview":"max-video-preview:-1"},"canonical":"https:\/\/www.biocabaz.pt\/web\/produto\/now-magnesium-citrate-200mg-100-comprimidos\/","og_locale":"pt_PT","og_type":"article","og_title":"[:pt]NOW MAGNESIUM CITRATE 200MG 100 COMPRIMIDOS[:] - CABAZES BIOL\u00d3GICOS","og_description":"NOW Magnesium Citrate 200mg 100 Comprimidos  O Magnesium fortalece os m\u00fasculos , equilibra os sistema nervoso e alivia dores O magn\u00e9sio \u00e9 imprescind\u00edvel para os atletas, fortalece os m\u00fasculos card\u00edacos, equilibra o sistema nervoso: fundamental em casos de stress, depress\u00e3o, ansiedade, ajuda a dormir melhor, ajuda a criar colag\u00e9nio, fundamental para o esqueleto, tend\u00f5es e cartilagens, abranda a inflama\u00e7\u00e3o prost\u00e1tica, alivia as dores e ajuda a absorver e fixar o c\u00e1lcio. \u00a0Composi\u00e7\u00e3o:  Por 1 comprimido: Magn\u00e9sio - como magn\u00e9sio citrato - 200mg.  Dosagem e Administra\u00e7\u00e3o: Tomar 2 comprimidos por dia de prefer\u00eancia \u00e0s refei\u00e7\u00f5es.  Apresenta\u00e7\u00e3o: Frasco com 100 comprimidos  Advert\u00eancias:  Se estiver gr\u00e1vida, a amamentar, a tomar alguma especialidade farmac\u00eautica ou se sofre de alguma doen\u00e7a, consulte o seu m\u00e9dico ou t\u00e9cnico de sa\u00fade antes de tomar este suplemento.\u00a0Os suplementos alimentares n\u00e3o devem ser utilizados como substitutos de um regime alimentar variado e de um estilo de vida saud\u00e1vel.\u00a0Manter fora do alcance das crian\u00e7as.","og_url":"https:\/\/biocabaz.pt\/web\/en\/produto\/now-magnesium-citrate-200mg-100-comprimidos\/","og_site_name":"CABAZES BIOL\u00d3GICOS","article_modified_time":"2022-10-03T19:25:35+00:00","og_image":[{"width":500,"height":549,"url":"https:\/\/www.biocabaz.pt\/web\/wp-conteudos\/uploads\/2021\/09\/now-magnesium-citrate-200mg-100-comprimidos-e1631222318484.jpg","type":"image\/jpeg"}],"twitter_card":"summary_large_image","schema":{"@context":"https:\/\/schema.org","@graph":[{"@type":"WebPage","@id":"https:\/\/www.biocabaz.pt\/web\/produto\/now-magnesium-citrate-200mg-100-comprimidos\/","url":"https:\/\/www.biocabaz.pt\/web\/produto\/now-magnesium-citrate-200mg-100-comprimidos\/","name":"NOW MAGNESIUM CITRATE 200MG 100 COMPRIMIDOS","isPartOf":{"@id":"https:\/\/www.biocabaz.pt\/web\/#website"},"primaryImageOfPage":{"@id":"https:\/\/www.biocabaz.pt\/web\/produto\/now-magnesium-citrate-200mg-100-comprimidos\/#primaryimage"},"image":{"@id":"https:\/\/www.biocabaz.pt\/web\/produto\/now-magnesium-citrate-200mg-100-comprimidos\/#primaryimage"},"thumbnailUrl":"https:\/\/www.biocabaz.pt\/web\/wp-conteudos\/uploads\/2021\/09\/now-magnesium-citrate-200mg-100-comprimidos-e1631222318484.jpg","datePublished":"2021-09-09T21:19:38+00:00","dateModified":"2022-10-03T19:25:35+00:00","breadcrumb":{"@id":"https:\/\/www.biocabaz.pt\/web\/produto\/now-magnesium-citrate-200mg-100-comprimidos\/#breadcrumb"},"inLanguage":"pt-PT","potentialAction":[{"@type":"ReadAction","target":["https:\/\/www.biocabaz.pt\/web\/produto\/now-magnesium-citrate-200mg-100-comprimidos\/"]}]},{"@type":"ImageObject","inLanguage":"pt-PT","@id":"https:\/\/www.biocabaz.pt\/web\/produto\/now-magnesium-citrate-200mg-100-comprimidos\/#primaryimage","url":"https:\/\/www.biocabaz.pt\/web\/wp-conteudos\/uploads\/2021\/09\/now-magnesium-citrate-200mg-100-comprimidos-e1631222318484.jpg","contentUrl":"https:\/\/www.biocabaz.pt\/web\/wp-conteudos\/uploads\/2021\/09\/now-magnesium-citrate-200mg-100-comprimidos-e1631222318484.jpg","width":500,"height":549,"caption":"NOW MAGNESIUM CITRATE 200MG 100 COMPRIMIDOS"},{"@type":"BreadcrumbList","@id":"https:\/\/www.biocabaz.pt\/web\/produto\/now-magnesium-citrate-200mg-100-comprimidos\/#breadcrumb","itemListElement":[{"@type":"ListItem","position":1,"name":"Home","item":"https:\/\/www.biocabaz.pt\/web\/"},{"@type":"ListItem","position":2,"name":"Shop","item":"https:\/\/www.biocabaz.pt\/web\/en\/shop\/"},{"@type":"ListItem","position":3,"name":"NOW MAGNESIUM CITRATE 200MG 100 COMPRIMIDOS"}]},{"@type":"WebSite","@id":"https:\/\/www.biocabaz.pt\/web\/#website","url":"https:\/\/www.biocabaz.pt\/web\/","name":"CABAZES BIOL\u00d3GICOS","description":"One+Number","potentialAction":[{"@type":"SearchAction","target":{"@type":"EntryPoint","urlTemplate":"https:\/\/www.biocabaz.pt\/web\/?s={search_term_string}"},"query-input":{"@type":"PropertyValueSpecification","valueRequired":true,"valueName":"search_term_string"}}],"inLanguage":"pt-PT"}]}},"_links":{"self":[{"href":"https:\/\/biocabaz.pt\/web\/en\/wp-json\/wp\/v2\/product\/75689","targetHints":{"allow":["GET"]}}],"collection":[{"href":"https:\/\/biocabaz.pt\/web\/en\/wp-json\/wp\/v2\/product"}],"about":[{"href":"https:\/\/biocabaz.pt\/web\/en\/wp-json\/wp\/v2\/types\/product"}],"replies":[{"embeddable":true,"href":"https:\/\/biocabaz.pt\/web\/en\/wp-json\/wp\/v2\/comments?post=75689"}],"wp:featuredmedia":[{"embeddable":true,"href":"https:\/\/biocabaz.pt\/web\/en\/wp-json\/wp\/v2\/media\/75690"}],"wp:attachment":[{"href":"https:\/\/biocabaz.pt\/web\/en\/wp-json\/wp\/v2\/media?parent=75689"}],"wp:term":[{"taxonomy":"product_cat","embeddable":true,"href":"https:\/\/biocabaz.pt\/web\/en\/wp-json\/wp\/v2\/product_cat?post=75689"},{"taxonomy":"product_tag","embeddable":true,"href":"https:\/\/biocabaz.pt\/web\/en\/wp-json\/wp\/v2\/product_tag?post=75689"}],"curies":[{"name":"wp","href":"https:\/\/api.w.org\/{rel}","templated":true}]}}