{"id":75687,"date":"2021-09-09T21:15:40","date_gmt":"2021-09-09T21:15:40","guid":{"rendered":"https:\/\/www.biocabaz.pt\/web\/?post_type=product&#038;p=75687"},"modified":"2022-12-30T11:54:10","modified_gmt":"2022-12-30T11:54:10","slug":"now-relora-300mg-60-capsulas","status":"publish","type":"product","link":"https:\/\/biocabaz.pt\/web\/en\/produto\/now-relora-300mg-60-capsulas\/","title":{"rendered":"NOW RELORA\u00ae 300MG 60 C\u00c1PSULAS"},"content":{"rendered":"","protected":false},"excerpt":{"rendered":"<h3>NOW RELORA\u00ae 300MG<\/h3>\n<p>Inibidor do apetite relacionado com a ansiedade. Equilibra a rela\u00e7\u00e3o das Gl\u00e2ndulas suprarrenais, Hipot\u00e1lamo e Pituit\u00e1ria onde se localiza o centro do apetite. Manuten\u00e7\u00e3o dos n\u00edveis de Cortisol &#8211; mant\u00e9m a press\u00e3o sangu\u00ednea e abranda a resposta imunit\u00e1ria. Efeito ansiol\u00edtico sem provocar depend\u00eancia, sonol\u00eancia ou seda\u00e7\u00e3o. F\u00f3rmula vegetariana.<\/p>\n<p><strong>Patente:\u00a0<\/strong>Relora \u00e9 uma f\u00f3rmula patenteada tendo sido diversas vezes submetida a ensaios cl\u00ednicos bem-sucedidos.<br \/>\n\u00c9 um dos suplementos mais vendidos a n\u00edvel mundial para a inibi\u00e7\u00e3o do apetite.<\/p>\n<p><b>Apresenta\u00e7\u00e3o:<\/b>\u00a0Embalagem de 60 C\u00e1psulas Vegetais (300 Mg).<\/p>\n<p><b>Modo de Tomar:<\/b>\u00a0Tomar 1 c\u00e1psula, 2 a 3 vezes por dia.<\/p>\n<p><b>Ingredientes:<\/b>\u00a0Relora\u00ae &#8211; mistura registada de extracto da casca de Magnolia officinalis e extracto de Phellodendron amurense (300 mg).<\/p>\n<p><b>Outros Ingredientes:<\/b>\u00a0Farinha de arroz; Celulose (c\u00e1psula); Amido de milho modificado; S\u00edlica e estearato de magn\u00e9sio (fonte vegetal).<\/p>\n<p><b>N\u00e3o cont\u00e9m:\u00a0<\/b>A\u00e7\u00facar, sal, fermento, trigo, gl\u00faten, soja, leite, ovo, marisco ou conservantes. Suplemento Vegetariano\/Vegan.<\/p>\n<p><b>Advert\u00eancias:<\/b>\u00a0Os suplementos alimentares n\u00e3o devem ser utilizados como substitutos de um regime alimentar variado e equilibrado e de um modo de vida saud\u00e1vel. Manter fora do alcance e vis\u00e3o das crian\u00e7as. N\u00e3o exceder as dosagens recomendadas. Manter em local fresco e seco, ao abrigo da luz, calor e humidade. Em caso de gravidez ou amamenta\u00e7\u00e3o a toma deve ser feita sob indica\u00e7\u00e3o m\u00e9dica. N\u00e3o utilizar em caso de hipersensibilidade, alergia e quando estejam descritas intera\u00e7\u00f5es de outro produto com qualquer um dos constituintes da formula\u00e7\u00e3o.<\/p>\n","protected":false},"featured_media":75688,"comment_status":"closed","ping_status":"closed","template":"","meta":[],"product_cat":[88],"product_tag":[],"class_list":["post-75687","product","type-product","status-publish","has-post-thumbnail","hentry","product_cat-suplementos"],"bundle_layout":"","bundled_by":[],"bundled_items":[],"yoast_head":"<!-- This site is optimized with the Yoast SEO plugin v26.3 - https:\/\/yoast.com\/wordpress\/plugins\/seo\/ -->\n<title>NOW RELORA\u00ae 300MG 60 C\u00c1PSULAS<\/title>\n<meta name=\"robots\" content=\"index, follow, max-snippet:-1, max-image-preview:large, max-video-preview:-1\" \/>\n<link rel=\"canonical\" href=\"https:\/\/www.biocabaz.pt\/web\/en\/produto\/now-relora-300mg-60-capsulas\/\" \/>\n<meta property=\"og:locale\" content=\"pt_PT\" \/>\n<meta property=\"og:locale:alternate\" content=\"pt_PT\" \/>\n<meta property=\"og:type\" content=\"article\" \/>\n<meta property=\"og:title\" content=\"NOW RELORA\u00ae 300MG 60 C\u00c1PSULAS\" \/>\n<meta property=\"og:description\" content=\"NOW RELORA\u00ae 300MG Inibidor do apetite relacionado com a ansiedade. Equilibra a rela\u00e7\u00e3o das Gl\u00e2ndulas suprarrenais, Hipot\u00e1lamo e Pituit\u00e1ria onde se localiza o centro do apetite. Manuten\u00e7\u00e3o dos n\u00edveis de Cortisol - mant\u00e9m a press\u00e3o sangu\u00ednea e abranda a resposta imunit\u00e1ria. Efeito ansiol\u00edtico sem provocar depend\u00eancia, sonol\u00eancia ou seda\u00e7\u00e3o. F\u00f3rmula vegetariana.  Patente:\u00a0Relora \u00e9 uma f\u00f3rmula patenteada tendo sido diversas vezes submetida a ensaios cl\u00ednicos bem-sucedidos. \u00c9 um dos suplementos mais vendidos a n\u00edvel mundial para a inibi\u00e7\u00e3o do apetite.  Apresenta\u00e7\u00e3o:\u00a0Embalagem de 60 C\u00e1psulas Vegetais (300 Mg).  Modo de Tomar:\u00a0Tomar 1 c\u00e1psula, 2 a 3 vezes por dia.  Ingredientes:\u00a0Relora\u00ae - mistura registada de extracto da casca de Magnolia officinalis e extracto de Phellodendron amurense (300 mg).  Outros Ingredientes:\u00a0Farinha de arroz; Celulose (c\u00e1psula); Amido de milho modificado; S\u00edlica e estearato de magn\u00e9sio (fonte vegetal).  N\u00e3o cont\u00e9m:\u00a0A\u00e7\u00facar, sal, fermento, trigo, gl\u00faten, soja, leite, ovo, marisco ou conservantes. Suplemento Vegetariano\/Vegan.  Advert\u00eancias:\u00a0Os suplementos alimentares n\u00e3o devem ser utilizados como substitutos de um regime alimentar variado e equilibrado e de um modo de vida saud\u00e1vel. Manter fora do alcance e vis\u00e3o das crian\u00e7as. N\u00e3o exceder as dosagens recomendadas. Manter em local fresco e seco, ao abrigo da luz, calor e humidade. Em caso de gravidez ou amamenta\u00e7\u00e3o a toma deve ser feita sob indica\u00e7\u00e3o m\u00e9dica. N\u00e3o utilizar em caso de hipersensibilidade, alergia e quando estejam descritas intera\u00e7\u00f5es de outro produto com qualquer um dos constituintes da formula\u00e7\u00e3o.\" \/>\n<meta property=\"og:url\" content=\"https:\/\/biocabaz.pt\/web\/en\/produto\/now-relora-300mg-60-capsulas\/\" \/>\n<meta property=\"og:site_name\" content=\"CABAZES BIOL\u00d3GICOS\" \/>\n<meta property=\"article:modified_time\" content=\"2022-12-30T11:54:10+00:00\" \/>\n<meta property=\"og:image\" content=\"https:\/\/www.biocabaz.pt\/web\/wp-conteudos\/uploads\/2021\/09\/now-relora-300mg-60-capsulas-e1631222123378.jpg\" \/>\n\t<meta property=\"og:image:width\" content=\"500\" \/>\n\t<meta property=\"og:image:height\" content=\"500\" \/>\n\t<meta property=\"og:image:type\" content=\"image\/jpeg\" \/>\n<meta name=\"twitter:card\" content=\"summary_large_image\" \/>\n<script type=\"application\/ld+json\" class=\"yoast-schema-graph\">{\"@context\":\"https:\/\/schema.org\",\"@graph\":[{\"@type\":\"WebPage\",\"@id\":\"https:\/\/www.biocabaz.pt\/web\/en\/produto\/now-relora-300mg-60-capsulas\/\",\"url\":\"https:\/\/www.biocabaz.pt\/web\/en\/produto\/now-relora-300mg-60-capsulas\/\",\"name\":\"NOW RELORA\u00ae 300MG 60 C\u00c1PSULAS\",\"isPartOf\":{\"@id\":\"https:\/\/www.biocabaz.pt\/web\/en\/#website\"},\"primaryImageOfPage\":{\"@id\":\"https:\/\/www.biocabaz.pt\/web\/en\/produto\/now-relora-300mg-60-capsulas\/#primaryimage\"},\"image\":{\"@id\":\"https:\/\/www.biocabaz.pt\/web\/en\/produto\/now-relora-300mg-60-capsulas\/#primaryimage\"},\"thumbnailUrl\":\"https:\/\/www.biocabaz.pt\/web\/wp-conteudos\/uploads\/2021\/09\/now-relora-300mg-60-capsulas-e1631222123378.jpg\",\"datePublished\":\"2021-09-09T21:15:40+00:00\",\"dateModified\":\"2022-12-30T11:54:10+00:00\",\"breadcrumb\":{\"@id\":\"https:\/\/www.biocabaz.pt\/web\/en\/produto\/now-relora-300mg-60-capsulas\/#breadcrumb\"},\"inLanguage\":\"pt-PT\",\"potentialAction\":[{\"@type\":\"ReadAction\",\"target\":[\"https:\/\/www.biocabaz.pt\/web\/en\/produto\/now-relora-300mg-60-capsulas\/\"]}]},{\"@type\":\"ImageObject\",\"inLanguage\":\"pt-PT\",\"@id\":\"https:\/\/www.biocabaz.pt\/web\/en\/produto\/now-relora-300mg-60-capsulas\/#primaryimage\",\"url\":\"https:\/\/www.biocabaz.pt\/web\/wp-conteudos\/uploads\/2021\/09\/now-relora-300mg-60-capsulas-e1631222123378.jpg\",\"contentUrl\":\"https:\/\/www.biocabaz.pt\/web\/wp-conteudos\/uploads\/2021\/09\/now-relora-300mg-60-capsulas-e1631222123378.jpg\",\"width\":500,\"height\":500,\"caption\":\"NOW RELORA\u00ae 300MG 60 C\u00c1PSULAS\"},{\"@type\":\"BreadcrumbList\",\"@id\":\"https:\/\/www.biocabaz.pt\/web\/en\/produto\/now-relora-300mg-60-capsulas\/#breadcrumb\",\"itemListElement\":[{\"@type\":\"ListItem\",\"position\":1,\"name\":\"Home\",\"item\":\"https:\/\/www.biocabaz.pt\/web\/en\/\"},{\"@type\":\"ListItem\",\"position\":2,\"name\":\"Shop\",\"item\":\"https:\/\/www.biocabaz.pt\/web\/en\/shop\/\"},{\"@type\":\"ListItem\",\"position\":3,\"name\":\"NOW RELORA\u00ae 300MG 60 C\u00c1PSULAS\"}]},{\"@type\":\"WebSite\",\"@id\":\"https:\/\/www.biocabaz.pt\/web\/en\/#website\",\"url\":\"https:\/\/www.biocabaz.pt\/web\/en\/\",\"name\":\"CABAZES BIOL\u00d3GICOS\",\"description\":\"One+Number\",\"potentialAction\":[{\"@type\":\"SearchAction\",\"target\":{\"@type\":\"EntryPoint\",\"urlTemplate\":\"https:\/\/www.biocabaz.pt\/web\/en\/?s={search_term_string}\"},\"query-input\":{\"@type\":\"PropertyValueSpecification\",\"valueRequired\":true,\"valueName\":\"search_term_string\"}}],\"inLanguage\":\"pt-PT\"}]}<\/script>\n<!-- \/ Yoast SEO plugin. -->","yoast_head_json":{"title":"NOW RELORA\u00ae 300MG 60 C\u00c1PSULAS","robots":{"index":"index","follow":"follow","max-snippet":"max-snippet:-1","max-image-preview":"max-image-preview:large","max-video-preview":"max-video-preview:-1"},"canonical":"https:\/\/www.biocabaz.pt\/web\/en\/produto\/now-relora-300mg-60-capsulas\/","og_locale":"pt_PT","og_type":"article","og_title":"[:pt]NOW RELORA\u00ae 300MG 60 C\u00c1PSULAS[:] - CABAZES BIOL\u00d3GICOS","og_description":"NOW RELORA\u00ae 300MG Inibidor do apetite relacionado com a ansiedade. Equilibra a rela\u00e7\u00e3o das Gl\u00e2ndulas suprarrenais, Hipot\u00e1lamo e Pituit\u00e1ria onde se localiza o centro do apetite. Manuten\u00e7\u00e3o dos n\u00edveis de Cortisol - mant\u00e9m a press\u00e3o sangu\u00ednea e abranda a resposta imunit\u00e1ria. Efeito ansiol\u00edtico sem provocar depend\u00eancia, sonol\u00eancia ou seda\u00e7\u00e3o. F\u00f3rmula vegetariana.  Patente:\u00a0Relora \u00e9 uma f\u00f3rmula patenteada tendo sido diversas vezes submetida a ensaios cl\u00ednicos bem-sucedidos. \u00c9 um dos suplementos mais vendidos a n\u00edvel mundial para a inibi\u00e7\u00e3o do apetite.  Apresenta\u00e7\u00e3o:\u00a0Embalagem de 60 C\u00e1psulas Vegetais (300 Mg).  Modo de Tomar:\u00a0Tomar 1 c\u00e1psula, 2 a 3 vezes por dia.  Ingredientes:\u00a0Relora\u00ae - mistura registada de extracto da casca de Magnolia officinalis e extracto de Phellodendron amurense (300 mg).  Outros Ingredientes:\u00a0Farinha de arroz; Celulose (c\u00e1psula); Amido de milho modificado; S\u00edlica e estearato de magn\u00e9sio (fonte vegetal).  N\u00e3o cont\u00e9m:\u00a0A\u00e7\u00facar, sal, fermento, trigo, gl\u00faten, soja, leite, ovo, marisco ou conservantes. Suplemento Vegetariano\/Vegan.  Advert\u00eancias:\u00a0Os suplementos alimentares n\u00e3o devem ser utilizados como substitutos de um regime alimentar variado e equilibrado e de um modo de vida saud\u00e1vel. Manter fora do alcance e vis\u00e3o das crian\u00e7as. N\u00e3o exceder as dosagens recomendadas. Manter em local fresco e seco, ao abrigo da luz, calor e humidade. Em caso de gravidez ou amamenta\u00e7\u00e3o a toma deve ser feita sob indica\u00e7\u00e3o m\u00e9dica. N\u00e3o utilizar em caso de hipersensibilidade, alergia e quando estejam descritas intera\u00e7\u00f5es de outro produto com qualquer um dos constituintes da formula\u00e7\u00e3o.","og_url":"https:\/\/biocabaz.pt\/web\/en\/produto\/now-relora-300mg-60-capsulas\/","og_site_name":"CABAZES BIOL\u00d3GICOS","article_modified_time":"2022-12-30T11:54:10+00:00","og_image":[{"width":500,"height":500,"url":"https:\/\/www.biocabaz.pt\/web\/wp-conteudos\/uploads\/2021\/09\/now-relora-300mg-60-capsulas-e1631222123378.jpg","type":"image\/jpeg"}],"twitter_card":"summary_large_image","schema":{"@context":"https:\/\/schema.org","@graph":[{"@type":"WebPage","@id":"https:\/\/www.biocabaz.pt\/web\/en\/produto\/now-relora-300mg-60-capsulas\/","url":"https:\/\/www.biocabaz.pt\/web\/en\/produto\/now-relora-300mg-60-capsulas\/","name":"NOW RELORA\u00ae 300MG 60 C\u00c1PSULAS","isPartOf":{"@id":"https:\/\/www.biocabaz.pt\/web\/en\/#website"},"primaryImageOfPage":{"@id":"https:\/\/www.biocabaz.pt\/web\/en\/produto\/now-relora-300mg-60-capsulas\/#primaryimage"},"image":{"@id":"https:\/\/www.biocabaz.pt\/web\/en\/produto\/now-relora-300mg-60-capsulas\/#primaryimage"},"thumbnailUrl":"https:\/\/www.biocabaz.pt\/web\/wp-conteudos\/uploads\/2021\/09\/now-relora-300mg-60-capsulas-e1631222123378.jpg","datePublished":"2021-09-09T21:15:40+00:00","dateModified":"2022-12-30T11:54:10+00:00","breadcrumb":{"@id":"https:\/\/www.biocabaz.pt\/web\/en\/produto\/now-relora-300mg-60-capsulas\/#breadcrumb"},"inLanguage":"pt-PT","potentialAction":[{"@type":"ReadAction","target":["https:\/\/www.biocabaz.pt\/web\/en\/produto\/now-relora-300mg-60-capsulas\/"]}]},{"@type":"ImageObject","inLanguage":"pt-PT","@id":"https:\/\/www.biocabaz.pt\/web\/en\/produto\/now-relora-300mg-60-capsulas\/#primaryimage","url":"https:\/\/www.biocabaz.pt\/web\/wp-conteudos\/uploads\/2021\/09\/now-relora-300mg-60-capsulas-e1631222123378.jpg","contentUrl":"https:\/\/www.biocabaz.pt\/web\/wp-conteudos\/uploads\/2021\/09\/now-relora-300mg-60-capsulas-e1631222123378.jpg","width":500,"height":500,"caption":"NOW RELORA\u00ae 300MG 60 C\u00c1PSULAS"},{"@type":"BreadcrumbList","@id":"https:\/\/www.biocabaz.pt\/web\/en\/produto\/now-relora-300mg-60-capsulas\/#breadcrumb","itemListElement":[{"@type":"ListItem","position":1,"name":"Home","item":"https:\/\/www.biocabaz.pt\/web\/en\/"},{"@type":"ListItem","position":2,"name":"Shop","item":"https:\/\/www.biocabaz.pt\/web\/en\/shop\/"},{"@type":"ListItem","position":3,"name":"NOW RELORA\u00ae 300MG 60 C\u00c1PSULAS"}]},{"@type":"WebSite","@id":"https:\/\/www.biocabaz.pt\/web\/en\/#website","url":"https:\/\/www.biocabaz.pt\/web\/en\/","name":"CABAZES BIOL\u00d3GICOS","description":"One+Number","potentialAction":[{"@type":"SearchAction","target":{"@type":"EntryPoint","urlTemplate":"https:\/\/www.biocabaz.pt\/web\/en\/?s={search_term_string}"},"query-input":{"@type":"PropertyValueSpecification","valueRequired":true,"valueName":"search_term_string"}}],"inLanguage":"pt-PT"}]}},"_links":{"self":[{"href":"https:\/\/biocabaz.pt\/web\/en\/wp-json\/wp\/v2\/product\/75687","targetHints":{"allow":["GET"]}}],"collection":[{"href":"https:\/\/biocabaz.pt\/web\/en\/wp-json\/wp\/v2\/product"}],"about":[{"href":"https:\/\/biocabaz.pt\/web\/en\/wp-json\/wp\/v2\/types\/product"}],"replies":[{"embeddable":true,"href":"https:\/\/biocabaz.pt\/web\/en\/wp-json\/wp\/v2\/comments?post=75687"}],"wp:featuredmedia":[{"embeddable":true,"href":"https:\/\/biocabaz.pt\/web\/en\/wp-json\/wp\/v2\/media\/75688"}],"wp:attachment":[{"href":"https:\/\/biocabaz.pt\/web\/en\/wp-json\/wp\/v2\/media?parent=75687"}],"wp:term":[{"taxonomy":"product_cat","embeddable":true,"href":"https:\/\/biocabaz.pt\/web\/en\/wp-json\/wp\/v2\/product_cat?post=75687"},{"taxonomy":"product_tag","embeddable":true,"href":"https:\/\/biocabaz.pt\/web\/en\/wp-json\/wp\/v2\/product_tag?post=75687"}],"curies":[{"name":"wp","href":"https:\/\/api.w.org\/{rel}","templated":true}]}}