{"id":75685,"date":"2021-09-09T21:09:17","date_gmt":"2021-09-09T21:09:17","guid":{"rendered":"https:\/\/www.biocabaz.pt\/web\/?post_type=product&#038;p=75685"},"modified":"2022-12-30T11:54:43","modified_gmt":"2022-12-30T11:54:43","slug":"now-ashwagandha-450mg-90-capsulas-vegetais","status":"publish","type":"product","link":"https:\/\/biocabaz.pt\/web\/en\/produto\/now-ashwagandha-450mg-90-capsulas-vegetais\/","title":{"rendered":"NOW ASHWAGANDHA 450MG 90 C\u00c1PSULAS VEGETAIS"},"content":{"rendered":"","protected":false},"excerpt":{"rendered":"<p><strong>NOW Ashwagandha 450mg\u00a0alivia a fadiga, a ins\u00f3nia e o stress.<\/strong>\u00a0A Ashwaganda \u00e9 uma erva ex\u00f3tica nativa do sudeste da \u00c1sia.\u00a0\u00c9 muitas vezes chamada de &#8216;ginseng indiano&#8217; uma vez que aumenta a capacidade do corpo para manter o esfor\u00e7o f\u00edsico e ajuda o corpo a aliviar a fadiga, ins\u00f3nia e stress.<\/p>\n<p>Planta adaptog\u00e9nica \u2013 melhora a capacidade de adapta\u00e7\u00e3o do organismo a situa\u00e7\u00f5es de stress f\u00edsico ou psicol\u00f3gico. Optimiza o funcionamento das gl\u00e2ndulas supra-renais. Estimula o Sistema Imunit\u00e1rio, aumentando os n\u00edveis de energia. A Ashwaghanda tem efeito ansiol\u00edtico semelhantes ao lorazepan, tendo ainda revelado efeitos antidepressivos. Melhoria da mem\u00f3ria e a capacidade cognitiva.<\/p>\n<p><b>Apresenta\u00e7\u00e3o:<\/b>\u00a0Embalagem de 90 C\u00e1psulas Vegetais (450 Mg).<\/p>\n<p><b>Modo de Tomar:<\/b>\u00a0Tomar 1 c\u00e1psula, 2 a 3 vezes por dia.<\/p>\n<p><b>Ingredientes:<\/b>\u00a0Ashwagandha Extracto (Withania somnifera) \u2013 raiz, standardizado para min. 2,5% Withanolidos).<\/p>\n<p><b>Outros Ingredientes:<\/b>\u00a0Celulose (c\u00e1psula), farinha de arroz e estearato de magn\u00e9sio (fonte vegetal).<\/p>\n<p><b>N\u00e3o cont\u00e9m<\/b>\u00a0Levedura, trigo, gl\u00faten, soja, leite, ovo, peixe, marisco e ingredientes \u00e0 base de noz.<\/p>\n<p><b>Advert\u00eancias:<\/b>\u00a0Os suplementos alimentares n\u00e3o devem ser utilizados como substitutos de um regime alimentar variado e equilibrado e de um modo de vida saud\u00e1vel. Manter fora do alcance e vis\u00e3o das crian\u00e7as. N\u00e3o exceder as dosagens recomendadas. Manter em local fresco e seco, ao abrigo da luz, calor e humidade. Em caso de gravidez ou amamenta\u00e7\u00e3o a toma deve ser feita sob indica\u00e7\u00e3o m\u00e9dica.<\/p>\n","protected":false},"featured_media":75686,"comment_status":"closed","ping_status":"closed","template":"","meta":[],"product_cat":[88],"product_tag":[],"class_list":["post-75685","product","type-product","status-publish","has-post-thumbnail","hentry","product_cat-suplementos"],"bundle_layout":"","bundled_by":[],"bundled_items":[],"yoast_head":"<!-- This site is optimized with the Yoast SEO plugin v26.3 - https:\/\/yoast.com\/wordpress\/plugins\/seo\/ -->\n<title>NOW ASHWAGANDHA 450MG 90 C\u00c1PSULAS VEGETAIS<\/title>\n<meta name=\"robots\" content=\"index, follow, max-snippet:-1, max-image-preview:large, max-video-preview:-1\" \/>\n<link rel=\"canonical\" href=\"https:\/\/biocabaz.pt\/web\/en\/produto\/now-ashwagandha-450mg-90-capsulas-vegetais\/\" \/>\n<meta property=\"og:locale\" content=\"pt_PT\" \/>\n<meta property=\"og:locale:alternate\" content=\"pt_PT\" \/>\n<meta property=\"og:type\" content=\"article\" \/>\n<meta property=\"og:title\" content=\"NOW ASHWAGANDHA 450MG 90 C\u00c1PSULAS VEGETAIS\" \/>\n<meta property=\"og:description\" content=\"NOW Ashwagandha 450mg\u00a0alivia a fadiga, a ins\u00f3nia e o stress.\u00a0A Ashwaganda \u00e9 uma erva ex\u00f3tica nativa do sudeste da \u00c1sia.\u00a0\u00c9 muitas vezes chamada de &#039;ginseng indiano&#039; uma vez que aumenta a capacidade do corpo para manter o esfor\u00e7o f\u00edsico e ajuda o corpo a aliviar a fadiga, ins\u00f3nia e stress.  Planta adaptog\u00e9nica \u2013 melhora a capacidade de adapta\u00e7\u00e3o do organismo a situa\u00e7\u00f5es de stress f\u00edsico ou psicol\u00f3gico. Optimiza o funcionamento das gl\u00e2ndulas supra-renais. Estimula o Sistema Imunit\u00e1rio, aumentando os n\u00edveis de energia. A Ashwaghanda tem efeito ansiol\u00edtico semelhantes ao lorazepan, tendo ainda revelado efeitos antidepressivos. Melhoria da mem\u00f3ria e a capacidade cognitiva.  Apresenta\u00e7\u00e3o:\u00a0Embalagem de 90 C\u00e1psulas Vegetais (450 Mg).  Modo de Tomar:\u00a0Tomar 1 c\u00e1psula, 2 a 3 vezes por dia.  Ingredientes:\u00a0Ashwagandha Extracto (Withania somnifera) \u2013 raiz, standardizado para min. 2,5% Withanolidos).  Outros Ingredientes:\u00a0Celulose (c\u00e1psula), farinha de arroz e estearato de magn\u00e9sio (fonte vegetal).  N\u00e3o cont\u00e9m\u00a0Levedura, trigo, gl\u00faten, soja, leite, ovo, peixe, marisco e ingredientes \u00e0 base de noz.  Advert\u00eancias:\u00a0Os suplementos alimentares n\u00e3o devem ser utilizados como substitutos de um regime alimentar variado e equilibrado e de um modo de vida saud\u00e1vel. Manter fora do alcance e vis\u00e3o das crian\u00e7as. N\u00e3o exceder as dosagens recomendadas. Manter em local fresco e seco, ao abrigo da luz, calor e humidade. Em caso de gravidez ou amamenta\u00e7\u00e3o a toma deve ser feita sob indica\u00e7\u00e3o m\u00e9dica.\" \/>\n<meta property=\"og:url\" content=\"https:\/\/biocabaz.pt\/web\/en\/produto\/now-ashwagandha-450mg-90-capsulas-vegetais\/\" \/>\n<meta property=\"og:site_name\" content=\"CABAZES BIOL\u00d3GICOS\" \/>\n<meta property=\"article:modified_time\" content=\"2022-12-30T11:54:43+00:00\" \/>\n<meta property=\"og:image\" content=\"https:\/\/www.biocabaz.pt\/web\/wp-conteudos\/uploads\/2021\/09\/now-ashwagandha-450mg-90-capsulas-vegetais.jpg\" \/>\n\t<meta property=\"og:image:width\" content=\"458\" \/>\n\t<meta property=\"og:image:height\" content=\"575\" \/>\n\t<meta property=\"og:image:type\" content=\"image\/jpeg\" \/>\n<meta name=\"twitter:card\" content=\"summary_large_image\" \/>\n<script type=\"application\/ld+json\" class=\"yoast-schema-graph\">{\"@context\":\"https:\/\/schema.org\",\"@graph\":[{\"@type\":\"WebPage\",\"@id\":\"https:\/\/biocabaz.pt\/web\/en\/produto\/now-ashwagandha-450mg-90-capsulas-vegetais\/\",\"url\":\"https:\/\/biocabaz.pt\/web\/en\/produto\/now-ashwagandha-450mg-90-capsulas-vegetais\/\",\"name\":\"NOW ASHWAGANDHA 450MG 90 C\u00c1PSULAS VEGETAIS\",\"isPartOf\":{\"@id\":\"https:\/\/biocabaz.pt\/web\/#website\"},\"primaryImageOfPage\":{\"@id\":\"https:\/\/biocabaz.pt\/web\/en\/produto\/now-ashwagandha-450mg-90-capsulas-vegetais\/#primaryimage\"},\"image\":{\"@id\":\"https:\/\/biocabaz.pt\/web\/en\/produto\/now-ashwagandha-450mg-90-capsulas-vegetais\/#primaryimage\"},\"thumbnailUrl\":\"https:\/\/www.biocabaz.pt\/web\/wp-conteudos\/uploads\/2021\/09\/now-ashwagandha-450mg-90-capsulas-vegetais.jpg\",\"datePublished\":\"2021-09-09T21:09:17+00:00\",\"dateModified\":\"2022-12-30T11:54:43+00:00\",\"breadcrumb\":{\"@id\":\"https:\/\/biocabaz.pt\/web\/en\/produto\/now-ashwagandha-450mg-90-capsulas-vegetais\/#breadcrumb\"},\"inLanguage\":\"pt-PT\",\"potentialAction\":[{\"@type\":\"ReadAction\",\"target\":[\"https:\/\/biocabaz.pt\/web\/en\/produto\/now-ashwagandha-450mg-90-capsulas-vegetais\/\"]}]},{\"@type\":\"ImageObject\",\"inLanguage\":\"pt-PT\",\"@id\":\"https:\/\/biocabaz.pt\/web\/en\/produto\/now-ashwagandha-450mg-90-capsulas-vegetais\/#primaryimage\",\"url\":\"https:\/\/www.biocabaz.pt\/web\/wp-conteudos\/uploads\/2021\/09\/now-ashwagandha-450mg-90-capsulas-vegetais.jpg\",\"contentUrl\":\"https:\/\/www.biocabaz.pt\/web\/wp-conteudos\/uploads\/2021\/09\/now-ashwagandha-450mg-90-capsulas-vegetais.jpg\",\"width\":458,\"height\":575,\"caption\":\"NOW ASHWAGANDHA 450MG 90 C\u00c1PSULAS VEGETAIS\"},{\"@type\":\"BreadcrumbList\",\"@id\":\"https:\/\/biocabaz.pt\/web\/en\/produto\/now-ashwagandha-450mg-90-capsulas-vegetais\/#breadcrumb\",\"itemListElement\":[{\"@type\":\"ListItem\",\"position\":1,\"name\":\"Home\",\"item\":\"https:\/\/biocabaz.pt\/web\/\"},{\"@type\":\"ListItem\",\"position\":2,\"name\":\"Loja\",\"item\":\"https:\/\/biocabaz.pt\/web\/shop\/\"},{\"@type\":\"ListItem\",\"position\":3,\"name\":\"NOW ASHWAGANDHA 450MG 90 C\u00c1PSULAS VEGETAIS\"}]},{\"@type\":\"WebSite\",\"@id\":\"https:\/\/biocabaz.pt\/web\/#website\",\"url\":\"https:\/\/biocabaz.pt\/web\/\",\"name\":\"CABAZES BIOL\u00d3GICOS\",\"description\":\"One+Number\",\"potentialAction\":[{\"@type\":\"SearchAction\",\"target\":{\"@type\":\"EntryPoint\",\"urlTemplate\":\"https:\/\/biocabaz.pt\/web\/?s={search_term_string}\"},\"query-input\":{\"@type\":\"PropertyValueSpecification\",\"valueRequired\":true,\"valueName\":\"search_term_string\"}}],\"inLanguage\":\"pt-PT\"}]}<\/script>\n<!-- \/ Yoast SEO plugin. -->","yoast_head_json":{"title":"NOW ASHWAGANDHA 450MG 90 C\u00c1PSULAS VEGETAIS","robots":{"index":"index","follow":"follow","max-snippet":"max-snippet:-1","max-image-preview":"max-image-preview:large","max-video-preview":"max-video-preview:-1"},"canonical":"https:\/\/biocabaz.pt\/web\/en\/produto\/now-ashwagandha-450mg-90-capsulas-vegetais\/","og_locale":"pt_PT","og_type":"article","og_title":"[:pt]NOW ASHWAGANDHA 450MG 90 C\u00c1PSULAS VEGETAIS[:] - CABAZES BIOL\u00d3GICOS","og_description":"NOW Ashwagandha 450mg\u00a0alivia a fadiga, a ins\u00f3nia e o stress.\u00a0A Ashwaganda \u00e9 uma erva ex\u00f3tica nativa do sudeste da \u00c1sia.\u00a0\u00c9 muitas vezes chamada de 'ginseng indiano' uma vez que aumenta a capacidade do corpo para manter o esfor\u00e7o f\u00edsico e ajuda o corpo a aliviar a fadiga, ins\u00f3nia e stress.  Planta adaptog\u00e9nica \u2013 melhora a capacidade de adapta\u00e7\u00e3o do organismo a situa\u00e7\u00f5es de stress f\u00edsico ou psicol\u00f3gico. Optimiza o funcionamento das gl\u00e2ndulas supra-renais. Estimula o Sistema Imunit\u00e1rio, aumentando os n\u00edveis de energia. A Ashwaghanda tem efeito ansiol\u00edtico semelhantes ao lorazepan, tendo ainda revelado efeitos antidepressivos. Melhoria da mem\u00f3ria e a capacidade cognitiva.  Apresenta\u00e7\u00e3o:\u00a0Embalagem de 90 C\u00e1psulas Vegetais (450 Mg).  Modo de Tomar:\u00a0Tomar 1 c\u00e1psula, 2 a 3 vezes por dia.  Ingredientes:\u00a0Ashwagandha Extracto (Withania somnifera) \u2013 raiz, standardizado para min. 2,5% Withanolidos).  Outros Ingredientes:\u00a0Celulose (c\u00e1psula), farinha de arroz e estearato de magn\u00e9sio (fonte vegetal).  N\u00e3o cont\u00e9m\u00a0Levedura, trigo, gl\u00faten, soja, leite, ovo, peixe, marisco e ingredientes \u00e0 base de noz.  Advert\u00eancias:\u00a0Os suplementos alimentares n\u00e3o devem ser utilizados como substitutos de um regime alimentar variado e equilibrado e de um modo de vida saud\u00e1vel. Manter fora do alcance e vis\u00e3o das crian\u00e7as. N\u00e3o exceder as dosagens recomendadas. Manter em local fresco e seco, ao abrigo da luz, calor e humidade. Em caso de gravidez ou amamenta\u00e7\u00e3o a toma deve ser feita sob indica\u00e7\u00e3o m\u00e9dica.","og_url":"https:\/\/biocabaz.pt\/web\/en\/produto\/now-ashwagandha-450mg-90-capsulas-vegetais\/","og_site_name":"CABAZES BIOL\u00d3GICOS","article_modified_time":"2022-12-30T11:54:43+00:00","og_image":[{"width":458,"height":575,"url":"https:\/\/www.biocabaz.pt\/web\/wp-conteudos\/uploads\/2021\/09\/now-ashwagandha-450mg-90-capsulas-vegetais.jpg","type":"image\/jpeg"}],"twitter_card":"summary_large_image","schema":{"@context":"https:\/\/schema.org","@graph":[{"@type":"WebPage","@id":"https:\/\/biocabaz.pt\/web\/en\/produto\/now-ashwagandha-450mg-90-capsulas-vegetais\/","url":"https:\/\/biocabaz.pt\/web\/en\/produto\/now-ashwagandha-450mg-90-capsulas-vegetais\/","name":"NOW ASHWAGANDHA 450MG 90 C\u00c1PSULAS VEGETAIS","isPartOf":{"@id":"https:\/\/biocabaz.pt\/web\/#website"},"primaryImageOfPage":{"@id":"https:\/\/biocabaz.pt\/web\/en\/produto\/now-ashwagandha-450mg-90-capsulas-vegetais\/#primaryimage"},"image":{"@id":"https:\/\/biocabaz.pt\/web\/en\/produto\/now-ashwagandha-450mg-90-capsulas-vegetais\/#primaryimage"},"thumbnailUrl":"https:\/\/www.biocabaz.pt\/web\/wp-conteudos\/uploads\/2021\/09\/now-ashwagandha-450mg-90-capsulas-vegetais.jpg","datePublished":"2021-09-09T21:09:17+00:00","dateModified":"2022-12-30T11:54:43+00:00","breadcrumb":{"@id":"https:\/\/biocabaz.pt\/web\/en\/produto\/now-ashwagandha-450mg-90-capsulas-vegetais\/#breadcrumb"},"inLanguage":"pt-PT","potentialAction":[{"@type":"ReadAction","target":["https:\/\/biocabaz.pt\/web\/en\/produto\/now-ashwagandha-450mg-90-capsulas-vegetais\/"]}]},{"@type":"ImageObject","inLanguage":"pt-PT","@id":"https:\/\/biocabaz.pt\/web\/en\/produto\/now-ashwagandha-450mg-90-capsulas-vegetais\/#primaryimage","url":"https:\/\/www.biocabaz.pt\/web\/wp-conteudos\/uploads\/2021\/09\/now-ashwagandha-450mg-90-capsulas-vegetais.jpg","contentUrl":"https:\/\/www.biocabaz.pt\/web\/wp-conteudos\/uploads\/2021\/09\/now-ashwagandha-450mg-90-capsulas-vegetais.jpg","width":458,"height":575,"caption":"NOW ASHWAGANDHA 450MG 90 C\u00c1PSULAS VEGETAIS"},{"@type":"BreadcrumbList","@id":"https:\/\/biocabaz.pt\/web\/en\/produto\/now-ashwagandha-450mg-90-capsulas-vegetais\/#breadcrumb","itemListElement":[{"@type":"ListItem","position":1,"name":"Home","item":"https:\/\/biocabaz.pt\/web\/"},{"@type":"ListItem","position":2,"name":"Loja","item":"https:\/\/biocabaz.pt\/web\/shop\/"},{"@type":"ListItem","position":3,"name":"NOW ASHWAGANDHA 450MG 90 C\u00c1PSULAS VEGETAIS"}]},{"@type":"WebSite","@id":"https:\/\/biocabaz.pt\/web\/#website","url":"https:\/\/biocabaz.pt\/web\/","name":"CABAZES BIOL\u00d3GICOS","description":"One+Number","potentialAction":[{"@type":"SearchAction","target":{"@type":"EntryPoint","urlTemplate":"https:\/\/biocabaz.pt\/web\/?s={search_term_string}"},"query-input":{"@type":"PropertyValueSpecification","valueRequired":true,"valueName":"search_term_string"}}],"inLanguage":"pt-PT"}]}},"_links":{"self":[{"href":"https:\/\/biocabaz.pt\/web\/en\/wp-json\/wp\/v2\/product\/75685","targetHints":{"allow":["GET"]}}],"collection":[{"href":"https:\/\/biocabaz.pt\/web\/en\/wp-json\/wp\/v2\/product"}],"about":[{"href":"https:\/\/biocabaz.pt\/web\/en\/wp-json\/wp\/v2\/types\/product"}],"replies":[{"embeddable":true,"href":"https:\/\/biocabaz.pt\/web\/en\/wp-json\/wp\/v2\/comments?post=75685"}],"wp:featuredmedia":[{"embeddable":true,"href":"https:\/\/biocabaz.pt\/web\/en\/wp-json\/wp\/v2\/media\/75686"}],"wp:attachment":[{"href":"https:\/\/biocabaz.pt\/web\/en\/wp-json\/wp\/v2\/media?parent=75685"}],"wp:term":[{"taxonomy":"product_cat","embeddable":true,"href":"https:\/\/biocabaz.pt\/web\/en\/wp-json\/wp\/v2\/product_cat?post=75685"},{"taxonomy":"product_tag","embeddable":true,"href":"https:\/\/biocabaz.pt\/web\/en\/wp-json\/wp\/v2\/product_tag?post=75685"}],"curies":[{"name":"wp","href":"https:\/\/api.w.org\/{rel}","templated":true}]}}