{"id":75682,"date":"2021-09-09T21:05:31","date_gmt":"2021-09-09T21:05:31","guid":{"rendered":"https:\/\/www.biocabaz.pt\/web\/?post_type=product&#038;p=75682"},"modified":"2023-03-28T22:39:10","modified_gmt":"2023-03-28T22:39:10","slug":"phosphatidyl-serine-100mg-veg-60-capsulas-now","status":"publish","type":"product","link":"https:\/\/biocabaz.pt\/web\/en\/produto\/phosphatidyl-serine-100mg-veg-60-capsulas-now\/","title":{"rendered":"PHOSPHATIDYL SERINE 100MG VEG  60 C\u00c1PSULAS  NOW"},"content":{"rendered":"","protected":false},"excerpt":{"rendered":"<h2>NOW PHOSPHATIDYL SERINE 100MG<\/h2>\n<h3>MEM\u00d3RIA E CAPACIDADE COGNITIVA.<\/h3>\n<p>Regenerar a estrutura tecidular cerebral &#8211; mem\u00f3ria e capacidade cognitiva. Leci-PS\u00ae (90 % de Fosfatidilserina de soja). Promove a utiliza\u00e7\u00e3o de Glicose pelo c\u00e9rebro &#8211; cerca de 20% da Glicose do nosso organismo \u00e9 utilizada pelo c\u00e9rebro. Melhora a capacidade de aprendizagem, de concentra\u00e7\u00e3o e decis\u00e3o. Diminui a concentra\u00e7\u00e3o de Cortisol, diminuindo o stress. F\u00f3rmula vegetariana.<\/p>\n<p><strong>Pr\u00e9mio:\u00a0<\/strong>O pr\u00e9mio Vity Awards \u00e9 o reconhecimento m\u00e1ximo de um suplemento alimentar pela ind\u00fastria. Os resultados baseiam-se nas vendas totais, na popularidade e na procura, reflexo da compet\u00eancia do suplemento.<\/p>\n<p><b>Apresenta\u00e7\u00e3o:<\/b>\u00a0Embalagem de 60 C\u00e1psulas Vegetais (100 Mg).<\/p>\n<p><b>Modo de Tomar:<\/b>\u00a0Tomar 1 c\u00e1psula, 2 a 3 vezes por dia, de prefer\u00eancia com as refei\u00e7\u00f5es.<\/p>\n<p><b>Ingredientes:<\/b>\u00a0Fosfatidilserina Leci-PS\u00ae &#8211; a partir de soja (100 mg); Colina &#8211; a partir de bitartrato de colina (100 mg) e Inositol (50 mg).<\/p>\n<p><b>Outros Ingredientes:<\/b>\u00a0Celulose; Celulose (c\u00e1psula); S\u00edlica e estearato de magn\u00e9sio (fonte vegetal). Cont\u00e9m soja (Fosfatidil Serina).<\/p>\n<p><b>N\u00e3o cont\u00e9m:<\/b>\u00a0Trigo, gl\u00faten, soja, leite, ovo, peixe, marisco ou frutos de casca rija.<\/p>\n<p><b>Advert\u00eancias:<\/b>\u00a0Os suplementos alimentares n\u00e3o devem ser utilizados como substitutos de um regime alimentar variado e equilibrado e de um modo de vida saud\u00e1vel. Manter fora do alcance e vis\u00e3o das crian\u00e7as. N\u00e3o exceder as dosagens recomendadas. Manter em local fresco e seco, ao abrigo da luz, calor e humidade. Em caso de gravidez ou amamenta\u00e7\u00e3o a toma deve ser feita sob indica\u00e7\u00e3o m\u00e9dica. N\u00e3o utilizar em caso de hipersensibilidade, alergia e quando estejam descritas intera\u00e7\u00f5es de outro produto com qualquer um dos constituintes da formula\u00e7\u00e3o.<\/p>\n","protected":false},"featured_media":75684,"comment_status":"closed","ping_status":"closed","template":"","meta":[],"product_cat":[88],"product_tag":[],"class_list":["post-75682","product","type-product","status-publish","has-post-thumbnail","hentry","product_cat-suplementos"],"bundle_layout":"","bundled_by":[],"bundled_items":[],"yoast_head":"<!-- This site is optimized with the Yoast SEO plugin v26.3 - https:\/\/yoast.com\/wordpress\/plugins\/seo\/ -->\n<title>PHOSPHATIDYL SERINE 100MG VEG 60 C\u00c1PSULAS NOW<\/title>\n<meta name=\"robots\" content=\"index, follow, max-snippet:-1, max-image-preview:large, max-video-preview:-1\" \/>\n<link rel=\"canonical\" href=\"https:\/\/www.biocabaz.pt\/web\/produto\/phosphatidyl-serine-100mg-veg-60-capsulas-now\/\" \/>\n<meta property=\"og:locale\" content=\"pt_PT\" \/>\n<meta property=\"og:locale:alternate\" content=\"pt_PT\" \/>\n<meta property=\"og:type\" content=\"article\" \/>\n<meta property=\"og:title\" content=\"PHOSPHATIDYL SERINE 100MG VEG 60 C\u00c1PSULAS NOW\" \/>\n<meta property=\"og:description\" content=\"NOW PHOSPHATIDYL SERINE 100MG MEM\u00d3RIA E CAPACIDADE COGNITIVA. Regenerar a estrutura tecidular cerebral - mem\u00f3ria e capacidade cognitiva. Leci-PS\u00ae (90 % de Fosfatidilserina de soja). Promove a utiliza\u00e7\u00e3o de Glicose pelo c\u00e9rebro - cerca de 20% da Glicose do nosso organismo \u00e9 utilizada pelo c\u00e9rebro. Melhora a capacidade de aprendizagem, de concentra\u00e7\u00e3o e decis\u00e3o. Diminui a concentra\u00e7\u00e3o de Cortisol, diminuindo o stress. F\u00f3rmula vegetariana.  Pr\u00e9mio:\u00a0O pr\u00e9mio Vity Awards \u00e9 o reconhecimento m\u00e1ximo de um suplemento alimentar pela ind\u00fastria. Os resultados baseiam-se nas vendas totais, na popularidade e na procura, reflexo da compet\u00eancia do suplemento.  Apresenta\u00e7\u00e3o:\u00a0Embalagem de 60 C\u00e1psulas Vegetais (100 Mg).  Modo de Tomar:\u00a0Tomar 1 c\u00e1psula, 2 a 3 vezes por dia, de prefer\u00eancia com as refei\u00e7\u00f5es.  Ingredientes:\u00a0Fosfatidilserina Leci-PS\u00ae - a partir de soja (100 mg); Colina - a partir de bitartrato de colina (100 mg) e Inositol (50 mg).  Outros Ingredientes:\u00a0Celulose; Celulose (c\u00e1psula); S\u00edlica e estearato de magn\u00e9sio (fonte vegetal). Cont\u00e9m soja (Fosfatidil Serina).  N\u00e3o cont\u00e9m:\u00a0Trigo, gl\u00faten, soja, leite, ovo, peixe, marisco ou frutos de casca rija.  Advert\u00eancias:\u00a0Os suplementos alimentares n\u00e3o devem ser utilizados como substitutos de um regime alimentar variado e equilibrado e de um modo de vida saud\u00e1vel. Manter fora do alcance e vis\u00e3o das crian\u00e7as. N\u00e3o exceder as dosagens recomendadas. Manter em local fresco e seco, ao abrigo da luz, calor e humidade. Em caso de gravidez ou amamenta\u00e7\u00e3o a toma deve ser feita sob indica\u00e7\u00e3o m\u00e9dica. N\u00e3o utilizar em caso de hipersensibilidade, alergia e quando estejam descritas intera\u00e7\u00f5es de outro produto com qualquer um dos constituintes da formula\u00e7\u00e3o.\" \/>\n<meta property=\"og:url\" content=\"https:\/\/biocabaz.pt\/web\/en\/produto\/phosphatidyl-serine-100mg-veg-60-capsulas-now\/\" \/>\n<meta property=\"og:site_name\" content=\"CABAZES BIOL\u00d3GICOS\" \/>\n<meta property=\"article:modified_time\" content=\"2023-03-28T22:39:10+00:00\" \/>\n<meta property=\"og:image\" content=\"https:\/\/www.biocabaz.pt\/web\/wp-conteudos\/uploads\/2021\/09\/phosphatidyl-serine-100mg-veg-60-capsulas-now-1.jpg\" \/>\n\t<meta property=\"og:image:width\" content=\"800\" \/>\n\t<meta property=\"og:image:height\" content=\"800\" \/>\n\t<meta property=\"og:image:type\" content=\"image\/jpeg\" \/>\n<meta name=\"twitter:card\" content=\"summary_large_image\" \/>\n<script type=\"application\/ld+json\" class=\"yoast-schema-graph\">{\"@context\":\"https:\/\/schema.org\",\"@graph\":[{\"@type\":\"WebPage\",\"@id\":\"https:\/\/www.biocabaz.pt\/web\/produto\/phosphatidyl-serine-100mg-veg-60-capsulas-now\/\",\"url\":\"https:\/\/www.biocabaz.pt\/web\/produto\/phosphatidyl-serine-100mg-veg-60-capsulas-now\/\",\"name\":\"PHOSPHATIDYL SERINE 100MG VEG 60 C\u00c1PSULAS NOW\",\"isPartOf\":{\"@id\":\"https:\/\/www.biocabaz.pt\/web\/en\/#website\"},\"primaryImageOfPage\":{\"@id\":\"https:\/\/www.biocabaz.pt\/web\/produto\/phosphatidyl-serine-100mg-veg-60-capsulas-now\/#primaryimage\"},\"image\":{\"@id\":\"https:\/\/www.biocabaz.pt\/web\/produto\/phosphatidyl-serine-100mg-veg-60-capsulas-now\/#primaryimage\"},\"thumbnailUrl\":\"https:\/\/www.biocabaz.pt\/web\/wp-conteudos\/uploads\/2021\/09\/phosphatidyl-serine-100mg-veg-60-capsulas-now-1.jpg\",\"datePublished\":\"2021-09-09T21:05:31+00:00\",\"dateModified\":\"2023-03-28T22:39:10+00:00\",\"breadcrumb\":{\"@id\":\"https:\/\/www.biocabaz.pt\/web\/produto\/phosphatidyl-serine-100mg-veg-60-capsulas-now\/#breadcrumb\"},\"inLanguage\":\"pt-PT\",\"potentialAction\":[{\"@type\":\"ReadAction\",\"target\":[\"https:\/\/www.biocabaz.pt\/web\/produto\/phosphatidyl-serine-100mg-veg-60-capsulas-now\/\"]}]},{\"@type\":\"ImageObject\",\"inLanguage\":\"pt-PT\",\"@id\":\"https:\/\/www.biocabaz.pt\/web\/produto\/phosphatidyl-serine-100mg-veg-60-capsulas-now\/#primaryimage\",\"url\":\"https:\/\/www.biocabaz.pt\/web\/wp-conteudos\/uploads\/2021\/09\/phosphatidyl-serine-100mg-veg-60-capsulas-now-1.jpg\",\"contentUrl\":\"https:\/\/www.biocabaz.pt\/web\/wp-conteudos\/uploads\/2021\/09\/phosphatidyl-serine-100mg-veg-60-capsulas-now-1.jpg\",\"width\":800,\"height\":800,\"caption\":\"PHOSPHATIDYL SERINE 100MG VEG 60 C\u00c1PSULAS NOW\"},{\"@type\":\"BreadcrumbList\",\"@id\":\"https:\/\/www.biocabaz.pt\/web\/produto\/phosphatidyl-serine-100mg-veg-60-capsulas-now\/#breadcrumb\",\"itemListElement\":[{\"@type\":\"ListItem\",\"position\":1,\"name\":\"Home\",\"item\":\"https:\/\/www.biocabaz.pt\/web\/en\/\"},{\"@type\":\"ListItem\",\"position\":2,\"name\":\"Shop\",\"item\":\"https:\/\/www.biocabaz.pt\/web\/en\/shop\/\"},{\"@type\":\"ListItem\",\"position\":3,\"name\":\"PHOSPHATIDYL SERINE 100MG VEG 60 C\u00c1PSULAS NOW\"}]},{\"@type\":\"WebSite\",\"@id\":\"https:\/\/www.biocabaz.pt\/web\/en\/#website\",\"url\":\"https:\/\/www.biocabaz.pt\/web\/en\/\",\"name\":\"CABAZES BIOL\u00d3GICOS\",\"description\":\"One+Number\",\"potentialAction\":[{\"@type\":\"SearchAction\",\"target\":{\"@type\":\"EntryPoint\",\"urlTemplate\":\"https:\/\/www.biocabaz.pt\/web\/en\/?s={search_term_string}\"},\"query-input\":{\"@type\":\"PropertyValueSpecification\",\"valueRequired\":true,\"valueName\":\"search_term_string\"}}],\"inLanguage\":\"pt-PT\"}]}<\/script>\n<!-- \/ Yoast SEO plugin. -->","yoast_head_json":{"title":"PHOSPHATIDYL SERINE 100MG VEG 60 C\u00c1PSULAS NOW","robots":{"index":"index","follow":"follow","max-snippet":"max-snippet:-1","max-image-preview":"max-image-preview:large","max-video-preview":"max-video-preview:-1"},"canonical":"https:\/\/www.biocabaz.pt\/web\/produto\/phosphatidyl-serine-100mg-veg-60-capsulas-now\/","og_locale":"pt_PT","og_type":"article","og_title":"[:en]PHOSPHATIDYL SERINE 100MG VEG 60 C\u00c1PSULAS NOW[:pt]PHOSPHATIDYL SERINE 100MG VEG 60 C\u00c1PSULAS NOW[:] - CABAZES BIOL\u00d3GICOS","og_description":"NOW PHOSPHATIDYL SERINE 100MG MEM\u00d3RIA E CAPACIDADE COGNITIVA. Regenerar a estrutura tecidular cerebral - mem\u00f3ria e capacidade cognitiva. Leci-PS\u00ae (90 % de Fosfatidilserina de soja). Promove a utiliza\u00e7\u00e3o de Glicose pelo c\u00e9rebro - cerca de 20% da Glicose do nosso organismo \u00e9 utilizada pelo c\u00e9rebro. Melhora a capacidade de aprendizagem, de concentra\u00e7\u00e3o e decis\u00e3o. Diminui a concentra\u00e7\u00e3o de Cortisol, diminuindo o stress. F\u00f3rmula vegetariana.  Pr\u00e9mio:\u00a0O pr\u00e9mio Vity Awards \u00e9 o reconhecimento m\u00e1ximo de um suplemento alimentar pela ind\u00fastria. Os resultados baseiam-se nas vendas totais, na popularidade e na procura, reflexo da compet\u00eancia do suplemento.  Apresenta\u00e7\u00e3o:\u00a0Embalagem de 60 C\u00e1psulas Vegetais (100 Mg).  Modo de Tomar:\u00a0Tomar 1 c\u00e1psula, 2 a 3 vezes por dia, de prefer\u00eancia com as refei\u00e7\u00f5es.  Ingredientes:\u00a0Fosfatidilserina Leci-PS\u00ae - a partir de soja (100 mg); Colina - a partir de bitartrato de colina (100 mg) e Inositol (50 mg).  Outros Ingredientes:\u00a0Celulose; Celulose (c\u00e1psula); S\u00edlica e estearato de magn\u00e9sio (fonte vegetal). Cont\u00e9m soja (Fosfatidil Serina).  N\u00e3o cont\u00e9m:\u00a0Trigo, gl\u00faten, soja, leite, ovo, peixe, marisco ou frutos de casca rija.  Advert\u00eancias:\u00a0Os suplementos alimentares n\u00e3o devem ser utilizados como substitutos de um regime alimentar variado e equilibrado e de um modo de vida saud\u00e1vel. Manter fora do alcance e vis\u00e3o das crian\u00e7as. N\u00e3o exceder as dosagens recomendadas. Manter em local fresco e seco, ao abrigo da luz, calor e humidade. Em caso de gravidez ou amamenta\u00e7\u00e3o a toma deve ser feita sob indica\u00e7\u00e3o m\u00e9dica. N\u00e3o utilizar em caso de hipersensibilidade, alergia e quando estejam descritas intera\u00e7\u00f5es de outro produto com qualquer um dos constituintes da formula\u00e7\u00e3o.","og_url":"https:\/\/biocabaz.pt\/web\/en\/produto\/phosphatidyl-serine-100mg-veg-60-capsulas-now\/","og_site_name":"CABAZES BIOL\u00d3GICOS","article_modified_time":"2023-03-28T22:39:10+00:00","og_image":[{"width":800,"height":800,"url":"https:\/\/www.biocabaz.pt\/web\/wp-conteudos\/uploads\/2021\/09\/phosphatidyl-serine-100mg-veg-60-capsulas-now-1.jpg","type":"image\/jpeg"}],"twitter_card":"summary_large_image","schema":{"@context":"https:\/\/schema.org","@graph":[{"@type":"WebPage","@id":"https:\/\/www.biocabaz.pt\/web\/produto\/phosphatidyl-serine-100mg-veg-60-capsulas-now\/","url":"https:\/\/www.biocabaz.pt\/web\/produto\/phosphatidyl-serine-100mg-veg-60-capsulas-now\/","name":"PHOSPHATIDYL SERINE 100MG VEG 60 C\u00c1PSULAS NOW","isPartOf":{"@id":"https:\/\/www.biocabaz.pt\/web\/en\/#website"},"primaryImageOfPage":{"@id":"https:\/\/www.biocabaz.pt\/web\/produto\/phosphatidyl-serine-100mg-veg-60-capsulas-now\/#primaryimage"},"image":{"@id":"https:\/\/www.biocabaz.pt\/web\/produto\/phosphatidyl-serine-100mg-veg-60-capsulas-now\/#primaryimage"},"thumbnailUrl":"https:\/\/www.biocabaz.pt\/web\/wp-conteudos\/uploads\/2021\/09\/phosphatidyl-serine-100mg-veg-60-capsulas-now-1.jpg","datePublished":"2021-09-09T21:05:31+00:00","dateModified":"2023-03-28T22:39:10+00:00","breadcrumb":{"@id":"https:\/\/www.biocabaz.pt\/web\/produto\/phosphatidyl-serine-100mg-veg-60-capsulas-now\/#breadcrumb"},"inLanguage":"pt-PT","potentialAction":[{"@type":"ReadAction","target":["https:\/\/www.biocabaz.pt\/web\/produto\/phosphatidyl-serine-100mg-veg-60-capsulas-now\/"]}]},{"@type":"ImageObject","inLanguage":"pt-PT","@id":"https:\/\/www.biocabaz.pt\/web\/produto\/phosphatidyl-serine-100mg-veg-60-capsulas-now\/#primaryimage","url":"https:\/\/www.biocabaz.pt\/web\/wp-conteudos\/uploads\/2021\/09\/phosphatidyl-serine-100mg-veg-60-capsulas-now-1.jpg","contentUrl":"https:\/\/www.biocabaz.pt\/web\/wp-conteudos\/uploads\/2021\/09\/phosphatidyl-serine-100mg-veg-60-capsulas-now-1.jpg","width":800,"height":800,"caption":"PHOSPHATIDYL SERINE 100MG VEG 60 C\u00c1PSULAS NOW"},{"@type":"BreadcrumbList","@id":"https:\/\/www.biocabaz.pt\/web\/produto\/phosphatidyl-serine-100mg-veg-60-capsulas-now\/#breadcrumb","itemListElement":[{"@type":"ListItem","position":1,"name":"Home","item":"https:\/\/www.biocabaz.pt\/web\/en\/"},{"@type":"ListItem","position":2,"name":"Shop","item":"https:\/\/www.biocabaz.pt\/web\/en\/shop\/"},{"@type":"ListItem","position":3,"name":"PHOSPHATIDYL SERINE 100MG VEG 60 C\u00c1PSULAS NOW"}]},{"@type":"WebSite","@id":"https:\/\/www.biocabaz.pt\/web\/en\/#website","url":"https:\/\/www.biocabaz.pt\/web\/en\/","name":"CABAZES BIOL\u00d3GICOS","description":"One+Number","potentialAction":[{"@type":"SearchAction","target":{"@type":"EntryPoint","urlTemplate":"https:\/\/www.biocabaz.pt\/web\/en\/?s={search_term_string}"},"query-input":{"@type":"PropertyValueSpecification","valueRequired":true,"valueName":"search_term_string"}}],"inLanguage":"pt-PT"}]}},"_links":{"self":[{"href":"https:\/\/biocabaz.pt\/web\/en\/wp-json\/wp\/v2\/product\/75682","targetHints":{"allow":["GET"]}}],"collection":[{"href":"https:\/\/biocabaz.pt\/web\/en\/wp-json\/wp\/v2\/product"}],"about":[{"href":"https:\/\/biocabaz.pt\/web\/en\/wp-json\/wp\/v2\/types\/product"}],"replies":[{"embeddable":true,"href":"https:\/\/biocabaz.pt\/web\/en\/wp-json\/wp\/v2\/comments?post=75682"}],"wp:featuredmedia":[{"embeddable":true,"href":"https:\/\/biocabaz.pt\/web\/en\/wp-json\/wp\/v2\/media\/75684"}],"wp:attachment":[{"href":"https:\/\/biocabaz.pt\/web\/en\/wp-json\/wp\/v2\/media?parent=75682"}],"wp:term":[{"taxonomy":"product_cat","embeddable":true,"href":"https:\/\/biocabaz.pt\/web\/en\/wp-json\/wp\/v2\/product_cat?post=75682"},{"taxonomy":"product_tag","embeddable":true,"href":"https:\/\/biocabaz.pt\/web\/en\/wp-json\/wp\/v2\/product_tag?post=75682"}],"curies":[{"name":"wp","href":"https:\/\/api.w.org\/{rel}","templated":true}]}}