{"id":74833,"date":"2021-08-26T16:42:47","date_gmt":"2021-08-26T16:42:47","guid":{"rendered":"https:\/\/www.biocabaz.pt\/web\/?post_type=product&#038;p=74833"},"modified":"2023-04-17T12:28:14","modified_gmt":"2023-04-17T12:28:14","slug":"pastilhas-maquina-lavar-louca-sonett-a-granel","status":"publish","type":"product","link":"https:\/\/biocabaz.pt\/web\/en\/produto\/pastilhas-maquina-lavar-louca-sonett-a-granel\/","title":{"rendered":"SONETT TABLETS FOR DISHWASHERS BULK"},"content":{"rendered":"","protected":false},"excerpt":{"rendered":"<p>Description<br \/>\nSonett dishwasher guides remove food debris, emulsify and remove grease. Remove tea and coffee from cups and cups. Prevents lime residues in the water.<\/p>\n<p>Recommendation<br \/>\nSuitable for all types of domestic dishwashers. For use on washable dishes only. Not to be used for cutlery, lead crystal and hand painted porcelain.<br \/><b>Use Mode:<\/b> Mode of Use<br \/>\nIt is recommended to use on dishes with a normal level of soiling: 1 tablet per washing cycle. On heavily soiled dishes: 2 tablets per cycle. To ensure good washing results: Place the water softener in the dishwasher at 8\u00b0dH (German degrees) above the hardness of the local water.<\/p>\n<p>Precautions<br \/>\nCauses serious eye irritation. If you need medical advice, have the product container or label ready. Keep out of the reach of children. Wear eye protection. In case of eye contact: Rinse cautiously with water for a few minutes. Remove contact lenses, if present and easy to remove. Keep rinsing.<\/p>\n<p>Storage conditions<br \/>\nKeep tightly closed and in a dry place.<\/p>\n","protected":false},"featured_media":74834,"comment_status":"closed","ping_status":"closed","template":"","meta":[],"product_cat":[97],"product_tag":[],"class_list":["post-74833","product","type-product","status-publish","has-post-thumbnail","hentry","product_cat-casa-e-cozinha"],"bundle_layout":"","bundled_by":[],"bundled_items":[],"yoast_head":"<!-- This site is optimized with the Yoast SEO plugin v26.3 - https:\/\/yoast.com\/wordpress\/plugins\/seo\/ -->\n<title>SONETT TABLETS FOR DISHWASHERS BULK<\/title>\n<meta name=\"robots\" content=\"index, follow, max-snippet:-1, max-image-preview:large, max-video-preview:-1\" \/>\n<link rel=\"canonical\" href=\"https:\/\/biocabaz.pt\/web\/en\/produto\/pastilhas-maquina-lavar-louca-sonett-a-granel\/\" \/>\n<meta property=\"og:locale\" content=\"pt_PT\" \/>\n<meta property=\"og:locale:alternate\" content=\"pt_PT\" \/>\n<meta property=\"og:type\" content=\"article\" \/>\n<meta property=\"og:title\" content=\"SONETT TABLETS FOR DISHWASHERS BULK\" \/>\n<meta property=\"og:description\" content=\"Description Sonett dishwasher guides remove food debris, emulsify and remove grease. Remove tea and coffee from cups and cups. Prevents lime residues in the water. Recommendation Suitable for all types of domestic dishwashers. For use on washable dishes only. Not to be used for cutlery, lead crystal and hand painted porcelain.Use Mode: Mode of Use It is recommended to use on dishes with a normal level of soiling: 1 tablet per washing cycle. On heavily soiled dishes: 2 tablets per cycle. To ensure good washing results: Place the water softener in the dishwasher at 8\u00b0dH (German degrees) above the hardness of the local water. Precautions Causes serious eye irritation. If you need medical advice, have the product container or label ready. Keep out of the reach of children. Wear eye protection. In case of eye contact: Rinse cautiously with water for a few minutes. Remove contact lenses, if present and easy to remove. Keep rinsing. Storage conditions Keep tightly closed and in a dry place.\" \/>\n<meta property=\"og:url\" content=\"https:\/\/biocabaz.pt\/web\/en\/produto\/pastilhas-maquina-lavar-louca-sonett-a-granel\/\" \/>\n<meta property=\"og:site_name\" content=\"CABAZES BIOL\u00d3GICOS\" \/>\n<meta property=\"article:modified_time\" content=\"2023-04-17T12:28:14+00:00\" \/>\n<meta property=\"og:image\" content=\"https:\/\/www.biocabaz.pt\/web\/wp-conteudos\/uploads\/2021\/08\/img-20210826-wa0001-e1629996118344.jpg\" \/>\n\t<meta property=\"og:image:width\" content=\"500\" \/>\n\t<meta property=\"og:image:height\" content=\"722\" \/>\n\t<meta property=\"og:image:type\" content=\"image\/jpeg\" \/>\n<meta name=\"twitter:card\" content=\"summary_large_image\" \/>\n<script type=\"application\/ld+json\" class=\"yoast-schema-graph\">{\"@context\":\"https:\/\/schema.org\",\"@graph\":[{\"@type\":\"WebPage\",\"@id\":\"https:\/\/biocabaz.pt\/web\/en\/produto\/pastilhas-maquina-lavar-louca-sonett-a-granel\/\",\"url\":\"https:\/\/biocabaz.pt\/web\/en\/produto\/pastilhas-maquina-lavar-louca-sonett-a-granel\/\",\"name\":\"SONETT TABLETS FOR DISHWASHERS BULK\",\"isPartOf\":{\"@id\":\"https:\/\/www.biocabaz.pt\/web\/en\/#website\"},\"primaryImageOfPage\":{\"@id\":\"https:\/\/biocabaz.pt\/web\/en\/produto\/pastilhas-maquina-lavar-louca-sonett-a-granel\/#primaryimage\"},\"image\":{\"@id\":\"https:\/\/biocabaz.pt\/web\/en\/produto\/pastilhas-maquina-lavar-louca-sonett-a-granel\/#primaryimage\"},\"thumbnailUrl\":\"https:\/\/www.biocabaz.pt\/web\/wp-conteudos\/uploads\/2021\/08\/img-20210826-wa0001-e1629996118344.jpg\",\"datePublished\":\"2021-08-26T16:42:47+00:00\",\"dateModified\":\"2023-04-17T12:28:14+00:00\",\"breadcrumb\":{\"@id\":\"https:\/\/biocabaz.pt\/web\/en\/produto\/pastilhas-maquina-lavar-louca-sonett-a-granel\/#breadcrumb\"},\"inLanguage\":\"pt-PT\",\"potentialAction\":[{\"@type\":\"ReadAction\",\"target\":[\"https:\/\/biocabaz.pt\/web\/en\/produto\/pastilhas-maquina-lavar-louca-sonett-a-granel\/\"]}]},{\"@type\":\"ImageObject\",\"inLanguage\":\"pt-PT\",\"@id\":\"https:\/\/biocabaz.pt\/web\/en\/produto\/pastilhas-maquina-lavar-louca-sonett-a-granel\/#primaryimage\",\"url\":\"https:\/\/www.biocabaz.pt\/web\/wp-conteudos\/uploads\/2021\/08\/img-20210826-wa0001-e1629996118344.jpg\",\"contentUrl\":\"https:\/\/www.biocabaz.pt\/web\/wp-conteudos\/uploads\/2021\/08\/img-20210826-wa0001-e1629996118344.jpg\",\"width\":500,\"height\":722,\"caption\":\"pastilhas m\u00e1quina lavar lou\u00e7a sonett A GRANEL\"},{\"@type\":\"BreadcrumbList\",\"@id\":\"https:\/\/biocabaz.pt\/web\/en\/produto\/pastilhas-maquina-lavar-louca-sonett-a-granel\/#breadcrumb\",\"itemListElement\":[{\"@type\":\"ListItem\",\"position\":1,\"name\":\"Home\",\"item\":\"https:\/\/www.biocabaz.pt\/web\/en\/\"},{\"@type\":\"ListItem\",\"position\":2,\"name\":\"Shop\",\"item\":\"https:\/\/www.biocabaz.pt\/web\/en\/shop\/\"},{\"@type\":\"ListItem\",\"position\":3,\"name\":\"SONETT TABLETS FOR DISHWASHERS BULK\"}]},{\"@type\":\"WebSite\",\"@id\":\"https:\/\/www.biocabaz.pt\/web\/en\/#website\",\"url\":\"https:\/\/www.biocabaz.pt\/web\/en\/\",\"name\":\"CABAZES BIOL\u00d3GICOS\",\"description\":\"One+Number\",\"potentialAction\":[{\"@type\":\"SearchAction\",\"target\":{\"@type\":\"EntryPoint\",\"urlTemplate\":\"https:\/\/www.biocabaz.pt\/web\/en\/?s={search_term_string}\"},\"query-input\":{\"@type\":\"PropertyValueSpecification\",\"valueRequired\":true,\"valueName\":\"search_term_string\"}}],\"inLanguage\":\"pt-PT\"}]}<\/script>\n<!-- \/ Yoast SEO plugin. -->","yoast_head_json":{"title":"SONETT TABLETS FOR DISHWASHERS BULK","robots":{"index":"index","follow":"follow","max-snippet":"max-snippet:-1","max-image-preview":"max-image-preview:large","max-video-preview":"max-video-preview:-1"},"canonical":"https:\/\/biocabaz.pt\/web\/en\/produto\/pastilhas-maquina-lavar-louca-sonett-a-granel\/","og_locale":"pt_PT","og_type":"article","og_title":"[:en]SONETT TABLETS FOR DISHWASHERS BULK[:pt]pastilhas m\u00e1quina lavar lou\u00e7a sonett A GRANEL[:] - CABAZES BIOL\u00d3GICOS","og_description":"Description Sonett dishwasher guides remove food debris, emulsify and remove grease. Remove tea and coffee from cups and cups. Prevents lime residues in the water. Recommendation Suitable for all types of domestic dishwashers. For use on washable dishes only. Not to be used for cutlery, lead crystal and hand painted porcelain.Use Mode: Mode of Use It is recommended to use on dishes with a normal level of soiling: 1 tablet per washing cycle. On heavily soiled dishes: 2 tablets per cycle. To ensure good washing results: Place the water softener in the dishwasher at 8\u00b0dH (German degrees) above the hardness of the local water. Precautions Causes serious eye irritation. If you need medical advice, have the product container or label ready. Keep out of the reach of children. Wear eye protection. In case of eye contact: Rinse cautiously with water for a few minutes. Remove contact lenses, if present and easy to remove. Keep rinsing. Storage conditions Keep tightly closed and in a dry place.","og_url":"https:\/\/biocabaz.pt\/web\/en\/produto\/pastilhas-maquina-lavar-louca-sonett-a-granel\/","og_site_name":"CABAZES BIOL\u00d3GICOS","article_modified_time":"2023-04-17T12:28:14+00:00","og_image":[{"width":500,"height":722,"url":"https:\/\/www.biocabaz.pt\/web\/wp-conteudos\/uploads\/2021\/08\/img-20210826-wa0001-e1629996118344.jpg","type":"image\/jpeg"}],"twitter_card":"summary_large_image","schema":{"@context":"https:\/\/schema.org","@graph":[{"@type":"WebPage","@id":"https:\/\/biocabaz.pt\/web\/en\/produto\/pastilhas-maquina-lavar-louca-sonett-a-granel\/","url":"https:\/\/biocabaz.pt\/web\/en\/produto\/pastilhas-maquina-lavar-louca-sonett-a-granel\/","name":"SONETT TABLETS FOR DISHWASHERS BULK","isPartOf":{"@id":"https:\/\/www.biocabaz.pt\/web\/en\/#website"},"primaryImageOfPage":{"@id":"https:\/\/biocabaz.pt\/web\/en\/produto\/pastilhas-maquina-lavar-louca-sonett-a-granel\/#primaryimage"},"image":{"@id":"https:\/\/biocabaz.pt\/web\/en\/produto\/pastilhas-maquina-lavar-louca-sonett-a-granel\/#primaryimage"},"thumbnailUrl":"https:\/\/www.biocabaz.pt\/web\/wp-conteudos\/uploads\/2021\/08\/img-20210826-wa0001-e1629996118344.jpg","datePublished":"2021-08-26T16:42:47+00:00","dateModified":"2023-04-17T12:28:14+00:00","breadcrumb":{"@id":"https:\/\/biocabaz.pt\/web\/en\/produto\/pastilhas-maquina-lavar-louca-sonett-a-granel\/#breadcrumb"},"inLanguage":"pt-PT","potentialAction":[{"@type":"ReadAction","target":["https:\/\/biocabaz.pt\/web\/en\/produto\/pastilhas-maquina-lavar-louca-sonett-a-granel\/"]}]},{"@type":"ImageObject","inLanguage":"pt-PT","@id":"https:\/\/biocabaz.pt\/web\/en\/produto\/pastilhas-maquina-lavar-louca-sonett-a-granel\/#primaryimage","url":"https:\/\/www.biocabaz.pt\/web\/wp-conteudos\/uploads\/2021\/08\/img-20210826-wa0001-e1629996118344.jpg","contentUrl":"https:\/\/www.biocabaz.pt\/web\/wp-conteudos\/uploads\/2021\/08\/img-20210826-wa0001-e1629996118344.jpg","width":500,"height":722,"caption":"pastilhas m\u00e1quina lavar lou\u00e7a sonett A GRANEL"},{"@type":"BreadcrumbList","@id":"https:\/\/biocabaz.pt\/web\/en\/produto\/pastilhas-maquina-lavar-louca-sonett-a-granel\/#breadcrumb","itemListElement":[{"@type":"ListItem","position":1,"name":"Home","item":"https:\/\/www.biocabaz.pt\/web\/en\/"},{"@type":"ListItem","position":2,"name":"Shop","item":"https:\/\/www.biocabaz.pt\/web\/en\/shop\/"},{"@type":"ListItem","position":3,"name":"SONETT TABLETS FOR DISHWASHERS BULK"}]},{"@type":"WebSite","@id":"https:\/\/www.biocabaz.pt\/web\/en\/#website","url":"https:\/\/www.biocabaz.pt\/web\/en\/","name":"CABAZES BIOL\u00d3GICOS","description":"One+Number","potentialAction":[{"@type":"SearchAction","target":{"@type":"EntryPoint","urlTemplate":"https:\/\/www.biocabaz.pt\/web\/en\/?s={search_term_string}"},"query-input":{"@type":"PropertyValueSpecification","valueRequired":true,"valueName":"search_term_string"}}],"inLanguage":"pt-PT"}]}},"_links":{"self":[{"href":"https:\/\/biocabaz.pt\/web\/en\/wp-json\/wp\/v2\/product\/74833","targetHints":{"allow":["GET"]}}],"collection":[{"href":"https:\/\/biocabaz.pt\/web\/en\/wp-json\/wp\/v2\/product"}],"about":[{"href":"https:\/\/biocabaz.pt\/web\/en\/wp-json\/wp\/v2\/types\/product"}],"replies":[{"embeddable":true,"href":"https:\/\/biocabaz.pt\/web\/en\/wp-json\/wp\/v2\/comments?post=74833"}],"wp:featuredmedia":[{"embeddable":true,"href":"https:\/\/biocabaz.pt\/web\/en\/wp-json\/wp\/v2\/media\/74834"}],"wp:attachment":[{"href":"https:\/\/biocabaz.pt\/web\/en\/wp-json\/wp\/v2\/media?parent=74833"}],"wp:term":[{"taxonomy":"product_cat","embeddable":true,"href":"https:\/\/biocabaz.pt\/web\/en\/wp-json\/wp\/v2\/product_cat?post=74833"},{"taxonomy":"product_tag","embeddable":true,"href":"https:\/\/biocabaz.pt\/web\/en\/wp-json\/wp\/v2\/product_tag?post=74833"}],"curies":[{"name":"wp","href":"https:\/\/api.w.org\/{rel}","templated":true}]}}