{"id":74827,"date":"2021-08-26T16:15:30","date_gmt":"2021-08-26T16:15:30","guid":{"rendered":"https:\/\/www.biocabaz.pt\/web\/?post_type=product&#038;p=74827"},"modified":"2023-04-17T12:28:49","modified_gmt":"2023-04-17T12:28:49","slug":"detergente-loica-limao-0-85lt","status":"publish","type":"product","link":"https:\/\/biocabaz.pt\/web\/en\/produto\/detergente-loica-limao-0-85lt\/","title":{"rendered":"ECO X DISHWASHING SOAP LEMON 0,85LT"},"content":{"rendered":"","protected":false},"excerpt":{"rendered":"<p>The ecological dishwashing detergent has a high capacity to remove grease and is not harmful to the skin.<\/p>\n<p>With this product you can help the environment: it is an ecological detergent that is born from the reuse of waste, used cooking oil. Ingredients: Ecological dishwashing detergent 100% biodegradable.<br \/>\nWater; soap (natural origin); cocamidopropyl Betaine (natural source); Sodium lauryl ether sulfate (natural source); perfume (Limonene).; etidronic acid; preservative (1,2-benzothiazol-3(2H)-onal)).<br \/><b>Use Mode:<\/b> pre-rinse in order to remove the most solid dirt. Then put 3ml in the mop or use 20ml of product for every 10 liters of water and immerse the dishes in water. Wash well with sponge and rinse with plenty of water.<\/p>\n","protected":false},"featured_media":74828,"comment_status":"closed","ping_status":"closed","template":"","meta":[],"product_cat":[97],"product_tag":[],"class_list":["post-74827","product","type-product","status-publish","has-post-thumbnail","hentry","product_cat-casa-e-cozinha"],"bundle_layout":"","bundled_by":[],"bundled_items":[],"yoast_head":"<!-- This site is optimized with the Yoast SEO plugin v26.3 - https:\/\/yoast.com\/wordpress\/plugins\/seo\/ -->\n<title>ECO X DISHWASHING SOAP LEMON 0,85LT<\/title>\n<meta name=\"robots\" content=\"index, follow, max-snippet:-1, max-image-preview:large, max-video-preview:-1\" \/>\n<link rel=\"canonical\" href=\"https:\/\/biocabaz.pt\/web\/en\/produto\/detergente-loica-limao-0-85lt\/\" \/>\n<meta property=\"og:locale\" content=\"pt_PT\" \/>\n<meta property=\"og:locale:alternate\" content=\"pt_PT\" \/>\n<meta property=\"og:type\" content=\"article\" \/>\n<meta property=\"og:title\" content=\"ECO X DISHWASHING SOAP LEMON 0,85LT\" \/>\n<meta property=\"og:description\" content=\"The ecological dishwashing detergent has a high capacity to remove grease and is not harmful to the skin. With this product you can help the environment: it is an ecological detergent that is born from the reuse of waste, used cooking oil. Ingredients: Ecological dishwashing detergent 100% biodegradable. Water; soap (natural origin); cocamidopropyl Betaine (natural source); Sodium lauryl ether sulfate (natural source); perfume (Limonene).; etidronic acid; preservative (1,2-benzothiazol-3(2H)-onal)).Use Mode: pre-rinse in order to remove the most solid dirt. Then put 3ml in the mop or use 20ml of product for every 10 liters of water and immerse the dishes in water. Wash well with sponge and rinse with plenty of water.\" \/>\n<meta property=\"og:url\" content=\"https:\/\/biocabaz.pt\/web\/en\/produto\/detergente-loica-limao-0-85lt\/\" \/>\n<meta property=\"og:site_name\" content=\"CABAZES BIOL\u00d3GICOS\" \/>\n<meta property=\"article:modified_time\" content=\"2023-04-17T12:28:49+00:00\" \/>\n<meta property=\"og:image\" content=\"https:\/\/www.biocabaz.pt\/web\/wp-conteudos\/uploads\/2021\/08\/detergente-loica-limao-0.85lt.jpg\" \/>\n\t<meta property=\"og:image:width\" content=\"768\" \/>\n\t<meta property=\"og:image:height\" content=\"768\" \/>\n\t<meta property=\"og:image:type\" content=\"image\/jpeg\" \/>\n<meta name=\"twitter:card\" content=\"summary_large_image\" \/>\n<script type=\"application\/ld+json\" class=\"yoast-schema-graph\">{\"@context\":\"https:\/\/schema.org\",\"@graph\":[{\"@type\":\"WebPage\",\"@id\":\"https:\/\/biocabaz.pt\/web\/en\/produto\/detergente-loica-limao-0-85lt\/\",\"url\":\"https:\/\/biocabaz.pt\/web\/en\/produto\/detergente-loica-limao-0-85lt\/\",\"name\":\"ECO X DISHWASHING SOAP LEMON 0,85LT\",\"isPartOf\":{\"@id\":\"https:\/\/biocabaz.pt\/web\/en\/#website\"},\"primaryImageOfPage\":{\"@id\":\"https:\/\/biocabaz.pt\/web\/en\/produto\/detergente-loica-limao-0-85lt\/#primaryimage\"},\"image\":{\"@id\":\"https:\/\/biocabaz.pt\/web\/en\/produto\/detergente-loica-limao-0-85lt\/#primaryimage\"},\"thumbnailUrl\":\"https:\/\/www.biocabaz.pt\/web\/wp-conteudos\/uploads\/2021\/08\/detergente-loica-limao-0.85lt.jpg\",\"datePublished\":\"2021-08-26T16:15:30+00:00\",\"dateModified\":\"2023-04-17T12:28:49+00:00\",\"breadcrumb\":{\"@id\":\"https:\/\/biocabaz.pt\/web\/en\/produto\/detergente-loica-limao-0-85lt\/#breadcrumb\"},\"inLanguage\":\"pt-PT\",\"potentialAction\":[{\"@type\":\"ReadAction\",\"target\":[\"https:\/\/biocabaz.pt\/web\/en\/produto\/detergente-loica-limao-0-85lt\/\"]}]},{\"@type\":\"ImageObject\",\"inLanguage\":\"pt-PT\",\"@id\":\"https:\/\/biocabaz.pt\/web\/en\/produto\/detergente-loica-limao-0-85lt\/#primaryimage\",\"url\":\"https:\/\/www.biocabaz.pt\/web\/wp-conteudos\/uploads\/2021\/08\/detergente-loica-limao-0.85lt.jpg\",\"contentUrl\":\"https:\/\/www.biocabaz.pt\/web\/wp-conteudos\/uploads\/2021\/08\/detergente-loica-limao-0.85lt.jpg\",\"width\":768,\"height\":768,\"caption\":\"Detergente Loi\u00e7a Lim\u00e3o 0.85LT\"},{\"@type\":\"BreadcrumbList\",\"@id\":\"https:\/\/biocabaz.pt\/web\/en\/produto\/detergente-loica-limao-0-85lt\/#breadcrumb\",\"itemListElement\":[{\"@type\":\"ListItem\",\"position\":1,\"name\":\"Home\",\"item\":\"https:\/\/biocabaz.pt\/web\/en\/\"},{\"@type\":\"ListItem\",\"position\":2,\"name\":\"Shop\",\"item\":\"https:\/\/biocabaz.pt\/web\/en\/shop\/\"},{\"@type\":\"ListItem\",\"position\":3,\"name\":\"ECO X DISHWASHING SOAP LEMON 0,85LT\"}]},{\"@type\":\"WebSite\",\"@id\":\"https:\/\/biocabaz.pt\/web\/en\/#website\",\"url\":\"https:\/\/biocabaz.pt\/web\/en\/\",\"name\":\"CABAZES BIOL\u00d3GICOS\",\"description\":\"One+Number\",\"potentialAction\":[{\"@type\":\"SearchAction\",\"target\":{\"@type\":\"EntryPoint\",\"urlTemplate\":\"https:\/\/biocabaz.pt\/web\/en\/?s={search_term_string}\"},\"query-input\":{\"@type\":\"PropertyValueSpecification\",\"valueRequired\":true,\"valueName\":\"search_term_string\"}}],\"inLanguage\":\"pt-PT\"}]}<\/script>\n<!-- \/ Yoast SEO plugin. -->","yoast_head_json":{"title":"ECO X DISHWASHING SOAP LEMON 0,85LT","robots":{"index":"index","follow":"follow","max-snippet":"max-snippet:-1","max-image-preview":"max-image-preview:large","max-video-preview":"max-video-preview:-1"},"canonical":"https:\/\/biocabaz.pt\/web\/en\/produto\/detergente-loica-limao-0-85lt\/","og_locale":"pt_PT","og_type":"article","og_title":"[:en]ECO X DISHWASHING SOAP LEMON 0,85LT[:pt]Detergente Loi\u00e7a Lim\u00e3o 0.85LT[:] - CABAZES BIOL\u00d3GICOS","og_description":"The ecological dishwashing detergent has a high capacity to remove grease and is not harmful to the skin. With this product you can help the environment: it is an ecological detergent that is born from the reuse of waste, used cooking oil. Ingredients: Ecological dishwashing detergent 100% biodegradable. Water; soap (natural origin); cocamidopropyl Betaine (natural source); Sodium lauryl ether sulfate (natural source); perfume (Limonene).; etidronic acid; preservative (1,2-benzothiazol-3(2H)-onal)).Use Mode: pre-rinse in order to remove the most solid dirt. Then put 3ml in the mop or use 20ml of product for every 10 liters of water and immerse the dishes in water. Wash well with sponge and rinse with plenty of water.","og_url":"https:\/\/biocabaz.pt\/web\/en\/produto\/detergente-loica-limao-0-85lt\/","og_site_name":"CABAZES BIOL\u00d3GICOS","article_modified_time":"2023-04-17T12:28:49+00:00","og_image":[{"width":768,"height":768,"url":"https:\/\/www.biocabaz.pt\/web\/wp-conteudos\/uploads\/2021\/08\/detergente-loica-limao-0.85lt.jpg","type":"image\/jpeg"}],"twitter_card":"summary_large_image","schema":{"@context":"https:\/\/schema.org","@graph":[{"@type":"WebPage","@id":"https:\/\/biocabaz.pt\/web\/en\/produto\/detergente-loica-limao-0-85lt\/","url":"https:\/\/biocabaz.pt\/web\/en\/produto\/detergente-loica-limao-0-85lt\/","name":"ECO X DISHWASHING SOAP LEMON 0,85LT","isPartOf":{"@id":"https:\/\/biocabaz.pt\/web\/en\/#website"},"primaryImageOfPage":{"@id":"https:\/\/biocabaz.pt\/web\/en\/produto\/detergente-loica-limao-0-85lt\/#primaryimage"},"image":{"@id":"https:\/\/biocabaz.pt\/web\/en\/produto\/detergente-loica-limao-0-85lt\/#primaryimage"},"thumbnailUrl":"https:\/\/www.biocabaz.pt\/web\/wp-conteudos\/uploads\/2021\/08\/detergente-loica-limao-0.85lt.jpg","datePublished":"2021-08-26T16:15:30+00:00","dateModified":"2023-04-17T12:28:49+00:00","breadcrumb":{"@id":"https:\/\/biocabaz.pt\/web\/en\/produto\/detergente-loica-limao-0-85lt\/#breadcrumb"},"inLanguage":"pt-PT","potentialAction":[{"@type":"ReadAction","target":["https:\/\/biocabaz.pt\/web\/en\/produto\/detergente-loica-limao-0-85lt\/"]}]},{"@type":"ImageObject","inLanguage":"pt-PT","@id":"https:\/\/biocabaz.pt\/web\/en\/produto\/detergente-loica-limao-0-85lt\/#primaryimage","url":"https:\/\/www.biocabaz.pt\/web\/wp-conteudos\/uploads\/2021\/08\/detergente-loica-limao-0.85lt.jpg","contentUrl":"https:\/\/www.biocabaz.pt\/web\/wp-conteudos\/uploads\/2021\/08\/detergente-loica-limao-0.85lt.jpg","width":768,"height":768,"caption":"Detergente Loi\u00e7a Lim\u00e3o 0.85LT"},{"@type":"BreadcrumbList","@id":"https:\/\/biocabaz.pt\/web\/en\/produto\/detergente-loica-limao-0-85lt\/#breadcrumb","itemListElement":[{"@type":"ListItem","position":1,"name":"Home","item":"https:\/\/biocabaz.pt\/web\/en\/"},{"@type":"ListItem","position":2,"name":"Shop","item":"https:\/\/biocabaz.pt\/web\/en\/shop\/"},{"@type":"ListItem","position":3,"name":"ECO X DISHWASHING SOAP LEMON 0,85LT"}]},{"@type":"WebSite","@id":"https:\/\/biocabaz.pt\/web\/en\/#website","url":"https:\/\/biocabaz.pt\/web\/en\/","name":"CABAZES BIOL\u00d3GICOS","description":"One+Number","potentialAction":[{"@type":"SearchAction","target":{"@type":"EntryPoint","urlTemplate":"https:\/\/biocabaz.pt\/web\/en\/?s={search_term_string}"},"query-input":{"@type":"PropertyValueSpecification","valueRequired":true,"valueName":"search_term_string"}}],"inLanguage":"pt-PT"}]}},"_links":{"self":[{"href":"https:\/\/biocabaz.pt\/web\/en\/wp-json\/wp\/v2\/product\/74827","targetHints":{"allow":["GET"]}}],"collection":[{"href":"https:\/\/biocabaz.pt\/web\/en\/wp-json\/wp\/v2\/product"}],"about":[{"href":"https:\/\/biocabaz.pt\/web\/en\/wp-json\/wp\/v2\/types\/product"}],"replies":[{"embeddable":true,"href":"https:\/\/biocabaz.pt\/web\/en\/wp-json\/wp\/v2\/comments?post=74827"}],"wp:featuredmedia":[{"embeddable":true,"href":"https:\/\/biocabaz.pt\/web\/en\/wp-json\/wp\/v2\/media\/74828"}],"wp:attachment":[{"href":"https:\/\/biocabaz.pt\/web\/en\/wp-json\/wp\/v2\/media?parent=74827"}],"wp:term":[{"taxonomy":"product_cat","embeddable":true,"href":"https:\/\/biocabaz.pt\/web\/en\/wp-json\/wp\/v2\/product_cat?post=74827"},{"taxonomy":"product_tag","embeddable":true,"href":"https:\/\/biocabaz.pt\/web\/en\/wp-json\/wp\/v2\/product_tag?post=74827"}],"curies":[{"name":"wp","href":"https:\/\/api.w.org\/{rel}","templated":true}]}}