{"id":74807,"date":"2021-08-26T11:33:59","date_gmt":"2021-08-26T11:33:59","guid":{"rendered":"https:\/\/www.biocabaz.pt\/web\/?post_type=product&#038;p=74807"},"modified":"2026-02-04T21:44:37","modified_gmt":"2026-02-04T21:44:37","slug":"desentupidor-de-canalizacoes-arcy-vert-500ml","status":"publish","type":"product","link":"https:\/\/biocabaz.pt\/web\/en\/produto\/desentupidor-de-canalizacoes-arcy-vert-500ml\/","title":{"rendered":"ARCY VERT DRAIN CLEANER 500ML"},"content":{"rendered":"","protected":false},"excerpt":{"rendered":"<p>Soft and odorless deblocker, the 2 enzymes it contains treat the accumulation of materials: proteins, fats, hair. This product is especially suitable for unlocking bathroom or kitchen pipes.<\/p>\n<p>Composition: Less than 5% of non-ionic surfactants, Enzymes, Bacillus. Also contains: water, emollients, sequestering agents and preservatives. 99.7% of the ingredients are of natural origin.<br \/><b>Use Mode:<\/b> Instructions for use: Bathroom and kitchen: mix 1\/2 bottle in 3 to 4 liters of hot water at 50\u00b0C, then pour the mixture into the clogged drain, leave to act overnight and rinse with hot water the next morning . Repeat the operation if necessary.<br \/>\nWC : mix 1\/2 bottle in 5 liters of hot water at 50\u00b0C, let it cool and pour the mixture into the toilet by flushing the toilet or directly into the septic tank.<br \/>\nIt does not contain pathogenic microorganisms, toxic or corrosive compounds (various acids or caustic products).<br \/>\nAction by natural means (enzymatic process).<br \/>\nNot tested on animals.<br \/>\nProduct certified by ECOCERT-\u00c9CODETERGENT.<\/p>\n","protected":false},"featured_media":74809,"comment_status":"closed","ping_status":"closed","template":"","meta":[],"product_cat":[96],"product_tag":[],"class_list":["post-74807","product","type-product","status-publish","has-post-thumbnail","hentry","product_cat-casa-de-banho"],"bundle_layout":"","bundled_by":[],"bundled_items":[],"yoast_head":"<!-- This site is optimized with the Yoast SEO plugin v26.3 - https:\/\/yoast.com\/wordpress\/plugins\/seo\/ -->\n<title>ARCY VERT DRAIN CLEANER 500ML<\/title>\n<meta name=\"robots\" content=\"index, follow, max-snippet:-1, max-image-preview:large, max-video-preview:-1\" \/>\n<link rel=\"canonical\" href=\"https:\/\/biocabaz.pt\/web\/en\/produto\/desentupidor-de-canalizacoes-arcy-vert-500ml\/\" \/>\n<meta property=\"og:locale\" content=\"pt_PT\" \/>\n<meta property=\"og:locale:alternate\" content=\"pt_PT\" \/>\n<meta property=\"og:type\" content=\"article\" \/>\n<meta property=\"og:title\" content=\"ARCY VERT DRAIN CLEANER 500ML\" \/>\n<meta property=\"og:description\" content=\"Soft and odorless deblocker, the 2 enzymes it contains treat the accumulation of materials: proteins, fats, hair. This product is especially suitable for unlocking bathroom or kitchen pipes. Composition: Less than 5% of non-ionic surfactants, Enzymes, Bacillus. Also contains: water, emollients, sequestering agents and preservatives. 99.7% of the ingredients are of natural origin.Use Mode: Instructions for use: Bathroom and kitchen: mix 1\/2 bottle in 3 to 4 liters of hot water at 50\u00b0C, then pour the mixture into the clogged drain, leave to act overnight and rinse with hot water the next morning . Repeat the operation if necessary. WC : mix 1\/2 bottle in 5 liters of hot water at 50\u00b0C, let it cool and pour the mixture into the toilet by flushing the toilet or directly into the septic tank. It does not contain pathogenic microorganisms, toxic or corrosive compounds (various acids or caustic products). Action by natural means (enzymatic process). Not tested on animals. Product certified by ECOCERT-\u00c9CODETERGENT.\" \/>\n<meta property=\"og:url\" content=\"https:\/\/biocabaz.pt\/web\/en\/produto\/desentupidor-de-canalizacoes-arcy-vert-500ml\/\" \/>\n<meta property=\"og:site_name\" content=\"CABAZES BIOL\u00d3GICOS\" \/>\n<meta property=\"article:modified_time\" content=\"2026-02-04T21:44:37+00:00\" \/>\n<meta property=\"og:image\" content=\"https:\/\/www.biocabaz.pt\/web\/wp-conteudos\/uploads\/2021\/08\/tubing-cleaner-arcy-vert-500ml.jpg\" \/>\n\t<meta property=\"og:image:width\" content=\"357\" \/>\n\t<meta property=\"og:image:height\" content=\"280\" \/>\n\t<meta property=\"og:image:type\" content=\"image\/jpeg\" \/>\n<meta name=\"twitter:card\" content=\"summary_large_image\" \/>\n<script type=\"application\/ld+json\" class=\"yoast-schema-graph\">{\"@context\":\"https:\/\/schema.org\",\"@graph\":[{\"@type\":\"WebPage\",\"@id\":\"https:\/\/biocabaz.pt\/web\/en\/produto\/desentupidor-de-canalizacoes-arcy-vert-500ml\/\",\"url\":\"https:\/\/biocabaz.pt\/web\/en\/produto\/desentupidor-de-canalizacoes-arcy-vert-500ml\/\",\"name\":\"ARCY VERT DRAIN CLEANER 500ML\",\"isPartOf\":{\"@id\":\"https:\/\/www.biocabaz.pt\/web\/en\/#website\"},\"primaryImageOfPage\":{\"@id\":\"https:\/\/biocabaz.pt\/web\/en\/produto\/desentupidor-de-canalizacoes-arcy-vert-500ml\/#primaryimage\"},\"image\":{\"@id\":\"https:\/\/biocabaz.pt\/web\/en\/produto\/desentupidor-de-canalizacoes-arcy-vert-500ml\/#primaryimage\"},\"thumbnailUrl\":\"https:\/\/www.biocabaz.pt\/web\/wp-conteudos\/uploads\/2021\/08\/tubing-cleaner-arcy-vert-500ml.jpg\",\"datePublished\":\"2021-08-26T11:33:59+00:00\",\"dateModified\":\"2026-02-04T21:44:37+00:00\",\"breadcrumb\":{\"@id\":\"https:\/\/biocabaz.pt\/web\/en\/produto\/desentupidor-de-canalizacoes-arcy-vert-500ml\/#breadcrumb\"},\"inLanguage\":\"pt-PT\",\"potentialAction\":[{\"@type\":\"ReadAction\",\"target\":[\"https:\/\/biocabaz.pt\/web\/en\/produto\/desentupidor-de-canalizacoes-arcy-vert-500ml\/\"]}]},{\"@type\":\"ImageObject\",\"inLanguage\":\"pt-PT\",\"@id\":\"https:\/\/biocabaz.pt\/web\/en\/produto\/desentupidor-de-canalizacoes-arcy-vert-500ml\/#primaryimage\",\"url\":\"https:\/\/www.biocabaz.pt\/web\/wp-conteudos\/uploads\/2021\/08\/tubing-cleaner-arcy-vert-500ml.jpg\",\"contentUrl\":\"https:\/\/www.biocabaz.pt\/web\/wp-conteudos\/uploads\/2021\/08\/tubing-cleaner-arcy-vert-500ml.jpg\",\"width\":357,\"height\":280,\"caption\":\"desentupidor de canaliza\u00e7\u00f5es arcy vert 500ml\"},{\"@type\":\"BreadcrumbList\",\"@id\":\"https:\/\/biocabaz.pt\/web\/en\/produto\/desentupidor-de-canalizacoes-arcy-vert-500ml\/#breadcrumb\",\"itemListElement\":[{\"@type\":\"ListItem\",\"position\":1,\"name\":\"Home\",\"item\":\"https:\/\/www.biocabaz.pt\/web\/en\/\"},{\"@type\":\"ListItem\",\"position\":2,\"name\":\"Shop\",\"item\":\"https:\/\/www.biocabaz.pt\/web\/en\/shop\/\"},{\"@type\":\"ListItem\",\"position\":3,\"name\":\"ARCY VERT DRAIN CLEANER 500ML\"}]},{\"@type\":\"WebSite\",\"@id\":\"https:\/\/www.biocabaz.pt\/web\/en\/#website\",\"url\":\"https:\/\/www.biocabaz.pt\/web\/en\/\",\"name\":\"CABAZES BIOL\u00d3GICOS\",\"description\":\"One+Number\",\"potentialAction\":[{\"@type\":\"SearchAction\",\"target\":{\"@type\":\"EntryPoint\",\"urlTemplate\":\"https:\/\/www.biocabaz.pt\/web\/en\/?s={search_term_string}\"},\"query-input\":{\"@type\":\"PropertyValueSpecification\",\"valueRequired\":true,\"valueName\":\"search_term_string\"}}],\"inLanguage\":\"pt-PT\"}]}<\/script>\n<!-- \/ Yoast SEO plugin. -->","yoast_head_json":{"title":"ARCY VERT DRAIN CLEANER 500ML","robots":{"index":"index","follow":"follow","max-snippet":"max-snippet:-1","max-image-preview":"max-image-preview:large","max-video-preview":"max-video-preview:-1"},"canonical":"https:\/\/biocabaz.pt\/web\/en\/produto\/desentupidor-de-canalizacoes-arcy-vert-500ml\/","og_locale":"pt_PT","og_type":"article","og_title":"[:en]ARCY VERT DRAIN CLEANER 500ML[:pt]desentupidor de canaliza\u00e7\u00f5es arcy vert 500ml[:] - CABAZES BIOL\u00d3GICOS","og_description":"Soft and odorless deblocker, the 2 enzymes it contains treat the accumulation of materials: proteins, fats, hair. This product is especially suitable for unlocking bathroom or kitchen pipes. Composition: Less than 5% of non-ionic surfactants, Enzymes, Bacillus. Also contains: water, emollients, sequestering agents and preservatives. 99.7% of the ingredients are of natural origin.Use Mode: Instructions for use: Bathroom and kitchen: mix 1\/2 bottle in 3 to 4 liters of hot water at 50\u00b0C, then pour the mixture into the clogged drain, leave to act overnight and rinse with hot water the next morning . Repeat the operation if necessary. WC : mix 1\/2 bottle in 5 liters of hot water at 50\u00b0C, let it cool and pour the mixture into the toilet by flushing the toilet or directly into the septic tank. It does not contain pathogenic microorganisms, toxic or corrosive compounds (various acids or caustic products). Action by natural means (enzymatic process). Not tested on animals. Product certified by ECOCERT-\u00c9CODETERGENT.","og_url":"https:\/\/biocabaz.pt\/web\/en\/produto\/desentupidor-de-canalizacoes-arcy-vert-500ml\/","og_site_name":"CABAZES BIOL\u00d3GICOS","article_modified_time":"2026-02-04T21:44:37+00:00","og_image":[{"width":357,"height":280,"url":"https:\/\/www.biocabaz.pt\/web\/wp-conteudos\/uploads\/2021\/08\/tubing-cleaner-arcy-vert-500ml.jpg","type":"image\/jpeg"}],"twitter_card":"summary_large_image","schema":{"@context":"https:\/\/schema.org","@graph":[{"@type":"WebPage","@id":"https:\/\/biocabaz.pt\/web\/en\/produto\/desentupidor-de-canalizacoes-arcy-vert-500ml\/","url":"https:\/\/biocabaz.pt\/web\/en\/produto\/desentupidor-de-canalizacoes-arcy-vert-500ml\/","name":"ARCY VERT DRAIN CLEANER 500ML","isPartOf":{"@id":"https:\/\/www.biocabaz.pt\/web\/en\/#website"},"primaryImageOfPage":{"@id":"https:\/\/biocabaz.pt\/web\/en\/produto\/desentupidor-de-canalizacoes-arcy-vert-500ml\/#primaryimage"},"image":{"@id":"https:\/\/biocabaz.pt\/web\/en\/produto\/desentupidor-de-canalizacoes-arcy-vert-500ml\/#primaryimage"},"thumbnailUrl":"https:\/\/www.biocabaz.pt\/web\/wp-conteudos\/uploads\/2021\/08\/tubing-cleaner-arcy-vert-500ml.jpg","datePublished":"2021-08-26T11:33:59+00:00","dateModified":"2026-02-04T21:44:37+00:00","breadcrumb":{"@id":"https:\/\/biocabaz.pt\/web\/en\/produto\/desentupidor-de-canalizacoes-arcy-vert-500ml\/#breadcrumb"},"inLanguage":"pt-PT","potentialAction":[{"@type":"ReadAction","target":["https:\/\/biocabaz.pt\/web\/en\/produto\/desentupidor-de-canalizacoes-arcy-vert-500ml\/"]}]},{"@type":"ImageObject","inLanguage":"pt-PT","@id":"https:\/\/biocabaz.pt\/web\/en\/produto\/desentupidor-de-canalizacoes-arcy-vert-500ml\/#primaryimage","url":"https:\/\/www.biocabaz.pt\/web\/wp-conteudos\/uploads\/2021\/08\/tubing-cleaner-arcy-vert-500ml.jpg","contentUrl":"https:\/\/www.biocabaz.pt\/web\/wp-conteudos\/uploads\/2021\/08\/tubing-cleaner-arcy-vert-500ml.jpg","width":357,"height":280,"caption":"desentupidor de canaliza\u00e7\u00f5es arcy vert 500ml"},{"@type":"BreadcrumbList","@id":"https:\/\/biocabaz.pt\/web\/en\/produto\/desentupidor-de-canalizacoes-arcy-vert-500ml\/#breadcrumb","itemListElement":[{"@type":"ListItem","position":1,"name":"Home","item":"https:\/\/www.biocabaz.pt\/web\/en\/"},{"@type":"ListItem","position":2,"name":"Shop","item":"https:\/\/www.biocabaz.pt\/web\/en\/shop\/"},{"@type":"ListItem","position":3,"name":"ARCY VERT DRAIN CLEANER 500ML"}]},{"@type":"WebSite","@id":"https:\/\/www.biocabaz.pt\/web\/en\/#website","url":"https:\/\/www.biocabaz.pt\/web\/en\/","name":"CABAZES BIOL\u00d3GICOS","description":"One+Number","potentialAction":[{"@type":"SearchAction","target":{"@type":"EntryPoint","urlTemplate":"https:\/\/www.biocabaz.pt\/web\/en\/?s={search_term_string}"},"query-input":{"@type":"PropertyValueSpecification","valueRequired":true,"valueName":"search_term_string"}}],"inLanguage":"pt-PT"}]}},"_links":{"self":[{"href":"https:\/\/biocabaz.pt\/web\/en\/wp-json\/wp\/v2\/product\/74807","targetHints":{"allow":["GET"]}}],"collection":[{"href":"https:\/\/biocabaz.pt\/web\/en\/wp-json\/wp\/v2\/product"}],"about":[{"href":"https:\/\/biocabaz.pt\/web\/en\/wp-json\/wp\/v2\/types\/product"}],"replies":[{"embeddable":true,"href":"https:\/\/biocabaz.pt\/web\/en\/wp-json\/wp\/v2\/comments?post=74807"}],"wp:featuredmedia":[{"embeddable":true,"href":"https:\/\/biocabaz.pt\/web\/en\/wp-json\/wp\/v2\/media\/74809"}],"wp:attachment":[{"href":"https:\/\/biocabaz.pt\/web\/en\/wp-json\/wp\/v2\/media?parent=74807"}],"wp:term":[{"taxonomy":"product_cat","embeddable":true,"href":"https:\/\/biocabaz.pt\/web\/en\/wp-json\/wp\/v2\/product_cat?post=74807"},{"taxonomy":"product_tag","embeddable":true,"href":"https:\/\/biocabaz.pt\/web\/en\/wp-json\/wp\/v2\/product_tag?post=74807"}],"curies":[{"name":"wp","href":"https:\/\/api.w.org\/{rel}","templated":true}]}}