{"id":74779,"date":"2021-08-26T10:30:31","date_gmt":"2021-08-26T10:30:31","guid":{"rendered":"https:\/\/www.biocabaz.pt\/web\/?post_type=product&#038;p=74779"},"modified":"2022-09-29T15:34:49","modified_gmt":"2022-09-29T15:34:49","slug":"pasta-de-dentes-para-criancas-com-fluor-sabor-a-morango","status":"publish","type":"product","link":"https:\/\/biocabaz.pt\/web\/en\/produto\/pasta-de-dentes-para-criancas-com-fluor-sabor-a-morango\/","title":{"rendered":"KIDS FLUORIDE TOOTHPASTE STRAWBERRY FLAVOUR"},"content":{"rendered":"","protected":false},"excerpt":{"rendered":"<p>Ingredients: Sorbitol, Hydrated Silica, aqua, Xylitol, Lauryl Glucoside, Xanthan Gum, Flavor, C77891, Sodium Fluoride, Sodium saccharin, aloe barbadensis leaf juice, sodium benzoate, potassium sorbate.<br \/><b>Use Mode:<\/b> Warnings:<br \/>\nIf you are taking fluoride from other sources, consult your dentist or treating physician. For extra protection, avoid consuming acidic and sugary foods and drinks.<br \/>\nUsage Suggestions:<br \/>\nFor children 2 years and older: use a pea-sized amount, with adult supervision during brushing to minimize swallowing. If you are taking fluoride from other sources, consult your dentist or treating physician.<\/p>\n","protected":false},"featured_media":74780,"comment_status":"closed","ping_status":"closed","template":"","meta":[],"product_cat":[93],"product_tag":[],"class_list":["post-74779","product","type-product","status-publish","has-post-thumbnail","hentry","product_cat-higiene-oral"],"bundle_layout":"","bundled_by":[],"bundled_items":[],"yoast_head":"<!-- This site is optimized with the Yoast SEO plugin v26.3 - https:\/\/yoast.com\/wordpress\/plugins\/seo\/ -->\n<title>KIDS FLUORIDE TOOTHPASTE STRAWBERRY FLAVOUR<\/title>\n<meta name=\"robots\" content=\"index, follow, max-snippet:-1, max-image-preview:large, max-video-preview:-1\" \/>\n<link rel=\"canonical\" href=\"https:\/\/biocabaz.pt\/web\/en\/produto\/pasta-de-dentes-para-criancas-com-fluor-sabor-a-morango\/\" \/>\n<meta property=\"og:locale\" content=\"pt_PT\" \/>\n<meta property=\"og:locale:alternate\" content=\"pt_PT\" \/>\n<meta property=\"og:type\" content=\"article\" \/>\n<meta property=\"og:title\" content=\"KIDS FLUORIDE TOOTHPASTE STRAWBERRY FLAVOUR\" \/>\n<meta property=\"og:description\" content=\"Ingredients: Sorbitol, Hydrated Silica, aqua, Xylitol, Lauryl Glucoside, Xanthan Gum, Flavor, C77891, Sodium Fluoride, Sodium saccharin, aloe barbadensis leaf juice, sodium benzoate, potassium sorbate.Use Mode: Warnings: If you are taking fluoride from other sources, consult your dentist or treating physician. For extra protection, avoid consuming acidic and sugary foods and drinks. Usage Suggestions: For children 2 years and older: use a pea-sized amount, with adult supervision during brushing to minimize swallowing. If you are taking fluoride from other sources, consult your dentist or treating physician.\" \/>\n<meta property=\"og:url\" content=\"https:\/\/biocabaz.pt\/web\/en\/produto\/pasta-de-dentes-para-criancas-com-fluor-sabor-a-morango\/\" \/>\n<meta property=\"og:site_name\" content=\"CABAZES BIOL\u00d3GICOS\" \/>\n<meta property=\"article:modified_time\" content=\"2022-09-29T15:34:49+00:00\" \/>\n<meta property=\"og:image\" content=\"https:\/\/www.biocabaz.pt\/web\/wp-conteudos\/uploads\/2021\/08\/pasta-de-dentes-para-criancas-com-fluor.-sabor-a-morango.jpg\" \/>\n\t<meta property=\"og:image:width\" content=\"600\" \/>\n\t<meta property=\"og:image:height\" content=\"600\" \/>\n\t<meta property=\"og:image:type\" content=\"image\/jpeg\" \/>\n<meta name=\"twitter:card\" content=\"summary_large_image\" \/>\n<script type=\"application\/ld+json\" class=\"yoast-schema-graph\">{\"@context\":\"https:\/\/schema.org\",\"@graph\":[{\"@type\":\"WebPage\",\"@id\":\"https:\/\/biocabaz.pt\/web\/en\/produto\/pasta-de-dentes-para-criancas-com-fluor-sabor-a-morango\/\",\"url\":\"https:\/\/biocabaz.pt\/web\/en\/produto\/pasta-de-dentes-para-criancas-com-fluor-sabor-a-morango\/\",\"name\":\"KIDS FLUORIDE TOOTHPASTE STRAWBERRY FLAVOUR\",\"isPartOf\":{\"@id\":\"https:\/\/biocabaz.pt\/web\/#website\"},\"primaryImageOfPage\":{\"@id\":\"https:\/\/biocabaz.pt\/web\/en\/produto\/pasta-de-dentes-para-criancas-com-fluor-sabor-a-morango\/#primaryimage\"},\"image\":{\"@id\":\"https:\/\/biocabaz.pt\/web\/en\/produto\/pasta-de-dentes-para-criancas-com-fluor-sabor-a-morango\/#primaryimage\"},\"thumbnailUrl\":\"https:\/\/www.biocabaz.pt\/web\/wp-conteudos\/uploads\/2021\/08\/pasta-de-dentes-para-criancas-com-fluor.-sabor-a-morango.jpg\",\"datePublished\":\"2021-08-26T10:30:31+00:00\",\"dateModified\":\"2022-09-29T15:34:49+00:00\",\"breadcrumb\":{\"@id\":\"https:\/\/biocabaz.pt\/web\/en\/produto\/pasta-de-dentes-para-criancas-com-fluor-sabor-a-morango\/#breadcrumb\"},\"inLanguage\":\"pt-PT\",\"potentialAction\":[{\"@type\":\"ReadAction\",\"target\":[\"https:\/\/biocabaz.pt\/web\/en\/produto\/pasta-de-dentes-para-criancas-com-fluor-sabor-a-morango\/\"]}]},{\"@type\":\"ImageObject\",\"inLanguage\":\"pt-PT\",\"@id\":\"https:\/\/biocabaz.pt\/web\/en\/produto\/pasta-de-dentes-para-criancas-com-fluor-sabor-a-morango\/#primaryimage\",\"url\":\"https:\/\/www.biocabaz.pt\/web\/wp-conteudos\/uploads\/2021\/08\/pasta-de-dentes-para-criancas-com-fluor.-sabor-a-morango.jpg\",\"contentUrl\":\"https:\/\/www.biocabaz.pt\/web\/wp-conteudos\/uploads\/2021\/08\/pasta-de-dentes-para-criancas-com-fluor.-sabor-a-morango.jpg\",\"width\":600,\"height\":600,\"caption\":\"PASTA DE DENTES PARA CRIAN\u00c7AS COM FL\u00daOR. SABOR A MORANGO\"},{\"@type\":\"BreadcrumbList\",\"@id\":\"https:\/\/biocabaz.pt\/web\/en\/produto\/pasta-de-dentes-para-criancas-com-fluor-sabor-a-morango\/#breadcrumb\",\"itemListElement\":[{\"@type\":\"ListItem\",\"position\":1,\"name\":\"Home\",\"item\":\"https:\/\/biocabaz.pt\/web\/\"},{\"@type\":\"ListItem\",\"position\":2,\"name\":\"Shop\",\"item\":\"https:\/\/www.biocabaz.pt\/web\/en\/shop\/\"},{\"@type\":\"ListItem\",\"position\":3,\"name\":\"KIDS FLUORIDE TOOTHPASTE STRAWBERRY FLAVOUR\"}]},{\"@type\":\"WebSite\",\"@id\":\"https:\/\/biocabaz.pt\/web\/#website\",\"url\":\"https:\/\/biocabaz.pt\/web\/\",\"name\":\"CABAZES BIOL\u00d3GICOS\",\"description\":\"One+Number\",\"potentialAction\":[{\"@type\":\"SearchAction\",\"target\":{\"@type\":\"EntryPoint\",\"urlTemplate\":\"https:\/\/biocabaz.pt\/web\/?s={search_term_string}\"},\"query-input\":{\"@type\":\"PropertyValueSpecification\",\"valueRequired\":true,\"valueName\":\"search_term_string\"}}],\"inLanguage\":\"pt-PT\"}]}<\/script>\n<!-- \/ Yoast SEO plugin. -->","yoast_head_json":{"title":"KIDS FLUORIDE TOOTHPASTE STRAWBERRY FLAVOUR","robots":{"index":"index","follow":"follow","max-snippet":"max-snippet:-1","max-image-preview":"max-image-preview:large","max-video-preview":"max-video-preview:-1"},"canonical":"https:\/\/biocabaz.pt\/web\/en\/produto\/pasta-de-dentes-para-criancas-com-fluor-sabor-a-morango\/","og_locale":"pt_PT","og_type":"article","og_title":"[:en]KIDS FLUORIDE TOOTHPASTE STRAWBERRY FLAVOUR[:pt]PASTA DE DENTES PARA CRIAN\u00c7AS COM FL\u00daOR. SABOR A MORANGO[:] - CABAZES BIOL\u00d3GICOS","og_description":"Ingredients: Sorbitol, Hydrated Silica, aqua, Xylitol, Lauryl Glucoside, Xanthan Gum, Flavor, C77891, Sodium Fluoride, Sodium saccharin, aloe barbadensis leaf juice, sodium benzoate, potassium sorbate.Use Mode: Warnings: If you are taking fluoride from other sources, consult your dentist or treating physician. For extra protection, avoid consuming acidic and sugary foods and drinks. Usage Suggestions: For children 2 years and older: use a pea-sized amount, with adult supervision during brushing to minimize swallowing. If you are taking fluoride from other sources, consult your dentist or treating physician.","og_url":"https:\/\/biocabaz.pt\/web\/en\/produto\/pasta-de-dentes-para-criancas-com-fluor-sabor-a-morango\/","og_site_name":"CABAZES BIOL\u00d3GICOS","article_modified_time":"2022-09-29T15:34:49+00:00","og_image":[{"width":600,"height":600,"url":"https:\/\/www.biocabaz.pt\/web\/wp-conteudos\/uploads\/2021\/08\/pasta-de-dentes-para-criancas-com-fluor.-sabor-a-morango.jpg","type":"image\/jpeg"}],"twitter_card":"summary_large_image","schema":{"@context":"https:\/\/schema.org","@graph":[{"@type":"WebPage","@id":"https:\/\/biocabaz.pt\/web\/en\/produto\/pasta-de-dentes-para-criancas-com-fluor-sabor-a-morango\/","url":"https:\/\/biocabaz.pt\/web\/en\/produto\/pasta-de-dentes-para-criancas-com-fluor-sabor-a-morango\/","name":"KIDS FLUORIDE TOOTHPASTE STRAWBERRY FLAVOUR","isPartOf":{"@id":"https:\/\/biocabaz.pt\/web\/#website"},"primaryImageOfPage":{"@id":"https:\/\/biocabaz.pt\/web\/en\/produto\/pasta-de-dentes-para-criancas-com-fluor-sabor-a-morango\/#primaryimage"},"image":{"@id":"https:\/\/biocabaz.pt\/web\/en\/produto\/pasta-de-dentes-para-criancas-com-fluor-sabor-a-morango\/#primaryimage"},"thumbnailUrl":"https:\/\/www.biocabaz.pt\/web\/wp-conteudos\/uploads\/2021\/08\/pasta-de-dentes-para-criancas-com-fluor.-sabor-a-morango.jpg","datePublished":"2021-08-26T10:30:31+00:00","dateModified":"2022-09-29T15:34:49+00:00","breadcrumb":{"@id":"https:\/\/biocabaz.pt\/web\/en\/produto\/pasta-de-dentes-para-criancas-com-fluor-sabor-a-morango\/#breadcrumb"},"inLanguage":"pt-PT","potentialAction":[{"@type":"ReadAction","target":["https:\/\/biocabaz.pt\/web\/en\/produto\/pasta-de-dentes-para-criancas-com-fluor-sabor-a-morango\/"]}]},{"@type":"ImageObject","inLanguage":"pt-PT","@id":"https:\/\/biocabaz.pt\/web\/en\/produto\/pasta-de-dentes-para-criancas-com-fluor-sabor-a-morango\/#primaryimage","url":"https:\/\/www.biocabaz.pt\/web\/wp-conteudos\/uploads\/2021\/08\/pasta-de-dentes-para-criancas-com-fluor.-sabor-a-morango.jpg","contentUrl":"https:\/\/www.biocabaz.pt\/web\/wp-conteudos\/uploads\/2021\/08\/pasta-de-dentes-para-criancas-com-fluor.-sabor-a-morango.jpg","width":600,"height":600,"caption":"PASTA DE DENTES PARA CRIAN\u00c7AS COM FL\u00daOR. SABOR A MORANGO"},{"@type":"BreadcrumbList","@id":"https:\/\/biocabaz.pt\/web\/en\/produto\/pasta-de-dentes-para-criancas-com-fluor-sabor-a-morango\/#breadcrumb","itemListElement":[{"@type":"ListItem","position":1,"name":"Home","item":"https:\/\/biocabaz.pt\/web\/"},{"@type":"ListItem","position":2,"name":"Shop","item":"https:\/\/www.biocabaz.pt\/web\/en\/shop\/"},{"@type":"ListItem","position":3,"name":"KIDS FLUORIDE TOOTHPASTE STRAWBERRY FLAVOUR"}]},{"@type":"WebSite","@id":"https:\/\/biocabaz.pt\/web\/#website","url":"https:\/\/biocabaz.pt\/web\/","name":"CABAZES BIOL\u00d3GICOS","description":"One+Number","potentialAction":[{"@type":"SearchAction","target":{"@type":"EntryPoint","urlTemplate":"https:\/\/biocabaz.pt\/web\/?s={search_term_string}"},"query-input":{"@type":"PropertyValueSpecification","valueRequired":true,"valueName":"search_term_string"}}],"inLanguage":"pt-PT"}]}},"_links":{"self":[{"href":"https:\/\/biocabaz.pt\/web\/en\/wp-json\/wp\/v2\/product\/74779","targetHints":{"allow":["GET"]}}],"collection":[{"href":"https:\/\/biocabaz.pt\/web\/en\/wp-json\/wp\/v2\/product"}],"about":[{"href":"https:\/\/biocabaz.pt\/web\/en\/wp-json\/wp\/v2\/types\/product"}],"replies":[{"embeddable":true,"href":"https:\/\/biocabaz.pt\/web\/en\/wp-json\/wp\/v2\/comments?post=74779"}],"wp:featuredmedia":[{"embeddable":true,"href":"https:\/\/biocabaz.pt\/web\/en\/wp-json\/wp\/v2\/media\/74780"}],"wp:attachment":[{"href":"https:\/\/biocabaz.pt\/web\/en\/wp-json\/wp\/v2\/media?parent=74779"}],"wp:term":[{"taxonomy":"product_cat","embeddable":true,"href":"https:\/\/biocabaz.pt\/web\/en\/wp-json\/wp\/v2\/product_cat?post=74779"},{"taxonomy":"product_tag","embeddable":true,"href":"https:\/\/biocabaz.pt\/web\/en\/wp-json\/wp\/v2\/product_tag?post=74779"}],"curies":[{"name":"wp","href":"https:\/\/api.w.org\/{rel}","templated":true}]}}