{"id":74749,"date":"2021-08-25T17:25:35","date_gmt":"2021-08-25T17:25:35","guid":{"rendered":"https:\/\/www.biocabaz.pt\/web\/?post_type=product&#038;p=74749"},"modified":"2024-08-06T10:37:48","modified_gmt":"2024-08-06T10:37:48","slug":"pasta-dentifrica-aloe-vera-bio","status":"publish","type":"product","link":"https:\/\/biocabaz.pt\/web\/en\/produto\/pasta-dentifrica-aloe-vera-bio\/","title":{"rendered":"ORGANIC ALOE VERA TOOTHPASTE"},"content":{"rendered":"","protected":false},"excerpt":{"rendered":"<p>Ingredients: Glycerin, Aloe barbadensis leaf juice, Sorbitol, Hydrated silica, Hydroxyethylcellulose, Mentha piperita oil, Sodium lauroyl sarcosinate, Menthol, Cetraria islandica extract, Sodium monofluorophosphate, Escin, Melaleuca alternifolia (Tea tree) leaf oil, Xylitol, Aqua, Sodium hydroxymethylglycinate benzoate, Potassium sorbate, Citric acid.<\/p>\n<p>As it contains ingredients of natural origin, the color and consistency may vary from batch to batch, which does not affect the quality of the product.<br \/><b>Use Mode:<\/b> Warnings:<br \/>\nFor oral use only. Avoid contact with eyes. Do not apply to broken or irritated skin. Discontinue use in case of sensitivity. Avoid this product in case of allergy or sensitivity to any ingredient. Keep out of the reach of children.<br \/>\nUsage Suggestions:<br \/>\nHow to use: brush your teeth carefully, preferably after each meal, or at least twice a day, or as recommended by your dentist. Children aged 6 years and under: use an amount equivalent to the size of a pea.<\/p>\n<p>As it contains ingredients of natural origin, the color and consistency may vary from batch to batch, which does not affect the quality of the product.<\/p>\n<p>Conservation Conditions:<br \/>\nStore in a cool, dry place.<\/p>\n","protected":false},"featured_media":74750,"comment_status":"closed","ping_status":"closed","template":"","meta":[],"product_cat":[93],"product_tag":[],"class_list":["post-74749","product","type-product","status-publish","has-post-thumbnail","hentry","product_cat-higiene-oral"],"bundle_layout":"","bundled_by":[],"bundled_items":[],"yoast_head":"<!-- This site is optimized with the Yoast SEO plugin v26.3 - https:\/\/yoast.com\/wordpress\/plugins\/seo\/ -->\n<title>ORGANIC ALOE VERA TOOTHPASTE<\/title>\n<meta name=\"robots\" content=\"index, follow, max-snippet:-1, max-image-preview:large, max-video-preview:-1\" \/>\n<link rel=\"canonical\" href=\"https:\/\/biocabaz.pt\/web\/en\/produto\/pasta-dentifrica-aloe-vera-bio\/\" \/>\n<meta property=\"og:locale\" content=\"pt_PT\" \/>\n<meta property=\"og:locale:alternate\" content=\"pt_PT\" \/>\n<meta property=\"og:type\" content=\"article\" \/>\n<meta property=\"og:title\" content=\"ORGANIC ALOE VERA TOOTHPASTE\" \/>\n<meta property=\"og:description\" content=\"Ingredients: Glycerin, Aloe barbadensis leaf juice, Sorbitol, Hydrated silica, Hydroxyethylcellulose, Mentha piperita oil, Sodium lauroyl sarcosinate, Menthol, Cetraria islandica extract, Sodium monofluorophosphate, Escin, Melaleuca alternifolia (Tea tree) leaf oil, Xylitol, Aqua, Sodium hydroxymethylglycinate benzoate, Potassium sorbate, Citric acid. As it contains ingredients of natural origin, the color and consistency may vary from batch to batch, which does not affect the quality of the product.Use Mode: Warnings: For oral use only. Avoid contact with eyes. Do not apply to broken or irritated skin. Discontinue use in case of sensitivity. Avoid this product in case of allergy or sensitivity to any ingredient. Keep out of the reach of children. Usage Suggestions: How to use: brush your teeth carefully, preferably after each meal, or at least twice a day, or as recommended by your dentist. Children aged 6 years and under: use an amount equivalent to the size of a pea. As it contains ingredients of natural origin, the color and consistency may vary from batch to batch, which does not affect the quality of the product. Conservation Conditions: Store in a cool, dry place.\" \/>\n<meta property=\"og:url\" content=\"https:\/\/biocabaz.pt\/web\/en\/produto\/pasta-dentifrica-aloe-vera-bio\/\" \/>\n<meta property=\"og:site_name\" content=\"CABAZES BIOL\u00d3GICOS\" \/>\n<meta property=\"article:modified_time\" content=\"2024-08-06T10:37:48+00:00\" \/>\n<meta property=\"og:image\" content=\"https:\/\/www.biocabaz.pt\/web\/wp-conteudos\/uploads\/2021\/08\/pasta-dentifrica-aloe-vera-bio.jpg\" \/>\n\t<meta property=\"og:image:width\" content=\"600\" \/>\n\t<meta property=\"og:image:height\" content=\"600\" \/>\n\t<meta property=\"og:image:type\" content=\"image\/jpeg\" \/>\n<meta name=\"twitter:card\" content=\"summary_large_image\" \/>\n<script type=\"application\/ld+json\" class=\"yoast-schema-graph\">{\"@context\":\"https:\/\/schema.org\",\"@graph\":[{\"@type\":\"WebPage\",\"@id\":\"https:\/\/biocabaz.pt\/web\/produto\/pasta-dentifrica-aloe-vera-bio\/\",\"url\":\"https:\/\/biocabaz.pt\/web\/produto\/pasta-dentifrica-aloe-vera-bio\/\",\"name\":\"ORGANIC ALOE VERA TOOTHPASTE\",\"isPartOf\":{\"@id\":\"https:\/\/biocabaz.pt\/web\/#website\"},\"primaryImageOfPage\":{\"@id\":\"https:\/\/biocabaz.pt\/web\/produto\/pasta-dentifrica-aloe-vera-bio\/#primaryimage\"},\"image\":{\"@id\":\"https:\/\/biocabaz.pt\/web\/produto\/pasta-dentifrica-aloe-vera-bio\/#primaryimage\"},\"thumbnailUrl\":\"https:\/\/www.biocabaz.pt\/web\/wp-conteudos\/uploads\/2021\/08\/pasta-dentifrica-aloe-vera-bio.jpg\",\"datePublished\":\"2021-08-25T17:25:35+00:00\",\"dateModified\":\"2024-08-06T10:37:48+00:00\",\"breadcrumb\":{\"@id\":\"https:\/\/biocabaz.pt\/web\/produto\/pasta-dentifrica-aloe-vera-bio\/#breadcrumb\"},\"inLanguage\":\"pt-PT\",\"potentialAction\":[{\"@type\":\"ReadAction\",\"target\":[\"https:\/\/biocabaz.pt\/web\/produto\/pasta-dentifrica-aloe-vera-bio\/\"]}]},{\"@type\":\"ImageObject\",\"inLanguage\":\"pt-PT\",\"@id\":\"https:\/\/biocabaz.pt\/web\/produto\/pasta-dentifrica-aloe-vera-bio\/#primaryimage\",\"url\":\"https:\/\/www.biocabaz.pt\/web\/wp-conteudos\/uploads\/2021\/08\/pasta-dentifrica-aloe-vera-bio.jpg\",\"contentUrl\":\"https:\/\/www.biocabaz.pt\/web\/wp-conteudos\/uploads\/2021\/08\/pasta-dentifrica-aloe-vera-bio.jpg\",\"width\":600,\"height\":600,\"caption\":\"PASTA DENT\u00cdFRICA ALO\u00c9 VERA BIO\"},{\"@type\":\"BreadcrumbList\",\"@id\":\"https:\/\/biocabaz.pt\/web\/produto\/pasta-dentifrica-aloe-vera-bio\/#breadcrumb\",\"itemListElement\":[{\"@type\":\"ListItem\",\"position\":1,\"name\":\"Home\",\"item\":\"https:\/\/biocabaz.pt\/web\/\"},{\"@type\":\"ListItem\",\"position\":2,\"name\":\"Loja\",\"item\":\"https:\/\/biocabaz.pt\/web\/shop\/\"},{\"@type\":\"ListItem\",\"position\":3,\"name\":\"PASTA DENT\u00cdFRICA ALO\u00c9 VERA BIO\"}]},{\"@type\":\"WebSite\",\"@id\":\"https:\/\/biocabaz.pt\/web\/#website\",\"url\":\"https:\/\/biocabaz.pt\/web\/\",\"name\":\"CABAZES BIOL\u00d3GICOS\",\"description\":\"One+Number\",\"potentialAction\":[{\"@type\":\"SearchAction\",\"target\":{\"@type\":\"EntryPoint\",\"urlTemplate\":\"https:\/\/biocabaz.pt\/web\/?s={search_term_string}\"},\"query-input\":{\"@type\":\"PropertyValueSpecification\",\"valueRequired\":true,\"valueName\":\"search_term_string\"}}],\"inLanguage\":\"pt-PT\"}]}<\/script>\n<!-- \/ Yoast SEO plugin. -->","yoast_head_json":{"title":"ORGANIC ALOE VERA TOOTHPASTE","robots":{"index":"index","follow":"follow","max-snippet":"max-snippet:-1","max-image-preview":"max-image-preview:large","max-video-preview":"max-video-preview:-1"},"canonical":"https:\/\/biocabaz.pt\/web\/en\/produto\/pasta-dentifrica-aloe-vera-bio\/","og_locale":"pt_PT","og_type":"article","og_title":"[:en]ORGANIC ALOE VERA TOOTHPASTE[:pt]PASTA DENT\u00cdFRICA ALO\u00c9 VERA BIO[:] - CABAZES BIOL\u00d3GICOS","og_description":"Ingredients: Glycerin, Aloe barbadensis leaf juice, Sorbitol, Hydrated silica, Hydroxyethylcellulose, Mentha piperita oil, Sodium lauroyl sarcosinate, Menthol, Cetraria islandica extract, Sodium monofluorophosphate, Escin, Melaleuca alternifolia (Tea tree) leaf oil, Xylitol, Aqua, Sodium hydroxymethylglycinate benzoate, Potassium sorbate, Citric acid. As it contains ingredients of natural origin, the color and consistency may vary from batch to batch, which does not affect the quality of the product.Use Mode: Warnings: For oral use only. Avoid contact with eyes. Do not apply to broken or irritated skin. Discontinue use in case of sensitivity. Avoid this product in case of allergy or sensitivity to any ingredient. Keep out of the reach of children. Usage Suggestions: How to use: brush your teeth carefully, preferably after each meal, or at least twice a day, or as recommended by your dentist. Children aged 6 years and under: use an amount equivalent to the size of a pea. As it contains ingredients of natural origin, the color and consistency may vary from batch to batch, which does not affect the quality of the product. Conservation Conditions: Store in a cool, dry place.","og_url":"https:\/\/biocabaz.pt\/web\/en\/produto\/pasta-dentifrica-aloe-vera-bio\/","og_site_name":"CABAZES BIOL\u00d3GICOS","article_modified_time":"2024-08-06T10:37:48+00:00","og_image":[{"width":600,"height":600,"url":"https:\/\/www.biocabaz.pt\/web\/wp-conteudos\/uploads\/2021\/08\/pasta-dentifrica-aloe-vera-bio.jpg","type":"image\/jpeg"}],"twitter_card":"summary_large_image","schema":{"@context":"https:\/\/schema.org","@graph":[{"@type":"WebPage","@id":"https:\/\/biocabaz.pt\/web\/produto\/pasta-dentifrica-aloe-vera-bio\/","url":"https:\/\/biocabaz.pt\/web\/produto\/pasta-dentifrica-aloe-vera-bio\/","name":"ORGANIC ALOE VERA TOOTHPASTE","isPartOf":{"@id":"https:\/\/biocabaz.pt\/web\/#website"},"primaryImageOfPage":{"@id":"https:\/\/biocabaz.pt\/web\/produto\/pasta-dentifrica-aloe-vera-bio\/#primaryimage"},"image":{"@id":"https:\/\/biocabaz.pt\/web\/produto\/pasta-dentifrica-aloe-vera-bio\/#primaryimage"},"thumbnailUrl":"https:\/\/www.biocabaz.pt\/web\/wp-conteudos\/uploads\/2021\/08\/pasta-dentifrica-aloe-vera-bio.jpg","datePublished":"2021-08-25T17:25:35+00:00","dateModified":"2024-08-06T10:37:48+00:00","breadcrumb":{"@id":"https:\/\/biocabaz.pt\/web\/produto\/pasta-dentifrica-aloe-vera-bio\/#breadcrumb"},"inLanguage":"pt-PT","potentialAction":[{"@type":"ReadAction","target":["https:\/\/biocabaz.pt\/web\/produto\/pasta-dentifrica-aloe-vera-bio\/"]}]},{"@type":"ImageObject","inLanguage":"pt-PT","@id":"https:\/\/biocabaz.pt\/web\/produto\/pasta-dentifrica-aloe-vera-bio\/#primaryimage","url":"https:\/\/www.biocabaz.pt\/web\/wp-conteudos\/uploads\/2021\/08\/pasta-dentifrica-aloe-vera-bio.jpg","contentUrl":"https:\/\/www.biocabaz.pt\/web\/wp-conteudos\/uploads\/2021\/08\/pasta-dentifrica-aloe-vera-bio.jpg","width":600,"height":600,"caption":"PASTA DENT\u00cdFRICA ALO\u00c9 VERA BIO"},{"@type":"BreadcrumbList","@id":"https:\/\/biocabaz.pt\/web\/produto\/pasta-dentifrica-aloe-vera-bio\/#breadcrumb","itemListElement":[{"@type":"ListItem","position":1,"name":"Home","item":"https:\/\/biocabaz.pt\/web\/"},{"@type":"ListItem","position":2,"name":"Loja","item":"https:\/\/biocabaz.pt\/web\/shop\/"},{"@type":"ListItem","position":3,"name":"PASTA DENT\u00cdFRICA ALO\u00c9 VERA BIO"}]},{"@type":"WebSite","@id":"https:\/\/biocabaz.pt\/web\/#website","url":"https:\/\/biocabaz.pt\/web\/","name":"CABAZES BIOL\u00d3GICOS","description":"One+Number","potentialAction":[{"@type":"SearchAction","target":{"@type":"EntryPoint","urlTemplate":"https:\/\/biocabaz.pt\/web\/?s={search_term_string}"},"query-input":{"@type":"PropertyValueSpecification","valueRequired":true,"valueName":"search_term_string"}}],"inLanguage":"pt-PT"}]}},"_links":{"self":[{"href":"https:\/\/biocabaz.pt\/web\/en\/wp-json\/wp\/v2\/product\/74749","targetHints":{"allow":["GET"]}}],"collection":[{"href":"https:\/\/biocabaz.pt\/web\/en\/wp-json\/wp\/v2\/product"}],"about":[{"href":"https:\/\/biocabaz.pt\/web\/en\/wp-json\/wp\/v2\/types\/product"}],"replies":[{"embeddable":true,"href":"https:\/\/biocabaz.pt\/web\/en\/wp-json\/wp\/v2\/comments?post=74749"}],"wp:featuredmedia":[{"embeddable":true,"href":"https:\/\/biocabaz.pt\/web\/en\/wp-json\/wp\/v2\/media\/74750"}],"wp:attachment":[{"href":"https:\/\/biocabaz.pt\/web\/en\/wp-json\/wp\/v2\/media?parent=74749"}],"wp:term":[{"taxonomy":"product_cat","embeddable":true,"href":"https:\/\/biocabaz.pt\/web\/en\/wp-json\/wp\/v2\/product_cat?post=74749"},{"taxonomy":"product_tag","embeddable":true,"href":"https:\/\/biocabaz.pt\/web\/en\/wp-json\/wp\/v2\/product_tag?post=74749"}],"curies":[{"name":"wp","href":"https:\/\/api.w.org\/{rel}","templated":true}]}}