{"id":74745,"date":"2021-08-25T17:12:27","date_gmt":"2021-08-25T17:12:27","guid":{"rendered":"https:\/\/www.biocabaz.pt\/web\/?post_type=product&#038;p=74745"},"modified":"2022-09-29T15:35:38","modified_gmt":"2022-09-29T15:35:38","slug":"pasta-dentifrica-roma-bio","status":"publish","type":"product","link":"https:\/\/biocabaz.pt\/web\/en\/produto\/pasta-dentifrica-roma-bio\/","title":{"rendered":"ORGANIC POMEGRANATE TOOTHPASTE"},"content":{"rendered":"","protected":false},"excerpt":{"rendered":"<p>Ingredients: Glycerin, Aloe barbadensis leaf juice, Sorbitol, Hydrated silica, Hydroxyethylcellulose, Aroma, Sodium lauroyl sarcosinate, Punica granatum extract, Menthol, Cetraria islandica extract,<br \/>\nArnica montana extract, Sodium monofluorophosphate, Escin, Melaleuca alternifolia oil, Xylitol, Aqua, Sodium benzoate,<br \/>\nPotassium sorbate, Citric acid, Limonene.<br \/><b>Use Mode:<\/b> Warnings:<br \/>\nFor oral use only. Avoid contact with eyes. Do not apply to broken or irritated skin. Discontinue use in case of sensitivity. Avoid this product in case of allergy or sensitivity to any ingredient. Keep out of the reach of children.<br \/>\nUsage Suggestions:<br \/>\nHow to use: brush your teeth carefully, preferably after each meal, or at least twice a day, or as recommended by your dentist. Children aged 6 years and under: use an amount equivalent to the size of a pea.<\/p>\n<p>As it contains ingredients of natural origin, the color and consistency may vary from batch to batch, which does not affect the quality of the product.<\/p>\n<p>Conservation Conditions:<br \/>\nStore in a cool, dry place.<\/p>\n","protected":false},"featured_media":74746,"comment_status":"closed","ping_status":"closed","template":"","meta":[],"product_cat":[93],"product_tag":[],"class_list":["post-74745","product","type-product","status-publish","has-post-thumbnail","hentry","product_cat-higiene-oral"],"bundle_layout":"","bundled_by":[],"bundled_items":[],"yoast_head":"<!-- This site is optimized with the Yoast SEO plugin v26.3 - https:\/\/yoast.com\/wordpress\/plugins\/seo\/ -->\n<title>ORGANIC POMEGRANATE TOOTHPASTE<\/title>\n<meta name=\"robots\" content=\"index, follow, max-snippet:-1, max-image-preview:large, max-video-preview:-1\" \/>\n<link rel=\"canonical\" href=\"https:\/\/www.biocabaz.pt\/web\/en\/produto\/pasta-dentifrica-roma-bio\/\" \/>\n<meta property=\"og:locale\" content=\"pt_PT\" \/>\n<meta property=\"og:locale:alternate\" content=\"pt_PT\" \/>\n<meta property=\"og:type\" content=\"article\" \/>\n<meta property=\"og:title\" content=\"ORGANIC POMEGRANATE TOOTHPASTE\" \/>\n<meta property=\"og:description\" content=\"Ingredients: Glycerin, Aloe barbadensis leaf juice, Sorbitol, Hydrated silica, Hydroxyethylcellulose, Aroma, Sodium lauroyl sarcosinate, Punica granatum extract, Menthol, Cetraria islandica extract, Arnica montana extract, Sodium monofluorophosphate, Escin, Melaleuca alternifolia oil, Xylitol, Aqua, Sodium benzoate, Potassium sorbate, Citric acid, Limonene.Use Mode: Warnings: For oral use only. Avoid contact with eyes. Do not apply to broken or irritated skin. Discontinue use in case of sensitivity. Avoid this product in case of allergy or sensitivity to any ingredient. Keep out of the reach of children. Usage Suggestions: How to use: brush your teeth carefully, preferably after each meal, or at least twice a day, or as recommended by your dentist. Children aged 6 years and under: use an amount equivalent to the size of a pea. As it contains ingredients of natural origin, the color and consistency may vary from batch to batch, which does not affect the quality of the product. Conservation Conditions: Store in a cool, dry place.\" \/>\n<meta property=\"og:url\" content=\"https:\/\/biocabaz.pt\/web\/en\/produto\/pasta-dentifrica-roma-bio\/\" \/>\n<meta property=\"og:site_name\" content=\"CABAZES BIOL\u00d3GICOS\" \/>\n<meta property=\"article:modified_time\" content=\"2022-09-29T15:35:38+00:00\" \/>\n<meta property=\"og:image\" content=\"https:\/\/www.biocabaz.pt\/web\/wp-conteudos\/uploads\/2021\/08\/pasta-dentifrica-roma-bio.jpg\" \/>\n\t<meta property=\"og:image:width\" content=\"600\" \/>\n\t<meta property=\"og:image:height\" content=\"600\" \/>\n\t<meta property=\"og:image:type\" content=\"image\/jpeg\" \/>\n<meta name=\"twitter:card\" content=\"summary_large_image\" \/>\n<script type=\"application\/ld+json\" class=\"yoast-schema-graph\">{\"@context\":\"https:\/\/schema.org\",\"@graph\":[{\"@type\":\"WebPage\",\"@id\":\"https:\/\/www.biocabaz.pt\/web\/en\/produto\/pasta-dentifrica-roma-bio\/\",\"url\":\"https:\/\/www.biocabaz.pt\/web\/en\/produto\/pasta-dentifrica-roma-bio\/\",\"name\":\"ORGANIC POMEGRANATE TOOTHPASTE\",\"isPartOf\":{\"@id\":\"https:\/\/www.biocabaz.pt\/web\/en\/#website\"},\"primaryImageOfPage\":{\"@id\":\"https:\/\/www.biocabaz.pt\/web\/en\/produto\/pasta-dentifrica-roma-bio\/#primaryimage\"},\"image\":{\"@id\":\"https:\/\/www.biocabaz.pt\/web\/en\/produto\/pasta-dentifrica-roma-bio\/#primaryimage\"},\"thumbnailUrl\":\"https:\/\/www.biocabaz.pt\/web\/wp-conteudos\/uploads\/2021\/08\/pasta-dentifrica-roma-bio.jpg\",\"datePublished\":\"2021-08-25T17:12:27+00:00\",\"dateModified\":\"2022-09-29T15:35:38+00:00\",\"breadcrumb\":{\"@id\":\"https:\/\/www.biocabaz.pt\/web\/en\/produto\/pasta-dentifrica-roma-bio\/#breadcrumb\"},\"inLanguage\":\"pt-PT\",\"potentialAction\":[{\"@type\":\"ReadAction\",\"target\":[\"https:\/\/www.biocabaz.pt\/web\/en\/produto\/pasta-dentifrica-roma-bio\/\"]}]},{\"@type\":\"ImageObject\",\"inLanguage\":\"pt-PT\",\"@id\":\"https:\/\/www.biocabaz.pt\/web\/en\/produto\/pasta-dentifrica-roma-bio\/#primaryimage\",\"url\":\"https:\/\/www.biocabaz.pt\/web\/wp-conteudos\/uploads\/2021\/08\/pasta-dentifrica-roma-bio.jpg\",\"contentUrl\":\"https:\/\/www.biocabaz.pt\/web\/wp-conteudos\/uploads\/2021\/08\/pasta-dentifrica-roma-bio.jpg\",\"width\":600,\"height\":600,\"caption\":\"PASTA DENT\u00cdFRICA ROM\u00c3 BIO\"},{\"@type\":\"BreadcrumbList\",\"@id\":\"https:\/\/www.biocabaz.pt\/web\/en\/produto\/pasta-dentifrica-roma-bio\/#breadcrumb\",\"itemListElement\":[{\"@type\":\"ListItem\",\"position\":1,\"name\":\"Home\",\"item\":\"https:\/\/www.biocabaz.pt\/web\/en\/\"},{\"@type\":\"ListItem\",\"position\":2,\"name\":\"Shop\",\"item\":\"https:\/\/www.biocabaz.pt\/web\/en\/shop\/\"},{\"@type\":\"ListItem\",\"position\":3,\"name\":\"ORGANIC POMEGRANATE TOOTHPASTE\"}]},{\"@type\":\"WebSite\",\"@id\":\"https:\/\/www.biocabaz.pt\/web\/en\/#website\",\"url\":\"https:\/\/www.biocabaz.pt\/web\/en\/\",\"name\":\"CABAZES BIOL\u00d3GICOS\",\"description\":\"One+Number\",\"potentialAction\":[{\"@type\":\"SearchAction\",\"target\":{\"@type\":\"EntryPoint\",\"urlTemplate\":\"https:\/\/www.biocabaz.pt\/web\/en\/?s={search_term_string}\"},\"query-input\":{\"@type\":\"PropertyValueSpecification\",\"valueRequired\":true,\"valueName\":\"search_term_string\"}}],\"inLanguage\":\"pt-PT\"}]}<\/script>\n<!-- \/ Yoast SEO plugin. -->","yoast_head_json":{"title":"ORGANIC POMEGRANATE TOOTHPASTE","robots":{"index":"index","follow":"follow","max-snippet":"max-snippet:-1","max-image-preview":"max-image-preview:large","max-video-preview":"max-video-preview:-1"},"canonical":"https:\/\/www.biocabaz.pt\/web\/en\/produto\/pasta-dentifrica-roma-bio\/","og_locale":"pt_PT","og_type":"article","og_title":"[:en]ORGANIC POMEGRANATE TOOTHPASTE[:pt]PASTA DENT\u00cdFRICA ROM\u00c3 BIO[:] - CABAZES BIOL\u00d3GICOS","og_description":"Ingredients: Glycerin, Aloe barbadensis leaf juice, Sorbitol, Hydrated silica, Hydroxyethylcellulose, Aroma, Sodium lauroyl sarcosinate, Punica granatum extract, Menthol, Cetraria islandica extract, Arnica montana extract, Sodium monofluorophosphate, Escin, Melaleuca alternifolia oil, Xylitol, Aqua, Sodium benzoate, Potassium sorbate, Citric acid, Limonene.Use Mode: Warnings: For oral use only. Avoid contact with eyes. Do not apply to broken or irritated skin. Discontinue use in case of sensitivity. Avoid this product in case of allergy or sensitivity to any ingredient. Keep out of the reach of children. Usage Suggestions: How to use: brush your teeth carefully, preferably after each meal, or at least twice a day, or as recommended by your dentist. Children aged 6 years and under: use an amount equivalent to the size of a pea. As it contains ingredients of natural origin, the color and consistency may vary from batch to batch, which does not affect the quality of the product. Conservation Conditions: Store in a cool, dry place.","og_url":"https:\/\/biocabaz.pt\/web\/en\/produto\/pasta-dentifrica-roma-bio\/","og_site_name":"CABAZES BIOL\u00d3GICOS","article_modified_time":"2022-09-29T15:35:38+00:00","og_image":[{"width":600,"height":600,"url":"https:\/\/www.biocabaz.pt\/web\/wp-conteudos\/uploads\/2021\/08\/pasta-dentifrica-roma-bio.jpg","type":"image\/jpeg"}],"twitter_card":"summary_large_image","schema":{"@context":"https:\/\/schema.org","@graph":[{"@type":"WebPage","@id":"https:\/\/www.biocabaz.pt\/web\/en\/produto\/pasta-dentifrica-roma-bio\/","url":"https:\/\/www.biocabaz.pt\/web\/en\/produto\/pasta-dentifrica-roma-bio\/","name":"ORGANIC POMEGRANATE TOOTHPASTE","isPartOf":{"@id":"https:\/\/www.biocabaz.pt\/web\/en\/#website"},"primaryImageOfPage":{"@id":"https:\/\/www.biocabaz.pt\/web\/en\/produto\/pasta-dentifrica-roma-bio\/#primaryimage"},"image":{"@id":"https:\/\/www.biocabaz.pt\/web\/en\/produto\/pasta-dentifrica-roma-bio\/#primaryimage"},"thumbnailUrl":"https:\/\/www.biocabaz.pt\/web\/wp-conteudos\/uploads\/2021\/08\/pasta-dentifrica-roma-bio.jpg","datePublished":"2021-08-25T17:12:27+00:00","dateModified":"2022-09-29T15:35:38+00:00","breadcrumb":{"@id":"https:\/\/www.biocabaz.pt\/web\/en\/produto\/pasta-dentifrica-roma-bio\/#breadcrumb"},"inLanguage":"pt-PT","potentialAction":[{"@type":"ReadAction","target":["https:\/\/www.biocabaz.pt\/web\/en\/produto\/pasta-dentifrica-roma-bio\/"]}]},{"@type":"ImageObject","inLanguage":"pt-PT","@id":"https:\/\/www.biocabaz.pt\/web\/en\/produto\/pasta-dentifrica-roma-bio\/#primaryimage","url":"https:\/\/www.biocabaz.pt\/web\/wp-conteudos\/uploads\/2021\/08\/pasta-dentifrica-roma-bio.jpg","contentUrl":"https:\/\/www.biocabaz.pt\/web\/wp-conteudos\/uploads\/2021\/08\/pasta-dentifrica-roma-bio.jpg","width":600,"height":600,"caption":"PASTA DENT\u00cdFRICA ROM\u00c3 BIO"},{"@type":"BreadcrumbList","@id":"https:\/\/www.biocabaz.pt\/web\/en\/produto\/pasta-dentifrica-roma-bio\/#breadcrumb","itemListElement":[{"@type":"ListItem","position":1,"name":"Home","item":"https:\/\/www.biocabaz.pt\/web\/en\/"},{"@type":"ListItem","position":2,"name":"Shop","item":"https:\/\/www.biocabaz.pt\/web\/en\/shop\/"},{"@type":"ListItem","position":3,"name":"ORGANIC POMEGRANATE TOOTHPASTE"}]},{"@type":"WebSite","@id":"https:\/\/www.biocabaz.pt\/web\/en\/#website","url":"https:\/\/www.biocabaz.pt\/web\/en\/","name":"CABAZES BIOL\u00d3GICOS","description":"One+Number","potentialAction":[{"@type":"SearchAction","target":{"@type":"EntryPoint","urlTemplate":"https:\/\/www.biocabaz.pt\/web\/en\/?s={search_term_string}"},"query-input":{"@type":"PropertyValueSpecification","valueRequired":true,"valueName":"search_term_string"}}],"inLanguage":"pt-PT"}]}},"_links":{"self":[{"href":"https:\/\/biocabaz.pt\/web\/en\/wp-json\/wp\/v2\/product\/74745","targetHints":{"allow":["GET"]}}],"collection":[{"href":"https:\/\/biocabaz.pt\/web\/en\/wp-json\/wp\/v2\/product"}],"about":[{"href":"https:\/\/biocabaz.pt\/web\/en\/wp-json\/wp\/v2\/types\/product"}],"replies":[{"embeddable":true,"href":"https:\/\/biocabaz.pt\/web\/en\/wp-json\/wp\/v2\/comments?post=74745"}],"wp:featuredmedia":[{"embeddable":true,"href":"https:\/\/biocabaz.pt\/web\/en\/wp-json\/wp\/v2\/media\/74746"}],"wp:attachment":[{"href":"https:\/\/biocabaz.pt\/web\/en\/wp-json\/wp\/v2\/media?parent=74745"}],"wp:term":[{"taxonomy":"product_cat","embeddable":true,"href":"https:\/\/biocabaz.pt\/web\/en\/wp-json\/wp\/v2\/product_cat?post=74745"},{"taxonomy":"product_tag","embeddable":true,"href":"https:\/\/biocabaz.pt\/web\/en\/wp-json\/wp\/v2\/product_tag?post=74745"}],"curies":[{"name":"wp","href":"https:\/\/api.w.org\/{rel}","templated":true}]}}