{"id":74741,"date":"2021-08-25T17:03:46","date_gmt":"2021-08-25T17:03:46","guid":{"rendered":"https:\/\/www.biocabaz.pt\/web\/?post_type=product&#038;p=74741"},"modified":"2024-08-06T10:38:38","modified_gmt":"2024-08-06T10:38:38","slug":"cabec-subst-esc-dentes-filam-nyl-dureza-media","status":"publish","type":"product","link":"https:\/\/biocabaz.pt\/web\/en\/produto\/cabec-subst-esc-dentes-filam-nyl-dureza-media\/","title":{"rendered":"REPLACEMENT HEADS FOR YAWECO REPLACEABLE HEAD TOOTHBRUSH MEDIUM"},"content":{"rendered":"","protected":false},"excerpt":{"rendered":"<p>Replacement Heads &#8211; Nylon filaments and medium hard<br \/>\n\u2022 Replacement heads for Yaweco replaceable toothbrushes are mainly composed of renewable raw materials,<br \/>\n\u2022 Renewable material bristles<br \/>\n\u2022 No plasticizers (phthalates), bisphenols or other harmful materials.<br \/><b>Use Mode:<\/b> Store in a cool, dry place away from sunlight.<\/p>\n","protected":false},"featured_media":74742,"comment_status":"closed","ping_status":"closed","template":"","meta":[],"product_cat":[93],"product_tag":[],"class_list":["post-74741","product","type-product","status-publish","has-post-thumbnail","hentry","product_cat-higiene-oral"],"bundle_layout":"","bundled_by":[],"bundled_items":[],"yoast_head":"<!-- This site is optimized with the Yoast SEO plugin v26.3 - https:\/\/yoast.com\/wordpress\/plugins\/seo\/ -->\n<title>REPLACEMENT HEADS FOR YAWECO REPLACEABLE HEAD TOOTHBRUSH MEDIUM<\/title>\n<meta name=\"robots\" content=\"index, follow, max-snippet:-1, max-image-preview:large, max-video-preview:-1\" \/>\n<link rel=\"canonical\" href=\"https:\/\/www.biocabaz.pt\/web\/en\/produto\/cabec-subst-esc-dentes-filam-nyl-dureza-media\/\" \/>\n<meta property=\"og:locale\" content=\"pt_PT\" \/>\n<meta property=\"og:locale:alternate\" content=\"pt_PT\" \/>\n<meta property=\"og:type\" content=\"article\" \/>\n<meta property=\"og:title\" content=\"REPLACEMENT HEADS FOR YAWECO REPLACEABLE HEAD TOOTHBRUSH MEDIUM\" \/>\n<meta property=\"og:description\" content=\"Replacement Heads - Nylon filaments and medium hard \u2022 Replacement heads for Yaweco replaceable toothbrushes are mainly composed of renewable raw materials, \u2022 Renewable material bristles \u2022 No plasticizers (phthalates), bisphenols or other harmful materials.Use Mode: Store in a cool, dry place away from sunlight.\" \/>\n<meta property=\"og:url\" content=\"https:\/\/biocabaz.pt\/web\/en\/produto\/cabec-subst-esc-dentes-filam-nyl-dureza-media\/\" \/>\n<meta property=\"og:site_name\" content=\"CABAZES BIOL\u00d3GICOS\" \/>\n<meta property=\"article:modified_time\" content=\"2024-08-06T10:38:38+00:00\" \/>\n<meta property=\"og:image\" content=\"https:\/\/www.biocabaz.pt\/web\/wp-conteudos\/uploads\/2021\/08\/cabec.-subst.-esc.-dentes-filam.-nyl.-dureza-media.jpg\" \/>\n\t<meta property=\"og:image:width\" content=\"600\" \/>\n\t<meta property=\"og:image:height\" content=\"600\" \/>\n\t<meta property=\"og:image:type\" content=\"image\/jpeg\" \/>\n<meta name=\"twitter:card\" content=\"summary_large_image\" \/>\n<script type=\"application\/ld+json\" class=\"yoast-schema-graph\">{\"@context\":\"https:\/\/schema.org\",\"@graph\":[{\"@type\":\"WebPage\",\"@id\":\"https:\/\/www.biocabaz.pt\/web\/en\/produto\/cabec-subst-esc-dentes-filam-nyl-dureza-media\/\",\"url\":\"https:\/\/www.biocabaz.pt\/web\/en\/produto\/cabec-subst-esc-dentes-filam-nyl-dureza-media\/\",\"name\":\"REPLACEMENT HEADS FOR YAWECO REPLACEABLE HEAD TOOTHBRUSH MEDIUM\",\"isPartOf\":{\"@id\":\"https:\/\/biocabaz.pt\/web\/#website\"},\"primaryImageOfPage\":{\"@id\":\"https:\/\/www.biocabaz.pt\/web\/en\/produto\/cabec-subst-esc-dentes-filam-nyl-dureza-media\/#primaryimage\"},\"image\":{\"@id\":\"https:\/\/www.biocabaz.pt\/web\/en\/produto\/cabec-subst-esc-dentes-filam-nyl-dureza-media\/#primaryimage\"},\"thumbnailUrl\":\"https:\/\/www.biocabaz.pt\/web\/wp-conteudos\/uploads\/2021\/08\/cabec.-subst.-esc.-dentes-filam.-nyl.-dureza-media.jpg\",\"datePublished\":\"2021-08-25T17:03:46+00:00\",\"dateModified\":\"2024-08-06T10:38:38+00:00\",\"breadcrumb\":{\"@id\":\"https:\/\/www.biocabaz.pt\/web\/en\/produto\/cabec-subst-esc-dentes-filam-nyl-dureza-media\/#breadcrumb\"},\"inLanguage\":\"pt-PT\",\"potentialAction\":[{\"@type\":\"ReadAction\",\"target\":[\"https:\/\/www.biocabaz.pt\/web\/en\/produto\/cabec-subst-esc-dentes-filam-nyl-dureza-media\/\"]}]},{\"@type\":\"ImageObject\",\"inLanguage\":\"pt-PT\",\"@id\":\"https:\/\/www.biocabaz.pt\/web\/en\/produto\/cabec-subst-esc-dentes-filam-nyl-dureza-media\/#primaryimage\",\"url\":\"https:\/\/www.biocabaz.pt\/web\/wp-conteudos\/uploads\/2021\/08\/cabec.-subst.-esc.-dentes-filam.-nyl.-dureza-media.jpg\",\"contentUrl\":\"https:\/\/www.biocabaz.pt\/web\/wp-conteudos\/uploads\/2021\/08\/cabec.-subst.-esc.-dentes-filam.-nyl.-dureza-media.jpg\",\"width\":600,\"height\":600,\"caption\":\"CABE\u00c7. SUBST. ESC. DENTES FILAM. NYL.-DUREZA M\u00c9DIA\"},{\"@type\":\"BreadcrumbList\",\"@id\":\"https:\/\/www.biocabaz.pt\/web\/en\/produto\/cabec-subst-esc-dentes-filam-nyl-dureza-media\/#breadcrumb\",\"itemListElement\":[{\"@type\":\"ListItem\",\"position\":1,\"name\":\"Home\",\"item\":\"https:\/\/biocabaz.pt\/web\/\"},{\"@type\":\"ListItem\",\"position\":2,\"name\":\"Shop\",\"item\":\"https:\/\/www.biocabaz.pt\/web\/en\/shop\/\"},{\"@type\":\"ListItem\",\"position\":3,\"name\":\"REPLACEMENT HEADS FOR YAWECO REPLACEABLE HEAD TOOTHBRUSH MEDIUM\"}]},{\"@type\":\"WebSite\",\"@id\":\"https:\/\/biocabaz.pt\/web\/#website\",\"url\":\"https:\/\/biocabaz.pt\/web\/\",\"name\":\"CABAZES BIOL\u00d3GICOS\",\"description\":\"One+Number\",\"potentialAction\":[{\"@type\":\"SearchAction\",\"target\":{\"@type\":\"EntryPoint\",\"urlTemplate\":\"https:\/\/biocabaz.pt\/web\/?s={search_term_string}\"},\"query-input\":{\"@type\":\"PropertyValueSpecification\",\"valueRequired\":true,\"valueName\":\"search_term_string\"}}],\"inLanguage\":\"pt-PT\"}]}<\/script>\n<!-- \/ Yoast SEO plugin. -->","yoast_head_json":{"title":"REPLACEMENT HEADS FOR YAWECO REPLACEABLE HEAD TOOTHBRUSH MEDIUM","robots":{"index":"index","follow":"follow","max-snippet":"max-snippet:-1","max-image-preview":"max-image-preview:large","max-video-preview":"max-video-preview:-1"},"canonical":"https:\/\/www.biocabaz.pt\/web\/en\/produto\/cabec-subst-esc-dentes-filam-nyl-dureza-media\/","og_locale":"pt_PT","og_type":"article","og_title":"[:en]REPLACEMENT HEADS FOR YAWECO REPLACEABLE HEAD TOOTHBRUSH MEDIUM[:pt]CABE\u00c7. SUBST. ESC. DENTES FILAM. NYL.-DUREZA M\u00c9DIA[:] - CABAZES BIOL\u00d3GICOS","og_description":"Replacement Heads - Nylon filaments and medium hard \u2022 Replacement heads for Yaweco replaceable toothbrushes are mainly composed of renewable raw materials, \u2022 Renewable material bristles \u2022 No plasticizers (phthalates), bisphenols or other harmful materials.Use Mode: Store in a cool, dry place away from sunlight.","og_url":"https:\/\/biocabaz.pt\/web\/en\/produto\/cabec-subst-esc-dentes-filam-nyl-dureza-media\/","og_site_name":"CABAZES BIOL\u00d3GICOS","article_modified_time":"2024-08-06T10:38:38+00:00","og_image":[{"width":600,"height":600,"url":"https:\/\/www.biocabaz.pt\/web\/wp-conteudos\/uploads\/2021\/08\/cabec.-subst.-esc.-dentes-filam.-nyl.-dureza-media.jpg","type":"image\/jpeg"}],"twitter_card":"summary_large_image","schema":{"@context":"https:\/\/schema.org","@graph":[{"@type":"WebPage","@id":"https:\/\/www.biocabaz.pt\/web\/en\/produto\/cabec-subst-esc-dentes-filam-nyl-dureza-media\/","url":"https:\/\/www.biocabaz.pt\/web\/en\/produto\/cabec-subst-esc-dentes-filam-nyl-dureza-media\/","name":"REPLACEMENT HEADS FOR YAWECO REPLACEABLE HEAD TOOTHBRUSH MEDIUM","isPartOf":{"@id":"https:\/\/biocabaz.pt\/web\/#website"},"primaryImageOfPage":{"@id":"https:\/\/www.biocabaz.pt\/web\/en\/produto\/cabec-subst-esc-dentes-filam-nyl-dureza-media\/#primaryimage"},"image":{"@id":"https:\/\/www.biocabaz.pt\/web\/en\/produto\/cabec-subst-esc-dentes-filam-nyl-dureza-media\/#primaryimage"},"thumbnailUrl":"https:\/\/www.biocabaz.pt\/web\/wp-conteudos\/uploads\/2021\/08\/cabec.-subst.-esc.-dentes-filam.-nyl.-dureza-media.jpg","datePublished":"2021-08-25T17:03:46+00:00","dateModified":"2024-08-06T10:38:38+00:00","breadcrumb":{"@id":"https:\/\/www.biocabaz.pt\/web\/en\/produto\/cabec-subst-esc-dentes-filam-nyl-dureza-media\/#breadcrumb"},"inLanguage":"pt-PT","potentialAction":[{"@type":"ReadAction","target":["https:\/\/www.biocabaz.pt\/web\/en\/produto\/cabec-subst-esc-dentes-filam-nyl-dureza-media\/"]}]},{"@type":"ImageObject","inLanguage":"pt-PT","@id":"https:\/\/www.biocabaz.pt\/web\/en\/produto\/cabec-subst-esc-dentes-filam-nyl-dureza-media\/#primaryimage","url":"https:\/\/www.biocabaz.pt\/web\/wp-conteudos\/uploads\/2021\/08\/cabec.-subst.-esc.-dentes-filam.-nyl.-dureza-media.jpg","contentUrl":"https:\/\/www.biocabaz.pt\/web\/wp-conteudos\/uploads\/2021\/08\/cabec.-subst.-esc.-dentes-filam.-nyl.-dureza-media.jpg","width":600,"height":600,"caption":"CABE\u00c7. SUBST. ESC. DENTES FILAM. NYL.-DUREZA M\u00c9DIA"},{"@type":"BreadcrumbList","@id":"https:\/\/www.biocabaz.pt\/web\/en\/produto\/cabec-subst-esc-dentes-filam-nyl-dureza-media\/#breadcrumb","itemListElement":[{"@type":"ListItem","position":1,"name":"Home","item":"https:\/\/biocabaz.pt\/web\/"},{"@type":"ListItem","position":2,"name":"Shop","item":"https:\/\/www.biocabaz.pt\/web\/en\/shop\/"},{"@type":"ListItem","position":3,"name":"REPLACEMENT HEADS FOR YAWECO REPLACEABLE HEAD TOOTHBRUSH MEDIUM"}]},{"@type":"WebSite","@id":"https:\/\/biocabaz.pt\/web\/#website","url":"https:\/\/biocabaz.pt\/web\/","name":"CABAZES BIOL\u00d3GICOS","description":"One+Number","potentialAction":[{"@type":"SearchAction","target":{"@type":"EntryPoint","urlTemplate":"https:\/\/biocabaz.pt\/web\/?s={search_term_string}"},"query-input":{"@type":"PropertyValueSpecification","valueRequired":true,"valueName":"search_term_string"}}],"inLanguage":"pt-PT"}]}},"_links":{"self":[{"href":"https:\/\/biocabaz.pt\/web\/en\/wp-json\/wp\/v2\/product\/74741","targetHints":{"allow":["GET"]}}],"collection":[{"href":"https:\/\/biocabaz.pt\/web\/en\/wp-json\/wp\/v2\/product"}],"about":[{"href":"https:\/\/biocabaz.pt\/web\/en\/wp-json\/wp\/v2\/types\/product"}],"replies":[{"embeddable":true,"href":"https:\/\/biocabaz.pt\/web\/en\/wp-json\/wp\/v2\/comments?post=74741"}],"wp:featuredmedia":[{"embeddable":true,"href":"https:\/\/biocabaz.pt\/web\/en\/wp-json\/wp\/v2\/media\/74742"}],"wp:attachment":[{"href":"https:\/\/biocabaz.pt\/web\/en\/wp-json\/wp\/v2\/media?parent=74741"}],"wp:term":[{"taxonomy":"product_cat","embeddable":true,"href":"https:\/\/biocabaz.pt\/web\/en\/wp-json\/wp\/v2\/product_cat?post=74741"},{"taxonomy":"product_tag","embeddable":true,"href":"https:\/\/biocabaz.pt\/web\/en\/wp-json\/wp\/v2\/product_tag?post=74741"}],"curies":[{"name":"wp","href":"https:\/\/api.w.org\/{rel}","templated":true}]}}