{"id":74430,"date":"2021-08-20T15:57:32","date_gmt":"2021-08-20T15:57:32","guid":{"rendered":"https:\/\/www.biocabaz.pt\/web\/?post_type=product&#038;p=74430"},"modified":"2022-09-29T15:44:48","modified_gmt":"2022-09-29T15:44:48","slug":"champo-solido-fortalecimento-anti-queda","status":"publish","type":"product","link":"https:\/\/biocabaz.pt\/web\/en\/produto\/champo-solido-fortalecimento-anti-queda\/","title":{"rendered":"SHAMPOO &#038; CONDITIONER BAR STRENGTHENING \u2013 REVITALISE"},"content":{"rendered":"","protected":false},"excerpt":{"rendered":"<p>Conditioning shampoo formulated with 99% of ingredients of natural origin for weak hair, without density or with hair loss problems.<br \/>\nWith rice bran oil, concentrated phytonutrients, vitamins E and B, minerals (iron and zinc), antioxidants and CoQ10 that energize, moisturize and protect hair.<br \/>\nStrengthens the hair fiber and redensifies the hair, with essential oils of cinnamon and bitter orange.<\/p>\n","protected":false},"featured_media":74431,"comment_status":"closed","ping_status":"closed","template":"","meta":[],"product_cat":[90],"product_tag":[],"class_list":["post-74430","product","type-product","status-publish","has-post-thumbnail","hentry","product_cat-cabelo"],"bundle_layout":"","bundled_by":[],"bundled_items":[],"yoast_head":"<!-- This site is optimized with the Yoast SEO plugin v26.3 - https:\/\/yoast.com\/wordpress\/plugins\/seo\/ -->\n<title>SHAMPOO &amp; CONDITIONER BAR STRENGTHENING \u2013 REVITALISE<\/title>\n<meta name=\"robots\" content=\"index, follow, max-snippet:-1, max-image-preview:large, max-video-preview:-1\" \/>\n<link rel=\"canonical\" href=\"https:\/\/www.biocabaz.pt\/web\/produto\/champo-solido-fortalecimento-anti-queda\/\" \/>\n<meta property=\"og:locale\" content=\"pt_PT\" \/>\n<meta property=\"og:locale:alternate\" content=\"pt_PT\" \/>\n<meta property=\"og:type\" content=\"article\" \/>\n<meta property=\"og:title\" content=\"SHAMPOO &amp; CONDITIONER BAR STRENGTHENING \u2013 REVITALISE\" \/>\n<meta property=\"og:description\" content=\"Conditioning shampoo formulated with 99% of ingredients of natural origin for weak hair, without density or with hair loss problems. With rice bran oil, concentrated phytonutrients, vitamins E and B, minerals (iron and zinc), antioxidants and CoQ10 that energize, moisturize and protect hair. Strengthens the hair fiber and redensifies the hair, with essential oils of cinnamon and bitter orange.\" \/>\n<meta property=\"og:url\" content=\"https:\/\/biocabaz.pt\/web\/en\/produto\/champo-solido-fortalecimento-anti-queda\/\" \/>\n<meta property=\"og:site_name\" content=\"CABAZES BIOL\u00d3GICOS\" \/>\n<meta property=\"article:modified_time\" content=\"2022-09-29T15:44:48+00:00\" \/>\n<meta property=\"og:image\" content=\"https:\/\/www.biocabaz.pt\/web\/wp-conteudos\/uploads\/2021\/08\/champo-solido-fortalecimento-anti-queda.jpg\" \/>\n\t<meta property=\"og:image:width\" content=\"800\" \/>\n\t<meta property=\"og:image:height\" content=\"1200\" \/>\n\t<meta property=\"og:image:type\" content=\"image\/jpeg\" \/>\n<meta name=\"twitter:card\" content=\"summary_large_image\" \/>\n<script type=\"application\/ld+json\" class=\"yoast-schema-graph\">{\"@context\":\"https:\/\/schema.org\",\"@graph\":[{\"@type\":\"WebPage\",\"@id\":\"https:\/\/www.biocabaz.pt\/web\/produto\/champo-solido-fortalecimento-anti-queda\/\",\"url\":\"https:\/\/www.biocabaz.pt\/web\/produto\/champo-solido-fortalecimento-anti-queda\/\",\"name\":\"SHAMPOO & CONDITIONER BAR STRENGTHENING \u2013 REVITALISE\",\"isPartOf\":{\"@id\":\"https:\/\/www.biocabaz.pt\/web\/#website\"},\"primaryImageOfPage\":{\"@id\":\"https:\/\/www.biocabaz.pt\/web\/produto\/champo-solido-fortalecimento-anti-queda\/#primaryimage\"},\"image\":{\"@id\":\"https:\/\/www.biocabaz.pt\/web\/produto\/champo-solido-fortalecimento-anti-queda\/#primaryimage\"},\"thumbnailUrl\":\"https:\/\/www.biocabaz.pt\/web\/wp-conteudos\/uploads\/2021\/08\/champo-solido-fortalecimento-anti-queda.jpg\",\"datePublished\":\"2021-08-20T15:57:32+00:00\",\"dateModified\":\"2022-09-29T15:44:48+00:00\",\"breadcrumb\":{\"@id\":\"https:\/\/www.biocabaz.pt\/web\/produto\/champo-solido-fortalecimento-anti-queda\/#breadcrumb\"},\"inLanguage\":\"pt-PT\",\"potentialAction\":[{\"@type\":\"ReadAction\",\"target\":[\"https:\/\/www.biocabaz.pt\/web\/produto\/champo-solido-fortalecimento-anti-queda\/\"]}]},{\"@type\":\"ImageObject\",\"inLanguage\":\"pt-PT\",\"@id\":\"https:\/\/www.biocabaz.pt\/web\/produto\/champo-solido-fortalecimento-anti-queda\/#primaryimage\",\"url\":\"https:\/\/www.biocabaz.pt\/web\/wp-conteudos\/uploads\/2021\/08\/champo-solido-fortalecimento-anti-queda.jpg\",\"contentUrl\":\"https:\/\/www.biocabaz.pt\/web\/wp-conteudos\/uploads\/2021\/08\/champo-solido-fortalecimento-anti-queda.jpg\",\"width\":800,\"height\":1200,\"caption\":\"CHAMP\u00d4 S\u00d3LIDO FORTALECIMENTO ANTI QUEDA\"},{\"@type\":\"BreadcrumbList\",\"@id\":\"https:\/\/www.biocabaz.pt\/web\/produto\/champo-solido-fortalecimento-anti-queda\/#breadcrumb\",\"itemListElement\":[{\"@type\":\"ListItem\",\"position\":1,\"name\":\"Home\",\"item\":\"https:\/\/www.biocabaz.pt\/web\/\"},{\"@type\":\"ListItem\",\"position\":2,\"name\":\"Loja\",\"item\":\"https:\/\/www.biocabaz.pt\/web\/shop\/\"},{\"@type\":\"ListItem\",\"position\":3,\"name\":\"CHAMP\u00d4 S\u00d3LIDO FORTALECIMENTO ANTI QUEDA\"}]},{\"@type\":\"WebSite\",\"@id\":\"https:\/\/www.biocabaz.pt\/web\/#website\",\"url\":\"https:\/\/www.biocabaz.pt\/web\/\",\"name\":\"CABAZES BIOL\u00d3GICOS\",\"description\":\"One+Number\",\"potentialAction\":[{\"@type\":\"SearchAction\",\"target\":{\"@type\":\"EntryPoint\",\"urlTemplate\":\"https:\/\/www.biocabaz.pt\/web\/?s={search_term_string}\"},\"query-input\":{\"@type\":\"PropertyValueSpecification\",\"valueRequired\":true,\"valueName\":\"search_term_string\"}}],\"inLanguage\":\"pt-PT\"}]}<\/script>\n<!-- \/ Yoast SEO plugin. -->","yoast_head_json":{"title":"SHAMPOO & CONDITIONER BAR STRENGTHENING \u2013 REVITALISE","robots":{"index":"index","follow":"follow","max-snippet":"max-snippet:-1","max-image-preview":"max-image-preview:large","max-video-preview":"max-video-preview:-1"},"canonical":"https:\/\/www.biocabaz.pt\/web\/produto\/champo-solido-fortalecimento-anti-queda\/","og_locale":"pt_PT","og_type":"article","og_title":"[:en]SHAMPOO & CONDITIONER BAR STRENGTHENING \u2013 REVITALISE[:pt]CHAMP\u00d4 S\u00d3LIDO FORTALECIMENTO ANTI QUEDA[:] - CABAZES BIOL\u00d3GICOS","og_description":"Conditioning shampoo formulated with 99% of ingredients of natural origin for weak hair, without density or with hair loss problems. With rice bran oil, concentrated phytonutrients, vitamins E and B, minerals (iron and zinc), antioxidants and CoQ10 that energize, moisturize and protect hair. Strengthens the hair fiber and redensifies the hair, with essential oils of cinnamon and bitter orange.","og_url":"https:\/\/biocabaz.pt\/web\/en\/produto\/champo-solido-fortalecimento-anti-queda\/","og_site_name":"CABAZES BIOL\u00d3GICOS","article_modified_time":"2022-09-29T15:44:48+00:00","og_image":[{"width":800,"height":1200,"url":"https:\/\/www.biocabaz.pt\/web\/wp-conteudos\/uploads\/2021\/08\/champo-solido-fortalecimento-anti-queda.jpg","type":"image\/jpeg"}],"twitter_card":"summary_large_image","schema":{"@context":"https:\/\/schema.org","@graph":[{"@type":"WebPage","@id":"https:\/\/www.biocabaz.pt\/web\/produto\/champo-solido-fortalecimento-anti-queda\/","url":"https:\/\/www.biocabaz.pt\/web\/produto\/champo-solido-fortalecimento-anti-queda\/","name":"SHAMPOO & CONDITIONER BAR STRENGTHENING \u2013 REVITALISE","isPartOf":{"@id":"https:\/\/www.biocabaz.pt\/web\/#website"},"primaryImageOfPage":{"@id":"https:\/\/www.biocabaz.pt\/web\/produto\/champo-solido-fortalecimento-anti-queda\/#primaryimage"},"image":{"@id":"https:\/\/www.biocabaz.pt\/web\/produto\/champo-solido-fortalecimento-anti-queda\/#primaryimage"},"thumbnailUrl":"https:\/\/www.biocabaz.pt\/web\/wp-conteudos\/uploads\/2021\/08\/champo-solido-fortalecimento-anti-queda.jpg","datePublished":"2021-08-20T15:57:32+00:00","dateModified":"2022-09-29T15:44:48+00:00","breadcrumb":{"@id":"https:\/\/www.biocabaz.pt\/web\/produto\/champo-solido-fortalecimento-anti-queda\/#breadcrumb"},"inLanguage":"pt-PT","potentialAction":[{"@type":"ReadAction","target":["https:\/\/www.biocabaz.pt\/web\/produto\/champo-solido-fortalecimento-anti-queda\/"]}]},{"@type":"ImageObject","inLanguage":"pt-PT","@id":"https:\/\/www.biocabaz.pt\/web\/produto\/champo-solido-fortalecimento-anti-queda\/#primaryimage","url":"https:\/\/www.biocabaz.pt\/web\/wp-conteudos\/uploads\/2021\/08\/champo-solido-fortalecimento-anti-queda.jpg","contentUrl":"https:\/\/www.biocabaz.pt\/web\/wp-conteudos\/uploads\/2021\/08\/champo-solido-fortalecimento-anti-queda.jpg","width":800,"height":1200,"caption":"CHAMP\u00d4 S\u00d3LIDO FORTALECIMENTO ANTI QUEDA"},{"@type":"BreadcrumbList","@id":"https:\/\/www.biocabaz.pt\/web\/produto\/champo-solido-fortalecimento-anti-queda\/#breadcrumb","itemListElement":[{"@type":"ListItem","position":1,"name":"Home","item":"https:\/\/www.biocabaz.pt\/web\/"},{"@type":"ListItem","position":2,"name":"Loja","item":"https:\/\/www.biocabaz.pt\/web\/shop\/"},{"@type":"ListItem","position":3,"name":"CHAMP\u00d4 S\u00d3LIDO FORTALECIMENTO ANTI QUEDA"}]},{"@type":"WebSite","@id":"https:\/\/www.biocabaz.pt\/web\/#website","url":"https:\/\/www.biocabaz.pt\/web\/","name":"CABAZES BIOL\u00d3GICOS","description":"One+Number","potentialAction":[{"@type":"SearchAction","target":{"@type":"EntryPoint","urlTemplate":"https:\/\/www.biocabaz.pt\/web\/?s={search_term_string}"},"query-input":{"@type":"PropertyValueSpecification","valueRequired":true,"valueName":"search_term_string"}}],"inLanguage":"pt-PT"}]}},"_links":{"self":[{"href":"https:\/\/biocabaz.pt\/web\/en\/wp-json\/wp\/v2\/product\/74430","targetHints":{"allow":["GET"]}}],"collection":[{"href":"https:\/\/biocabaz.pt\/web\/en\/wp-json\/wp\/v2\/product"}],"about":[{"href":"https:\/\/biocabaz.pt\/web\/en\/wp-json\/wp\/v2\/types\/product"}],"replies":[{"embeddable":true,"href":"https:\/\/biocabaz.pt\/web\/en\/wp-json\/wp\/v2\/comments?post=74430"}],"wp:featuredmedia":[{"embeddable":true,"href":"https:\/\/biocabaz.pt\/web\/en\/wp-json\/wp\/v2\/media\/74431"}],"wp:attachment":[{"href":"https:\/\/biocabaz.pt\/web\/en\/wp-json\/wp\/v2\/media?parent=74430"}],"wp:term":[{"taxonomy":"product_cat","embeddable":true,"href":"https:\/\/biocabaz.pt\/web\/en\/wp-json\/wp\/v2\/product_cat?post=74430"},{"taxonomy":"product_tag","embeddable":true,"href":"https:\/\/biocabaz.pt\/web\/en\/wp-json\/wp\/v2\/product_tag?post=74430"}],"curies":[{"name":"wp","href":"https:\/\/api.w.org\/{rel}","templated":true}]}}