{"id":74427,"date":"2021-08-20T15:55:36","date_gmt":"2021-08-20T15:55:36","guid":{"rendered":"https:\/\/www.biocabaz.pt\/web\/?post_type=product&#038;p=74427"},"modified":"2022-09-29T15:45:05","modified_gmt":"2022-09-29T15:45:05","slug":"champo-solido-nutricao","status":"publish","type":"product","link":"https:\/\/biocabaz.pt\/web\/en\/produto\/champo-solido-nutricao\/","title":{"rendered":"SHAMPOO &#038; CONDITIONER BAR NOURISHING \u2013 ANTI-FRIZZ"},"content":{"rendered":"","protected":false},"excerpt":{"rendered":"<p>Conditioning shampoo formulated with 99% natural ingredients for dry, damaged and lifeless hair.<br \/>\nArgan oil, highly concentrated in oleic acid and vitamins E and A, nourishes and revitalizes the hair fiber, repairing damaged and brittle hair.<br \/>\nHair regains its natural shine and vitality. With honey aroma of natural origin.<\/p>\n","protected":false},"featured_media":74428,"comment_status":"closed","ping_status":"closed","template":"","meta":[],"product_cat":[90],"product_tag":[],"class_list":["post-74427","product","type-product","status-publish","has-post-thumbnail","hentry","product_cat-cabelo"],"bundle_layout":"","bundled_by":[],"bundled_items":[],"yoast_head":"<!-- This site is optimized with the Yoast SEO plugin v26.3 - https:\/\/yoast.com\/wordpress\/plugins\/seo\/ -->\n<title>SHAMPOO &amp; CONDITIONER BAR NOURISHING \u2013 ANTI-FRIZZ<\/title>\n<meta name=\"robots\" content=\"index, follow, max-snippet:-1, max-image-preview:large, max-video-preview:-1\" \/>\n<link rel=\"canonical\" href=\"https:\/\/www.biocabaz.pt\/web\/en\/produto\/champo-solido-nutricao\/\" \/>\n<meta property=\"og:locale\" content=\"pt_PT\" \/>\n<meta property=\"og:locale:alternate\" content=\"pt_PT\" \/>\n<meta property=\"og:type\" content=\"article\" \/>\n<meta property=\"og:title\" content=\"SHAMPOO &amp; CONDITIONER BAR NOURISHING \u2013 ANTI-FRIZZ\" \/>\n<meta property=\"og:description\" content=\"Conditioning shampoo formulated with 99% natural ingredients for dry, damaged and lifeless hair. Argan oil, highly concentrated in oleic acid and vitamins E and A, nourishes and revitalizes the hair fiber, repairing damaged and brittle hair. Hair regains its natural shine and vitality. With honey aroma of natural origin.\" \/>\n<meta property=\"og:url\" content=\"https:\/\/biocabaz.pt\/web\/en\/produto\/champo-solido-nutricao\/\" \/>\n<meta property=\"og:site_name\" content=\"CABAZES BIOL\u00d3GICOS\" \/>\n<meta property=\"article:modified_time\" content=\"2022-09-29T15:45:05+00:00\" \/>\n<meta property=\"og:image\" content=\"https:\/\/www.biocabaz.pt\/web\/wp-conteudos\/uploads\/2021\/08\/champo-solido-nutricao.jpg\" \/>\n\t<meta property=\"og:image:width\" content=\"800\" \/>\n\t<meta property=\"og:image:height\" content=\"1200\" \/>\n\t<meta property=\"og:image:type\" content=\"image\/jpeg\" \/>\n<meta name=\"twitter:card\" content=\"summary_large_image\" \/>\n<script type=\"application\/ld+json\" class=\"yoast-schema-graph\">{\"@context\":\"https:\/\/schema.org\",\"@graph\":[{\"@type\":\"WebPage\",\"@id\":\"https:\/\/www.biocabaz.pt\/web\/en\/produto\/champo-solido-nutricao\/\",\"url\":\"https:\/\/www.biocabaz.pt\/web\/en\/produto\/champo-solido-nutricao\/\",\"name\":\"SHAMPOO & CONDITIONER BAR NOURISHING \u2013 ANTI-FRIZZ\",\"isPartOf\":{\"@id\":\"https:\/\/www.biocabaz.pt\/web\/#website\"},\"primaryImageOfPage\":{\"@id\":\"https:\/\/www.biocabaz.pt\/web\/en\/produto\/champo-solido-nutricao\/#primaryimage\"},\"image\":{\"@id\":\"https:\/\/www.biocabaz.pt\/web\/en\/produto\/champo-solido-nutricao\/#primaryimage\"},\"thumbnailUrl\":\"https:\/\/www.biocabaz.pt\/web\/wp-conteudos\/uploads\/2021\/08\/champo-solido-nutricao.jpg\",\"datePublished\":\"2021-08-20T15:55:36+00:00\",\"dateModified\":\"2022-09-29T15:45:05+00:00\",\"breadcrumb\":{\"@id\":\"https:\/\/www.biocabaz.pt\/web\/en\/produto\/champo-solido-nutricao\/#breadcrumb\"},\"inLanguage\":\"pt-PT\",\"potentialAction\":[{\"@type\":\"ReadAction\",\"target\":[\"https:\/\/www.biocabaz.pt\/web\/en\/produto\/champo-solido-nutricao\/\"]}]},{\"@type\":\"ImageObject\",\"inLanguage\":\"pt-PT\",\"@id\":\"https:\/\/www.biocabaz.pt\/web\/en\/produto\/champo-solido-nutricao\/#primaryimage\",\"url\":\"https:\/\/www.biocabaz.pt\/web\/wp-conteudos\/uploads\/2021\/08\/champo-solido-nutricao.jpg\",\"contentUrl\":\"https:\/\/www.biocabaz.pt\/web\/wp-conteudos\/uploads\/2021\/08\/champo-solido-nutricao.jpg\",\"width\":800,\"height\":1200,\"caption\":\"CHAMP\u00d4 S\u00d3LIDO NUTRI\u00c7\u00c3O\"},{\"@type\":\"BreadcrumbList\",\"@id\":\"https:\/\/www.biocabaz.pt\/web\/en\/produto\/champo-solido-nutricao\/#breadcrumb\",\"itemListElement\":[{\"@type\":\"ListItem\",\"position\":1,\"name\":\"Home\",\"item\":\"https:\/\/www.biocabaz.pt\/web\/\"},{\"@type\":\"ListItem\",\"position\":2,\"name\":\"Loja\",\"item\":\"https:\/\/www.biocabaz.pt\/web\/shop\/\"},{\"@type\":\"ListItem\",\"position\":3,\"name\":\"SHAMPOO &#038; CONDITIONER BAR NOURISHING \u2013 ANTI-FRIZZ\"}]},{\"@type\":\"WebSite\",\"@id\":\"https:\/\/www.biocabaz.pt\/web\/#website\",\"url\":\"https:\/\/www.biocabaz.pt\/web\/\",\"name\":\"CABAZES BIOL\u00d3GICOS\",\"description\":\"One+Number\",\"potentialAction\":[{\"@type\":\"SearchAction\",\"target\":{\"@type\":\"EntryPoint\",\"urlTemplate\":\"https:\/\/www.biocabaz.pt\/web\/?s={search_term_string}\"},\"query-input\":{\"@type\":\"PropertyValueSpecification\",\"valueRequired\":true,\"valueName\":\"search_term_string\"}}],\"inLanguage\":\"pt-PT\"}]}<\/script>\n<!-- \/ Yoast SEO plugin. -->","yoast_head_json":{"title":"SHAMPOO & CONDITIONER BAR NOURISHING \u2013 ANTI-FRIZZ","robots":{"index":"index","follow":"follow","max-snippet":"max-snippet:-1","max-image-preview":"max-image-preview:large","max-video-preview":"max-video-preview:-1"},"canonical":"https:\/\/www.biocabaz.pt\/web\/en\/produto\/champo-solido-nutricao\/","og_locale":"pt_PT","og_type":"article","og_title":"[:en]SHAMPOO & CONDITIONER BAR NOURISHING \u2013 ANTI-FRIZZ[:pt]CHAMP\u00d4 S\u00d3LIDO NUTRI\u00c7\u00c3O[:] - CABAZES BIOL\u00d3GICOS","og_description":"Conditioning shampoo formulated with 99% natural ingredients for dry, damaged and lifeless hair. Argan oil, highly concentrated in oleic acid and vitamins E and A, nourishes and revitalizes the hair fiber, repairing damaged and brittle hair. Hair regains its natural shine and vitality. With honey aroma of natural origin.","og_url":"https:\/\/biocabaz.pt\/web\/en\/produto\/champo-solido-nutricao\/","og_site_name":"CABAZES BIOL\u00d3GICOS","article_modified_time":"2022-09-29T15:45:05+00:00","og_image":[{"width":800,"height":1200,"url":"https:\/\/www.biocabaz.pt\/web\/wp-conteudos\/uploads\/2021\/08\/champo-solido-nutricao.jpg","type":"image\/jpeg"}],"twitter_card":"summary_large_image","schema":{"@context":"https:\/\/schema.org","@graph":[{"@type":"WebPage","@id":"https:\/\/www.biocabaz.pt\/web\/en\/produto\/champo-solido-nutricao\/","url":"https:\/\/www.biocabaz.pt\/web\/en\/produto\/champo-solido-nutricao\/","name":"SHAMPOO & CONDITIONER BAR NOURISHING \u2013 ANTI-FRIZZ","isPartOf":{"@id":"https:\/\/www.biocabaz.pt\/web\/#website"},"primaryImageOfPage":{"@id":"https:\/\/www.biocabaz.pt\/web\/en\/produto\/champo-solido-nutricao\/#primaryimage"},"image":{"@id":"https:\/\/www.biocabaz.pt\/web\/en\/produto\/champo-solido-nutricao\/#primaryimage"},"thumbnailUrl":"https:\/\/www.biocabaz.pt\/web\/wp-conteudos\/uploads\/2021\/08\/champo-solido-nutricao.jpg","datePublished":"2021-08-20T15:55:36+00:00","dateModified":"2022-09-29T15:45:05+00:00","breadcrumb":{"@id":"https:\/\/www.biocabaz.pt\/web\/en\/produto\/champo-solido-nutricao\/#breadcrumb"},"inLanguage":"pt-PT","potentialAction":[{"@type":"ReadAction","target":["https:\/\/www.biocabaz.pt\/web\/en\/produto\/champo-solido-nutricao\/"]}]},{"@type":"ImageObject","inLanguage":"pt-PT","@id":"https:\/\/www.biocabaz.pt\/web\/en\/produto\/champo-solido-nutricao\/#primaryimage","url":"https:\/\/www.biocabaz.pt\/web\/wp-conteudos\/uploads\/2021\/08\/champo-solido-nutricao.jpg","contentUrl":"https:\/\/www.biocabaz.pt\/web\/wp-conteudos\/uploads\/2021\/08\/champo-solido-nutricao.jpg","width":800,"height":1200,"caption":"CHAMP\u00d4 S\u00d3LIDO NUTRI\u00c7\u00c3O"},{"@type":"BreadcrumbList","@id":"https:\/\/www.biocabaz.pt\/web\/en\/produto\/champo-solido-nutricao\/#breadcrumb","itemListElement":[{"@type":"ListItem","position":1,"name":"Home","item":"https:\/\/www.biocabaz.pt\/web\/"},{"@type":"ListItem","position":2,"name":"Loja","item":"https:\/\/www.biocabaz.pt\/web\/shop\/"},{"@type":"ListItem","position":3,"name":"SHAMPOO &#038; CONDITIONER BAR NOURISHING \u2013 ANTI-FRIZZ"}]},{"@type":"WebSite","@id":"https:\/\/www.biocabaz.pt\/web\/#website","url":"https:\/\/www.biocabaz.pt\/web\/","name":"CABAZES BIOL\u00d3GICOS","description":"One+Number","potentialAction":[{"@type":"SearchAction","target":{"@type":"EntryPoint","urlTemplate":"https:\/\/www.biocabaz.pt\/web\/?s={search_term_string}"},"query-input":{"@type":"PropertyValueSpecification","valueRequired":true,"valueName":"search_term_string"}}],"inLanguage":"pt-PT"}]}},"_links":{"self":[{"href":"https:\/\/biocabaz.pt\/web\/en\/wp-json\/wp\/v2\/product\/74427","targetHints":{"allow":["GET"]}}],"collection":[{"href":"https:\/\/biocabaz.pt\/web\/en\/wp-json\/wp\/v2\/product"}],"about":[{"href":"https:\/\/biocabaz.pt\/web\/en\/wp-json\/wp\/v2\/types\/product"}],"replies":[{"embeddable":true,"href":"https:\/\/biocabaz.pt\/web\/en\/wp-json\/wp\/v2\/comments?post=74427"}],"wp:featuredmedia":[{"embeddable":true,"href":"https:\/\/biocabaz.pt\/web\/en\/wp-json\/wp\/v2\/media\/74428"}],"wp:attachment":[{"href":"https:\/\/biocabaz.pt\/web\/en\/wp-json\/wp\/v2\/media?parent=74427"}],"wp:term":[{"taxonomy":"product_cat","embeddable":true,"href":"https:\/\/biocabaz.pt\/web\/en\/wp-json\/wp\/v2\/product_cat?post=74427"},{"taxonomy":"product_tag","embeddable":true,"href":"https:\/\/biocabaz.pt\/web\/en\/wp-json\/wp\/v2\/product_tag?post=74427"}],"curies":[{"name":"wp","href":"https:\/\/api.w.org\/{rel}","templated":true}]}}