{"id":74411,"date":"2021-08-20T15:36:35","date_gmt":"2021-08-20T15:36:35","guid":{"rendered":"https:\/\/www.biocabaz.pt\/web\/?post_type=product&#038;p=74411"},"modified":"2023-04-17T12:11:52","modified_gmt":"2023-04-17T12:11:52","slug":"serum-reestruturador-reparacao-e-forca","status":"publish","type":"product","link":"https:\/\/biocabaz.pt\/web\/en\/produto\/serum-reestruturador-reparacao-e-forca\/","title":{"rendered":"REPAIRS &#038; STRENGTHENS RESTRUCTURING SERUM"},"content":{"rendered":"","protected":false},"excerpt":{"rendered":"<p>Treatment formulated with 99% ingredients of natural origin. its active ingredients act directly on the hair root to strengthen it and provide extra volume.<br \/>\nBaobab extract: multi-active anti-aging. Nourishes and protects. Conditioner of natural origin that provides vitality, shine and volume.<br \/>\nBIO Sunflower Seed Extract: natural regenerator and sealer for split ends.<br \/>\nWheat Protein Hydrolysate: Provides strength and reduces hair breakage.<br \/>\nBetaine of natural origin: deeply hydrates, providing shine and smoothness.<\/p>\n","protected":false},"featured_media":74412,"comment_status":"closed","ping_status":"closed","template":"","meta":[],"product_cat":[90],"product_tag":[],"class_list":["post-74411","product","type-product","status-publish","has-post-thumbnail","hentry","product_cat-cabelo"],"bundle_layout":"","bundled_by":[],"bundled_items":[],"yoast_head":"<!-- This site is optimized with the Yoast SEO plugin v26.3 - https:\/\/yoast.com\/wordpress\/plugins\/seo\/ -->\n<title>REPAIRS &amp; STRENGTHENS RESTRUCTURING SERUM<\/title>\n<meta name=\"robots\" content=\"index, follow, max-snippet:-1, max-image-preview:large, max-video-preview:-1\" \/>\n<link rel=\"canonical\" href=\"https:\/\/biocabaz.pt\/web\/en\/produto\/serum-reestruturador-reparacao-e-forca\/\" \/>\n<meta property=\"og:locale\" content=\"pt_PT\" \/>\n<meta property=\"og:locale:alternate\" content=\"pt_PT\" \/>\n<meta property=\"og:type\" content=\"article\" \/>\n<meta property=\"og:title\" content=\"REPAIRS &amp; STRENGTHENS RESTRUCTURING SERUM\" \/>\n<meta property=\"og:description\" content=\"Treatment formulated with 99% ingredients of natural origin. its active ingredients act directly on the hair root to strengthen it and provide extra volume. Baobab extract: multi-active anti-aging. Nourishes and protects. Conditioner of natural origin that provides vitality, shine and volume. BIO Sunflower Seed Extract: natural regenerator and sealer for split ends. Wheat Protein Hydrolysate: Provides strength and reduces hair breakage. Betaine of natural origin: deeply hydrates, providing shine and smoothness.\" \/>\n<meta property=\"og:url\" content=\"https:\/\/biocabaz.pt\/web\/en\/produto\/serum-reestruturador-reparacao-e-forca\/\" \/>\n<meta property=\"og:site_name\" content=\"CABAZES BIOL\u00d3GICOS\" \/>\n<meta property=\"article:modified_time\" content=\"2023-04-17T12:11:52+00:00\" \/>\n<meta property=\"og:image\" content=\"https:\/\/www.biocabaz.pt\/web\/wp-conteudos\/uploads\/2021\/08\/serum-reestruturador-reparacao-e-forca.jpg\" \/>\n\t<meta property=\"og:image:width\" content=\"700\" \/>\n\t<meta property=\"og:image:height\" content=\"1600\" \/>\n\t<meta property=\"og:image:type\" content=\"image\/jpeg\" \/>\n<meta name=\"twitter:card\" content=\"summary_large_image\" \/>\n<script type=\"application\/ld+json\" class=\"yoast-schema-graph\">{\"@context\":\"https:\/\/schema.org\",\"@graph\":[{\"@type\":\"WebPage\",\"@id\":\"https:\/\/biocabaz.pt\/web\/en\/produto\/serum-reestruturador-reparacao-e-forca\/\",\"url\":\"https:\/\/biocabaz.pt\/web\/en\/produto\/serum-reestruturador-reparacao-e-forca\/\",\"name\":\"REPAIRS & STRENGTHENS RESTRUCTURING SERUM\",\"isPartOf\":{\"@id\":\"https:\/\/biocabaz.pt\/web\/#website\"},\"primaryImageOfPage\":{\"@id\":\"https:\/\/biocabaz.pt\/web\/en\/produto\/serum-reestruturador-reparacao-e-forca\/#primaryimage\"},\"image\":{\"@id\":\"https:\/\/biocabaz.pt\/web\/en\/produto\/serum-reestruturador-reparacao-e-forca\/#primaryimage\"},\"thumbnailUrl\":\"https:\/\/www.biocabaz.pt\/web\/wp-conteudos\/uploads\/2021\/08\/serum-reestruturador-reparacao-e-forca.jpg\",\"datePublished\":\"2021-08-20T15:36:35+00:00\",\"dateModified\":\"2023-04-17T12:11:52+00:00\",\"breadcrumb\":{\"@id\":\"https:\/\/biocabaz.pt\/web\/en\/produto\/serum-reestruturador-reparacao-e-forca\/#breadcrumb\"},\"inLanguage\":\"pt-PT\",\"potentialAction\":[{\"@type\":\"ReadAction\",\"target\":[\"https:\/\/biocabaz.pt\/web\/en\/produto\/serum-reestruturador-reparacao-e-forca\/\"]}]},{\"@type\":\"ImageObject\",\"inLanguage\":\"pt-PT\",\"@id\":\"https:\/\/biocabaz.pt\/web\/en\/produto\/serum-reestruturador-reparacao-e-forca\/#primaryimage\",\"url\":\"https:\/\/www.biocabaz.pt\/web\/wp-conteudos\/uploads\/2021\/08\/serum-reestruturador-reparacao-e-forca.jpg\",\"contentUrl\":\"https:\/\/www.biocabaz.pt\/web\/wp-conteudos\/uploads\/2021\/08\/serum-reestruturador-reparacao-e-forca.jpg\",\"width\":700,\"height\":1600,\"caption\":\"S\u00c9RUM REESTRUTURADOR REPARA\u00c7\u00c3O E FOR\u00c7A\"},{\"@type\":\"BreadcrumbList\",\"@id\":\"https:\/\/biocabaz.pt\/web\/en\/produto\/serum-reestruturador-reparacao-e-forca\/#breadcrumb\",\"itemListElement\":[{\"@type\":\"ListItem\",\"position\":1,\"name\":\"Home\",\"item\":\"https:\/\/biocabaz.pt\/web\/\"},{\"@type\":\"ListItem\",\"position\":2,\"name\":\"Loja\",\"item\":\"https:\/\/biocabaz.pt\/web\/shop\/\"},{\"@type\":\"ListItem\",\"position\":3,\"name\":\"REPAIRS &#038; STRENGTHENS RESTRUCTURING SERUM\"}]},{\"@type\":\"WebSite\",\"@id\":\"https:\/\/biocabaz.pt\/web\/#website\",\"url\":\"https:\/\/biocabaz.pt\/web\/\",\"name\":\"CABAZES BIOL\u00d3GICOS\",\"description\":\"One+Number\",\"potentialAction\":[{\"@type\":\"SearchAction\",\"target\":{\"@type\":\"EntryPoint\",\"urlTemplate\":\"https:\/\/biocabaz.pt\/web\/?s={search_term_string}\"},\"query-input\":{\"@type\":\"PropertyValueSpecification\",\"valueRequired\":true,\"valueName\":\"search_term_string\"}}],\"inLanguage\":\"pt-PT\"}]}<\/script>\n<!-- \/ Yoast SEO plugin. -->","yoast_head_json":{"title":"REPAIRS & STRENGTHENS RESTRUCTURING SERUM","robots":{"index":"index","follow":"follow","max-snippet":"max-snippet:-1","max-image-preview":"max-image-preview:large","max-video-preview":"max-video-preview:-1"},"canonical":"https:\/\/biocabaz.pt\/web\/en\/produto\/serum-reestruturador-reparacao-e-forca\/","og_locale":"pt_PT","og_type":"article","og_title":"[:en]REPAIRS & STRENGTHENS RESTRUCTURING SERUM[:pt]S\u00c9RUM REESTRUTURADOR REPARA\u00c7\u00c3O E FOR\u00c7A[:] - CABAZES BIOL\u00d3GICOS","og_description":"Treatment formulated with 99% ingredients of natural origin. its active ingredients act directly on the hair root to strengthen it and provide extra volume. Baobab extract: multi-active anti-aging. Nourishes and protects. Conditioner of natural origin that provides vitality, shine and volume. BIO Sunflower Seed Extract: natural regenerator and sealer for split ends. Wheat Protein Hydrolysate: Provides strength and reduces hair breakage. Betaine of natural origin: deeply hydrates, providing shine and smoothness.","og_url":"https:\/\/biocabaz.pt\/web\/en\/produto\/serum-reestruturador-reparacao-e-forca\/","og_site_name":"CABAZES BIOL\u00d3GICOS","article_modified_time":"2023-04-17T12:11:52+00:00","og_image":[{"width":700,"height":1600,"url":"https:\/\/www.biocabaz.pt\/web\/wp-conteudos\/uploads\/2021\/08\/serum-reestruturador-reparacao-e-forca.jpg","type":"image\/jpeg"}],"twitter_card":"summary_large_image","schema":{"@context":"https:\/\/schema.org","@graph":[{"@type":"WebPage","@id":"https:\/\/biocabaz.pt\/web\/en\/produto\/serum-reestruturador-reparacao-e-forca\/","url":"https:\/\/biocabaz.pt\/web\/en\/produto\/serum-reestruturador-reparacao-e-forca\/","name":"REPAIRS & STRENGTHENS RESTRUCTURING SERUM","isPartOf":{"@id":"https:\/\/biocabaz.pt\/web\/#website"},"primaryImageOfPage":{"@id":"https:\/\/biocabaz.pt\/web\/en\/produto\/serum-reestruturador-reparacao-e-forca\/#primaryimage"},"image":{"@id":"https:\/\/biocabaz.pt\/web\/en\/produto\/serum-reestruturador-reparacao-e-forca\/#primaryimage"},"thumbnailUrl":"https:\/\/www.biocabaz.pt\/web\/wp-conteudos\/uploads\/2021\/08\/serum-reestruturador-reparacao-e-forca.jpg","datePublished":"2021-08-20T15:36:35+00:00","dateModified":"2023-04-17T12:11:52+00:00","breadcrumb":{"@id":"https:\/\/biocabaz.pt\/web\/en\/produto\/serum-reestruturador-reparacao-e-forca\/#breadcrumb"},"inLanguage":"pt-PT","potentialAction":[{"@type":"ReadAction","target":["https:\/\/biocabaz.pt\/web\/en\/produto\/serum-reestruturador-reparacao-e-forca\/"]}]},{"@type":"ImageObject","inLanguage":"pt-PT","@id":"https:\/\/biocabaz.pt\/web\/en\/produto\/serum-reestruturador-reparacao-e-forca\/#primaryimage","url":"https:\/\/www.biocabaz.pt\/web\/wp-conteudos\/uploads\/2021\/08\/serum-reestruturador-reparacao-e-forca.jpg","contentUrl":"https:\/\/www.biocabaz.pt\/web\/wp-conteudos\/uploads\/2021\/08\/serum-reestruturador-reparacao-e-forca.jpg","width":700,"height":1600,"caption":"S\u00c9RUM REESTRUTURADOR REPARA\u00c7\u00c3O E FOR\u00c7A"},{"@type":"BreadcrumbList","@id":"https:\/\/biocabaz.pt\/web\/en\/produto\/serum-reestruturador-reparacao-e-forca\/#breadcrumb","itemListElement":[{"@type":"ListItem","position":1,"name":"Home","item":"https:\/\/biocabaz.pt\/web\/"},{"@type":"ListItem","position":2,"name":"Loja","item":"https:\/\/biocabaz.pt\/web\/shop\/"},{"@type":"ListItem","position":3,"name":"REPAIRS &#038; STRENGTHENS RESTRUCTURING SERUM"}]},{"@type":"WebSite","@id":"https:\/\/biocabaz.pt\/web\/#website","url":"https:\/\/biocabaz.pt\/web\/","name":"CABAZES BIOL\u00d3GICOS","description":"One+Number","potentialAction":[{"@type":"SearchAction","target":{"@type":"EntryPoint","urlTemplate":"https:\/\/biocabaz.pt\/web\/?s={search_term_string}"},"query-input":{"@type":"PropertyValueSpecification","valueRequired":true,"valueName":"search_term_string"}}],"inLanguage":"pt-PT"}]}},"_links":{"self":[{"href":"https:\/\/biocabaz.pt\/web\/en\/wp-json\/wp\/v2\/product\/74411","targetHints":{"allow":["GET"]}}],"collection":[{"href":"https:\/\/biocabaz.pt\/web\/en\/wp-json\/wp\/v2\/product"}],"about":[{"href":"https:\/\/biocabaz.pt\/web\/en\/wp-json\/wp\/v2\/types\/product"}],"replies":[{"embeddable":true,"href":"https:\/\/biocabaz.pt\/web\/en\/wp-json\/wp\/v2\/comments?post=74411"}],"wp:featuredmedia":[{"embeddable":true,"href":"https:\/\/biocabaz.pt\/web\/en\/wp-json\/wp\/v2\/media\/74412"}],"wp:attachment":[{"href":"https:\/\/biocabaz.pt\/web\/en\/wp-json\/wp\/v2\/media?parent=74411"}],"wp:term":[{"taxonomy":"product_cat","embeddable":true,"href":"https:\/\/biocabaz.pt\/web\/en\/wp-json\/wp\/v2\/product_cat?post=74411"},{"taxonomy":"product_tag","embeddable":true,"href":"https:\/\/biocabaz.pt\/web\/en\/wp-json\/wp\/v2\/product_tag?post=74411"}],"curies":[{"name":"wp","href":"https:\/\/api.w.org\/{rel}","templated":true}]}}