{"id":70638,"date":"2021-06-06T15:58:31","date_gmt":"2021-06-06T15:58:31","guid":{"rendered":"https:\/\/www.biocabaz.pt\/web\/?post_type=product&#038;p=70638"},"modified":"2023-12-29T08:23:26","modified_gmt":"2023-12-29T08:23:26","slug":"arroz-vermelho-integral-selvagem-bio-500g","status":"publish","type":"product","link":"https:\/\/biocabaz.pt\/web\/en\/produto\/arroz-vermelho-integral-selvagem-bio-500g\/","title":{"rendered":"WHOLE GRAIN RED RICE 500G"},"content":{"rendered":"<p><strong>DESCRI\u00c7\u00c3O<\/strong><br \/>\nArroz Vermelho Integral Biol\u00f3gico- Selvagem, de produ\u00e7\u00e3o biol\u00f3gica, Agricultura EU, PT-BIO-04. \u00c9 um arroz de gr\u00e3o curto de cor castanho-avermelhado, temsabor e aroma muito pr\u00f3prio que lembra os cogumelos selvagens. Fonte de Fibra.<\/p>\n<p><strong>DADOS NUTRICIONAIS<\/strong><br \/>\nDeclara\u00e7\u00e3o Nutricional por 100g: Energia 1530kJ\/360kcal; L\u00edpidos-3,0g, dos quais saturados-0,6g; Hidratos de Carbono-72,0, dos quais a\u00e7\u00facares-0,5g; Fibra- 4,2g, Prote\u00ednas-9,5; Sal-0,01g<\/p>\n","protected":false},"excerpt":{"rendered":"<p>Ingredients: Red rice from organic production. PT-BIO-04 Origin: non-EU. It is a short grain rice with a reddish-brown color, it has a very unique flavor and aroma, reminiscent of wild mushrooms.<br \/><b>Use Mode:<\/b> Wash the rice and cook in twice the amount of water for 45 minutes. Ideal for giving a colorful tone to your meals, for exotic dishes or salads. Store in a cool, dry place.<br \/><b>Nutritional Information:<\/b> Nutritional Information per 100g\/ml: Energy &#8211; 1530kJ\/361kcal; Lipids &#8211; 3g, of which saturated &#8211; 0.6g; Carbohydrates &#8211; 72, of which sugars &#8211; 0.5g; Fiber &#8211; 4.2g, Proteins &#8211; 9.5g; Salt \u2013 0.01g<\/p>\n","protected":false},"featured_media":70639,"comment_status":"closed","ping_status":"closed","template":"","meta":[],"product_cat":[22],"product_tag":[],"class_list":["post-70638","product","type-product","status-publish","has-post-thumbnail","hentry","product_cat-arroz-farinha"],"bundle_layout":"","bundled_by":[],"bundled_items":[],"yoast_head":"<!-- This site is optimized with the Yoast SEO plugin v26.3 - https:\/\/yoast.com\/wordpress\/plugins\/seo\/ -->\n<title>WHOLE GRAIN RED RICE 500G<\/title>\n<meta name=\"robots\" content=\"index, follow, max-snippet:-1, max-image-preview:large, max-video-preview:-1\" \/>\n<link rel=\"canonical\" href=\"https:\/\/www.biocabaz.pt\/web\/en\/produto\/arroz-vermelho-integral-selvagem-bio-500g\/\" \/>\n<meta property=\"og:locale\" content=\"pt_PT\" \/>\n<meta property=\"og:locale:alternate\" content=\"pt_PT\" \/>\n<meta property=\"og:type\" content=\"article\" \/>\n<meta property=\"og:title\" content=\"WHOLE GRAIN RED RICE 500G\" \/>\n<meta property=\"og:description\" content=\"Ingredients: Red rice from organic production. PT-BIO-04 Origin: non-EU. It is a short grain rice with a reddish-brown color, it has a very unique flavor and aroma, reminiscent of wild mushrooms.Use Mode: Wash the rice and cook in twice the amount of water for 45 minutes. Ideal for giving a colorful tone to your meals, for exotic dishes or salads. Store in a cool, dry place.Nutritional Information: Nutritional Information per 100g\/ml: Energy - 1530kJ\/361kcal; Lipids - 3g, of which saturated - 0.6g; Carbohydrates - 72, of which sugars - 0.5g; Fiber - 4.2g, Proteins - 9.5g; Salt \u2013 0.01g\" \/>\n<meta property=\"og:url\" content=\"https:\/\/biocabaz.pt\/web\/en\/produto\/arroz-vermelho-integral-selvagem-bio-500g\/\" \/>\n<meta property=\"og:site_name\" content=\"CABAZES BIOL\u00d3GICOS\" \/>\n<meta property=\"article:modified_time\" content=\"2023-12-29T08:23:26+00:00\" \/>\n<meta property=\"og:image\" content=\"https:\/\/www.biocabaz.pt\/web\/wp-conteudos\/uploads\/2021\/06\/arroz-vermelho-integral-selvagem-bio-500g.jpg\" \/>\n\t<meta property=\"og:image:width\" content=\"326\" \/>\n\t<meta property=\"og:image:height\" content=\"300\" \/>\n\t<meta property=\"og:image:type\" content=\"image\/jpeg\" \/>\n<meta name=\"twitter:card\" content=\"summary_large_image\" \/>\n<script type=\"application\/ld+json\" class=\"yoast-schema-graph\">{\"@context\":\"https:\/\/schema.org\",\"@graph\":[{\"@type\":\"WebPage\",\"@id\":\"https:\/\/www.biocabaz.pt\/web\/en\/produto\/arroz-vermelho-integral-selvagem-bio-500g\/\",\"url\":\"https:\/\/www.biocabaz.pt\/web\/en\/produto\/arroz-vermelho-integral-selvagem-bio-500g\/\",\"name\":\"WHOLE GRAIN RED RICE 500G\",\"isPartOf\":{\"@id\":\"https:\/\/www.biocabaz.pt\/web\/#website\"},\"primaryImageOfPage\":{\"@id\":\"https:\/\/www.biocabaz.pt\/web\/en\/produto\/arroz-vermelho-integral-selvagem-bio-500g\/#primaryimage\"},\"image\":{\"@id\":\"https:\/\/www.biocabaz.pt\/web\/en\/produto\/arroz-vermelho-integral-selvagem-bio-500g\/#primaryimage\"},\"thumbnailUrl\":\"https:\/\/www.biocabaz.pt\/web\/wp-conteudos\/uploads\/2021\/06\/arroz-vermelho-integral-selvagem-bio-500g.jpg\",\"datePublished\":\"2021-06-06T15:58:31+00:00\",\"dateModified\":\"2023-12-29T08:23:26+00:00\",\"breadcrumb\":{\"@id\":\"https:\/\/www.biocabaz.pt\/web\/en\/produto\/arroz-vermelho-integral-selvagem-bio-500g\/#breadcrumb\"},\"inLanguage\":\"pt-PT\",\"potentialAction\":[{\"@type\":\"ReadAction\",\"target\":[\"https:\/\/www.biocabaz.pt\/web\/en\/produto\/arroz-vermelho-integral-selvagem-bio-500g\/\"]}]},{\"@type\":\"ImageObject\",\"inLanguage\":\"pt-PT\",\"@id\":\"https:\/\/www.biocabaz.pt\/web\/en\/produto\/arroz-vermelho-integral-selvagem-bio-500g\/#primaryimage\",\"url\":\"https:\/\/www.biocabaz.pt\/web\/wp-conteudos\/uploads\/2021\/06\/arroz-vermelho-integral-selvagem-bio-500g.jpg\",\"contentUrl\":\"https:\/\/www.biocabaz.pt\/web\/wp-conteudos\/uploads\/2021\/06\/arroz-vermelho-integral-selvagem-bio-500g.jpg\",\"width\":326,\"height\":300,\"caption\":\"arroz-vermelho-integral-selvagem-bio-500g\"},{\"@type\":\"BreadcrumbList\",\"@id\":\"https:\/\/www.biocabaz.pt\/web\/en\/produto\/arroz-vermelho-integral-selvagem-bio-500g\/#breadcrumb\",\"itemListElement\":[{\"@type\":\"ListItem\",\"position\":1,\"name\":\"Home\",\"item\":\"https:\/\/www.biocabaz.pt\/web\/\"},{\"@type\":\"ListItem\",\"position\":2,\"name\":\"Shop\",\"item\":\"https:\/\/www.biocabaz.pt\/web\/en\/shop\/\"},{\"@type\":\"ListItem\",\"position\":3,\"name\":\"WHOLE GRAIN RED RICE 500G\"}]},{\"@type\":\"WebSite\",\"@id\":\"https:\/\/www.biocabaz.pt\/web\/#website\",\"url\":\"https:\/\/www.biocabaz.pt\/web\/\",\"name\":\"CABAZES BIOL\u00d3GICOS\",\"description\":\"One+Number\",\"potentialAction\":[{\"@type\":\"SearchAction\",\"target\":{\"@type\":\"EntryPoint\",\"urlTemplate\":\"https:\/\/www.biocabaz.pt\/web\/?s={search_term_string}\"},\"query-input\":{\"@type\":\"PropertyValueSpecification\",\"valueRequired\":true,\"valueName\":\"search_term_string\"}}],\"inLanguage\":\"pt-PT\"}]}<\/script>\n<!-- \/ Yoast SEO plugin. -->","yoast_head_json":{"title":"WHOLE GRAIN RED RICE 500G","robots":{"index":"index","follow":"follow","max-snippet":"max-snippet:-1","max-image-preview":"max-image-preview:large","max-video-preview":"max-video-preview:-1"},"canonical":"https:\/\/www.biocabaz.pt\/web\/en\/produto\/arroz-vermelho-integral-selvagem-bio-500g\/","og_locale":"pt_PT","og_type":"article","og_title":"[:en]WHOLE GRAIN RED RICE 500G[:pt]ARROZ VERMELHO INTEGRAL SELVAGEM BIO 500G[:] - CABAZES BIOL\u00d3GICOS","og_description":"Ingredients: Red rice from organic production. PT-BIO-04 Origin: non-EU. It is a short grain rice with a reddish-brown color, it has a very unique flavor and aroma, reminiscent of wild mushrooms.Use Mode: Wash the rice and cook in twice the amount of water for 45 minutes. Ideal for giving a colorful tone to your meals, for exotic dishes or salads. Store in a cool, dry place.Nutritional Information: Nutritional Information per 100g\/ml: Energy - 1530kJ\/361kcal; Lipids - 3g, of which saturated - 0.6g; Carbohydrates - 72, of which sugars - 0.5g; Fiber - 4.2g, Proteins - 9.5g; Salt \u2013 0.01g","og_url":"https:\/\/biocabaz.pt\/web\/en\/produto\/arroz-vermelho-integral-selvagem-bio-500g\/","og_site_name":"CABAZES BIOL\u00d3GICOS","article_modified_time":"2023-12-29T08:23:26+00:00","og_image":[{"width":326,"height":300,"url":"https:\/\/www.biocabaz.pt\/web\/wp-conteudos\/uploads\/2021\/06\/arroz-vermelho-integral-selvagem-bio-500g.jpg","type":"image\/jpeg"}],"twitter_card":"summary_large_image","schema":{"@context":"https:\/\/schema.org","@graph":[{"@type":"WebPage","@id":"https:\/\/www.biocabaz.pt\/web\/en\/produto\/arroz-vermelho-integral-selvagem-bio-500g\/","url":"https:\/\/www.biocabaz.pt\/web\/en\/produto\/arroz-vermelho-integral-selvagem-bio-500g\/","name":"WHOLE GRAIN RED RICE 500G","isPartOf":{"@id":"https:\/\/www.biocabaz.pt\/web\/#website"},"primaryImageOfPage":{"@id":"https:\/\/www.biocabaz.pt\/web\/en\/produto\/arroz-vermelho-integral-selvagem-bio-500g\/#primaryimage"},"image":{"@id":"https:\/\/www.biocabaz.pt\/web\/en\/produto\/arroz-vermelho-integral-selvagem-bio-500g\/#primaryimage"},"thumbnailUrl":"https:\/\/www.biocabaz.pt\/web\/wp-conteudos\/uploads\/2021\/06\/arroz-vermelho-integral-selvagem-bio-500g.jpg","datePublished":"2021-06-06T15:58:31+00:00","dateModified":"2023-12-29T08:23:26+00:00","breadcrumb":{"@id":"https:\/\/www.biocabaz.pt\/web\/en\/produto\/arroz-vermelho-integral-selvagem-bio-500g\/#breadcrumb"},"inLanguage":"pt-PT","potentialAction":[{"@type":"ReadAction","target":["https:\/\/www.biocabaz.pt\/web\/en\/produto\/arroz-vermelho-integral-selvagem-bio-500g\/"]}]},{"@type":"ImageObject","inLanguage":"pt-PT","@id":"https:\/\/www.biocabaz.pt\/web\/en\/produto\/arroz-vermelho-integral-selvagem-bio-500g\/#primaryimage","url":"https:\/\/www.biocabaz.pt\/web\/wp-conteudos\/uploads\/2021\/06\/arroz-vermelho-integral-selvagem-bio-500g.jpg","contentUrl":"https:\/\/www.biocabaz.pt\/web\/wp-conteudos\/uploads\/2021\/06\/arroz-vermelho-integral-selvagem-bio-500g.jpg","width":326,"height":300,"caption":"arroz-vermelho-integral-selvagem-bio-500g"},{"@type":"BreadcrumbList","@id":"https:\/\/www.biocabaz.pt\/web\/en\/produto\/arroz-vermelho-integral-selvagem-bio-500g\/#breadcrumb","itemListElement":[{"@type":"ListItem","position":1,"name":"Home","item":"https:\/\/www.biocabaz.pt\/web\/"},{"@type":"ListItem","position":2,"name":"Shop","item":"https:\/\/www.biocabaz.pt\/web\/en\/shop\/"},{"@type":"ListItem","position":3,"name":"WHOLE GRAIN RED RICE 500G"}]},{"@type":"WebSite","@id":"https:\/\/www.biocabaz.pt\/web\/#website","url":"https:\/\/www.biocabaz.pt\/web\/","name":"CABAZES BIOL\u00d3GICOS","description":"One+Number","potentialAction":[{"@type":"SearchAction","target":{"@type":"EntryPoint","urlTemplate":"https:\/\/www.biocabaz.pt\/web\/?s={search_term_string}"},"query-input":{"@type":"PropertyValueSpecification","valueRequired":true,"valueName":"search_term_string"}}],"inLanguage":"pt-PT"}]}},"_links":{"self":[{"href":"https:\/\/biocabaz.pt\/web\/en\/wp-json\/wp\/v2\/product\/70638","targetHints":{"allow":["GET"]}}],"collection":[{"href":"https:\/\/biocabaz.pt\/web\/en\/wp-json\/wp\/v2\/product"}],"about":[{"href":"https:\/\/biocabaz.pt\/web\/en\/wp-json\/wp\/v2\/types\/product"}],"replies":[{"embeddable":true,"href":"https:\/\/biocabaz.pt\/web\/en\/wp-json\/wp\/v2\/comments?post=70638"}],"wp:featuredmedia":[{"embeddable":true,"href":"https:\/\/biocabaz.pt\/web\/en\/wp-json\/wp\/v2\/media\/70639"}],"wp:attachment":[{"href":"https:\/\/biocabaz.pt\/web\/en\/wp-json\/wp\/v2\/media?parent=70638"}],"wp:term":[{"taxonomy":"product_cat","embeddable":true,"href":"https:\/\/biocabaz.pt\/web\/en\/wp-json\/wp\/v2\/product_cat?post=70638"},{"taxonomy":"product_tag","embeddable":true,"href":"https:\/\/biocabaz.pt\/web\/en\/wp-json\/wp\/v2\/product_tag?post=70638"}],"curies":[{"name":"wp","href":"https:\/\/api.w.org\/{rel}","templated":true}]}}