{"id":687,"date":"2016-04-08T09:57:31","date_gmt":"2016-04-08T09:57:31","guid":{"rendered":"http:\/\/www.biocabaz.com\/web\/produto\/vinagre-cidra-dennree-075l\/"},"modified":"2025-06-09T09:56:32","modified_gmt":"2025-06-09T09:56:32","slug":"vinagre-de-maca-bio-075l-voelkel","status":"publish","type":"product","link":"https:\/\/biocabaz.pt\/web\/en\/produto\/vinagre-de-maca-bio-075l-voelkel\/","title":{"rendered":"VOELKEL ORGANIC \nAPPLE VINEGAR 0.75L"},"content":{"rendered":"<p><strong>Description<\/strong><br \/>Ingredients: Organic apple cider vinegar. Traditionally produced: in a first stage, apple juice from biodynamic agriculture is fermented and carefully extracted until the cider is obtained. Then, the cider is transformed into the popular apple cider vinegar. Unfiltered and unpasteurized.<\/p>\n<p><strong>Nutrition Facts<\/strong><br \/><strong>Nutritional Information per 100g\/ml<\/strong>:<\/p>\n<p><strong>Use Mode<\/strong><br \/>We recommend apple cider vinegar as a condiment to season salads; as a drink, diluted with mineral water and sweetened with honey; diluted for natural body care. Store in a cool, dry place.<\/p>\n","protected":false},"excerpt":{"rendered":"<p><strong>Nutritional Information per 100g\/ml<\/strong>:<\/p>\n","protected":false},"featured_media":9030,"comment_status":"closed","ping_status":"closed","template":"","meta":[],"product_cat":[23],"product_tag":[],"class_list":["post-687","product","type-product","status-publish","has-post-thumbnail","hentry","product_cat-azeite-oleo-vinagre"],"bundle_layout":"","bundled_by":[],"bundled_items":[],"yoast_head":"<!-- This site is optimized with the Yoast SEO plugin v26.3 - https:\/\/yoast.com\/wordpress\/plugins\/seo\/ -->\n<title>VOELKEL ORGANIC APPLE VINEGAR 0.75L<\/title>\n<meta name=\"description\" content=\"VINAGRE DE MA\u00c7\u00c3 BIO 0,75L VOELKEL\" \/>\n<meta name=\"robots\" content=\"index, follow, max-snippet:-1, max-image-preview:large, max-video-preview:-1\" \/>\n<link rel=\"canonical\" href=\"https:\/\/biocabaz.pt\/web\/en\/produto\/vinagre-de-maca-bio-075l-voelkel\/\" \/>\n<meta property=\"og:locale\" content=\"pt_PT\" \/>\n<meta property=\"og:locale:alternate\" content=\"pt_PT\" \/>\n<meta property=\"og:type\" content=\"article\" \/>\n<meta property=\"og:title\" content=\"VOELKEL ORGANIC APPLE VINEGAR 0.75L\" \/>\n<meta property=\"og:description\" content=\"VINAGRE DE MA\u00c7\u00c3 BIO 0,75L VOELKEL\" \/>\n<meta property=\"og:url\" content=\"https:\/\/biocabaz.pt\/web\/en\/produto\/vinagre-de-maca-bio-075l-voelkel\/\" \/>\n<meta property=\"og:site_name\" content=\"CABAZES BIOL\u00d3GICOS\" \/>\n<meta property=\"article:modified_time\" content=\"2025-06-09T09:56:32+00:00\" \/>\n<meta property=\"og:image\" content=\"https:\/\/www.biocabaz.pt\/web\/wp-conteudos\/uploads\/2016\/04\/VINAGRE-DE-MA\u00c7\u00c3-BIO-075L-VOELKEL.jpg\" \/>\n\t<meta property=\"og:image:width\" content=\"530\" \/>\n\t<meta property=\"og:image:height\" content=\"530\" \/>\n\t<meta property=\"og:image:type\" content=\"image\/jpeg\" \/>\n<meta name=\"twitter:card\" content=\"summary_large_image\" \/>\n<meta name=\"twitter:label1\" content=\"Est. reading time\" \/>\n\t<meta name=\"twitter:data1\" content=\"1 minute\" \/>\n<script type=\"application\/ld+json\" class=\"yoast-schema-graph\">{\"@context\":\"https:\/\/schema.org\",\"@graph\":[{\"@type\":\"WebPage\",\"@id\":\"https:\/\/biocabaz.pt\/web\/en\/produto\/vinagre-de-maca-bio-075l-voelkel\/\",\"url\":\"https:\/\/biocabaz.pt\/web\/en\/produto\/vinagre-de-maca-bio-075l-voelkel\/\",\"name\":\"VOELKEL ORGANIC APPLE VINEGAR 0.75L\",\"isPartOf\":{\"@id\":\"https:\/\/biocabaz.pt\/web\/#website\"},\"primaryImageOfPage\":{\"@id\":\"https:\/\/biocabaz.pt\/web\/en\/produto\/vinagre-de-maca-bio-075l-voelkel\/#primaryimage\"},\"image\":{\"@id\":\"https:\/\/biocabaz.pt\/web\/en\/produto\/vinagre-de-maca-bio-075l-voelkel\/#primaryimage\"},\"thumbnailUrl\":\"https:\/\/www.biocabaz.pt\/web\/wp-conteudos\/uploads\/2016\/04\/VINAGRE-DE-MA\u00c7\u00c3-BIO-075L-VOELKEL.jpg\",\"datePublished\":\"2016-04-08T09:57:31+00:00\",\"dateModified\":\"2025-06-09T09:56:32+00:00\",\"description\":\"VINAGRE DE MA\u00c7\u00c3 BIO 0,75L VOELKEL\",\"breadcrumb\":{\"@id\":\"https:\/\/biocabaz.pt\/web\/en\/produto\/vinagre-de-maca-bio-075l-voelkel\/#breadcrumb\"},\"inLanguage\":\"pt-PT\",\"potentialAction\":[{\"@type\":\"ReadAction\",\"target\":[\"https:\/\/biocabaz.pt\/web\/en\/produto\/vinagre-de-maca-bio-075l-voelkel\/\"]}]},{\"@type\":\"ImageObject\",\"inLanguage\":\"pt-PT\",\"@id\":\"https:\/\/biocabaz.pt\/web\/en\/produto\/vinagre-de-maca-bio-075l-voelkel\/#primaryimage\",\"url\":\"https:\/\/www.biocabaz.pt\/web\/wp-conteudos\/uploads\/2016\/04\/VINAGRE-DE-MA\u00c7\u00c3-BIO-075L-VOELKEL.jpg\",\"contentUrl\":\"https:\/\/www.biocabaz.pt\/web\/wp-conteudos\/uploads\/2016\/04\/VINAGRE-DE-MA\u00c7\u00c3-BIO-075L-VOELKEL.jpg\",\"width\":530,\"height\":530,\"caption\":\"VINAGRE DE MA\u00c7\u00c3 BIO 0,75L VOELKEL\"},{\"@type\":\"BreadcrumbList\",\"@id\":\"https:\/\/biocabaz.pt\/web\/en\/produto\/vinagre-de-maca-bio-075l-voelkel\/#breadcrumb\",\"itemListElement\":[{\"@type\":\"ListItem\",\"position\":1,\"name\":\"Home\",\"item\":\"https:\/\/biocabaz.pt\/web\/\"},{\"@type\":\"ListItem\",\"position\":2,\"name\":\"Loja\",\"item\":\"https:\/\/biocabaz.pt\/web\/shop\/\"},{\"@type\":\"ListItem\",\"position\":3,\"name\":\"VOELKEL ORGANIC APPLE VINEGAR 0.75L\"}]},{\"@type\":\"WebSite\",\"@id\":\"https:\/\/biocabaz.pt\/web\/#website\",\"url\":\"https:\/\/biocabaz.pt\/web\/\",\"name\":\"CABAZES BIOL\u00d3GICOS\",\"description\":\"One+Number\",\"potentialAction\":[{\"@type\":\"SearchAction\",\"target\":{\"@type\":\"EntryPoint\",\"urlTemplate\":\"https:\/\/biocabaz.pt\/web\/?s={search_term_string}\"},\"query-input\":{\"@type\":\"PropertyValueSpecification\",\"valueRequired\":true,\"valueName\":\"search_term_string\"}}],\"inLanguage\":\"pt-PT\"}]}<\/script>\n<!-- \/ Yoast SEO plugin. -->","yoast_head_json":{"title":"VOELKEL ORGANIC APPLE VINEGAR 0.75L","description":"VINAGRE DE MA\u00c7\u00c3 BIO 0,75L VOELKEL","robots":{"index":"index","follow":"follow","max-snippet":"max-snippet:-1","max-image-preview":"max-image-preview:large","max-video-preview":"max-video-preview:-1"},"canonical":"https:\/\/biocabaz.pt\/web\/en\/produto\/vinagre-de-maca-bio-075l-voelkel\/","og_locale":"pt_PT","og_type":"article","og_title":"[:en]VOELKEL ORGANIC APPLE VINEGAR 0.75L[:pt]VINAGRE DE MA\u00c7\u00c3 BIO 0,75L VOELKEL[:] - CABAZES BIOL\u00d3GICOS","og_description":"VINAGRE DE MA\u00c7\u00c3 BIO 0,75L VOELKEL","og_url":"https:\/\/biocabaz.pt\/web\/en\/produto\/vinagre-de-maca-bio-075l-voelkel\/","og_site_name":"CABAZES BIOL\u00d3GICOS","article_modified_time":"2025-06-09T09:56:32+00:00","og_image":[{"width":530,"height":530,"url":"https:\/\/www.biocabaz.pt\/web\/wp-conteudos\/uploads\/2016\/04\/VINAGRE-DE-MA\u00c7\u00c3-BIO-075L-VOELKEL.jpg","type":"image\/jpeg"}],"twitter_card":"summary_large_image","twitter_misc":{"Est. reading time":"1 minute"},"schema":{"@context":"https:\/\/schema.org","@graph":[{"@type":"WebPage","@id":"https:\/\/biocabaz.pt\/web\/en\/produto\/vinagre-de-maca-bio-075l-voelkel\/","url":"https:\/\/biocabaz.pt\/web\/en\/produto\/vinagre-de-maca-bio-075l-voelkel\/","name":"VOELKEL ORGANIC APPLE VINEGAR 0.75L","isPartOf":{"@id":"https:\/\/biocabaz.pt\/web\/#website"},"primaryImageOfPage":{"@id":"https:\/\/biocabaz.pt\/web\/en\/produto\/vinagre-de-maca-bio-075l-voelkel\/#primaryimage"},"image":{"@id":"https:\/\/biocabaz.pt\/web\/en\/produto\/vinagre-de-maca-bio-075l-voelkel\/#primaryimage"},"thumbnailUrl":"https:\/\/www.biocabaz.pt\/web\/wp-conteudos\/uploads\/2016\/04\/VINAGRE-DE-MA\u00c7\u00c3-BIO-075L-VOELKEL.jpg","datePublished":"2016-04-08T09:57:31+00:00","dateModified":"2025-06-09T09:56:32+00:00","description":"VINAGRE DE MA\u00c7\u00c3 BIO 0,75L VOELKEL","breadcrumb":{"@id":"https:\/\/biocabaz.pt\/web\/en\/produto\/vinagre-de-maca-bio-075l-voelkel\/#breadcrumb"},"inLanguage":"pt-PT","potentialAction":[{"@type":"ReadAction","target":["https:\/\/biocabaz.pt\/web\/en\/produto\/vinagre-de-maca-bio-075l-voelkel\/"]}]},{"@type":"ImageObject","inLanguage":"pt-PT","@id":"https:\/\/biocabaz.pt\/web\/en\/produto\/vinagre-de-maca-bio-075l-voelkel\/#primaryimage","url":"https:\/\/www.biocabaz.pt\/web\/wp-conteudos\/uploads\/2016\/04\/VINAGRE-DE-MA\u00c7\u00c3-BIO-075L-VOELKEL.jpg","contentUrl":"https:\/\/www.biocabaz.pt\/web\/wp-conteudos\/uploads\/2016\/04\/VINAGRE-DE-MA\u00c7\u00c3-BIO-075L-VOELKEL.jpg","width":530,"height":530,"caption":"VINAGRE DE MA\u00c7\u00c3 BIO 0,75L VOELKEL"},{"@type":"BreadcrumbList","@id":"https:\/\/biocabaz.pt\/web\/en\/produto\/vinagre-de-maca-bio-075l-voelkel\/#breadcrumb","itemListElement":[{"@type":"ListItem","position":1,"name":"Home","item":"https:\/\/biocabaz.pt\/web\/"},{"@type":"ListItem","position":2,"name":"Loja","item":"https:\/\/biocabaz.pt\/web\/shop\/"},{"@type":"ListItem","position":3,"name":"VOELKEL ORGANIC APPLE VINEGAR 0.75L"}]},{"@type":"WebSite","@id":"https:\/\/biocabaz.pt\/web\/#website","url":"https:\/\/biocabaz.pt\/web\/","name":"CABAZES BIOL\u00d3GICOS","description":"One+Number","potentialAction":[{"@type":"SearchAction","target":{"@type":"EntryPoint","urlTemplate":"https:\/\/biocabaz.pt\/web\/?s={search_term_string}"},"query-input":{"@type":"PropertyValueSpecification","valueRequired":true,"valueName":"search_term_string"}}],"inLanguage":"pt-PT"}]}},"_links":{"self":[{"href":"https:\/\/biocabaz.pt\/web\/en\/wp-json\/wp\/v2\/product\/687","targetHints":{"allow":["GET"]}}],"collection":[{"href":"https:\/\/biocabaz.pt\/web\/en\/wp-json\/wp\/v2\/product"}],"about":[{"href":"https:\/\/biocabaz.pt\/web\/en\/wp-json\/wp\/v2\/types\/product"}],"replies":[{"embeddable":true,"href":"https:\/\/biocabaz.pt\/web\/en\/wp-json\/wp\/v2\/comments?post=687"}],"wp:featuredmedia":[{"embeddable":true,"href":"https:\/\/biocabaz.pt\/web\/en\/wp-json\/wp\/v2\/media\/9030"}],"wp:attachment":[{"href":"https:\/\/biocabaz.pt\/web\/en\/wp-json\/wp\/v2\/media?parent=687"}],"wp:term":[{"taxonomy":"product_cat","embeddable":true,"href":"https:\/\/biocabaz.pt\/web\/en\/wp-json\/wp\/v2\/product_cat?post=687"},{"taxonomy":"product_tag","embeddable":true,"href":"https:\/\/biocabaz.pt\/web\/en\/wp-json\/wp\/v2\/product_tag?post=687"}],"curies":[{"name":"wp","href":"https:\/\/api.w.org\/{rel}","templated":true}]}}