{"id":659,"date":"2016-04-08T09:56:51","date_gmt":"2016-04-08T09:56:51","guid":{"rendered":"http:\/\/www.biocabaz.com\/web\/produto\/iogurte-soja-de-limao-400g-sojade\/"},"modified":"2023-04-15T14:31:17","modified_gmt":"2023-04-15T14:31:17","slug":"iogurte-soja-de-limao-400g-sojade","status":"publish","type":"product","link":"https:\/\/biocabaz.pt\/web\/en\/produto\/iogurte-soja-de-limao-400g-sojade\/","title":{"rendered":"SOJADE ORGANIC LEMON SOYA YOGURT 400GR"},"content":{"rendered":"<p><strong>Descri\u00e7\u00e3o <\/strong><br \/>\nIngredientes: <span>Soyadrink * 78% (\u00e1gua, gr\u00e3os de soja descascados * 9,2% (Fran\u00e7a)), a\u00e7\u00facar de cana cru, polpa de lim\u00e3o * 6%, aroma natural de lim\u00e3o *, suco de lim\u00e3o concentrado *, regulador de acidifica\u00e7\u00e3o: citrato de c\u00e1lcio, espessantes: alfarroba goma &#8211; pectina, culturas vivas selecionadas das quais Bifidus e Acidophilus.<\/span><\/p>\n<p><span>*Agricultura org\u00e2nica.\u00a0Livre de OGM<\/span><\/p>\n<p><strong>Dados Nutricionais<\/strong><\/p>\n<table>\n<tbody>\n<tr>\n<td><span>valor energ\u00e9tico<\/span><\/td>\n<td><span>330kJ \/ 78kcal<\/span><\/td>\n<\/tr>\n<tr>\n<td><span>Gorduras<\/span><\/td>\n<td><span>2,1g<\/span><\/td>\n<\/tr>\n<tr class=\"sub-info\">\n<td><span>dos quais \u00e1cidos graxos saturados<\/span><\/td>\n<td><span>0,3g<\/span><\/td>\n<\/tr>\n<\/tbody>\n<\/table>\n<p><strong>Modo Utiliza\u00e7\u00e3o<\/strong><\/p>\n","protected":false},"excerpt":{"rendered":"<p>Ingredientes: Bebida de soja * 78% (\u00e1gua, gr\u00e3os de soja descascados * 9,2% (Fran\u00e7a)), a\u00e7\u00facar de cana cru, polpa de lim\u00e3o * 6%, aroma natural de lim\u00e3o *, sumo de lim\u00e3o concentrado *, regulador de acidifica\u00e7\u00e3o: citrato de c\u00e1lcio, espessantes: goma de alfarroba &#8211; pectina, culturas vivas selecionadas das quais Bifidus e Acidophilus.<\/p>\n<p>*Agricultura biol\u00f3gica. Livre de OGM<br \/><b>Modo de Utiliza\u00e7\u00e3o:<\/b> Conservar entre 2\u00baC e 6\u00baC<br \/><b>Dados Nutricionais:<\/b> Declara\u00e7\u00e3o Nutricional por 100g: Energia: 330 KJ\/78Kcal; L\u00edpidos: 2,1g; dos quais saturados: 0,3g; Hidratos de carbono: 11g; dos quais a\u00e7\u00facares: 10,4g; Prote\u00ednas: 3,8g; Sal: 0,1g.<\/p>\n","protected":false},"featured_media":74168,"comment_status":"closed","ping_status":"closed","template":"","meta":[],"product_cat":[54,52],"product_tag":[],"class_list":["post-659","product","type-product","status-publish","has-post-thumbnail","hentry","product_cat-alimentos-sem-gluten","product_cat-iogurtes"],"bundle_layout":"","bundled_by":[],"bundled_items":[],"yoast_head":"<!-- This site is optimized with the Yoast SEO plugin v26.3 - https:\/\/yoast.com\/wordpress\/plugins\/seo\/ -->\n<title>SOJADE ORGANIC LEMON SOYA YOGURT 400GR<\/title>\n<meta name=\"robots\" content=\"index, follow, max-snippet:-1, max-image-preview:large, max-video-preview:-1\" \/>\n<link rel=\"canonical\" href=\"https:\/\/www.biocabaz.pt\/web\/en\/produto\/iogurte-soja-de-limao-400g-sojade\/\" \/>\n<meta property=\"og:locale\" content=\"pt_PT\" \/>\n<meta property=\"og:locale:alternate\" content=\"pt_PT\" \/>\n<meta property=\"og:type\" content=\"article\" \/>\n<meta property=\"og:title\" content=\"SOJADE ORGANIC LEMON SOYA YOGURT 400GR\" \/>\n<meta property=\"og:description\" content=\"Ingredientes: Bebida de soja * 78% (\u00e1gua, gr\u00e3os de soja descascados * 9,2% (Fran\u00e7a)), a\u00e7\u00facar de cana cru, polpa de lim\u00e3o * 6%, aroma natural de lim\u00e3o *, sumo de lim\u00e3o concentrado *, regulador de acidifica\u00e7\u00e3o: citrato de c\u00e1lcio, espessantes: goma de alfarroba - pectina, culturas vivas selecionadas das quais Bifidus e Acidophilus. *Agricultura biol\u00f3gica. Livre de OGMModo de Utiliza\u00e7\u00e3o: Conservar entre 2\u00baC e 6\u00baCDados Nutricionais: Declara\u00e7\u00e3o Nutricional por 100g: Energia: 330 KJ\/78Kcal; L\u00edpidos: 2,1g; dos quais saturados: 0,3g; Hidratos de carbono: 11g; dos quais a\u00e7\u00facares: 10,4g; Prote\u00ednas: 3,8g; Sal: 0,1g.\" \/>\n<meta property=\"og:url\" content=\"https:\/\/biocabaz.pt\/web\/en\/produto\/iogurte-soja-de-limao-400g-sojade\/\" \/>\n<meta property=\"og:site_name\" content=\"CABAZES BIOL\u00d3GICOS\" \/>\n<meta property=\"article:modified_time\" content=\"2023-04-15T14:31:17+00:00\" \/>\n<meta property=\"og:image\" content=\"https:\/\/www.biocabaz.pt\/web\/wp-conteudos\/uploads\/2016\/04\/sojade-limao.png\" \/>\n\t<meta property=\"og:image:width\" content=\"550\" \/>\n\t<meta property=\"og:image:height\" content=\"550\" \/>\n\t<meta property=\"og:image:type\" content=\"image\/png\" \/>\n<meta name=\"twitter:card\" content=\"summary_large_image\" \/>\n<script type=\"application\/ld+json\" class=\"yoast-schema-graph\">{\"@context\":\"https:\/\/schema.org\",\"@graph\":[{\"@type\":\"WebPage\",\"@id\":\"https:\/\/www.biocabaz.pt\/web\/en\/produto\/iogurte-soja-de-limao-400g-sojade\/\",\"url\":\"https:\/\/www.biocabaz.pt\/web\/en\/produto\/iogurte-soja-de-limao-400g-sojade\/\",\"name\":\"SOJADE ORGANIC LEMON SOYA YOGURT 400GR\",\"isPartOf\":{\"@id\":\"https:\/\/biocabaz.pt\/web\/#website\"},\"primaryImageOfPage\":{\"@id\":\"https:\/\/www.biocabaz.pt\/web\/en\/produto\/iogurte-soja-de-limao-400g-sojade\/#primaryimage\"},\"image\":{\"@id\":\"https:\/\/www.biocabaz.pt\/web\/en\/produto\/iogurte-soja-de-limao-400g-sojade\/#primaryimage\"},\"thumbnailUrl\":\"https:\/\/www.biocabaz.pt\/web\/wp-conteudos\/uploads\/2016\/04\/sojade-limao.png\",\"datePublished\":\"2016-04-08T09:56:51+00:00\",\"dateModified\":\"2023-04-15T14:31:17+00:00\",\"breadcrumb\":{\"@id\":\"https:\/\/www.biocabaz.pt\/web\/en\/produto\/iogurte-soja-de-limao-400g-sojade\/#breadcrumb\"},\"inLanguage\":\"pt-PT\",\"potentialAction\":[{\"@type\":\"ReadAction\",\"target\":[\"https:\/\/www.biocabaz.pt\/web\/en\/produto\/iogurte-soja-de-limao-400g-sojade\/\"]}]},{\"@type\":\"ImageObject\",\"inLanguage\":\"pt-PT\",\"@id\":\"https:\/\/www.biocabaz.pt\/web\/en\/produto\/iogurte-soja-de-limao-400g-sojade\/#primaryimage\",\"url\":\"https:\/\/www.biocabaz.pt\/web\/wp-conteudos\/uploads\/2016\/04\/sojade-limao.png\",\"contentUrl\":\"https:\/\/www.biocabaz.pt\/web\/wp-conteudos\/uploads\/2016\/04\/sojade-limao.png\",\"width\":550,\"height\":550,\"caption\":\"sojade-limao\"},{\"@type\":\"BreadcrumbList\",\"@id\":\"https:\/\/www.biocabaz.pt\/web\/en\/produto\/iogurte-soja-de-limao-400g-sojade\/#breadcrumb\",\"itemListElement\":[{\"@type\":\"ListItem\",\"position\":1,\"name\":\"Home\",\"item\":\"https:\/\/biocabaz.pt\/web\/\"},{\"@type\":\"ListItem\",\"position\":2,\"name\":\"Loja\",\"item\":\"https:\/\/biocabaz.pt\/web\/shop\/\"},{\"@type\":\"ListItem\",\"position\":3,\"name\":\"SOJADE ORGANIC LEMON SOYA YOGURT 400GR\"}]},{\"@type\":\"WebSite\",\"@id\":\"https:\/\/biocabaz.pt\/web\/#website\",\"url\":\"https:\/\/biocabaz.pt\/web\/\",\"name\":\"CABAZES BIOL\u00d3GICOS\",\"description\":\"One+Number\",\"potentialAction\":[{\"@type\":\"SearchAction\",\"target\":{\"@type\":\"EntryPoint\",\"urlTemplate\":\"https:\/\/biocabaz.pt\/web\/?s={search_term_string}\"},\"query-input\":{\"@type\":\"PropertyValueSpecification\",\"valueRequired\":true,\"valueName\":\"search_term_string\"}}],\"inLanguage\":\"pt-PT\"}]}<\/script>\n<!-- \/ Yoast SEO plugin. -->","yoast_head_json":{"title":"SOJADE ORGANIC LEMON SOYA YOGURT 400GR","robots":{"index":"index","follow":"follow","max-snippet":"max-snippet:-1","max-image-preview":"max-image-preview:large","max-video-preview":"max-video-preview:-1"},"canonical":"https:\/\/www.biocabaz.pt\/web\/en\/produto\/iogurte-soja-de-limao-400g-sojade\/","og_locale":"pt_PT","og_type":"article","og_title":"[:pt]SOJADE ORGANIC LEMON SOYA YOGURT 400GR[:] - CABAZES BIOL\u00d3GICOS","og_description":"Ingredientes: Bebida de soja * 78% (\u00e1gua, gr\u00e3os de soja descascados * 9,2% (Fran\u00e7a)), a\u00e7\u00facar de cana cru, polpa de lim\u00e3o * 6%, aroma natural de lim\u00e3o *, sumo de lim\u00e3o concentrado *, regulador de acidifica\u00e7\u00e3o: citrato de c\u00e1lcio, espessantes: goma de alfarroba - pectina, culturas vivas selecionadas das quais Bifidus e Acidophilus. *Agricultura biol\u00f3gica. Livre de OGMModo de Utiliza\u00e7\u00e3o: Conservar entre 2\u00baC e 6\u00baCDados Nutricionais: Declara\u00e7\u00e3o Nutricional por 100g: Energia: 330 KJ\/78Kcal; L\u00edpidos: 2,1g; dos quais saturados: 0,3g; Hidratos de carbono: 11g; dos quais a\u00e7\u00facares: 10,4g; Prote\u00ednas: 3,8g; Sal: 0,1g.","og_url":"https:\/\/biocabaz.pt\/web\/en\/produto\/iogurte-soja-de-limao-400g-sojade\/","og_site_name":"CABAZES BIOL\u00d3GICOS","article_modified_time":"2023-04-15T14:31:17+00:00","og_image":[{"width":550,"height":550,"url":"https:\/\/www.biocabaz.pt\/web\/wp-conteudos\/uploads\/2016\/04\/sojade-limao.png","type":"image\/png"}],"twitter_card":"summary_large_image","schema":{"@context":"https:\/\/schema.org","@graph":[{"@type":"WebPage","@id":"https:\/\/www.biocabaz.pt\/web\/en\/produto\/iogurte-soja-de-limao-400g-sojade\/","url":"https:\/\/www.biocabaz.pt\/web\/en\/produto\/iogurte-soja-de-limao-400g-sojade\/","name":"SOJADE ORGANIC LEMON SOYA YOGURT 400GR","isPartOf":{"@id":"https:\/\/biocabaz.pt\/web\/#website"},"primaryImageOfPage":{"@id":"https:\/\/www.biocabaz.pt\/web\/en\/produto\/iogurte-soja-de-limao-400g-sojade\/#primaryimage"},"image":{"@id":"https:\/\/www.biocabaz.pt\/web\/en\/produto\/iogurte-soja-de-limao-400g-sojade\/#primaryimage"},"thumbnailUrl":"https:\/\/www.biocabaz.pt\/web\/wp-conteudos\/uploads\/2016\/04\/sojade-limao.png","datePublished":"2016-04-08T09:56:51+00:00","dateModified":"2023-04-15T14:31:17+00:00","breadcrumb":{"@id":"https:\/\/www.biocabaz.pt\/web\/en\/produto\/iogurte-soja-de-limao-400g-sojade\/#breadcrumb"},"inLanguage":"pt-PT","potentialAction":[{"@type":"ReadAction","target":["https:\/\/www.biocabaz.pt\/web\/en\/produto\/iogurte-soja-de-limao-400g-sojade\/"]}]},{"@type":"ImageObject","inLanguage":"pt-PT","@id":"https:\/\/www.biocabaz.pt\/web\/en\/produto\/iogurte-soja-de-limao-400g-sojade\/#primaryimage","url":"https:\/\/www.biocabaz.pt\/web\/wp-conteudos\/uploads\/2016\/04\/sojade-limao.png","contentUrl":"https:\/\/www.biocabaz.pt\/web\/wp-conteudos\/uploads\/2016\/04\/sojade-limao.png","width":550,"height":550,"caption":"sojade-limao"},{"@type":"BreadcrumbList","@id":"https:\/\/www.biocabaz.pt\/web\/en\/produto\/iogurte-soja-de-limao-400g-sojade\/#breadcrumb","itemListElement":[{"@type":"ListItem","position":1,"name":"Home","item":"https:\/\/biocabaz.pt\/web\/"},{"@type":"ListItem","position":2,"name":"Loja","item":"https:\/\/biocabaz.pt\/web\/shop\/"},{"@type":"ListItem","position":3,"name":"SOJADE ORGANIC LEMON SOYA YOGURT 400GR"}]},{"@type":"WebSite","@id":"https:\/\/biocabaz.pt\/web\/#website","url":"https:\/\/biocabaz.pt\/web\/","name":"CABAZES BIOL\u00d3GICOS","description":"One+Number","potentialAction":[{"@type":"SearchAction","target":{"@type":"EntryPoint","urlTemplate":"https:\/\/biocabaz.pt\/web\/?s={search_term_string}"},"query-input":{"@type":"PropertyValueSpecification","valueRequired":true,"valueName":"search_term_string"}}],"inLanguage":"pt-PT"}]}},"_links":{"self":[{"href":"https:\/\/biocabaz.pt\/web\/en\/wp-json\/wp\/v2\/product\/659","targetHints":{"allow":["GET"]}}],"collection":[{"href":"https:\/\/biocabaz.pt\/web\/en\/wp-json\/wp\/v2\/product"}],"about":[{"href":"https:\/\/biocabaz.pt\/web\/en\/wp-json\/wp\/v2\/types\/product"}],"replies":[{"embeddable":true,"href":"https:\/\/biocabaz.pt\/web\/en\/wp-json\/wp\/v2\/comments?post=659"}],"wp:featuredmedia":[{"embeddable":true,"href":"https:\/\/biocabaz.pt\/web\/en\/wp-json\/wp\/v2\/media\/74168"}],"wp:attachment":[{"href":"https:\/\/biocabaz.pt\/web\/en\/wp-json\/wp\/v2\/media?parent=659"}],"wp:term":[{"taxonomy":"product_cat","embeddable":true,"href":"https:\/\/biocabaz.pt\/web\/en\/wp-json\/wp\/v2\/product_cat?post=659"},{"taxonomy":"product_tag","embeddable":true,"href":"https:\/\/biocabaz.pt\/web\/en\/wp-json\/wp\/v2\/product_tag?post=659"}],"curies":[{"name":"wp","href":"https:\/\/api.w.org\/{rel}","templated":true}]}}