{"id":507,"date":"2016-04-03T23:10:20","date_gmt":"2016-04-03T23:10:20","guid":{"rendered":"http:\/\/www.biocabaz.com\/web\/?post_type=product&#038;p=507"},"modified":"2020-08-21T16:23:07","modified_gmt":"2020-08-21T16:23:07","slug":"feijao-frade","status":"publish","type":"product","link":"https:\/\/biocabaz.pt\/web\/en\/produto\/feijao-frade\/","title":{"rendered":"PORTUGUESE ORGANIC BLACK-EYED BEANS IN BULK"},"content":{"rendered":"<p><strong>Description<\/strong><br \/>Ingredients: Organic black-eyed beans. Rich in protein, fiber, and the minerals iron and magnesium. Contains essential B vitamins (niacin and folic acid).<\/p>\n<p><strong>Nutrition Facts<\/strong><br \/><strong>Nutritional Information per 100g\/ml<\/strong>: Energy: 1448kJ \/ 342 kcal; Lipids: 1.3g &#8211; of which saturated: 0.6g; Carbohydrates: 55.3g &#8211; of which sugars: 3.0g; Fiber: 9.4g; Proteins: 22.6g; Salt: 0.11g; Folic Acid: 630mg (315% *); Niacin: 8.8mg (55% *); Magnesium: 130mg (34.7% *); Iron: 5.2mg (37.1% *).<\/p>\n<p><strong>Use Mode<\/strong><br \/>Wash the beans, soak with 4 times of water for 8 hours, cook in a pressure cooker for 45 minutes. Add vegetables to taste. Store in a cool, dry place.<\/p>\n","protected":false},"excerpt":{"rendered":"<p><strong>Nutritional Information per 100g\/ml<\/strong>: Energy: 1448kJ \/ 342 kcal; Lipids: 1.3g &#8211; of which saturated: 0.6g; Carbohydrates: 55.3g &#8211; of which sugars: 3.0g; Fiber: 9.4g; Proteins: 22.6g; Salt: 0.11g; Folic Acid: 630mg (315% *); Niacin: 8.8mg (55% *); Magnesium: 130mg (34.7% *); Iron: 5.2mg (37.1% *).<\/p>\n","protected":false},"featured_media":508,"comment_status":"open","ping_status":"closed","template":"","meta":[],"product_cat":[25],"product_tag":[],"class_list":["post-507","product","type-product","status-publish","has-post-thumbnail","hentry","product_cat-leguminosas"],"bundle_layout":"","bundled_by":[],"bundled_items":[],"yoast_head":"<!-- This site is optimized with the Yoast SEO plugin v26.3 - https:\/\/yoast.com\/wordpress\/plugins\/seo\/ -->\n<title>PORTUGUESE ORGANIC BLACK-EYED BEANS IN BULK<\/title>\n<meta name=\"description\" content=\"feij\u00e3o frade bio nacional a granel\" \/>\n<meta name=\"robots\" content=\"index, follow, max-snippet:-1, max-image-preview:large, max-video-preview:-1\" \/>\n<link rel=\"canonical\" href=\"https:\/\/biocabaz.pt\/web\/en\/produto\/feijao-frade\/\" \/>\n<meta property=\"og:locale\" content=\"pt_PT\" \/>\n<meta property=\"og:locale:alternate\" content=\"pt_PT\" \/>\n<meta property=\"og:type\" content=\"article\" \/>\n<meta property=\"og:title\" content=\"PORTUGUESE ORGANIC BLACK-EYED BEANS IN BULK\" \/>\n<meta property=\"og:description\" content=\"feij\u00e3o frade bio nacional a granel\" \/>\n<meta property=\"og:url\" content=\"https:\/\/biocabaz.pt\/web\/en\/produto\/feijao-frade\/\" \/>\n<meta property=\"og:site_name\" content=\"CABAZES BIOL\u00d3GICOS\" \/>\n<meta property=\"article:modified_time\" content=\"2020-08-21T16:23:07+00:00\" \/>\n<meta property=\"og:image\" content=\"https:\/\/www.biocabaz.pt\/web\/wp-conteudos\/uploads\/2016\/04\/feijao-frade.jpg\" \/>\n\t<meta property=\"og:image:width\" content=\"1024\" \/>\n\t<meta property=\"og:image:height\" content=\"1024\" \/>\n\t<meta property=\"og:image:type\" content=\"image\/jpeg\" \/>\n<meta name=\"twitter:card\" content=\"summary_large_image\" \/>\n<meta name=\"twitter:label1\" content=\"Est. reading time\" \/>\n\t<meta name=\"twitter:data1\" content=\"1 minute\" \/>\n<script type=\"application\/ld+json\" class=\"yoast-schema-graph\">{\"@context\":\"https:\/\/schema.org\",\"@graph\":[{\"@type\":\"WebPage\",\"@id\":\"https:\/\/biocabaz.pt\/web\/produto\/feijao-frade\/\",\"url\":\"https:\/\/biocabaz.pt\/web\/produto\/feijao-frade\/\",\"name\":\"PORTUGUESE ORGANIC BLACK-EYED BEANS IN BULK\",\"isPartOf\":{\"@id\":\"https:\/\/www.biocabaz.pt\/web\/en\/#website\"},\"primaryImageOfPage\":{\"@id\":\"https:\/\/biocabaz.pt\/web\/produto\/feijao-frade\/#primaryimage\"},\"image\":{\"@id\":\"https:\/\/biocabaz.pt\/web\/produto\/feijao-frade\/#primaryimage\"},\"thumbnailUrl\":\"https:\/\/www.biocabaz.pt\/web\/wp-conteudos\/uploads\/2016\/04\/feijao-frade.jpg\",\"datePublished\":\"2016-04-03T23:10:20+00:00\",\"dateModified\":\"2020-08-21T16:23:07+00:00\",\"description\":\"feij\u00e3o frade bio nacional a granel\",\"breadcrumb\":{\"@id\":\"https:\/\/biocabaz.pt\/web\/produto\/feijao-frade\/#breadcrumb\"},\"inLanguage\":\"pt-PT\",\"potentialAction\":[{\"@type\":\"ReadAction\",\"target\":[\"https:\/\/biocabaz.pt\/web\/produto\/feijao-frade\/\"]}]},{\"@type\":\"ImageObject\",\"inLanguage\":\"pt-PT\",\"@id\":\"https:\/\/biocabaz.pt\/web\/produto\/feijao-frade\/#primaryimage\",\"url\":\"https:\/\/www.biocabaz.pt\/web\/wp-conteudos\/uploads\/2016\/04\/feijao-frade.jpg\",\"contentUrl\":\"https:\/\/www.biocabaz.pt\/web\/wp-conteudos\/uploads\/2016\/04\/feijao-frade.jpg\",\"width\":1024,\"height\":1024,\"caption\":\"feijao-frade biologico\"},{\"@type\":\"BreadcrumbList\",\"@id\":\"https:\/\/biocabaz.pt\/web\/produto\/feijao-frade\/#breadcrumb\",\"itemListElement\":[{\"@type\":\"ListItem\",\"position\":1,\"name\":\"Home\",\"item\":\"https:\/\/www.biocabaz.pt\/web\/en\/\"},{\"@type\":\"ListItem\",\"position\":2,\"name\":\"Shop\",\"item\":\"https:\/\/www.biocabaz.pt\/web\/en\/shop\/\"},{\"@type\":\"ListItem\",\"position\":3,\"name\":\"FEIJ\u00c3O FRADE BIO NACIONAL A GRANEL\"}]},{\"@type\":\"WebSite\",\"@id\":\"https:\/\/www.biocabaz.pt\/web\/en\/#website\",\"url\":\"https:\/\/www.biocabaz.pt\/web\/en\/\",\"name\":\"CABAZES BIOL\u00d3GICOS\",\"description\":\"One+Number\",\"potentialAction\":[{\"@type\":\"SearchAction\",\"target\":{\"@type\":\"EntryPoint\",\"urlTemplate\":\"https:\/\/www.biocabaz.pt\/web\/en\/?s={search_term_string}\"},\"query-input\":{\"@type\":\"PropertyValueSpecification\",\"valueRequired\":true,\"valueName\":\"search_term_string\"}}],\"inLanguage\":\"pt-PT\"}]}<\/script>\n<!-- \/ Yoast SEO plugin. -->","yoast_head_json":{"title":"PORTUGUESE ORGANIC BLACK-EYED BEANS IN BULK","description":"feij\u00e3o frade bio nacional a granel","robots":{"index":"index","follow":"follow","max-snippet":"max-snippet:-1","max-image-preview":"max-image-preview:large","max-video-preview":"max-video-preview:-1"},"canonical":"https:\/\/biocabaz.pt\/web\/en\/produto\/feijao-frade\/","og_locale":"pt_PT","og_type":"article","og_title":"[:pt]FEIJ\u00c3O FRADE BIO NACIONAL A GRANEL[:en]PORTUGUESE ORGANIC BLACK-EYED BEANS IN BULK[:] - CABAZES BIOL\u00d3GICOS","og_description":"feij\u00e3o frade bio nacional a granel","og_url":"https:\/\/biocabaz.pt\/web\/en\/produto\/feijao-frade\/","og_site_name":"CABAZES BIOL\u00d3GICOS","article_modified_time":"2020-08-21T16:23:07+00:00","og_image":[{"width":1024,"height":1024,"url":"https:\/\/www.biocabaz.pt\/web\/wp-conteudos\/uploads\/2016\/04\/feijao-frade.jpg","type":"image\/jpeg"}],"twitter_card":"summary_large_image","twitter_misc":{"Est. reading time":"1 minute"},"schema":{"@context":"https:\/\/schema.org","@graph":[{"@type":"WebPage","@id":"https:\/\/biocabaz.pt\/web\/produto\/feijao-frade\/","url":"https:\/\/biocabaz.pt\/web\/produto\/feijao-frade\/","name":"PORTUGUESE ORGANIC BLACK-EYED BEANS IN BULK","isPartOf":{"@id":"https:\/\/www.biocabaz.pt\/web\/en\/#website"},"primaryImageOfPage":{"@id":"https:\/\/biocabaz.pt\/web\/produto\/feijao-frade\/#primaryimage"},"image":{"@id":"https:\/\/biocabaz.pt\/web\/produto\/feijao-frade\/#primaryimage"},"thumbnailUrl":"https:\/\/www.biocabaz.pt\/web\/wp-conteudos\/uploads\/2016\/04\/feijao-frade.jpg","datePublished":"2016-04-03T23:10:20+00:00","dateModified":"2020-08-21T16:23:07+00:00","description":"feij\u00e3o frade bio nacional a granel","breadcrumb":{"@id":"https:\/\/biocabaz.pt\/web\/produto\/feijao-frade\/#breadcrumb"},"inLanguage":"pt-PT","potentialAction":[{"@type":"ReadAction","target":["https:\/\/biocabaz.pt\/web\/produto\/feijao-frade\/"]}]},{"@type":"ImageObject","inLanguage":"pt-PT","@id":"https:\/\/biocabaz.pt\/web\/produto\/feijao-frade\/#primaryimage","url":"https:\/\/www.biocabaz.pt\/web\/wp-conteudos\/uploads\/2016\/04\/feijao-frade.jpg","contentUrl":"https:\/\/www.biocabaz.pt\/web\/wp-conteudos\/uploads\/2016\/04\/feijao-frade.jpg","width":1024,"height":1024,"caption":"feijao-frade biologico"},{"@type":"BreadcrumbList","@id":"https:\/\/biocabaz.pt\/web\/produto\/feijao-frade\/#breadcrumb","itemListElement":[{"@type":"ListItem","position":1,"name":"Home","item":"https:\/\/www.biocabaz.pt\/web\/en\/"},{"@type":"ListItem","position":2,"name":"Shop","item":"https:\/\/www.biocabaz.pt\/web\/en\/shop\/"},{"@type":"ListItem","position":3,"name":"FEIJ\u00c3O FRADE BIO NACIONAL A GRANEL"}]},{"@type":"WebSite","@id":"https:\/\/www.biocabaz.pt\/web\/en\/#website","url":"https:\/\/www.biocabaz.pt\/web\/en\/","name":"CABAZES BIOL\u00d3GICOS","description":"One+Number","potentialAction":[{"@type":"SearchAction","target":{"@type":"EntryPoint","urlTemplate":"https:\/\/www.biocabaz.pt\/web\/en\/?s={search_term_string}"},"query-input":{"@type":"PropertyValueSpecification","valueRequired":true,"valueName":"search_term_string"}}],"inLanguage":"pt-PT"}]}},"_links":{"self":[{"href":"https:\/\/biocabaz.pt\/web\/en\/wp-json\/wp\/v2\/product\/507","targetHints":{"allow":["GET"]}}],"collection":[{"href":"https:\/\/biocabaz.pt\/web\/en\/wp-json\/wp\/v2\/product"}],"about":[{"href":"https:\/\/biocabaz.pt\/web\/en\/wp-json\/wp\/v2\/types\/product"}],"replies":[{"embeddable":true,"href":"https:\/\/biocabaz.pt\/web\/en\/wp-json\/wp\/v2\/comments?post=507"}],"wp:featuredmedia":[{"embeddable":true,"href":"https:\/\/biocabaz.pt\/web\/en\/wp-json\/wp\/v2\/media\/508"}],"wp:attachment":[{"href":"https:\/\/biocabaz.pt\/web\/en\/wp-json\/wp\/v2\/media?parent=507"}],"wp:term":[{"taxonomy":"product_cat","embeddable":true,"href":"https:\/\/biocabaz.pt\/web\/en\/wp-json\/wp\/v2\/product_cat?post=507"},{"taxonomy":"product_tag","embeddable":true,"href":"https:\/\/biocabaz.pt\/web\/en\/wp-json\/wp\/v2\/product_tag?post=507"}],"curies":[{"name":"wp","href":"https:\/\/api.w.org\/{rel}","templated":true}]}}