{"id":501,"date":"2016-04-02T17:09:45","date_gmt":"2016-04-02T17:09:45","guid":{"rendered":"http:\/\/www.biocabaz.com\/web\/?post_type=product&#038;p=501"},"modified":"2020-08-21T16:23:07","modified_gmt":"2020-08-21T16:23:07","slug":"feijao-catarino","status":"publish","type":"product","link":"https:\/\/biocabaz.pt\/web\/en\/produto\/feijao-catarino\/","title":{"rendered":"PORTUGUESE ORGANIC CRANBERRY BEANS  IN BULK"},"content":{"rendered":"<p><strong>Description<\/strong><br \/>Ingredients: Organic cranberry beans. Native to India, it is now widespread throughout the world. It is a food widely used in traditional cuisine and lends itself to the preparation of various recipes such as soups, feijoadas, pates, chilis, salads, etc.<\/p>\n<p><strong>Nutrition Facts<\/strong><br \/><strong>Nutritional Information per 100g\/ml<\/strong>: Energy: 262Kcal \/ 1112Kj; Proteins: 21.2g; Carbohydrates: 34.1g; Lipids: 0.5g; Dietary fibers: 19.3g.<\/p>\n<p><strong>Use Mode<\/strong><br \/>Soak for 8 hours, cook for 1 hour in the pressure cooker. Adding a strip of Alga Kombu during soaking and cooking will help it become more tender and make the beans more digestible. Store in a cool, dry place.<\/p>\n","protected":false},"excerpt":{"rendered":"<p><strong>Nutritional Information per 100g\/ml<\/strong>: Energy: 262Kcal \/ 1112Kj; Proteins: 21.2g; Carbohydrates: 34.1g; Lipids: 0.5g; Dietary fibers: 19.3g.<\/p>\n","protected":false},"featured_media":2109,"comment_status":"open","ping_status":"closed","template":"","meta":[],"product_cat":[25],"product_tag":[],"class_list":["post-501","product","type-product","status-publish","has-post-thumbnail","hentry","product_cat-leguminosas"],"bundle_layout":"","bundled_by":[],"bundled_items":[],"yoast_head":"<!-- This site is optimized with the Yoast SEO plugin v26.3 - https:\/\/yoast.com\/wordpress\/plugins\/seo\/ -->\n<title>PORTUGUESE ORGANIC CRANBERRY BEANS IN BULK<\/title>\n<meta name=\"description\" content=\"feij\u00e3o catarino biologico\" \/>\n<meta name=\"robots\" content=\"index, follow, max-snippet:-1, max-image-preview:large, max-video-preview:-1\" \/>\n<link rel=\"canonical\" href=\"https:\/\/www.biocabaz.pt\/web\/produto\/feijao-catarino\/\" \/>\n<meta property=\"og:locale\" content=\"pt_PT\" \/>\n<meta property=\"og:locale:alternate\" content=\"pt_PT\" \/>\n<meta property=\"og:type\" content=\"article\" \/>\n<meta property=\"og:title\" content=\"PORTUGUESE ORGANIC CRANBERRY BEANS IN BULK\" \/>\n<meta property=\"og:description\" content=\"feij\u00e3o catarino biologico\" \/>\n<meta property=\"og:url\" content=\"https:\/\/biocabaz.pt\/web\/en\/produto\/feijao-catarino\/\" \/>\n<meta property=\"og:site_name\" content=\"CABAZES BIOL\u00d3GICOS\" \/>\n<meta property=\"article:modified_time\" content=\"2020-08-21T16:23:07+00:00\" \/>\n<meta property=\"og:image\" content=\"https:\/\/www.biocabaz.pt\/web\/wp-conteudos\/uploads\/2016\/04\/feijao-catarino-1.jpg\" \/>\n\t<meta property=\"og:image:width\" content=\"200\" \/>\n\t<meta property=\"og:image:height\" content=\"200\" \/>\n\t<meta property=\"og:image:type\" content=\"image\/jpeg\" \/>\n<meta name=\"twitter:card\" content=\"summary_large_image\" \/>\n<meta name=\"twitter:label1\" content=\"Est. reading time\" \/>\n\t<meta name=\"twitter:data1\" content=\"1 minute\" \/>\n<script type=\"application\/ld+json\" class=\"yoast-schema-graph\">{\"@context\":\"https:\/\/schema.org\",\"@graph\":[{\"@type\":\"WebPage\",\"@id\":\"https:\/\/www.biocabaz.pt\/web\/produto\/feijao-catarino\/\",\"url\":\"https:\/\/www.biocabaz.pt\/web\/produto\/feijao-catarino\/\",\"name\":\"PORTUGUESE ORGANIC CRANBERRY BEANS IN BULK\",\"isPartOf\":{\"@id\":\"https:\/\/biocabaz.pt\/web\/#website\"},\"primaryImageOfPage\":{\"@id\":\"https:\/\/www.biocabaz.pt\/web\/produto\/feijao-catarino\/#primaryimage\"},\"image\":{\"@id\":\"https:\/\/www.biocabaz.pt\/web\/produto\/feijao-catarino\/#primaryimage\"},\"thumbnailUrl\":\"https:\/\/www.biocabaz.pt\/web\/wp-conteudos\/uploads\/2016\/04\/feijao-catarino-1.jpg\",\"datePublished\":\"2016-04-02T17:09:45+00:00\",\"dateModified\":\"2020-08-21T16:23:07+00:00\",\"description\":\"feij\u00e3o catarino biologico\",\"breadcrumb\":{\"@id\":\"https:\/\/www.biocabaz.pt\/web\/produto\/feijao-catarino\/#breadcrumb\"},\"inLanguage\":\"pt-PT\",\"potentialAction\":[{\"@type\":\"ReadAction\",\"target\":[\"https:\/\/www.biocabaz.pt\/web\/produto\/feijao-catarino\/\"]}]},{\"@type\":\"ImageObject\",\"inLanguage\":\"pt-PT\",\"@id\":\"https:\/\/www.biocabaz.pt\/web\/produto\/feijao-catarino\/#primaryimage\",\"url\":\"https:\/\/www.biocabaz.pt\/web\/wp-conteudos\/uploads\/2016\/04\/feijao-catarino-1.jpg\",\"contentUrl\":\"https:\/\/www.biocabaz.pt\/web\/wp-conteudos\/uploads\/2016\/04\/feijao-catarino-1.jpg\",\"width\":200,\"height\":200,\"caption\":\"feijao catarino biologico\"},{\"@type\":\"BreadcrumbList\",\"@id\":\"https:\/\/www.biocabaz.pt\/web\/produto\/feijao-catarino\/#breadcrumb\",\"itemListElement\":[{\"@type\":\"ListItem\",\"position\":1,\"name\":\"Home\",\"item\":\"https:\/\/biocabaz.pt\/web\/\"},{\"@type\":\"ListItem\",\"position\":2,\"name\":\"Loja\",\"item\":\"https:\/\/biocabaz.pt\/web\/shop\/\"},{\"@type\":\"ListItem\",\"position\":3,\"name\":\"FEIJ\u00c3O CATARINO BIO NACIONAL A GRANEL\"}]},{\"@type\":\"WebSite\",\"@id\":\"https:\/\/biocabaz.pt\/web\/#website\",\"url\":\"https:\/\/biocabaz.pt\/web\/\",\"name\":\"CABAZES BIOL\u00d3GICOS\",\"description\":\"One+Number\",\"potentialAction\":[{\"@type\":\"SearchAction\",\"target\":{\"@type\":\"EntryPoint\",\"urlTemplate\":\"https:\/\/biocabaz.pt\/web\/?s={search_term_string}\"},\"query-input\":{\"@type\":\"PropertyValueSpecification\",\"valueRequired\":true,\"valueName\":\"search_term_string\"}}],\"inLanguage\":\"pt-PT\"}]}<\/script>\n<!-- \/ Yoast SEO plugin. -->","yoast_head_json":{"title":"PORTUGUESE ORGANIC CRANBERRY BEANS IN BULK","description":"feij\u00e3o catarino biologico","robots":{"index":"index","follow":"follow","max-snippet":"max-snippet:-1","max-image-preview":"max-image-preview:large","max-video-preview":"max-video-preview:-1"},"canonical":"https:\/\/www.biocabaz.pt\/web\/produto\/feijao-catarino\/","og_locale":"pt_PT","og_type":"article","og_title":"[:pt]FEIJ\u00c3O CATARINO BIO NACIONAL A GRANEL[:en]PORTUGUESE ORGANIC CRANBERRY BEANS IN BULK[:] - CABAZES BIOL\u00d3GICOS","og_description":"feij\u00e3o catarino biologico","og_url":"https:\/\/biocabaz.pt\/web\/en\/produto\/feijao-catarino\/","og_site_name":"CABAZES BIOL\u00d3GICOS","article_modified_time":"2020-08-21T16:23:07+00:00","og_image":[{"width":200,"height":200,"url":"https:\/\/www.biocabaz.pt\/web\/wp-conteudos\/uploads\/2016\/04\/feijao-catarino-1.jpg","type":"image\/jpeg"}],"twitter_card":"summary_large_image","twitter_misc":{"Est. reading time":"1 minute"},"schema":{"@context":"https:\/\/schema.org","@graph":[{"@type":"WebPage","@id":"https:\/\/www.biocabaz.pt\/web\/produto\/feijao-catarino\/","url":"https:\/\/www.biocabaz.pt\/web\/produto\/feijao-catarino\/","name":"PORTUGUESE ORGANIC CRANBERRY BEANS IN BULK","isPartOf":{"@id":"https:\/\/biocabaz.pt\/web\/#website"},"primaryImageOfPage":{"@id":"https:\/\/www.biocabaz.pt\/web\/produto\/feijao-catarino\/#primaryimage"},"image":{"@id":"https:\/\/www.biocabaz.pt\/web\/produto\/feijao-catarino\/#primaryimage"},"thumbnailUrl":"https:\/\/www.biocabaz.pt\/web\/wp-conteudos\/uploads\/2016\/04\/feijao-catarino-1.jpg","datePublished":"2016-04-02T17:09:45+00:00","dateModified":"2020-08-21T16:23:07+00:00","description":"feij\u00e3o catarino biologico","breadcrumb":{"@id":"https:\/\/www.biocabaz.pt\/web\/produto\/feijao-catarino\/#breadcrumb"},"inLanguage":"pt-PT","potentialAction":[{"@type":"ReadAction","target":["https:\/\/www.biocabaz.pt\/web\/produto\/feijao-catarino\/"]}]},{"@type":"ImageObject","inLanguage":"pt-PT","@id":"https:\/\/www.biocabaz.pt\/web\/produto\/feijao-catarino\/#primaryimage","url":"https:\/\/www.biocabaz.pt\/web\/wp-conteudos\/uploads\/2016\/04\/feijao-catarino-1.jpg","contentUrl":"https:\/\/www.biocabaz.pt\/web\/wp-conteudos\/uploads\/2016\/04\/feijao-catarino-1.jpg","width":200,"height":200,"caption":"feijao catarino biologico"},{"@type":"BreadcrumbList","@id":"https:\/\/www.biocabaz.pt\/web\/produto\/feijao-catarino\/#breadcrumb","itemListElement":[{"@type":"ListItem","position":1,"name":"Home","item":"https:\/\/biocabaz.pt\/web\/"},{"@type":"ListItem","position":2,"name":"Loja","item":"https:\/\/biocabaz.pt\/web\/shop\/"},{"@type":"ListItem","position":3,"name":"FEIJ\u00c3O CATARINO BIO NACIONAL A GRANEL"}]},{"@type":"WebSite","@id":"https:\/\/biocabaz.pt\/web\/#website","url":"https:\/\/biocabaz.pt\/web\/","name":"CABAZES BIOL\u00d3GICOS","description":"One+Number","potentialAction":[{"@type":"SearchAction","target":{"@type":"EntryPoint","urlTemplate":"https:\/\/biocabaz.pt\/web\/?s={search_term_string}"},"query-input":{"@type":"PropertyValueSpecification","valueRequired":true,"valueName":"search_term_string"}}],"inLanguage":"pt-PT"}]}},"_links":{"self":[{"href":"https:\/\/biocabaz.pt\/web\/en\/wp-json\/wp\/v2\/product\/501","targetHints":{"allow":["GET"]}}],"collection":[{"href":"https:\/\/biocabaz.pt\/web\/en\/wp-json\/wp\/v2\/product"}],"about":[{"href":"https:\/\/biocabaz.pt\/web\/en\/wp-json\/wp\/v2\/types\/product"}],"replies":[{"embeddable":true,"href":"https:\/\/biocabaz.pt\/web\/en\/wp-json\/wp\/v2\/comments?post=501"}],"wp:featuredmedia":[{"embeddable":true,"href":"https:\/\/biocabaz.pt\/web\/en\/wp-json\/wp\/v2\/media\/2109"}],"wp:attachment":[{"href":"https:\/\/biocabaz.pt\/web\/en\/wp-json\/wp\/v2\/media?parent=501"}],"wp:term":[{"taxonomy":"product_cat","embeddable":true,"href":"https:\/\/biocabaz.pt\/web\/en\/wp-json\/wp\/v2\/product_cat?post=501"},{"taxonomy":"product_tag","embeddable":true,"href":"https:\/\/biocabaz.pt\/web\/en\/wp-json\/wp\/v2\/product_tag?post=501"}],"curies":[{"name":"wp","href":"https:\/\/api.w.org\/{rel}","templated":true}]}}