{"id":4963,"date":"2017-10-30T00:06:29","date_gmt":"2017-10-30T00:06:29","guid":{"rendered":"https:\/\/www.biocabaz.pt\/web\/produto\/pao-canhamo-sgluten-pachamama\/"},"modified":"2020-08-21T16:23:41","modified_gmt":"2020-08-21T16:23:41","slug":"pao-canhamo-s-gluten-pachamama","status":"publish","type":"product","link":"https:\/\/biocabaz.pt\/web\/en\/produto\/pao-canhamo-s-gluten-pachamama\/","title":{"rendered":"Pachamama organic hemp bread (gluten free )"},"content":{"rendered":"<p><strong>Descri\u00e7\u00e3o <\/strong><br \/>\n\t\t\t\tIngredientes: Farinha de Arroz Integral, Farinha de Trigo Sarraceno, F\u00e9cula de Mandioca, Levedura (Sacharomyces Cerevise), Sementes de Linha\u00e7a mo\u00eddas, Psylium, Sementes de Chia, Sementes de C\u00e2nhamo (1%) e Sal.<\/p>\n<p><strong>Dados Nutricionais<\/strong><br \/>\n\t\t\t\tDeclara\u00e7\u00e3o Nutricional por 100g:<br \/> Energia: 731\/175kJ\/Kcal;<br \/> L\u00edpidos: 2,7g &#8211; dos quais\u00e1cidos gordos saturados: 0,3g;<br \/> Hidratos de carbono: 30g &#8211; dos quais a\u00e7\u00facares: 0,9g;<br \/> Fibra: 4g;<br \/> Prote\u00ednas: 4,6g;<br \/> Sal: 0,8g.<\/p>\n<p><strong>Modo Utiliza\u00e7\u00e3o<\/strong><br \/>Conservar em local fresco e seco.<\/p>\n","protected":false},"excerpt":{"rendered":"<p>Vantagens:<br \/>\n&#8211; Cont\u00e9m todos os amino\u00e1cidos sendo por isso uma prote\u00edna completa<br \/>\n&#8211; Tem o equil\u00edbrio perfeito entre \u00f3mega 3 e 6 &#8211; Rico em minerais e fibras<br \/>\n&#8211; Regula o intestino<br \/>\n&#8211; Controla o \u00edndice glic\u00e9mico nos sangue<br \/>\n&#8211; D\u00e1 suporte ao sistema imunit\u00e1rio<br \/>\n&#8211; Aumenta a energia e vitalidade<\/p>\n<p><a href=\"https:\/\/www.biocabaz.pt\/web\/wp-conteudos\/uploads\/2017\/10\/pao-canhamo.pdf\">Saber mais<\/a><\/p>\n","protected":false},"featured_media":6920,"comment_status":"closed","ping_status":"closed","template":"","meta":[],"product_cat":[54,12],"product_tag":[],"class_list":["post-4963","product","type-product","status-publish","has-post-thumbnail","hentry","product_cat-alimentos-sem-gluten","product_cat-padaria"],"bundle_layout":"","bundled_by":[],"bundled_items":[],"yoast_head":"<!-- This site is optimized with the Yoast SEO plugin v26.3 - https:\/\/yoast.com\/wordpress\/plugins\/seo\/ -->\n<title>Pachamama organic hemp bread (gluten free )<\/title>\n<meta name=\"description\" content=\"pao canhamo sem gl\u00faten Pachamama\" \/>\n<meta name=\"robots\" content=\"index, follow, max-snippet:-1, max-image-preview:large, max-video-preview:-1\" \/>\n<link rel=\"canonical\" href=\"https:\/\/biocabaz.pt\/web\/en\/produto\/pao-canhamo-s-gluten-pachamama\/\" \/>\n<meta property=\"og:locale\" content=\"pt_PT\" \/>\n<meta property=\"og:locale:alternate\" content=\"pt_PT\" \/>\n<meta property=\"og:type\" content=\"article\" \/>\n<meta property=\"og:title\" content=\"Pachamama organic hemp bread (gluten free )\" \/>\n<meta property=\"og:description\" content=\"pao canhamo sem gl\u00faten Pachamama\" \/>\n<meta property=\"og:url\" content=\"https:\/\/biocabaz.pt\/web\/en\/produto\/pao-canhamo-s-gluten-pachamama\/\" \/>\n<meta property=\"og:site_name\" content=\"CABAZES BIOL\u00d3GICOS\" \/>\n<meta property=\"article:modified_time\" content=\"2020-08-21T16:23:41+00:00\" \/>\n<meta property=\"og:image\" content=\"https:\/\/www.biocabaz.pt\/web\/wp-conteudos\/uploads\/2017\/10\/pao-canhamo.jpg\" \/>\n\t<meta property=\"og:image:width\" content=\"500\" \/>\n\t<meta property=\"og:image:height\" content=\"500\" \/>\n\t<meta property=\"og:image:type\" content=\"image\/jpeg\" \/>\n<meta name=\"twitter:card\" content=\"summary_large_image\" \/>\n<script type=\"application\/ld+json\" class=\"yoast-schema-graph\">{\"@context\":\"https:\/\/schema.org\",\"@graph\":[{\"@type\":\"WebPage\",\"@id\":\"https:\/\/biocabaz.pt\/web\/produto\/pao-canhamo-s-gluten-pachamama\/\",\"url\":\"https:\/\/biocabaz.pt\/web\/produto\/pao-canhamo-s-gluten-pachamama\/\",\"name\":\"Pachamama organic hemp bread (gluten free )\",\"isPartOf\":{\"@id\":\"https:\/\/biocabaz.pt\/web\/en\/#website\"},\"primaryImageOfPage\":{\"@id\":\"https:\/\/biocabaz.pt\/web\/produto\/pao-canhamo-s-gluten-pachamama\/#primaryimage\"},\"image\":{\"@id\":\"https:\/\/biocabaz.pt\/web\/produto\/pao-canhamo-s-gluten-pachamama\/#primaryimage\"},\"thumbnailUrl\":\"https:\/\/www.biocabaz.pt\/web\/wp-conteudos\/uploads\/2017\/10\/pao-canhamo.jpg\",\"datePublished\":\"2017-10-30T00:06:29+00:00\",\"dateModified\":\"2020-08-21T16:23:41+00:00\",\"description\":\"pao canhamo sem gl\u00faten Pachamama\",\"breadcrumb\":{\"@id\":\"https:\/\/biocabaz.pt\/web\/produto\/pao-canhamo-s-gluten-pachamama\/#breadcrumb\"},\"inLanguage\":\"pt-PT\",\"potentialAction\":[{\"@type\":\"ReadAction\",\"target\":[\"https:\/\/biocabaz.pt\/web\/produto\/pao-canhamo-s-gluten-pachamama\/\"]}]},{\"@type\":\"ImageObject\",\"inLanguage\":\"pt-PT\",\"@id\":\"https:\/\/biocabaz.pt\/web\/produto\/pao-canhamo-s-gluten-pachamama\/#primaryimage\",\"url\":\"https:\/\/www.biocabaz.pt\/web\/wp-conteudos\/uploads\/2017\/10\/pao-canhamo.jpg\",\"contentUrl\":\"https:\/\/www.biocabaz.pt\/web\/wp-conteudos\/uploads\/2017\/10\/pao-canhamo.jpg\",\"width\":500,\"height\":500,\"caption\":\"pao canhamo\"},{\"@type\":\"BreadcrumbList\",\"@id\":\"https:\/\/biocabaz.pt\/web\/produto\/pao-canhamo-s-gluten-pachamama\/#breadcrumb\",\"itemListElement\":[{\"@type\":\"ListItem\",\"position\":1,\"name\":\"Home\",\"item\":\"https:\/\/biocabaz.pt\/web\/en\/\"},{\"@type\":\"ListItem\",\"position\":2,\"name\":\"Shop\",\"item\":\"https:\/\/biocabaz.pt\/web\/en\/shop\/\"},{\"@type\":\"ListItem\",\"position\":3,\"name\":\"P\u00c3O CANH\u00c2MO &#8220;S\/ GL\u00daTEN&#8221; PACHAMAMA\"}]},{\"@type\":\"WebSite\",\"@id\":\"https:\/\/biocabaz.pt\/web\/en\/#website\",\"url\":\"https:\/\/biocabaz.pt\/web\/en\/\",\"name\":\"CABAZES BIOL\u00d3GICOS\",\"description\":\"One+Number\",\"potentialAction\":[{\"@type\":\"SearchAction\",\"target\":{\"@type\":\"EntryPoint\",\"urlTemplate\":\"https:\/\/biocabaz.pt\/web\/en\/?s={search_term_string}\"},\"query-input\":{\"@type\":\"PropertyValueSpecification\",\"valueRequired\":true,\"valueName\":\"search_term_string\"}}],\"inLanguage\":\"pt-PT\"}]}<\/script>\n<!-- \/ Yoast SEO plugin. -->","yoast_head_json":{"title":"Pachamama organic hemp bread (gluten free )","description":"pao canhamo sem gl\u00faten Pachamama","robots":{"index":"index","follow":"follow","max-snippet":"max-snippet:-1","max-image-preview":"max-image-preview:large","max-video-preview":"max-video-preview:-1"},"canonical":"https:\/\/biocabaz.pt\/web\/en\/produto\/pao-canhamo-s-gluten-pachamama\/","og_locale":"pt_PT","og_type":"article","og_title":"[:pt]P\u00c3O CANH\u00c2MO \"S\/ GL\u00daTEN\" PACHAMAMA[:en]Pachamama organic hemp bread (gluten free )[:] - CABAZES BIOL\u00d3GICOS","og_description":"pao canhamo sem gl\u00faten Pachamama","og_url":"https:\/\/biocabaz.pt\/web\/en\/produto\/pao-canhamo-s-gluten-pachamama\/","og_site_name":"CABAZES BIOL\u00d3GICOS","article_modified_time":"2020-08-21T16:23:41+00:00","og_image":[{"width":500,"height":500,"url":"https:\/\/www.biocabaz.pt\/web\/wp-conteudos\/uploads\/2017\/10\/pao-canhamo.jpg","type":"image\/jpeg"}],"twitter_card":"summary_large_image","schema":{"@context":"https:\/\/schema.org","@graph":[{"@type":"WebPage","@id":"https:\/\/biocabaz.pt\/web\/produto\/pao-canhamo-s-gluten-pachamama\/","url":"https:\/\/biocabaz.pt\/web\/produto\/pao-canhamo-s-gluten-pachamama\/","name":"Pachamama organic hemp bread (gluten free )","isPartOf":{"@id":"https:\/\/biocabaz.pt\/web\/en\/#website"},"primaryImageOfPage":{"@id":"https:\/\/biocabaz.pt\/web\/produto\/pao-canhamo-s-gluten-pachamama\/#primaryimage"},"image":{"@id":"https:\/\/biocabaz.pt\/web\/produto\/pao-canhamo-s-gluten-pachamama\/#primaryimage"},"thumbnailUrl":"https:\/\/www.biocabaz.pt\/web\/wp-conteudos\/uploads\/2017\/10\/pao-canhamo.jpg","datePublished":"2017-10-30T00:06:29+00:00","dateModified":"2020-08-21T16:23:41+00:00","description":"pao canhamo sem gl\u00faten Pachamama","breadcrumb":{"@id":"https:\/\/biocabaz.pt\/web\/produto\/pao-canhamo-s-gluten-pachamama\/#breadcrumb"},"inLanguage":"pt-PT","potentialAction":[{"@type":"ReadAction","target":["https:\/\/biocabaz.pt\/web\/produto\/pao-canhamo-s-gluten-pachamama\/"]}]},{"@type":"ImageObject","inLanguage":"pt-PT","@id":"https:\/\/biocabaz.pt\/web\/produto\/pao-canhamo-s-gluten-pachamama\/#primaryimage","url":"https:\/\/www.biocabaz.pt\/web\/wp-conteudos\/uploads\/2017\/10\/pao-canhamo.jpg","contentUrl":"https:\/\/www.biocabaz.pt\/web\/wp-conteudos\/uploads\/2017\/10\/pao-canhamo.jpg","width":500,"height":500,"caption":"pao canhamo"},{"@type":"BreadcrumbList","@id":"https:\/\/biocabaz.pt\/web\/produto\/pao-canhamo-s-gluten-pachamama\/#breadcrumb","itemListElement":[{"@type":"ListItem","position":1,"name":"Home","item":"https:\/\/biocabaz.pt\/web\/en\/"},{"@type":"ListItem","position":2,"name":"Shop","item":"https:\/\/biocabaz.pt\/web\/en\/shop\/"},{"@type":"ListItem","position":3,"name":"P\u00c3O CANH\u00c2MO &#8220;S\/ GL\u00daTEN&#8221; PACHAMAMA"}]},{"@type":"WebSite","@id":"https:\/\/biocabaz.pt\/web\/en\/#website","url":"https:\/\/biocabaz.pt\/web\/en\/","name":"CABAZES BIOL\u00d3GICOS","description":"One+Number","potentialAction":[{"@type":"SearchAction","target":{"@type":"EntryPoint","urlTemplate":"https:\/\/biocabaz.pt\/web\/en\/?s={search_term_string}"},"query-input":{"@type":"PropertyValueSpecification","valueRequired":true,"valueName":"search_term_string"}}],"inLanguage":"pt-PT"}]}},"_links":{"self":[{"href":"https:\/\/biocabaz.pt\/web\/en\/wp-json\/wp\/v2\/product\/4963","targetHints":{"allow":["GET"]}}],"collection":[{"href":"https:\/\/biocabaz.pt\/web\/en\/wp-json\/wp\/v2\/product"}],"about":[{"href":"https:\/\/biocabaz.pt\/web\/en\/wp-json\/wp\/v2\/types\/product"}],"replies":[{"embeddable":true,"href":"https:\/\/biocabaz.pt\/web\/en\/wp-json\/wp\/v2\/comments?post=4963"}],"wp:featuredmedia":[{"embeddable":true,"href":"https:\/\/biocabaz.pt\/web\/en\/wp-json\/wp\/v2\/media\/6920"}],"wp:attachment":[{"href":"https:\/\/biocabaz.pt\/web\/en\/wp-json\/wp\/v2\/media?parent=4963"}],"wp:term":[{"taxonomy":"product_cat","embeddable":true,"href":"https:\/\/biocabaz.pt\/web\/en\/wp-json\/wp\/v2\/product_cat?post=4963"},{"taxonomy":"product_tag","embeddable":true,"href":"https:\/\/biocabaz.pt\/web\/en\/wp-json\/wp\/v2\/product_tag?post=4963"}],"curies":[{"name":"wp","href":"https:\/\/api.w.org\/{rel}","templated":true}]}}