{"id":47137,"date":"2020-06-19T17:27:24","date_gmt":"2020-06-19T17:27:24","guid":{"rendered":"https:\/\/www.biocabaz.pt\/web\/?post_type=product&#038;p=47137"},"modified":"2022-03-12T10:21:31","modified_gmt":"2022-03-12T10:21:31","slug":"leite-biologico-milhafre-acores","status":"publish","type":"product","link":"https:\/\/biocabaz.pt\/web\/en\/produto\/leite-biologico-milhafre-acores\/","title":{"rendered":"MILHAFRE AZORES ORGANIC MILK"},"content":{"rendered":"<p><strong>Descri\u00e7\u00e3o <\/strong><br \/>\nIngredientes: leite meio-gordo UHT biol\u00f3gico.<\/p>\n<p><strong>Dados Nutricionais<\/strong><br \/>\nDeclara\u00e7\u00e3o Nutricional por 100ml:<br \/>\nEnergia: 195 kJ\/ 46 kcal;<br \/>\nL\u00edpidos: 1,6g &#8211; dos quais saturados: 1,0g;<br \/>\nHidratos de carbono: 4,8g &#8211; dos quais a\u00e7\u00facares : 4,8g;<br \/>\nProte\u00ednas: 3,2g;<br \/>\nSal 0,1g.<\/p>\n<p><strong>Modo Utiliza\u00e7\u00e3o<\/strong><br \/>\nUma vez aberta a embalagem conservar no frigor\u00edfico e consumir dentro de 3 dias.<\/p>\n","protected":false},"excerpt":{"rendered":"<p>Ingredients: organic UHT semi-skimmed milk.<br \/><b>Use Mode:<\/b> Once opened, store in a refrigerator and consume within 3 days.<br \/><b>Nutritional Information:<\/b> Nutritional Information per 100g\/ml: Energy: 195 KJ\/46Kcal; Lipids: 1.6g; of which saturated: 1.0g; Carbohydrates: 4.8g; of which sugars: 4.8g; Proteins: 3.2g; Salt: 0.1g.<\/p>\n","protected":false},"featured_media":47138,"comment_status":"closed","ping_status":"closed","template":"","meta":[],"product_cat":[34],"product_tag":[],"class_list":["post-47137","product","type-product","status-publish","has-post-thumbnail","hentry","product_cat-leites-bebidas-vegetais"],"bundle_layout":"","bundled_by":[],"bundled_items":[],"yoast_head":"<!-- This site is optimized with the Yoast SEO plugin v26.3 - https:\/\/yoast.com\/wordpress\/plugins\/seo\/ -->\n<title>MILHAFRE AZORES ORGANIC MILK<\/title>\n<meta name=\"description\" content=\"LEITE BIOLOGICO MILHAFRE A\u00c7ORES\" \/>\n<meta name=\"robots\" content=\"index, follow, max-snippet:-1, max-image-preview:large, max-video-preview:-1\" \/>\n<link rel=\"canonical\" href=\"https:\/\/biocabaz.pt\/web\/en\/produto\/leite-biologico-milhafre-acores\/\" \/>\n<meta property=\"og:locale\" content=\"pt_PT\" \/>\n<meta property=\"og:locale:alternate\" content=\"pt_PT\" \/>\n<meta property=\"og:type\" content=\"article\" \/>\n<meta property=\"og:title\" content=\"MILHAFRE AZORES ORGANIC MILK\" \/>\n<meta property=\"og:description\" content=\"LEITE BIOLOGICO MILHAFRE A\u00c7ORES\" \/>\n<meta property=\"og:url\" content=\"https:\/\/biocabaz.pt\/web\/en\/produto\/leite-biologico-milhafre-acores\/\" \/>\n<meta property=\"og:site_name\" content=\"CABAZES BIOL\u00d3GICOS\" \/>\n<meta property=\"article:modified_time\" content=\"2022-03-12T10:21:31+00:00\" \/>\n<meta property=\"og:image\" content=\"https:\/\/www.biocabaz.pt\/web\/wp-conteudos\/uploads\/2020\/06\/leite-bio-milhafre.jpg\" \/>\n\t<meta property=\"og:image:width\" content=\"600\" \/>\n\t<meta property=\"og:image:height\" content=\"600\" \/>\n\t<meta property=\"og:image:type\" content=\"image\/jpeg\" \/>\n<meta name=\"twitter:card\" content=\"summary_large_image\" \/>\n<script type=\"application\/ld+json\" class=\"yoast-schema-graph\">{\"@context\":\"https:\/\/schema.org\",\"@graph\":[{\"@type\":\"WebPage\",\"@id\":\"https:\/\/biocabaz.pt\/web\/produto\/leite-biologico-milhafre-acores\/\",\"url\":\"https:\/\/biocabaz.pt\/web\/produto\/leite-biologico-milhafre-acores\/\",\"name\":\"MILHAFRE AZORES ORGANIC MILK\",\"isPartOf\":{\"@id\":\"https:\/\/biocabaz.pt\/web\/#website\"},\"primaryImageOfPage\":{\"@id\":\"https:\/\/biocabaz.pt\/web\/produto\/leite-biologico-milhafre-acores\/#primaryimage\"},\"image\":{\"@id\":\"https:\/\/biocabaz.pt\/web\/produto\/leite-biologico-milhafre-acores\/#primaryimage\"},\"thumbnailUrl\":\"https:\/\/www.biocabaz.pt\/web\/wp-conteudos\/uploads\/2020\/06\/leite-bio-milhafre.jpg\",\"datePublished\":\"2020-06-19T17:27:24+00:00\",\"dateModified\":\"2022-03-12T10:21:31+00:00\",\"description\":\"LEITE BIOLOGICO MILHAFRE A\u00c7ORES\",\"breadcrumb\":{\"@id\":\"https:\/\/biocabaz.pt\/web\/produto\/leite-biologico-milhafre-acores\/#breadcrumb\"},\"inLanguage\":\"pt-PT\",\"potentialAction\":[{\"@type\":\"ReadAction\",\"target\":[\"https:\/\/biocabaz.pt\/web\/produto\/leite-biologico-milhafre-acores\/\"]}]},{\"@type\":\"ImageObject\",\"inLanguage\":\"pt-PT\",\"@id\":\"https:\/\/biocabaz.pt\/web\/produto\/leite-biologico-milhafre-acores\/#primaryimage\",\"url\":\"https:\/\/www.biocabaz.pt\/web\/wp-conteudos\/uploads\/2020\/06\/leite-bio-milhafre.jpg\",\"contentUrl\":\"https:\/\/www.biocabaz.pt\/web\/wp-conteudos\/uploads\/2020\/06\/leite-bio-milhafre.jpg\",\"width\":600,\"height\":600,\"caption\":\"leite-bio-milhafre\"},{\"@type\":\"BreadcrumbList\",\"@id\":\"https:\/\/biocabaz.pt\/web\/produto\/leite-biologico-milhafre-acores\/#breadcrumb\",\"itemListElement\":[{\"@type\":\"ListItem\",\"position\":1,\"name\":\"Home\",\"item\":\"https:\/\/biocabaz.pt\/web\/\"},{\"@type\":\"ListItem\",\"position\":2,\"name\":\"Loja\",\"item\":\"https:\/\/biocabaz.pt\/web\/shop\/\"},{\"@type\":\"ListItem\",\"position\":3,\"name\":\"LEITE BIOLOGICO MILHAFRE A\u00c7ORES\"}]},{\"@type\":\"WebSite\",\"@id\":\"https:\/\/biocabaz.pt\/web\/#website\",\"url\":\"https:\/\/biocabaz.pt\/web\/\",\"name\":\"CABAZES BIOL\u00d3GICOS\",\"description\":\"One+Number\",\"potentialAction\":[{\"@type\":\"SearchAction\",\"target\":{\"@type\":\"EntryPoint\",\"urlTemplate\":\"https:\/\/biocabaz.pt\/web\/?s={search_term_string}\"},\"query-input\":{\"@type\":\"PropertyValueSpecification\",\"valueRequired\":true,\"valueName\":\"search_term_string\"}}],\"inLanguage\":\"pt-PT\"}]}<\/script>\n<!-- \/ Yoast SEO plugin. -->","yoast_head_json":{"title":"MILHAFRE AZORES ORGANIC MILK","description":"LEITE BIOLOGICO MILHAFRE A\u00c7ORES","robots":{"index":"index","follow":"follow","max-snippet":"max-snippet:-1","max-image-preview":"max-image-preview:large","max-video-preview":"max-video-preview:-1"},"canonical":"https:\/\/biocabaz.pt\/web\/en\/produto\/leite-biologico-milhafre-acores\/","og_locale":"pt_PT","og_type":"article","og_title":"[:en]MILHAFRE AZORES ORGANIC MILK[:pt]LEITE BIOLOGICO MILHAFRE A\u00c7ORES[:] - CABAZES BIOL\u00d3GICOS","og_description":"LEITE BIOLOGICO MILHAFRE A\u00c7ORES","og_url":"https:\/\/biocabaz.pt\/web\/en\/produto\/leite-biologico-milhafre-acores\/","og_site_name":"CABAZES BIOL\u00d3GICOS","article_modified_time":"2022-03-12T10:21:31+00:00","og_image":[{"width":600,"height":600,"url":"https:\/\/www.biocabaz.pt\/web\/wp-conteudos\/uploads\/2020\/06\/leite-bio-milhafre.jpg","type":"image\/jpeg"}],"twitter_card":"summary_large_image","schema":{"@context":"https:\/\/schema.org","@graph":[{"@type":"WebPage","@id":"https:\/\/biocabaz.pt\/web\/produto\/leite-biologico-milhafre-acores\/","url":"https:\/\/biocabaz.pt\/web\/produto\/leite-biologico-milhafre-acores\/","name":"MILHAFRE AZORES ORGANIC MILK","isPartOf":{"@id":"https:\/\/biocabaz.pt\/web\/#website"},"primaryImageOfPage":{"@id":"https:\/\/biocabaz.pt\/web\/produto\/leite-biologico-milhafre-acores\/#primaryimage"},"image":{"@id":"https:\/\/biocabaz.pt\/web\/produto\/leite-biologico-milhafre-acores\/#primaryimage"},"thumbnailUrl":"https:\/\/www.biocabaz.pt\/web\/wp-conteudos\/uploads\/2020\/06\/leite-bio-milhafre.jpg","datePublished":"2020-06-19T17:27:24+00:00","dateModified":"2022-03-12T10:21:31+00:00","description":"LEITE BIOLOGICO MILHAFRE A\u00c7ORES","breadcrumb":{"@id":"https:\/\/biocabaz.pt\/web\/produto\/leite-biologico-milhafre-acores\/#breadcrumb"},"inLanguage":"pt-PT","potentialAction":[{"@type":"ReadAction","target":["https:\/\/biocabaz.pt\/web\/produto\/leite-biologico-milhafre-acores\/"]}]},{"@type":"ImageObject","inLanguage":"pt-PT","@id":"https:\/\/biocabaz.pt\/web\/produto\/leite-biologico-milhafre-acores\/#primaryimage","url":"https:\/\/www.biocabaz.pt\/web\/wp-conteudos\/uploads\/2020\/06\/leite-bio-milhafre.jpg","contentUrl":"https:\/\/www.biocabaz.pt\/web\/wp-conteudos\/uploads\/2020\/06\/leite-bio-milhafre.jpg","width":600,"height":600,"caption":"leite-bio-milhafre"},{"@type":"BreadcrumbList","@id":"https:\/\/biocabaz.pt\/web\/produto\/leite-biologico-milhafre-acores\/#breadcrumb","itemListElement":[{"@type":"ListItem","position":1,"name":"Home","item":"https:\/\/biocabaz.pt\/web\/"},{"@type":"ListItem","position":2,"name":"Loja","item":"https:\/\/biocabaz.pt\/web\/shop\/"},{"@type":"ListItem","position":3,"name":"LEITE BIOLOGICO MILHAFRE A\u00c7ORES"}]},{"@type":"WebSite","@id":"https:\/\/biocabaz.pt\/web\/#website","url":"https:\/\/biocabaz.pt\/web\/","name":"CABAZES BIOL\u00d3GICOS","description":"One+Number","potentialAction":[{"@type":"SearchAction","target":{"@type":"EntryPoint","urlTemplate":"https:\/\/biocabaz.pt\/web\/?s={search_term_string}"},"query-input":{"@type":"PropertyValueSpecification","valueRequired":true,"valueName":"search_term_string"}}],"inLanguage":"pt-PT"}]}},"_links":{"self":[{"href":"https:\/\/biocabaz.pt\/web\/en\/wp-json\/wp\/v2\/product\/47137","targetHints":{"allow":["GET"]}}],"collection":[{"href":"https:\/\/biocabaz.pt\/web\/en\/wp-json\/wp\/v2\/product"}],"about":[{"href":"https:\/\/biocabaz.pt\/web\/en\/wp-json\/wp\/v2\/types\/product"}],"replies":[{"embeddable":true,"href":"https:\/\/biocabaz.pt\/web\/en\/wp-json\/wp\/v2\/comments?post=47137"}],"wp:featuredmedia":[{"embeddable":true,"href":"https:\/\/biocabaz.pt\/web\/en\/wp-json\/wp\/v2\/media\/47138"}],"wp:attachment":[{"href":"https:\/\/biocabaz.pt\/web\/en\/wp-json\/wp\/v2\/media?parent=47137"}],"wp:term":[{"taxonomy":"product_cat","embeddable":true,"href":"https:\/\/biocabaz.pt\/web\/en\/wp-json\/wp\/v2\/product_cat?post=47137"},{"taxonomy":"product_tag","embeddable":true,"href":"https:\/\/biocabaz.pt\/web\/en\/wp-json\/wp\/v2\/product_tag?post=47137"}],"curies":[{"name":"wp","href":"https:\/\/api.w.org\/{rel}","templated":true}]}}