{"id":44661,"date":"2020-05-16T07:59:45","date_gmt":"2020-05-16T07:59:45","guid":{"rendered":"https:\/\/www.biocabaz.pt\/web\/?post_type=product&#038;p=44661"},"modified":"2025-08-30T06:29:36","modified_gmt":"2025-08-30T06:29:36","slug":"pao-de-batata-doce-e-milho-bio-420gr","status":"publish","type":"product","link":"https:\/\/biocabaz.pt\/web\/en\/produto\/pao-de-batata-doce-e-milho-bio-420gr\/","title":{"rendered":"QUINOA  SWEET POTATO AND CORN BREAD"},"content":{"rendered":"<p><strong>Description<\/strong><br \/>\nIngredients: Filtered water; arrowroot flour *, rice flour *, sweet potato * (10%), oat flour *; corn flour * (7%), rice jelly *, coconut oil *, golden flaxseed flour *, azuki bean flour * (topping), and sea \u200b\u200bsalt. * from organic farming.<\/p>\n<p><strong>Nutrition Facts<\/strong><br \/>\nNutritional Information per 100g\/ml:<br \/>\nEnergy: 924kJ \/ 219kcal;<br \/>\nLipids: 3.2g &#8211; of which 2.4g saturated;<br \/>\nCarbohydrates: 42.2g &#8211; of which 3.3g sugars; 1.5g fiber;<br \/>\nProteins 4.5g;<br \/>\nSalt 0.8g.<\/p>\n","protected":false},"excerpt":{"rendered":"<p>&nbsp;<\/p>\n","protected":false},"featured_media":44662,"comment_status":"closed","ping_status":"closed","template":"","meta":[],"product_cat":[12],"product_tag":[],"class_list":["post-44661","product","type-product","status-publish","has-post-thumbnail","hentry","product_cat-padaria"],"bundle_layout":"","bundled_by":[],"bundled_items":[],"yoast_head":"<!-- This site is optimized with the Yoast SEO plugin v26.3 - https:\/\/yoast.com\/wordpress\/plugins\/seo\/ -->\n<title>QUINOA SWEET POTATO AND CORN BREAD<\/title>\n<meta name=\"description\" content=\"P\u00c3O DE BATATA DOCE E MILHO BIO 420GR\" \/>\n<meta name=\"robots\" content=\"index, follow, max-snippet:-1, max-image-preview:large, max-video-preview:-1\" \/>\n<link rel=\"canonical\" href=\"https:\/\/www.biocabaz.pt\/web\/produto\/pao-de-batata-doce-e-milho-bio-420gr\/\" \/>\n<meta property=\"og:locale\" content=\"pt_PT\" \/>\n<meta property=\"og:locale:alternate\" content=\"pt_PT\" \/>\n<meta property=\"og:type\" content=\"article\" \/>\n<meta property=\"og:title\" content=\"QUINOA SWEET POTATO AND CORN BREAD\" \/>\n<meta property=\"og:description\" content=\"P\u00c3O DE BATATA DOCE E MILHO BIO 420GR\" \/>\n<meta property=\"og:url\" content=\"https:\/\/biocabaz.pt\/web\/en\/produto\/pao-de-batata-doce-e-milho-bio-420gr\/\" \/>\n<meta property=\"og:site_name\" content=\"CABAZES BIOL\u00d3GICOS\" \/>\n<meta property=\"article:modified_time\" content=\"2025-08-30T06:29:36+00:00\" \/>\n<meta property=\"og:image\" content=\"https:\/\/www.biocabaz.pt\/web\/wp-conteudos\/uploads\/2020\/05\/batata-doce-e-milho-miolo-3-600x600-1.png\" \/>\n\t<meta property=\"og:image:width\" content=\"600\" \/>\n\t<meta property=\"og:image:height\" content=\"600\" \/>\n\t<meta property=\"og:image:type\" content=\"image\/png\" \/>\n<meta name=\"twitter:card\" content=\"summary_large_image\" \/>\n<script type=\"application\/ld+json\" class=\"yoast-schema-graph\">{\"@context\":\"https:\/\/schema.org\",\"@graph\":[{\"@type\":\"WebPage\",\"@id\":\"https:\/\/www.biocabaz.pt\/web\/produto\/pao-de-batata-doce-e-milho-bio-420gr\/\",\"url\":\"https:\/\/www.biocabaz.pt\/web\/produto\/pao-de-batata-doce-e-milho-bio-420gr\/\",\"name\":\"QUINOA SWEET POTATO AND CORN BREAD\",\"isPartOf\":{\"@id\":\"https:\/\/www.biocabaz.pt\/web\/en\/#website\"},\"primaryImageOfPage\":{\"@id\":\"https:\/\/www.biocabaz.pt\/web\/produto\/pao-de-batata-doce-e-milho-bio-420gr\/#primaryimage\"},\"image\":{\"@id\":\"https:\/\/www.biocabaz.pt\/web\/produto\/pao-de-batata-doce-e-milho-bio-420gr\/#primaryimage\"},\"thumbnailUrl\":\"https:\/\/www.biocabaz.pt\/web\/wp-conteudos\/uploads\/2020\/05\/batata-doce-e-milho-miolo-3-600x600-1.png\",\"datePublished\":\"2020-05-16T07:59:45+00:00\",\"dateModified\":\"2025-08-30T06:29:36+00:00\",\"description\":\"P\u00c3O DE BATATA DOCE E MILHO BIO 420GR\",\"breadcrumb\":{\"@id\":\"https:\/\/www.biocabaz.pt\/web\/produto\/pao-de-batata-doce-e-milho-bio-420gr\/#breadcrumb\"},\"inLanguage\":\"pt-PT\",\"potentialAction\":[{\"@type\":\"ReadAction\",\"target\":[\"https:\/\/www.biocabaz.pt\/web\/produto\/pao-de-batata-doce-e-milho-bio-420gr\/\"]}]},{\"@type\":\"ImageObject\",\"inLanguage\":\"pt-PT\",\"@id\":\"https:\/\/www.biocabaz.pt\/web\/produto\/pao-de-batata-doce-e-milho-bio-420gr\/#primaryimage\",\"url\":\"https:\/\/www.biocabaz.pt\/web\/wp-conteudos\/uploads\/2020\/05\/batata-doce-e-milho-miolo-3-600x600-1.png\",\"contentUrl\":\"https:\/\/www.biocabaz.pt\/web\/wp-conteudos\/uploads\/2020\/05\/batata-doce-e-milho-miolo-3-600x600-1.png\",\"width\":600,\"height\":600,\"caption\":\"P\u00c3O DE BATATA DOCE E MILHO BIO 420GR\"},{\"@type\":\"BreadcrumbList\",\"@id\":\"https:\/\/www.biocabaz.pt\/web\/produto\/pao-de-batata-doce-e-milho-bio-420gr\/#breadcrumb\",\"itemListElement\":[{\"@type\":\"ListItem\",\"position\":1,\"name\":\"Home\",\"item\":\"https:\/\/www.biocabaz.pt\/web\/en\/\"},{\"@type\":\"ListItem\",\"position\":2,\"name\":\"Shop\",\"item\":\"https:\/\/www.biocabaz.pt\/web\/en\/shop\/\"},{\"@type\":\"ListItem\",\"position\":3,\"name\":\"P\u00c3O DE BATATA DOCE E MILHO BIO 420GR\"}]},{\"@type\":\"WebSite\",\"@id\":\"https:\/\/www.biocabaz.pt\/web\/en\/#website\",\"url\":\"https:\/\/www.biocabaz.pt\/web\/en\/\",\"name\":\"CABAZES BIOL\u00d3GICOS\",\"description\":\"One+Number\",\"potentialAction\":[{\"@type\":\"SearchAction\",\"target\":{\"@type\":\"EntryPoint\",\"urlTemplate\":\"https:\/\/www.biocabaz.pt\/web\/en\/?s={search_term_string}\"},\"query-input\":{\"@type\":\"PropertyValueSpecification\",\"valueRequired\":true,\"valueName\":\"search_term_string\"}}],\"inLanguage\":\"pt-PT\"}]}<\/script>\n<!-- \/ Yoast SEO plugin. -->","yoast_head_json":{"title":"QUINOA SWEET POTATO AND CORN BREAD","description":"P\u00c3O DE BATATA DOCE E MILHO BIO 420GR","robots":{"index":"index","follow":"follow","max-snippet":"max-snippet:-1","max-image-preview":"max-image-preview:large","max-video-preview":"max-video-preview:-1"},"canonical":"https:\/\/www.biocabaz.pt\/web\/produto\/pao-de-batata-doce-e-milho-bio-420gr\/","og_locale":"pt_PT","og_type":"article","og_title":"[:en]QUINOA SWEET POTATO AND CORN BREAD[:pt]P\u00c3O DE BATATA DOCE E MILHO BIO 420GR[:] - CABAZES BIOL\u00d3GICOS","og_description":"P\u00c3O DE BATATA DOCE E MILHO BIO 420GR","og_url":"https:\/\/biocabaz.pt\/web\/en\/produto\/pao-de-batata-doce-e-milho-bio-420gr\/","og_site_name":"CABAZES BIOL\u00d3GICOS","article_modified_time":"2025-08-30T06:29:36+00:00","og_image":[{"width":600,"height":600,"url":"https:\/\/www.biocabaz.pt\/web\/wp-conteudos\/uploads\/2020\/05\/batata-doce-e-milho-miolo-3-600x600-1.png","type":"image\/png"}],"twitter_card":"summary_large_image","schema":{"@context":"https:\/\/schema.org","@graph":[{"@type":"WebPage","@id":"https:\/\/www.biocabaz.pt\/web\/produto\/pao-de-batata-doce-e-milho-bio-420gr\/","url":"https:\/\/www.biocabaz.pt\/web\/produto\/pao-de-batata-doce-e-milho-bio-420gr\/","name":"QUINOA SWEET POTATO AND CORN BREAD","isPartOf":{"@id":"https:\/\/www.biocabaz.pt\/web\/en\/#website"},"primaryImageOfPage":{"@id":"https:\/\/www.biocabaz.pt\/web\/produto\/pao-de-batata-doce-e-milho-bio-420gr\/#primaryimage"},"image":{"@id":"https:\/\/www.biocabaz.pt\/web\/produto\/pao-de-batata-doce-e-milho-bio-420gr\/#primaryimage"},"thumbnailUrl":"https:\/\/www.biocabaz.pt\/web\/wp-conteudos\/uploads\/2020\/05\/batata-doce-e-milho-miolo-3-600x600-1.png","datePublished":"2020-05-16T07:59:45+00:00","dateModified":"2025-08-30T06:29:36+00:00","description":"P\u00c3O DE BATATA DOCE E MILHO BIO 420GR","breadcrumb":{"@id":"https:\/\/www.biocabaz.pt\/web\/produto\/pao-de-batata-doce-e-milho-bio-420gr\/#breadcrumb"},"inLanguage":"pt-PT","potentialAction":[{"@type":"ReadAction","target":["https:\/\/www.biocabaz.pt\/web\/produto\/pao-de-batata-doce-e-milho-bio-420gr\/"]}]},{"@type":"ImageObject","inLanguage":"pt-PT","@id":"https:\/\/www.biocabaz.pt\/web\/produto\/pao-de-batata-doce-e-milho-bio-420gr\/#primaryimage","url":"https:\/\/www.biocabaz.pt\/web\/wp-conteudos\/uploads\/2020\/05\/batata-doce-e-milho-miolo-3-600x600-1.png","contentUrl":"https:\/\/www.biocabaz.pt\/web\/wp-conteudos\/uploads\/2020\/05\/batata-doce-e-milho-miolo-3-600x600-1.png","width":600,"height":600,"caption":"P\u00c3O DE BATATA DOCE E MILHO BIO 420GR"},{"@type":"BreadcrumbList","@id":"https:\/\/www.biocabaz.pt\/web\/produto\/pao-de-batata-doce-e-milho-bio-420gr\/#breadcrumb","itemListElement":[{"@type":"ListItem","position":1,"name":"Home","item":"https:\/\/www.biocabaz.pt\/web\/en\/"},{"@type":"ListItem","position":2,"name":"Shop","item":"https:\/\/www.biocabaz.pt\/web\/en\/shop\/"},{"@type":"ListItem","position":3,"name":"P\u00c3O DE BATATA DOCE E MILHO BIO 420GR"}]},{"@type":"WebSite","@id":"https:\/\/www.biocabaz.pt\/web\/en\/#website","url":"https:\/\/www.biocabaz.pt\/web\/en\/","name":"CABAZES BIOL\u00d3GICOS","description":"One+Number","potentialAction":[{"@type":"SearchAction","target":{"@type":"EntryPoint","urlTemplate":"https:\/\/www.biocabaz.pt\/web\/en\/?s={search_term_string}"},"query-input":{"@type":"PropertyValueSpecification","valueRequired":true,"valueName":"search_term_string"}}],"inLanguage":"pt-PT"}]}},"_links":{"self":[{"href":"https:\/\/biocabaz.pt\/web\/en\/wp-json\/wp\/v2\/product\/44661","targetHints":{"allow":["GET"]}}],"collection":[{"href":"https:\/\/biocabaz.pt\/web\/en\/wp-json\/wp\/v2\/product"}],"about":[{"href":"https:\/\/biocabaz.pt\/web\/en\/wp-json\/wp\/v2\/types\/product"}],"replies":[{"embeddable":true,"href":"https:\/\/biocabaz.pt\/web\/en\/wp-json\/wp\/v2\/comments?post=44661"}],"wp:featuredmedia":[{"embeddable":true,"href":"https:\/\/biocabaz.pt\/web\/en\/wp-json\/wp\/v2\/media\/44662"}],"wp:attachment":[{"href":"https:\/\/biocabaz.pt\/web\/en\/wp-json\/wp\/v2\/media?parent=44661"}],"wp:term":[{"taxonomy":"product_cat","embeddable":true,"href":"https:\/\/biocabaz.pt\/web\/en\/wp-json\/wp\/v2\/product_cat?post=44661"},{"taxonomy":"product_tag","embeddable":true,"href":"https:\/\/biocabaz.pt\/web\/en\/wp-json\/wp\/v2\/product_tag?post=44661"}],"curies":[{"name":"wp","href":"https:\/\/api.w.org\/{rel}","templated":true}]}}