{"id":44614,"date":"2020-05-14T17:54:52","date_gmt":"2020-05-14T17:54:52","guid":{"rendered":"https:\/\/www.biocabaz.pt\/web\/?post_type=product&#038;p=44614"},"modified":"2021-08-03T14:29:06","modified_gmt":"2021-08-03T14:29:06","slug":"pao-de-lenha-trigo-bio-500gr","status":"publish","type":"product","link":"https:\/\/biocabaz.pt\/web\/en\/produto\/pao-de-lenha-trigo-bio-500gr\/","title":{"rendered":"WHEAT BREAD"},"content":{"rendered":"<p><strong>Description<\/strong><br \/>\nIngredients: Organic Wheat Flour; Water; Salt and Yeast.<\/p>\n<p><strong>Nutrition Facts<\/strong><br \/>\nNutritional Information per 100g\/ml:<br \/>\nEnergy: 925kJ \/ 218kcal;<br \/>\nLipids: 0.9g &#8211; of which saturated: 0.4g;<br \/>\nCarbohydrates: 44g &#8211; of which sugars: 2.3g;<br \/>\nFiber: 1.4g<br \/>\nProteins: 7.8g;<br \/>\nSalt: 0.7g.<\/p>\n","protected":false},"excerpt":{"rendered":"<p>Description Ingredients: Organic Wheat Flour; Water; Salt and Yeast. Nutrition Facts Nutritional Information per 100g\/ml: Energy: 925kJ \/ 218kcal; Lipids: 0.9g &#8211; of which saturated: 0.4g; Carbohydrates: 44g &#8211; of which sugars: 2.3g; Fiber: 1.4g Proteins: 7.8g; Salt: 0.7g.<\/p>\n","protected":false},"featured_media":44615,"comment_status":"closed","ping_status":"closed","template":"","meta":[],"product_cat":[12],"product_tag":[],"class_list":["post-44614","product","type-product","status-publish","has-post-thumbnail","hentry","product_cat-padaria"],"bundle_layout":"","bundled_by":[],"bundled_items":[],"yoast_head":"<!-- This site is optimized with the Yoast SEO plugin v26.3 - https:\/\/yoast.com\/wordpress\/plugins\/seo\/ -->\n<title>WHEAT BREAD<\/title>\n<meta name=\"description\" content=\"P\u00c3O DE LENHA TRIGO BIO 500GR\" \/>\n<meta name=\"robots\" content=\"index, follow, max-snippet:-1, max-image-preview:large, max-video-preview:-1\" \/>\n<link rel=\"canonical\" href=\"https:\/\/biocabaz.pt\/web\/en\/produto\/pao-de-lenha-trigo-bio-500gr\/\" \/>\n<meta property=\"og:locale\" content=\"pt_PT\" \/>\n<meta property=\"og:locale:alternate\" content=\"pt_PT\" \/>\n<meta property=\"og:type\" content=\"article\" \/>\n<meta property=\"og:title\" content=\"WHEAT BREAD\" \/>\n<meta property=\"og:description\" content=\"P\u00c3O DE LENHA TRIGO BIO 500GR\" \/>\n<meta property=\"og:url\" content=\"https:\/\/biocabaz.pt\/web\/en\/produto\/pao-de-lenha-trigo-bio-500gr\/\" \/>\n<meta property=\"og:site_name\" content=\"CABAZES BIOL\u00d3GICOS\" \/>\n<meta property=\"article:modified_time\" content=\"2021-08-03T14:29:06+00:00\" \/>\n<meta property=\"og:image\" content=\"https:\/\/www.biocabaz.pt\/web\/wp-conteudos\/uploads\/2020\/05\/po-lenha-trigo-biolgico-kukuruza-scaled-e1589478822713.jpg\" \/>\n\t<meta property=\"og:image:width\" content=\"421\" \/>\n\t<meta property=\"og:image:height\" content=\"413\" \/>\n\t<meta property=\"og:image:type\" content=\"image\/jpeg\" \/>\n<meta name=\"twitter:card\" content=\"summary_large_image\" \/>\n<script type=\"application\/ld+json\" class=\"yoast-schema-graph\">{\"@context\":\"https:\/\/schema.org\",\"@graph\":[{\"@type\":\"WebPage\",\"@id\":\"https:\/\/biocabaz.pt\/web\/en\/produto\/pao-de-lenha-trigo-bio-500gr\/\",\"url\":\"https:\/\/biocabaz.pt\/web\/en\/produto\/pao-de-lenha-trigo-bio-500gr\/\",\"name\":\"WHEAT BREAD\",\"isPartOf\":{\"@id\":\"https:\/\/biocabaz.pt\/web\/#website\"},\"primaryImageOfPage\":{\"@id\":\"https:\/\/biocabaz.pt\/web\/en\/produto\/pao-de-lenha-trigo-bio-500gr\/#primaryimage\"},\"image\":{\"@id\":\"https:\/\/biocabaz.pt\/web\/en\/produto\/pao-de-lenha-trigo-bio-500gr\/#primaryimage\"},\"thumbnailUrl\":\"https:\/\/www.biocabaz.pt\/web\/wp-conteudos\/uploads\/2020\/05\/po-lenha-trigo-biolgico-kukuruza-scaled-e1589478822713.jpg\",\"datePublished\":\"2020-05-14T17:54:52+00:00\",\"dateModified\":\"2021-08-03T14:29:06+00:00\",\"description\":\"P\u00c3O DE LENHA TRIGO BIO 500GR\",\"breadcrumb\":{\"@id\":\"https:\/\/biocabaz.pt\/web\/en\/produto\/pao-de-lenha-trigo-bio-500gr\/#breadcrumb\"},\"inLanguage\":\"pt-PT\",\"potentialAction\":[{\"@type\":\"ReadAction\",\"target\":[\"https:\/\/biocabaz.pt\/web\/en\/produto\/pao-de-lenha-trigo-bio-500gr\/\"]}]},{\"@type\":\"ImageObject\",\"inLanguage\":\"pt-PT\",\"@id\":\"https:\/\/biocabaz.pt\/web\/en\/produto\/pao-de-lenha-trigo-bio-500gr\/#primaryimage\",\"url\":\"https:\/\/www.biocabaz.pt\/web\/wp-conteudos\/uploads\/2020\/05\/po-lenha-trigo-biolgico-kukuruza-scaled-e1589478822713.jpg\",\"contentUrl\":\"https:\/\/www.biocabaz.pt\/web\/wp-conteudos\/uploads\/2020\/05\/po-lenha-trigo-biolgico-kukuruza-scaled-e1589478822713.jpg\",\"width\":421,\"height\":413,\"caption\":\"P\u00c3O DE LENHA TRIGO BIO 500GR\"},{\"@type\":\"BreadcrumbList\",\"@id\":\"https:\/\/biocabaz.pt\/web\/en\/produto\/pao-de-lenha-trigo-bio-500gr\/#breadcrumb\",\"itemListElement\":[{\"@type\":\"ListItem\",\"position\":1,\"name\":\"Home\",\"item\":\"https:\/\/biocabaz.pt\/web\/\"},{\"@type\":\"ListItem\",\"position\":2,\"name\":\"Loja\",\"item\":\"https:\/\/biocabaz.pt\/web\/shop\/\"},{\"@type\":\"ListItem\",\"position\":3,\"name\":\"WHEAT BREAD\"}]},{\"@type\":\"WebSite\",\"@id\":\"https:\/\/biocabaz.pt\/web\/#website\",\"url\":\"https:\/\/biocabaz.pt\/web\/\",\"name\":\"CABAZES BIOL\u00d3GICOS\",\"description\":\"One+Number\",\"potentialAction\":[{\"@type\":\"SearchAction\",\"target\":{\"@type\":\"EntryPoint\",\"urlTemplate\":\"https:\/\/biocabaz.pt\/web\/?s={search_term_string}\"},\"query-input\":{\"@type\":\"PropertyValueSpecification\",\"valueRequired\":true,\"valueName\":\"search_term_string\"}}],\"inLanguage\":\"pt-PT\"}]}<\/script>\n<!-- \/ Yoast SEO plugin. -->","yoast_head_json":{"title":"WHEAT BREAD","description":"P\u00c3O DE LENHA TRIGO BIO 500GR","robots":{"index":"index","follow":"follow","max-snippet":"max-snippet:-1","max-image-preview":"max-image-preview:large","max-video-preview":"max-video-preview:-1"},"canonical":"https:\/\/biocabaz.pt\/web\/en\/produto\/pao-de-lenha-trigo-bio-500gr\/","og_locale":"pt_PT","og_type":"article","og_title":"[:en]WHEAT BREAD[:pt]P\u00c3O DE LENHA TRIGO BIO 400GR[:] - CABAZES BIOL\u00d3GICOS","og_description":"P\u00c3O DE LENHA TRIGO BIO 500GR","og_url":"https:\/\/biocabaz.pt\/web\/en\/produto\/pao-de-lenha-trigo-bio-500gr\/","og_site_name":"CABAZES BIOL\u00d3GICOS","article_modified_time":"2021-08-03T14:29:06+00:00","og_image":[{"width":421,"height":413,"url":"https:\/\/www.biocabaz.pt\/web\/wp-conteudos\/uploads\/2020\/05\/po-lenha-trigo-biolgico-kukuruza-scaled-e1589478822713.jpg","type":"image\/jpeg"}],"twitter_card":"summary_large_image","schema":{"@context":"https:\/\/schema.org","@graph":[{"@type":"WebPage","@id":"https:\/\/biocabaz.pt\/web\/en\/produto\/pao-de-lenha-trigo-bio-500gr\/","url":"https:\/\/biocabaz.pt\/web\/en\/produto\/pao-de-lenha-trigo-bio-500gr\/","name":"WHEAT BREAD","isPartOf":{"@id":"https:\/\/biocabaz.pt\/web\/#website"},"primaryImageOfPage":{"@id":"https:\/\/biocabaz.pt\/web\/en\/produto\/pao-de-lenha-trigo-bio-500gr\/#primaryimage"},"image":{"@id":"https:\/\/biocabaz.pt\/web\/en\/produto\/pao-de-lenha-trigo-bio-500gr\/#primaryimage"},"thumbnailUrl":"https:\/\/www.biocabaz.pt\/web\/wp-conteudos\/uploads\/2020\/05\/po-lenha-trigo-biolgico-kukuruza-scaled-e1589478822713.jpg","datePublished":"2020-05-14T17:54:52+00:00","dateModified":"2021-08-03T14:29:06+00:00","description":"P\u00c3O DE LENHA TRIGO BIO 500GR","breadcrumb":{"@id":"https:\/\/biocabaz.pt\/web\/en\/produto\/pao-de-lenha-trigo-bio-500gr\/#breadcrumb"},"inLanguage":"pt-PT","potentialAction":[{"@type":"ReadAction","target":["https:\/\/biocabaz.pt\/web\/en\/produto\/pao-de-lenha-trigo-bio-500gr\/"]}]},{"@type":"ImageObject","inLanguage":"pt-PT","@id":"https:\/\/biocabaz.pt\/web\/en\/produto\/pao-de-lenha-trigo-bio-500gr\/#primaryimage","url":"https:\/\/www.biocabaz.pt\/web\/wp-conteudos\/uploads\/2020\/05\/po-lenha-trigo-biolgico-kukuruza-scaled-e1589478822713.jpg","contentUrl":"https:\/\/www.biocabaz.pt\/web\/wp-conteudos\/uploads\/2020\/05\/po-lenha-trigo-biolgico-kukuruza-scaled-e1589478822713.jpg","width":421,"height":413,"caption":"P\u00c3O DE LENHA TRIGO BIO 500GR"},{"@type":"BreadcrumbList","@id":"https:\/\/biocabaz.pt\/web\/en\/produto\/pao-de-lenha-trigo-bio-500gr\/#breadcrumb","itemListElement":[{"@type":"ListItem","position":1,"name":"Home","item":"https:\/\/biocabaz.pt\/web\/"},{"@type":"ListItem","position":2,"name":"Loja","item":"https:\/\/biocabaz.pt\/web\/shop\/"},{"@type":"ListItem","position":3,"name":"WHEAT BREAD"}]},{"@type":"WebSite","@id":"https:\/\/biocabaz.pt\/web\/#website","url":"https:\/\/biocabaz.pt\/web\/","name":"CABAZES BIOL\u00d3GICOS","description":"One+Number","potentialAction":[{"@type":"SearchAction","target":{"@type":"EntryPoint","urlTemplate":"https:\/\/biocabaz.pt\/web\/?s={search_term_string}"},"query-input":{"@type":"PropertyValueSpecification","valueRequired":true,"valueName":"search_term_string"}}],"inLanguage":"pt-PT"}]}},"_links":{"self":[{"href":"https:\/\/biocabaz.pt\/web\/en\/wp-json\/wp\/v2\/product\/44614","targetHints":{"allow":["GET"]}}],"collection":[{"href":"https:\/\/biocabaz.pt\/web\/en\/wp-json\/wp\/v2\/product"}],"about":[{"href":"https:\/\/biocabaz.pt\/web\/en\/wp-json\/wp\/v2\/types\/product"}],"replies":[{"embeddable":true,"href":"https:\/\/biocabaz.pt\/web\/en\/wp-json\/wp\/v2\/comments?post=44614"}],"wp:featuredmedia":[{"embeddable":true,"href":"https:\/\/biocabaz.pt\/web\/en\/wp-json\/wp\/v2\/media\/44615"}],"wp:attachment":[{"href":"https:\/\/biocabaz.pt\/web\/en\/wp-json\/wp\/v2\/media?parent=44614"}],"wp:term":[{"taxonomy":"product_cat","embeddable":true,"href":"https:\/\/biocabaz.pt\/web\/en\/wp-json\/wp\/v2\/product_cat?post=44614"},{"taxonomy":"product_tag","embeddable":true,"href":"https:\/\/biocabaz.pt\/web\/en\/wp-json\/wp\/v2\/product_tag?post=44614"}],"curies":[{"name":"wp","href":"https:\/\/api.w.org\/{rel}","templated":true}]}}