{"id":3930,"date":"2017-05-28T11:37:01","date_gmt":"2017-05-28T11:37:01","guid":{"rendered":"http:\/\/www.biocabaz.pt\/web\/produto\/pure-de-fruta-pera-maca-mirtilo-aveia-6m-bio-90g-holle\/"},"modified":"2023-04-17T11:51:02","modified_gmt":"2023-04-17T11:51:02","slug":"pure-de-fruta-pera-maca-mirtilo-aveia-6m-bio-90g-holle","status":"publish","type":"product","link":"https:\/\/biocabaz.pt\/web\/en\/produto\/pure-de-fruta-pera-maca-mirtilo-aveia-6m-bio-90g-holle\/","title":{"rendered":"HOLLE ORGANIC POUCH PEAR, APPLE &#038; BLUEBERRIES WITH OATS FROM 6 MONTHS 90GR"},"content":{"rendered":"<p><strong>Description<\/strong><br \/>Ingredients: Pear * 50%, apple * 37.5%, blueberry ** 10%, oats * 2.5%. * biodynamic agriculture, ** organic farming.<\/p>\n<p><strong>Nutrition Facts<\/strong><br \/><strong>Nutritional Information per 100g\/ml<\/strong>: Energy: 275kJ \/ 65kcal; Lipids: 0.4g &#8211; of which saturated fatty acids: 0.07g; Carbohydrates: 13g &#8211; of which sugars: 10.1g; Proteins: 0.9g: Salt: 0.97g.<\/p>\n<p><strong>Use Mode<\/strong><br \/>Store in a cool, dry place. After opening, store a maximum of 2 days in the refrigerator.<\/p>\n","protected":false},"excerpt":{"rendered":"<p><strong>Nutritional Information per 100g\/ml<\/strong>: Energy: 275kJ \/ 65kcal; Lipids: 0.4g &#8211; of which saturated fatty acids: 0.07g; Carbohydrates: 13g &#8211; of which sugars: 10.1g; Proteins: 0.9g: Salt: 0.97g.<\/p>\n","protected":false},"featured_media":3938,"comment_status":"closed","ping_status":"closed","template":"","meta":[],"product_cat":[61],"product_tag":[],"class_list":["post-3930","product","type-product","status-publish","has-post-thumbnail","hentry","product_cat-sumos-snacks"],"bundle_layout":"","bundled_by":[],"bundled_items":[],"yoast_head":"<!-- This site is optimized with the Yoast SEO plugin v26.3 - https:\/\/yoast.com\/wordpress\/plugins\/seo\/ -->\n<title>HOLLE ORGANIC POUCH PEAR, APPLE &amp; BLUEBERRIES WITH OATS FROM 6 MONTHS 90GR<\/title>\n<meta name=\"robots\" content=\"index, follow, max-snippet:-1, max-image-preview:large, max-video-preview:-1\" \/>\n<link rel=\"canonical\" href=\"https:\/\/www.biocabaz.pt\/web\/en\/produto\/pure-de-fruta-pera-maca-mirtilo-aveia-6m-bio-90g-holle\/\" \/>\n<meta property=\"og:locale\" content=\"pt_PT\" \/>\n<meta property=\"og:locale:alternate\" content=\"pt_PT\" \/>\n<meta property=\"og:type\" content=\"article\" \/>\n<meta property=\"og:title\" content=\"HOLLE ORGANIC POUCH PEAR, APPLE &amp; BLUEBERRIES WITH OATS FROM 6 MONTHS 90GR\" \/>\n<meta property=\"og:description\" content=\"Nutritional Information per 100g\/ml: Energy: 275kJ \/ 65kcal; Lipids: 0.4g - of which saturated fatty acids: 0.07g; Carbohydrates: 13g - of which sugars: 10.1g; Proteins: 0.9g: Salt: 0.97g.\" \/>\n<meta property=\"og:url\" content=\"https:\/\/biocabaz.pt\/web\/en\/produto\/pure-de-fruta-pera-maca-mirtilo-aveia-6m-bio-90g-holle\/\" \/>\n<meta property=\"og:site_name\" content=\"CABAZES BIOL\u00d3GICOS\" \/>\n<meta property=\"article:modified_time\" content=\"2023-04-17T11:51:02+00:00\" \/>\n<meta property=\"og:image\" content=\"https:\/\/www.biocabaz.pt\/web\/wp-conteudos\/uploads\/2017\/05\/PS_POU_PearAppleBlueberriesOats_GB_VS_90g_frontal_3000x3000px_RGB.png\" \/>\n\t<meta property=\"og:image:width\" content=\"600\" \/>\n\t<meta property=\"og:image:height\" content=\"600\" \/>\n\t<meta property=\"og:image:type\" content=\"image\/png\" \/>\n<meta name=\"twitter:card\" content=\"summary_large_image\" \/>\n<meta name=\"twitter:label1\" content=\"Est. reading time\" \/>\n\t<meta name=\"twitter:data1\" content=\"1 minute\" \/>\n<script type=\"application\/ld+json\" class=\"yoast-schema-graph\">{\"@context\":\"https:\/\/schema.org\",\"@graph\":[{\"@type\":\"WebPage\",\"@id\":\"https:\/\/www.biocabaz.pt\/web\/en\/produto\/pure-de-fruta-pera-maca-mirtilo-aveia-6m-bio-90g-holle\/\",\"url\":\"https:\/\/www.biocabaz.pt\/web\/en\/produto\/pure-de-fruta-pera-maca-mirtilo-aveia-6m-bio-90g-holle\/\",\"name\":\"HOLLE ORGANIC POUCH PEAR, APPLE & BLUEBERRIES WITH OATS FROM 6 MONTHS 90GR\",\"isPartOf\":{\"@id\":\"https:\/\/biocabaz.pt\/web\/en\/#website\"},\"primaryImageOfPage\":{\"@id\":\"https:\/\/www.biocabaz.pt\/web\/en\/produto\/pure-de-fruta-pera-maca-mirtilo-aveia-6m-bio-90g-holle\/#primaryimage\"},\"image\":{\"@id\":\"https:\/\/www.biocabaz.pt\/web\/en\/produto\/pure-de-fruta-pera-maca-mirtilo-aveia-6m-bio-90g-holle\/#primaryimage\"},\"thumbnailUrl\":\"https:\/\/www.biocabaz.pt\/web\/wp-conteudos\/uploads\/2017\/05\/PS_POU_PearAppleBlueberriesOats_GB_VS_90g_frontal_3000x3000px_RGB.png\",\"datePublished\":\"2017-05-28T11:37:01+00:00\",\"dateModified\":\"2023-04-17T11:51:02+00:00\",\"breadcrumb\":{\"@id\":\"https:\/\/www.biocabaz.pt\/web\/en\/produto\/pure-de-fruta-pera-maca-mirtilo-aveia-6m-bio-90g-holle\/#breadcrumb\"},\"inLanguage\":\"pt-PT\",\"potentialAction\":[{\"@type\":\"ReadAction\",\"target\":[\"https:\/\/www.biocabaz.pt\/web\/en\/produto\/pure-de-fruta-pera-maca-mirtilo-aveia-6m-bio-90g-holle\/\"]}]},{\"@type\":\"ImageObject\",\"inLanguage\":\"pt-PT\",\"@id\":\"https:\/\/www.biocabaz.pt\/web\/en\/produto\/pure-de-fruta-pera-maca-mirtilo-aveia-6m-bio-90g-holle\/#primaryimage\",\"url\":\"https:\/\/www.biocabaz.pt\/web\/wp-conteudos\/uploads\/2017\/05\/PS_POU_PearAppleBlueberriesOats_GB_VS_90g_frontal_3000x3000px_RGB.png\",\"contentUrl\":\"https:\/\/www.biocabaz.pt\/web\/wp-conteudos\/uploads\/2017\/05\/PS_POU_PearAppleBlueberriesOats_GB_VS_90g_frontal_3000x3000px_RGB.png\",\"width\":600,\"height\":600,\"caption\":\"Pure ma\u00e7a pera mirtilo aveia Holle\"},{\"@type\":\"BreadcrumbList\",\"@id\":\"https:\/\/www.biocabaz.pt\/web\/en\/produto\/pure-de-fruta-pera-maca-mirtilo-aveia-6m-bio-90g-holle\/#breadcrumb\",\"itemListElement\":[{\"@type\":\"ListItem\",\"position\":1,\"name\":\"Home\",\"item\":\"https:\/\/biocabaz.pt\/web\/en\/\"},{\"@type\":\"ListItem\",\"position\":2,\"name\":\"Shop\",\"item\":\"https:\/\/biocabaz.pt\/web\/en\/shop\/\"},{\"@type\":\"ListItem\",\"position\":3,\"name\":\"HOLLE ORGANIC POUCH PEAR, APPLE &#038; BLUEBERRIES WITH OATS FROM 6 MONTHS 90GR\"}]},{\"@type\":\"WebSite\",\"@id\":\"https:\/\/biocabaz.pt\/web\/en\/#website\",\"url\":\"https:\/\/biocabaz.pt\/web\/en\/\",\"name\":\"CABAZES BIOL\u00d3GICOS\",\"description\":\"One+Number\",\"potentialAction\":[{\"@type\":\"SearchAction\",\"target\":{\"@type\":\"EntryPoint\",\"urlTemplate\":\"https:\/\/biocabaz.pt\/web\/en\/?s={search_term_string}\"},\"query-input\":{\"@type\":\"PropertyValueSpecification\",\"valueRequired\":true,\"valueName\":\"search_term_string\"}}],\"inLanguage\":\"pt-PT\"}]}<\/script>\n<!-- \/ Yoast SEO plugin. -->","yoast_head_json":{"title":"HOLLE ORGANIC POUCH PEAR, APPLE & BLUEBERRIES WITH OATS FROM 6 MONTHS 90GR","robots":{"index":"index","follow":"follow","max-snippet":"max-snippet:-1","max-image-preview":"max-image-preview:large","max-video-preview":"max-video-preview:-1"},"canonical":"https:\/\/www.biocabaz.pt\/web\/en\/produto\/pure-de-fruta-pera-maca-mirtilo-aveia-6m-bio-90g-holle\/","og_locale":"pt_PT","og_type":"article","og_title":"[:en]HOLLE ORGANIC POUCH PEAR, APPLE &amp; BLUEBERRIES WITH OATS FROM 6 MONTHS 90GR[:pt]PUR\u00c9 DE FRUTA PER\u00ca MA\u00c7\u00c3 MIRTILO AVEIA 6M BIO 90g HOLLE[:] - CABAZES BIOL\u00d3GICOS","og_description":"Nutritional Information per 100g\/ml: Energy: 275kJ \/ 65kcal; Lipids: 0.4g - of which saturated fatty acids: 0.07g; Carbohydrates: 13g - of which sugars: 10.1g; Proteins: 0.9g: Salt: 0.97g.","og_url":"https:\/\/biocabaz.pt\/web\/en\/produto\/pure-de-fruta-pera-maca-mirtilo-aveia-6m-bio-90g-holle\/","og_site_name":"CABAZES BIOL\u00d3GICOS","article_modified_time":"2023-04-17T11:51:02+00:00","og_image":[{"width":600,"height":600,"url":"https:\/\/www.biocabaz.pt\/web\/wp-conteudos\/uploads\/2017\/05\/PS_POU_PearAppleBlueberriesOats_GB_VS_90g_frontal_3000x3000px_RGB.png","type":"image\/png"}],"twitter_card":"summary_large_image","twitter_misc":{"Est. reading time":"1 minute"},"schema":{"@context":"https:\/\/schema.org","@graph":[{"@type":"WebPage","@id":"https:\/\/www.biocabaz.pt\/web\/en\/produto\/pure-de-fruta-pera-maca-mirtilo-aveia-6m-bio-90g-holle\/","url":"https:\/\/www.biocabaz.pt\/web\/en\/produto\/pure-de-fruta-pera-maca-mirtilo-aveia-6m-bio-90g-holle\/","name":"HOLLE ORGANIC POUCH PEAR, APPLE & BLUEBERRIES WITH OATS FROM 6 MONTHS 90GR","isPartOf":{"@id":"https:\/\/biocabaz.pt\/web\/en\/#website"},"primaryImageOfPage":{"@id":"https:\/\/www.biocabaz.pt\/web\/en\/produto\/pure-de-fruta-pera-maca-mirtilo-aveia-6m-bio-90g-holle\/#primaryimage"},"image":{"@id":"https:\/\/www.biocabaz.pt\/web\/en\/produto\/pure-de-fruta-pera-maca-mirtilo-aveia-6m-bio-90g-holle\/#primaryimage"},"thumbnailUrl":"https:\/\/www.biocabaz.pt\/web\/wp-conteudos\/uploads\/2017\/05\/PS_POU_PearAppleBlueberriesOats_GB_VS_90g_frontal_3000x3000px_RGB.png","datePublished":"2017-05-28T11:37:01+00:00","dateModified":"2023-04-17T11:51:02+00:00","breadcrumb":{"@id":"https:\/\/www.biocabaz.pt\/web\/en\/produto\/pure-de-fruta-pera-maca-mirtilo-aveia-6m-bio-90g-holle\/#breadcrumb"},"inLanguage":"pt-PT","potentialAction":[{"@type":"ReadAction","target":["https:\/\/www.biocabaz.pt\/web\/en\/produto\/pure-de-fruta-pera-maca-mirtilo-aveia-6m-bio-90g-holle\/"]}]},{"@type":"ImageObject","inLanguage":"pt-PT","@id":"https:\/\/www.biocabaz.pt\/web\/en\/produto\/pure-de-fruta-pera-maca-mirtilo-aveia-6m-bio-90g-holle\/#primaryimage","url":"https:\/\/www.biocabaz.pt\/web\/wp-conteudos\/uploads\/2017\/05\/PS_POU_PearAppleBlueberriesOats_GB_VS_90g_frontal_3000x3000px_RGB.png","contentUrl":"https:\/\/www.biocabaz.pt\/web\/wp-conteudos\/uploads\/2017\/05\/PS_POU_PearAppleBlueberriesOats_GB_VS_90g_frontal_3000x3000px_RGB.png","width":600,"height":600,"caption":"Pure ma\u00e7a pera mirtilo aveia Holle"},{"@type":"BreadcrumbList","@id":"https:\/\/www.biocabaz.pt\/web\/en\/produto\/pure-de-fruta-pera-maca-mirtilo-aveia-6m-bio-90g-holle\/#breadcrumb","itemListElement":[{"@type":"ListItem","position":1,"name":"Home","item":"https:\/\/biocabaz.pt\/web\/en\/"},{"@type":"ListItem","position":2,"name":"Shop","item":"https:\/\/biocabaz.pt\/web\/en\/shop\/"},{"@type":"ListItem","position":3,"name":"HOLLE ORGANIC POUCH PEAR, APPLE &#038; BLUEBERRIES WITH OATS FROM 6 MONTHS 90GR"}]},{"@type":"WebSite","@id":"https:\/\/biocabaz.pt\/web\/en\/#website","url":"https:\/\/biocabaz.pt\/web\/en\/","name":"CABAZES BIOL\u00d3GICOS","description":"One+Number","potentialAction":[{"@type":"SearchAction","target":{"@type":"EntryPoint","urlTemplate":"https:\/\/biocabaz.pt\/web\/en\/?s={search_term_string}"},"query-input":{"@type":"PropertyValueSpecification","valueRequired":true,"valueName":"search_term_string"}}],"inLanguage":"pt-PT"}]}},"_links":{"self":[{"href":"https:\/\/biocabaz.pt\/web\/en\/wp-json\/wp\/v2\/product\/3930","targetHints":{"allow":["GET"]}}],"collection":[{"href":"https:\/\/biocabaz.pt\/web\/en\/wp-json\/wp\/v2\/product"}],"about":[{"href":"https:\/\/biocabaz.pt\/web\/en\/wp-json\/wp\/v2\/types\/product"}],"replies":[{"embeddable":true,"href":"https:\/\/biocabaz.pt\/web\/en\/wp-json\/wp\/v2\/comments?post=3930"}],"wp:featuredmedia":[{"embeddable":true,"href":"https:\/\/biocabaz.pt\/web\/en\/wp-json\/wp\/v2\/media\/3938"}],"wp:attachment":[{"href":"https:\/\/biocabaz.pt\/web\/en\/wp-json\/wp\/v2\/media?parent=3930"}],"wp:term":[{"taxonomy":"product_cat","embeddable":true,"href":"https:\/\/biocabaz.pt\/web\/en\/wp-json\/wp\/v2\/product_cat?post=3930"},{"taxonomy":"product_tag","embeddable":true,"href":"https:\/\/biocabaz.pt\/web\/en\/wp-json\/wp\/v2\/product_tag?post=3930"}],"curies":[{"name":"wp","href":"https:\/\/api.w.org\/{rel}","templated":true}]}}