{"id":3900,"date":"2017-05-27T05:56:29","date_gmt":"2017-05-27T05:56:29","guid":{"rendered":"http:\/\/www.biocabaz.pt\/web\/produto\/abobora-patisson-bio\/"},"modified":"2022-09-23T05:55:42","modified_gmt":"2022-09-23T05:55:42","slug":"abobora-patisson-bio","status":"publish","type":"product","link":"https:\/\/biocabaz.pt\/web\/en\/produto\/abobora-patisson-bio\/","title":{"rendered":"AB\u00d3BORA PATISSON BIO NACIONAL"},"content":{"rendered":"<p>Origem Portugal<\/p>\n","protected":false},"excerpt":{"rendered":"<p>Origem Portugal<\/p>\n","protected":false},"featured_media":3902,"comment_status":"closed","ping_status":"closed","template":"","meta":[],"product_cat":[11],"product_tag":[],"class_list":["post-3900","product","type-product","status-publish","has-post-thumbnail","hentry","product_cat-legumes"],"bundle_layout":"","bundled_by":[],"bundled_items":[],"yoast_head":"<!-- This site is optimized with the Yoast SEO plugin v26.3 - https:\/\/yoast.com\/wordpress\/plugins\/seo\/ -->\n<title>AB\u00d3BORA PATISSON BIO NACIONAL<\/title>\n<meta name=\"description\" content=\"AB\u00d3BORA PATISSON BIO NACIONAL\" \/>\n<meta name=\"robots\" content=\"index, follow, max-snippet:-1, max-image-preview:large, max-video-preview:-1\" \/>\n<link rel=\"canonical\" href=\"https:\/\/www.biocabaz.pt\/web\/en\/produto\/abobora-patisson-bio\/\" \/>\n<meta property=\"og:locale\" content=\"pt_PT\" \/>\n<meta property=\"og:locale:alternate\" content=\"pt_PT\" \/>\n<meta property=\"og:type\" content=\"article\" \/>\n<meta property=\"og:title\" content=\"AB\u00d3BORA PATISSON BIO NACIONAL\" \/>\n<meta property=\"og:description\" content=\"AB\u00d3BORA PATISSON BIO NACIONAL\" \/>\n<meta property=\"og:url\" content=\"https:\/\/biocabaz.pt\/web\/en\/produto\/abobora-patisson-bio\/\" \/>\n<meta property=\"og:site_name\" content=\"CABAZES BIOL\u00d3GICOS\" \/>\n<meta property=\"article:modified_time\" content=\"2022-09-23T05:55:42+00:00\" \/>\n<meta property=\"og:image\" content=\"https:\/\/www.biocabaz.pt\/web\/wp-conteudos\/uploads\/2017\/05\/Abobora-Patisson-1.jpg\" \/>\n\t<meta property=\"og:image:width\" content=\"612\" \/>\n\t<meta property=\"og:image:height\" content=\"407\" \/>\n\t<meta property=\"og:image:type\" content=\"image\/jpeg\" \/>\n<meta name=\"twitter:card\" content=\"summary_large_image\" \/>\n<script type=\"application\/ld+json\" class=\"yoast-schema-graph\">{\"@context\":\"https:\/\/schema.org\",\"@graph\":[{\"@type\":\"WebPage\",\"@id\":\"https:\/\/www.biocabaz.pt\/web\/en\/produto\/abobora-patisson-bio\/\",\"url\":\"https:\/\/www.biocabaz.pt\/web\/en\/produto\/abobora-patisson-bio\/\",\"name\":\"AB\u00d3BORA PATISSON BIO NACIONAL\",\"isPartOf\":{\"@id\":\"https:\/\/www.biocabaz.pt\/web\/#website\"},\"primaryImageOfPage\":{\"@id\":\"https:\/\/www.biocabaz.pt\/web\/en\/produto\/abobora-patisson-bio\/#primaryimage\"},\"image\":{\"@id\":\"https:\/\/www.biocabaz.pt\/web\/en\/produto\/abobora-patisson-bio\/#primaryimage\"},\"thumbnailUrl\":\"https:\/\/www.biocabaz.pt\/web\/wp-conteudos\/uploads\/2017\/05\/Abobora-Patisson-1.jpg\",\"datePublished\":\"2017-05-27T05:56:29+00:00\",\"dateModified\":\"2022-09-23T05:55:42+00:00\",\"description\":\"AB\u00d3BORA PATISSON BIO NACIONAL\",\"breadcrumb\":{\"@id\":\"https:\/\/www.biocabaz.pt\/web\/en\/produto\/abobora-patisson-bio\/#breadcrumb\"},\"inLanguage\":\"pt-PT\",\"potentialAction\":[{\"@type\":\"ReadAction\",\"target\":[\"https:\/\/www.biocabaz.pt\/web\/en\/produto\/abobora-patisson-bio\/\"]}]},{\"@type\":\"ImageObject\",\"inLanguage\":\"pt-PT\",\"@id\":\"https:\/\/www.biocabaz.pt\/web\/en\/produto\/abobora-patisson-bio\/#primaryimage\",\"url\":\"https:\/\/www.biocabaz.pt\/web\/wp-conteudos\/uploads\/2017\/05\/Abobora-Patisson-1.jpg\",\"contentUrl\":\"https:\/\/www.biocabaz.pt\/web\/wp-conteudos\/uploads\/2017\/05\/Abobora-Patisson-1.jpg\",\"width\":612,\"height\":407,\"caption\":\"AB\u00d3BORA PATISSON BIO NACIONAL\"},{\"@type\":\"BreadcrumbList\",\"@id\":\"https:\/\/www.biocabaz.pt\/web\/en\/produto\/abobora-patisson-bio\/#breadcrumb\",\"itemListElement\":[{\"@type\":\"ListItem\",\"position\":1,\"name\":\"Home\",\"item\":\"https:\/\/www.biocabaz.pt\/web\/\"},{\"@type\":\"ListItem\",\"position\":2,\"name\":\"Shop\",\"item\":\"https:\/\/www.biocabaz.pt\/web\/en\/shop\/\"},{\"@type\":\"ListItem\",\"position\":3,\"name\":\"AB\u00d3BORA PATISSON BIO NACIONAL\"}]},{\"@type\":\"WebSite\",\"@id\":\"https:\/\/www.biocabaz.pt\/web\/#website\",\"url\":\"https:\/\/www.biocabaz.pt\/web\/\",\"name\":\"CABAZES BIOL\u00d3GICOS\",\"description\":\"One+Number\",\"potentialAction\":[{\"@type\":\"SearchAction\",\"target\":{\"@type\":\"EntryPoint\",\"urlTemplate\":\"https:\/\/www.biocabaz.pt\/web\/?s={search_term_string}\"},\"query-input\":{\"@type\":\"PropertyValueSpecification\",\"valueRequired\":true,\"valueName\":\"search_term_string\"}}],\"inLanguage\":\"pt-PT\"}]}<\/script>\n<!-- \/ Yoast SEO plugin. -->","yoast_head_json":{"title":"AB\u00d3BORA PATISSON BIO NACIONAL","description":"AB\u00d3BORA PATISSON BIO NACIONAL","robots":{"index":"index","follow":"follow","max-snippet":"max-snippet:-1","max-image-preview":"max-image-preview:large","max-video-preview":"max-video-preview:-1"},"canonical":"https:\/\/www.biocabaz.pt\/web\/en\/produto\/abobora-patisson-bio\/","og_locale":"pt_PT","og_type":"article","og_title":"[:pt]AB\u00d3BORA PATISSON BIO NACIONAL[:] - CABAZES BIOL\u00d3GICOS","og_description":"AB\u00d3BORA PATISSON BIO NACIONAL","og_url":"https:\/\/biocabaz.pt\/web\/en\/produto\/abobora-patisson-bio\/","og_site_name":"CABAZES BIOL\u00d3GICOS","article_modified_time":"2022-09-23T05:55:42+00:00","og_image":[{"width":612,"height":407,"url":"https:\/\/www.biocabaz.pt\/web\/wp-conteudos\/uploads\/2017\/05\/Abobora-Patisson-1.jpg","type":"image\/jpeg"}],"twitter_card":"summary_large_image","schema":{"@context":"https:\/\/schema.org","@graph":[{"@type":"WebPage","@id":"https:\/\/www.biocabaz.pt\/web\/en\/produto\/abobora-patisson-bio\/","url":"https:\/\/www.biocabaz.pt\/web\/en\/produto\/abobora-patisson-bio\/","name":"AB\u00d3BORA PATISSON BIO NACIONAL","isPartOf":{"@id":"https:\/\/www.biocabaz.pt\/web\/#website"},"primaryImageOfPage":{"@id":"https:\/\/www.biocabaz.pt\/web\/en\/produto\/abobora-patisson-bio\/#primaryimage"},"image":{"@id":"https:\/\/www.biocabaz.pt\/web\/en\/produto\/abobora-patisson-bio\/#primaryimage"},"thumbnailUrl":"https:\/\/www.biocabaz.pt\/web\/wp-conteudos\/uploads\/2017\/05\/Abobora-Patisson-1.jpg","datePublished":"2017-05-27T05:56:29+00:00","dateModified":"2022-09-23T05:55:42+00:00","description":"AB\u00d3BORA PATISSON BIO NACIONAL","breadcrumb":{"@id":"https:\/\/www.biocabaz.pt\/web\/en\/produto\/abobora-patisson-bio\/#breadcrumb"},"inLanguage":"pt-PT","potentialAction":[{"@type":"ReadAction","target":["https:\/\/www.biocabaz.pt\/web\/en\/produto\/abobora-patisson-bio\/"]}]},{"@type":"ImageObject","inLanguage":"pt-PT","@id":"https:\/\/www.biocabaz.pt\/web\/en\/produto\/abobora-patisson-bio\/#primaryimage","url":"https:\/\/www.biocabaz.pt\/web\/wp-conteudos\/uploads\/2017\/05\/Abobora-Patisson-1.jpg","contentUrl":"https:\/\/www.biocabaz.pt\/web\/wp-conteudos\/uploads\/2017\/05\/Abobora-Patisson-1.jpg","width":612,"height":407,"caption":"AB\u00d3BORA PATISSON BIO NACIONAL"},{"@type":"BreadcrumbList","@id":"https:\/\/www.biocabaz.pt\/web\/en\/produto\/abobora-patisson-bio\/#breadcrumb","itemListElement":[{"@type":"ListItem","position":1,"name":"Home","item":"https:\/\/www.biocabaz.pt\/web\/"},{"@type":"ListItem","position":2,"name":"Shop","item":"https:\/\/www.biocabaz.pt\/web\/en\/shop\/"},{"@type":"ListItem","position":3,"name":"AB\u00d3BORA PATISSON BIO NACIONAL"}]},{"@type":"WebSite","@id":"https:\/\/www.biocabaz.pt\/web\/#website","url":"https:\/\/www.biocabaz.pt\/web\/","name":"CABAZES BIOL\u00d3GICOS","description":"One+Number","potentialAction":[{"@type":"SearchAction","target":{"@type":"EntryPoint","urlTemplate":"https:\/\/www.biocabaz.pt\/web\/?s={search_term_string}"},"query-input":{"@type":"PropertyValueSpecification","valueRequired":true,"valueName":"search_term_string"}}],"inLanguage":"pt-PT"}]}},"_links":{"self":[{"href":"https:\/\/biocabaz.pt\/web\/en\/wp-json\/wp\/v2\/product\/3900","targetHints":{"allow":["GET"]}}],"collection":[{"href":"https:\/\/biocabaz.pt\/web\/en\/wp-json\/wp\/v2\/product"}],"about":[{"href":"https:\/\/biocabaz.pt\/web\/en\/wp-json\/wp\/v2\/types\/product"}],"replies":[{"embeddable":true,"href":"https:\/\/biocabaz.pt\/web\/en\/wp-json\/wp\/v2\/comments?post=3900"}],"wp:featuredmedia":[{"embeddable":true,"href":"https:\/\/biocabaz.pt\/web\/en\/wp-json\/wp\/v2\/media\/3902"}],"wp:attachment":[{"href":"https:\/\/biocabaz.pt\/web\/en\/wp-json\/wp\/v2\/media?parent=3900"}],"wp:term":[{"taxonomy":"product_cat","embeddable":true,"href":"https:\/\/biocabaz.pt\/web\/en\/wp-json\/wp\/v2\/product_cat?post=3900"},{"taxonomy":"product_tag","embeddable":true,"href":"https:\/\/biocabaz.pt\/web\/en\/wp-json\/wp\/v2\/product_tag?post=3900"}],"curies":[{"name":"wp","href":"https:\/\/api.w.org\/{rel}","templated":true}]}}