{"id":3863,"date":"2017-05-22T06:44:29","date_gmt":"2017-05-22T06:44:29","guid":{"rendered":"http:\/\/www.biocabaz.pt\/web\/produto\/oleo-de-coco-origens\/"},"modified":"2025-06-09T09:52:49","modified_gmt":"2025-06-09T09:52:49","slug":"oleo-de-coco-bio-200ml-origens","status":"publish","type":"product","link":"https:\/\/biocabaz.pt\/web\/en\/produto\/oleo-de-coco-bio-200ml-origens\/","title":{"rendered":"ORIGENS ORGANIC COCONUT OIL 200ML"},"content":{"rendered":"<p><strong>Description<\/strong><br \/>Ingredients: Virgin Coconut Oil * (cold extraction). * From organic farming.<\/p>\n<p><strong>Nutrition Facts<\/strong><br \/><strong>Nutritional Information per 100g\/ml<\/strong>: Energy: 3513 kj \/ 840kcal; Proteins: 0g; Carbohydrates: 0g; Lipids: 93g &#8211; of which saturated: 89; Fiber: 0g; Salt: 0.1g.<\/p>\n<p><strong>Use Mode<\/strong><br \/>Ideal for frying, roasting and grilling. It can be used at high temperatures. It can also be used in skin and hair care. Store in a cool, dry place.<\/p>\n","protected":false},"excerpt":{"rendered":"<p><strong>Nutritional Information per 100g\/ml<\/strong>: Energy: 3513 kj \/ 840kcal; Proteins: 0g; Carbohydrates: 0g; Lipids: 93g &#8211; of which saturated: 89; Fiber: 0g; Salt: 0.1g.<\/p>\n","protected":false},"featured_media":3866,"comment_status":"closed","ping_status":"closed","template":"","meta":[],"product_cat":[23],"product_tag":[],"class_list":["post-3863","product","type-product","status-publish","has-post-thumbnail","hentry","product_cat-azeite-oleo-vinagre"],"bundle_layout":"","bundled_by":[],"bundled_items":[],"yoast_head":"<!-- This site is optimized with the Yoast SEO plugin v26.3 - https:\/\/yoast.com\/wordpress\/plugins\/seo\/ -->\n<title>ORIGENS ORGANIC COCONUT OIL 200ML<\/title>\n<meta name=\"description\" content=\"\u00d3LEO DE COCO BIO 200ML ORIGENS\" \/>\n<meta name=\"robots\" content=\"index, follow, max-snippet:-1, max-image-preview:large, max-video-preview:-1\" \/>\n<link rel=\"canonical\" href=\"https:\/\/www.biocabaz.pt\/web\/en\/produto\/oleo-de-coco-bio-200ml-origens\/\" \/>\n<meta property=\"og:locale\" content=\"pt_PT\" \/>\n<meta property=\"og:locale:alternate\" content=\"pt_PT\" \/>\n<meta property=\"og:type\" content=\"article\" \/>\n<meta property=\"og:title\" content=\"ORIGENS ORGANIC COCONUT OIL 200ML\" \/>\n<meta property=\"og:description\" content=\"\u00d3LEO DE COCO BIO 200ML ORIGENS\" \/>\n<meta property=\"og:url\" content=\"https:\/\/biocabaz.pt\/web\/en\/produto\/oleo-de-coco-bio-200ml-origens\/\" \/>\n<meta property=\"og:site_name\" content=\"CABAZES BIOL\u00d3GICOS\" \/>\n<meta property=\"article:modified_time\" content=\"2025-06-09T09:52:49+00:00\" \/>\n<meta property=\"og:image\" content=\"https:\/\/www.biocabaz.pt\/web\/wp-conteudos\/uploads\/2017\/05\/oleo-de-coco-e1540287450560.jpg\" \/>\n\t<meta property=\"og:image:width\" content=\"500\" \/>\n\t<meta property=\"og:image:height\" content=\"417\" \/>\n\t<meta property=\"og:image:type\" content=\"image\/jpeg\" \/>\n<meta name=\"twitter:card\" content=\"summary_large_image\" \/>\n<meta name=\"twitter:label1\" content=\"Est. reading time\" \/>\n\t<meta name=\"twitter:data1\" content=\"1 minute\" \/>\n<script type=\"application\/ld+json\" class=\"yoast-schema-graph\">{\"@context\":\"https:\/\/schema.org\",\"@graph\":[{\"@type\":\"WebPage\",\"@id\":\"https:\/\/www.biocabaz.pt\/web\/en\/produto\/oleo-de-coco-bio-200ml-origens\/\",\"url\":\"https:\/\/www.biocabaz.pt\/web\/en\/produto\/oleo-de-coco-bio-200ml-origens\/\",\"name\":\"ORIGENS ORGANIC COCONUT OIL 200ML\",\"isPartOf\":{\"@id\":\"https:\/\/biocabaz.pt\/web\/#website\"},\"primaryImageOfPage\":{\"@id\":\"https:\/\/www.biocabaz.pt\/web\/en\/produto\/oleo-de-coco-bio-200ml-origens\/#primaryimage\"},\"image\":{\"@id\":\"https:\/\/www.biocabaz.pt\/web\/en\/produto\/oleo-de-coco-bio-200ml-origens\/#primaryimage\"},\"thumbnailUrl\":\"https:\/\/www.biocabaz.pt\/web\/wp-conteudos\/uploads\/2017\/05\/oleo-de-coco-e1540287450560.jpg\",\"datePublished\":\"2017-05-22T06:44:29+00:00\",\"dateModified\":\"2025-06-09T09:52:49+00:00\",\"description\":\"\u00d3LEO DE COCO BIO 200ML ORIGENS\",\"breadcrumb\":{\"@id\":\"https:\/\/www.biocabaz.pt\/web\/en\/produto\/oleo-de-coco-bio-200ml-origens\/#breadcrumb\"},\"inLanguage\":\"pt-PT\",\"potentialAction\":[{\"@type\":\"ReadAction\",\"target\":[\"https:\/\/www.biocabaz.pt\/web\/en\/produto\/oleo-de-coco-bio-200ml-origens\/\"]}]},{\"@type\":\"ImageObject\",\"inLanguage\":\"pt-PT\",\"@id\":\"https:\/\/www.biocabaz.pt\/web\/en\/produto\/oleo-de-coco-bio-200ml-origens\/#primaryimage\",\"url\":\"https:\/\/www.biocabaz.pt\/web\/wp-conteudos\/uploads\/2017\/05\/oleo-de-coco-e1540287450560.jpg\",\"contentUrl\":\"https:\/\/www.biocabaz.pt\/web\/wp-conteudos\/uploads\/2017\/05\/oleo-de-coco-e1540287450560.jpg\",\"width\":500,\"height\":417,\"caption\":\"\u00d3LEO DE COCO BIO 200ML ORIGENS\"},{\"@type\":\"BreadcrumbList\",\"@id\":\"https:\/\/www.biocabaz.pt\/web\/en\/produto\/oleo-de-coco-bio-200ml-origens\/#breadcrumb\",\"itemListElement\":[{\"@type\":\"ListItem\",\"position\":1,\"name\":\"Home\",\"item\":\"https:\/\/biocabaz.pt\/web\/\"},{\"@type\":\"ListItem\",\"position\":2,\"name\":\"Loja\",\"item\":\"https:\/\/biocabaz.pt\/web\/shop\/\"},{\"@type\":\"ListItem\",\"position\":3,\"name\":\"ORIGENS ORGANIC COCONUT OIL 200ML\"}]},{\"@type\":\"WebSite\",\"@id\":\"https:\/\/biocabaz.pt\/web\/#website\",\"url\":\"https:\/\/biocabaz.pt\/web\/\",\"name\":\"CABAZES BIOL\u00d3GICOS\",\"description\":\"One+Number\",\"potentialAction\":[{\"@type\":\"SearchAction\",\"target\":{\"@type\":\"EntryPoint\",\"urlTemplate\":\"https:\/\/biocabaz.pt\/web\/?s={search_term_string}\"},\"query-input\":{\"@type\":\"PropertyValueSpecification\",\"valueRequired\":true,\"valueName\":\"search_term_string\"}}],\"inLanguage\":\"pt-PT\"}]}<\/script>\n<!-- \/ Yoast SEO plugin. -->","yoast_head_json":{"title":"ORIGENS ORGANIC COCONUT OIL 200ML","description":"\u00d3LEO DE COCO BIO 200ML ORIGENS","robots":{"index":"index","follow":"follow","max-snippet":"max-snippet:-1","max-image-preview":"max-image-preview:large","max-video-preview":"max-video-preview:-1"},"canonical":"https:\/\/www.biocabaz.pt\/web\/en\/produto\/oleo-de-coco-bio-200ml-origens\/","og_locale":"pt_PT","og_type":"article","og_title":"[:en]ORIGENS ORGANIC COCONUT OIL 200ML[:pt]\u00d3LEO DE COCO BIO 200ML ORIGENS[:] - CABAZES BIOL\u00d3GICOS","og_description":"\u00d3LEO DE COCO BIO 200ML ORIGENS","og_url":"https:\/\/biocabaz.pt\/web\/en\/produto\/oleo-de-coco-bio-200ml-origens\/","og_site_name":"CABAZES BIOL\u00d3GICOS","article_modified_time":"2025-06-09T09:52:49+00:00","og_image":[{"width":500,"height":417,"url":"https:\/\/www.biocabaz.pt\/web\/wp-conteudos\/uploads\/2017\/05\/oleo-de-coco-e1540287450560.jpg","type":"image\/jpeg"}],"twitter_card":"summary_large_image","twitter_misc":{"Est. reading time":"1 minute"},"schema":{"@context":"https:\/\/schema.org","@graph":[{"@type":"WebPage","@id":"https:\/\/www.biocabaz.pt\/web\/en\/produto\/oleo-de-coco-bio-200ml-origens\/","url":"https:\/\/www.biocabaz.pt\/web\/en\/produto\/oleo-de-coco-bio-200ml-origens\/","name":"ORIGENS ORGANIC COCONUT OIL 200ML","isPartOf":{"@id":"https:\/\/biocabaz.pt\/web\/#website"},"primaryImageOfPage":{"@id":"https:\/\/www.biocabaz.pt\/web\/en\/produto\/oleo-de-coco-bio-200ml-origens\/#primaryimage"},"image":{"@id":"https:\/\/www.biocabaz.pt\/web\/en\/produto\/oleo-de-coco-bio-200ml-origens\/#primaryimage"},"thumbnailUrl":"https:\/\/www.biocabaz.pt\/web\/wp-conteudos\/uploads\/2017\/05\/oleo-de-coco-e1540287450560.jpg","datePublished":"2017-05-22T06:44:29+00:00","dateModified":"2025-06-09T09:52:49+00:00","description":"\u00d3LEO DE COCO BIO 200ML ORIGENS","breadcrumb":{"@id":"https:\/\/www.biocabaz.pt\/web\/en\/produto\/oleo-de-coco-bio-200ml-origens\/#breadcrumb"},"inLanguage":"pt-PT","potentialAction":[{"@type":"ReadAction","target":["https:\/\/www.biocabaz.pt\/web\/en\/produto\/oleo-de-coco-bio-200ml-origens\/"]}]},{"@type":"ImageObject","inLanguage":"pt-PT","@id":"https:\/\/www.biocabaz.pt\/web\/en\/produto\/oleo-de-coco-bio-200ml-origens\/#primaryimage","url":"https:\/\/www.biocabaz.pt\/web\/wp-conteudos\/uploads\/2017\/05\/oleo-de-coco-e1540287450560.jpg","contentUrl":"https:\/\/www.biocabaz.pt\/web\/wp-conteudos\/uploads\/2017\/05\/oleo-de-coco-e1540287450560.jpg","width":500,"height":417,"caption":"\u00d3LEO DE COCO BIO 200ML ORIGENS"},{"@type":"BreadcrumbList","@id":"https:\/\/www.biocabaz.pt\/web\/en\/produto\/oleo-de-coco-bio-200ml-origens\/#breadcrumb","itemListElement":[{"@type":"ListItem","position":1,"name":"Home","item":"https:\/\/biocabaz.pt\/web\/"},{"@type":"ListItem","position":2,"name":"Loja","item":"https:\/\/biocabaz.pt\/web\/shop\/"},{"@type":"ListItem","position":3,"name":"ORIGENS ORGANIC COCONUT OIL 200ML"}]},{"@type":"WebSite","@id":"https:\/\/biocabaz.pt\/web\/#website","url":"https:\/\/biocabaz.pt\/web\/","name":"CABAZES BIOL\u00d3GICOS","description":"One+Number","potentialAction":[{"@type":"SearchAction","target":{"@type":"EntryPoint","urlTemplate":"https:\/\/biocabaz.pt\/web\/?s={search_term_string}"},"query-input":{"@type":"PropertyValueSpecification","valueRequired":true,"valueName":"search_term_string"}}],"inLanguage":"pt-PT"}]}},"_links":{"self":[{"href":"https:\/\/biocabaz.pt\/web\/en\/wp-json\/wp\/v2\/product\/3863","targetHints":{"allow":["GET"]}}],"collection":[{"href":"https:\/\/biocabaz.pt\/web\/en\/wp-json\/wp\/v2\/product"}],"about":[{"href":"https:\/\/biocabaz.pt\/web\/en\/wp-json\/wp\/v2\/types\/product"}],"replies":[{"embeddable":true,"href":"https:\/\/biocabaz.pt\/web\/en\/wp-json\/wp\/v2\/comments?post=3863"}],"wp:featuredmedia":[{"embeddable":true,"href":"https:\/\/biocabaz.pt\/web\/en\/wp-json\/wp\/v2\/media\/3866"}],"wp:attachment":[{"href":"https:\/\/biocabaz.pt\/web\/en\/wp-json\/wp\/v2\/media?parent=3863"}],"wp:term":[{"taxonomy":"product_cat","embeddable":true,"href":"https:\/\/biocabaz.pt\/web\/en\/wp-json\/wp\/v2\/product_cat?post=3863"},{"taxonomy":"product_tag","embeddable":true,"href":"https:\/\/biocabaz.pt\/web\/en\/wp-json\/wp\/v2\/product_tag?post=3863"}],"curies":[{"name":"wp","href":"https:\/\/api.w.org\/{rel}","templated":true}]}}