{"id":3023,"date":"2017-01-22T12:44:01","date_gmt":"2017-01-22T12:44:01","guid":{"rendered":"http:\/\/www.biocabaz.pt\/web\/produto\/pao-de-flores-de-castanha-s-gluten-bio\/"},"modified":"2023-04-17T12:02:02","modified_gmt":"2023-04-17T12:02:02","slug":"pao-de-flores-de-castanha-s-gluten-bio","status":"publish","type":"product","link":"https:\/\/biocabaz.pt\/web\/en\/produto\/pao-de-flores-de-castanha-s-gluten-bio\/","title":{"rendered":"LE PAIN DES FLEURS ORGANIC CHESTNUT CRISPBREAD  \u0096 GLUTEN FREE"},"content":{"rendered":"<p><strong>Description<\/strong><br \/>Ingredients: rice flour *, chestnut flour * (30%), sea salt. * organic farming product. No added sugar, a source of fiber, contains naturally present sugars.<\/p>\n<p><strong>Nutrition Facts<\/strong><br \/><strong>Nutritional Information per 100g\/ml<\/strong>: Energy: 384kcal \/ 1628kj; Proteins: 6.5g; Carbohydrates: 83.5g &#8211; of which sugars: 9.3g; Lipids: 1.6g &#8211; of which saturated: 0.4g; Dietary fibers: 4.9g; Salt: 0.58g.<\/p>\n<p><strong>Use Mode<\/strong><br \/>Replaces bread and cookies for breakfast, dessert or snack. Consume natural or with garnish. Store in a cool, dry place.<\/p>\n","protected":false},"excerpt":{"rendered":"<p><strong>Nutritional Information per 100g\/ml<\/strong>: Energy: 384kcal \/ 1628kj; Proteins: 6.5g; Carbohydrates: 83.5g &#8211; of which sugars: 9.3g; Lipids: 1.6g &#8211; of which saturated: 0.4g; Dietary fibers: 4.9g; Salt: 0.58g.<\/p>\n","protected":false},"featured_media":3030,"comment_status":"closed","ping_status":"closed","template":"","meta":[],"product_cat":[53,54],"product_tag":[],"class_list":["post-3023","product","type-product","status-publish","has-post-thumbnail","hentry","product_cat-sem-gluten-e-superalimentos","product_cat-alimentos-sem-gluten"],"bundle_layout":"","bundled_by":[],"bundled_items":[],"yoast_head":"<!-- This site is optimized with the Yoast SEO plugin v26.3 - https:\/\/yoast.com\/wordpress\/plugins\/seo\/ -->\n<title>LE PAIN DES FLEURS ORGANIC CHESTNUT CRISPBREAD \u0096 GLUTEN FREE<\/title>\n<meta name=\"description\" content=\"P\u00e3o de flores de castanha s\/ gl\u00faten bio\" \/>\n<meta name=\"robots\" content=\"index, follow, max-snippet:-1, max-image-preview:large, max-video-preview:-1\" \/>\n<link rel=\"canonical\" href=\"https:\/\/biocabaz.pt\/web\/en\/produto\/pao-de-flores-de-castanha-s-gluten-bio\/\" \/>\n<meta property=\"og:locale\" content=\"pt_PT\" \/>\n<meta property=\"og:locale:alternate\" content=\"pt_PT\" \/>\n<meta property=\"og:type\" content=\"article\" \/>\n<meta property=\"og:title\" content=\"LE PAIN DES FLEURS ORGANIC CHESTNUT CRISPBREAD \u0096 GLUTEN FREE\" \/>\n<meta property=\"og:description\" content=\"P\u00e3o de flores de castanha s\/ gl\u00faten bio\" \/>\n<meta property=\"og:url\" content=\"https:\/\/biocabaz.pt\/web\/en\/produto\/pao-de-flores-de-castanha-s-gluten-bio\/\" \/>\n<meta property=\"og:site_name\" content=\"CABAZES BIOL\u00d3GICOS\" \/>\n<meta property=\"article:modified_time\" content=\"2023-04-17T12:02:02+00:00\" \/>\n<meta property=\"og:image\" content=\"https:\/\/www.biocabaz.pt\/web\/wp-conteudos\/uploads\/2017\/01\/castanha.jpg\" \/>\n\t<meta property=\"og:image:width\" content=\"480\" \/>\n\t<meta property=\"og:image:height\" content=\"480\" \/>\n\t<meta property=\"og:image:type\" content=\"image\/jpeg\" \/>\n<meta name=\"twitter:card\" content=\"summary_large_image\" \/>\n<meta name=\"twitter:label1\" content=\"Est. reading time\" \/>\n\t<meta name=\"twitter:data1\" content=\"1 minute\" \/>\n<script type=\"application\/ld+json\" class=\"yoast-schema-graph\">{\"@context\":\"https:\/\/schema.org\",\"@graph\":[{\"@type\":\"WebPage\",\"@id\":\"https:\/\/biocabaz.pt\/web\/en\/produto\/pao-de-flores-de-castanha-s-gluten-bio\/\",\"url\":\"https:\/\/biocabaz.pt\/web\/en\/produto\/pao-de-flores-de-castanha-s-gluten-bio\/\",\"name\":\"LE PAIN DES FLEURS ORGANIC CHESTNUT CRISPBREAD \u0096 GLUTEN FREE\",\"isPartOf\":{\"@id\":\"https:\/\/biocabaz.pt\/web\/#website\"},\"primaryImageOfPage\":{\"@id\":\"https:\/\/biocabaz.pt\/web\/en\/produto\/pao-de-flores-de-castanha-s-gluten-bio\/#primaryimage\"},\"image\":{\"@id\":\"https:\/\/biocabaz.pt\/web\/en\/produto\/pao-de-flores-de-castanha-s-gluten-bio\/#primaryimage\"},\"thumbnailUrl\":\"https:\/\/www.biocabaz.pt\/web\/wp-conteudos\/uploads\/2017\/01\/castanha.jpg\",\"datePublished\":\"2017-01-22T12:44:01+00:00\",\"dateModified\":\"2023-04-17T12:02:02+00:00\",\"description\":\"P\u00e3o de flores de castanha s\/ gl\u00faten bio\",\"breadcrumb\":{\"@id\":\"https:\/\/biocabaz.pt\/web\/en\/produto\/pao-de-flores-de-castanha-s-gluten-bio\/#breadcrumb\"},\"inLanguage\":\"pt-PT\",\"potentialAction\":[{\"@type\":\"ReadAction\",\"target\":[\"https:\/\/biocabaz.pt\/web\/en\/produto\/pao-de-flores-de-castanha-s-gluten-bio\/\"]}]},{\"@type\":\"ImageObject\",\"inLanguage\":\"pt-PT\",\"@id\":\"https:\/\/biocabaz.pt\/web\/en\/produto\/pao-de-flores-de-castanha-s-gluten-bio\/#primaryimage\",\"url\":\"https:\/\/www.biocabaz.pt\/web\/wp-conteudos\/uploads\/2017\/01\/castanha.jpg\",\"contentUrl\":\"https:\/\/www.biocabaz.pt\/web\/wp-conteudos\/uploads\/2017\/01\/castanha.jpg\",\"width\":480,\"height\":480,\"caption\":\"P\u00e3o de flores de castanha s\/ gl\u00faten bio\"},{\"@type\":\"BreadcrumbList\",\"@id\":\"https:\/\/biocabaz.pt\/web\/en\/produto\/pao-de-flores-de-castanha-s-gluten-bio\/#breadcrumb\",\"itemListElement\":[{\"@type\":\"ListItem\",\"position\":1,\"name\":\"Home\",\"item\":\"https:\/\/biocabaz.pt\/web\/\"},{\"@type\":\"ListItem\",\"position\":2,\"name\":\"Loja\",\"item\":\"https:\/\/biocabaz.pt\/web\/shop\/\"},{\"@type\":\"ListItem\",\"position\":3,\"name\":\"LE PAIN DES FLEURS ORGANIC CHESTNUT CRISPBREAD \u0096 GLUTEN FREE\"}]},{\"@type\":\"WebSite\",\"@id\":\"https:\/\/biocabaz.pt\/web\/#website\",\"url\":\"https:\/\/biocabaz.pt\/web\/\",\"name\":\"CABAZES BIOL\u00d3GICOS\",\"description\":\"One+Number\",\"potentialAction\":[{\"@type\":\"SearchAction\",\"target\":{\"@type\":\"EntryPoint\",\"urlTemplate\":\"https:\/\/biocabaz.pt\/web\/?s={search_term_string}\"},\"query-input\":{\"@type\":\"PropertyValueSpecification\",\"valueRequired\":true,\"valueName\":\"search_term_string\"}}],\"inLanguage\":\"pt-PT\"}]}<\/script>\n<!-- \/ Yoast SEO plugin. -->","yoast_head_json":{"title":"LE PAIN DES FLEURS ORGANIC CHESTNUT CRISPBREAD \u0096 GLUTEN FREE","description":"P\u00e3o de flores de castanha s\/ gl\u00faten bio","robots":{"index":"index","follow":"follow","max-snippet":"max-snippet:-1","max-image-preview":"max-image-preview:large","max-video-preview":"max-video-preview:-1"},"canonical":"https:\/\/biocabaz.pt\/web\/en\/produto\/pao-de-flores-de-castanha-s-gluten-bio\/","og_locale":"pt_PT","og_type":"article","og_title":"[:en]LE PAIN DES FLEURS ORGANIC CHESTNUT CRISPBREAD \u0096 GLUTEN FREE[:pt]P\u00c3O DE FLORES DE CASTANHA S\/ GL\u00daTEN BIO[:] - CABAZES BIOL\u00d3GICOS","og_description":"P\u00e3o de flores de castanha s\/ gl\u00faten bio","og_url":"https:\/\/biocabaz.pt\/web\/en\/produto\/pao-de-flores-de-castanha-s-gluten-bio\/","og_site_name":"CABAZES BIOL\u00d3GICOS","article_modified_time":"2023-04-17T12:02:02+00:00","og_image":[{"width":480,"height":480,"url":"https:\/\/www.biocabaz.pt\/web\/wp-conteudos\/uploads\/2017\/01\/castanha.jpg","type":"image\/jpeg"}],"twitter_card":"summary_large_image","twitter_misc":{"Est. reading time":"1 minute"},"schema":{"@context":"https:\/\/schema.org","@graph":[{"@type":"WebPage","@id":"https:\/\/biocabaz.pt\/web\/en\/produto\/pao-de-flores-de-castanha-s-gluten-bio\/","url":"https:\/\/biocabaz.pt\/web\/en\/produto\/pao-de-flores-de-castanha-s-gluten-bio\/","name":"LE PAIN DES FLEURS ORGANIC CHESTNUT CRISPBREAD \u0096 GLUTEN FREE","isPartOf":{"@id":"https:\/\/biocabaz.pt\/web\/#website"},"primaryImageOfPage":{"@id":"https:\/\/biocabaz.pt\/web\/en\/produto\/pao-de-flores-de-castanha-s-gluten-bio\/#primaryimage"},"image":{"@id":"https:\/\/biocabaz.pt\/web\/en\/produto\/pao-de-flores-de-castanha-s-gluten-bio\/#primaryimage"},"thumbnailUrl":"https:\/\/www.biocabaz.pt\/web\/wp-conteudos\/uploads\/2017\/01\/castanha.jpg","datePublished":"2017-01-22T12:44:01+00:00","dateModified":"2023-04-17T12:02:02+00:00","description":"P\u00e3o de flores de castanha s\/ gl\u00faten bio","breadcrumb":{"@id":"https:\/\/biocabaz.pt\/web\/en\/produto\/pao-de-flores-de-castanha-s-gluten-bio\/#breadcrumb"},"inLanguage":"pt-PT","potentialAction":[{"@type":"ReadAction","target":["https:\/\/biocabaz.pt\/web\/en\/produto\/pao-de-flores-de-castanha-s-gluten-bio\/"]}]},{"@type":"ImageObject","inLanguage":"pt-PT","@id":"https:\/\/biocabaz.pt\/web\/en\/produto\/pao-de-flores-de-castanha-s-gluten-bio\/#primaryimage","url":"https:\/\/www.biocabaz.pt\/web\/wp-conteudos\/uploads\/2017\/01\/castanha.jpg","contentUrl":"https:\/\/www.biocabaz.pt\/web\/wp-conteudos\/uploads\/2017\/01\/castanha.jpg","width":480,"height":480,"caption":"P\u00e3o de flores de castanha s\/ gl\u00faten bio"},{"@type":"BreadcrumbList","@id":"https:\/\/biocabaz.pt\/web\/en\/produto\/pao-de-flores-de-castanha-s-gluten-bio\/#breadcrumb","itemListElement":[{"@type":"ListItem","position":1,"name":"Home","item":"https:\/\/biocabaz.pt\/web\/"},{"@type":"ListItem","position":2,"name":"Loja","item":"https:\/\/biocabaz.pt\/web\/shop\/"},{"@type":"ListItem","position":3,"name":"LE PAIN DES FLEURS ORGANIC CHESTNUT CRISPBREAD \u0096 GLUTEN FREE"}]},{"@type":"WebSite","@id":"https:\/\/biocabaz.pt\/web\/#website","url":"https:\/\/biocabaz.pt\/web\/","name":"CABAZES BIOL\u00d3GICOS","description":"One+Number","potentialAction":[{"@type":"SearchAction","target":{"@type":"EntryPoint","urlTemplate":"https:\/\/biocabaz.pt\/web\/?s={search_term_string}"},"query-input":{"@type":"PropertyValueSpecification","valueRequired":true,"valueName":"search_term_string"}}],"inLanguage":"pt-PT"}]}},"_links":{"self":[{"href":"https:\/\/biocabaz.pt\/web\/en\/wp-json\/wp\/v2\/product\/3023","targetHints":{"allow":["GET"]}}],"collection":[{"href":"https:\/\/biocabaz.pt\/web\/en\/wp-json\/wp\/v2\/product"}],"about":[{"href":"https:\/\/biocabaz.pt\/web\/en\/wp-json\/wp\/v2\/types\/product"}],"replies":[{"embeddable":true,"href":"https:\/\/biocabaz.pt\/web\/en\/wp-json\/wp\/v2\/comments?post=3023"}],"wp:featuredmedia":[{"embeddable":true,"href":"https:\/\/biocabaz.pt\/web\/en\/wp-json\/wp\/v2\/media\/3030"}],"wp:attachment":[{"href":"https:\/\/biocabaz.pt\/web\/en\/wp-json\/wp\/v2\/media?parent=3023"}],"wp:term":[{"taxonomy":"product_cat","embeddable":true,"href":"https:\/\/biocabaz.pt\/web\/en\/wp-json\/wp\/v2\/product_cat?post=3023"},{"taxonomy":"product_tag","embeddable":true,"href":"https:\/\/biocabaz.pt\/web\/en\/wp-json\/wp\/v2\/product_tag?post=3023"}],"curies":[{"name":"wp","href":"https:\/\/api.w.org\/{rel}","templated":true}]}}