{"id":28390,"date":"2019-09-23T10:56:23","date_gmt":"2019-09-23T10:56:23","guid":{"rendered":"https:\/\/www.biocabaz.pt\/web\/?post_type=product&#038;p=28390"},"modified":"2023-04-15T14:37:33","modified_gmt":"2023-04-15T14:37:33","slug":"bebida-de-coco-e-amendoa-bio-provamel-1l","status":"publish","type":"product","link":"https:\/\/biocabaz.pt\/web\/en\/produto\/bebida-de-coco-e-amendoa-bio-provamel-1l\/","title":{"rendered":"PROVAMEL ORGANIC COCONUT AND ALMOND DRINK 1L"},"content":{"rendered":"<p><strong>Description<\/strong><br \/>Ingredients: water, coconut milk * (4.5%), almond from europe * (3%), agave syrup (3%), sea salt, natural coconut aroma * = from certified organic farming.<\/p>\n<p><strong>Nutrition Facts<\/strong><br \/><strong>Nutritional Information per 100g\/ml<\/strong>: Energy: 144 kJ \/ 35 kcal; Lipids: 2.4g &#8211; of which saturated: 0.8g; Carbohydrates: 2.4g &#8211; of which sugars: 2.3g; Fiber: 0.5g; Proteins: 0.6g; Salt: 0.10g; Lactose: 0g \/ 100g.<\/p>\n<p><strong>Use Mode<\/strong><br \/>Shake well before using. Store in a cool, dry place. Once opened, store in a refrigerator and consume within 3-4 days.<\/p>\n","protected":false},"excerpt":{"rendered":"<p><strong>Nutritional Information per 100g\/ml<\/strong>: Energy: 144 kJ \/ 35 kcal; Lipids: 2.4g &#8211; of which saturated: 0.8g; Carbohydrates: 2.4g &#8211; of which sugars: 2.3g; Fiber: 0.5g; Proteins: 0.6g; Salt: 0.10g; Lactose: 0g \/ 100g.<\/p>\n","protected":false},"featured_media":74181,"comment_status":"closed","ping_status":"closed","template":"","meta":[],"product_cat":[19,34],"product_tag":[],"class_list":["post-28390","product","type-product","status-publish","has-post-thumbnail","hentry","product_cat-laticinios-e-substitutos","product_cat-leites-bebidas-vegetais"],"bundle_layout":"","bundled_by":[],"bundled_items":[],"yoast_head":"<!-- This site is optimized with the Yoast SEO plugin v26.3 - https:\/\/yoast.com\/wordpress\/plugins\/seo\/ -->\n<title>PROVAMEL ORGANIC COCONUT AND ALMOND DRINK 1L<\/title>\n<meta name=\"robots\" content=\"index, follow, max-snippet:-1, max-image-preview:large, max-video-preview:-1\" \/>\n<link rel=\"canonical\" href=\"https:\/\/biocabaz.pt\/web\/en\/produto\/bebida-de-coco-e-amendoa-bio-provamel-1l\/\" \/>\n<meta property=\"og:locale\" content=\"pt_PT\" \/>\n<meta property=\"og:locale:alternate\" content=\"pt_PT\" \/>\n<meta property=\"og:type\" content=\"article\" \/>\n<meta property=\"og:title\" content=\"PROVAMEL ORGANIC COCONUT AND ALMOND DRINK 1L\" \/>\n<meta property=\"og:description\" content=\"Nutritional Information per 100g\/ml: Energy: 144 kJ \/ 35 kcal; Lipids: 2.4g - of which saturated: 0.8g; Carbohydrates: 2.4g - of which sugars: 2.3g; Fiber: 0.5g; Proteins: 0.6g; Salt: 0.10g; Lactose: 0g \/ 100g.\" \/>\n<meta property=\"og:url\" content=\"https:\/\/biocabaz.pt\/web\/en\/produto\/bebida-de-coco-e-amendoa-bio-provamel-1l\/\" \/>\n<meta property=\"og:site_name\" content=\"CABAZES BIOL\u00d3GICOS\" \/>\n<meta property=\"article:modified_time\" content=\"2023-04-15T14:37:33+00:00\" \/>\n<meta property=\"og:image\" content=\"https:\/\/www.biocabaz.pt\/web\/wp-conteudos\/uploads\/2019\/09\/bebida-coco-e-amendoa-provamel.jpg\" \/>\n\t<meta property=\"og:image:width\" content=\"600\" \/>\n\t<meta property=\"og:image:height\" content=\"600\" \/>\n\t<meta property=\"og:image:type\" content=\"image\/jpeg\" \/>\n<meta name=\"twitter:card\" content=\"summary_large_image\" \/>\n<meta name=\"twitter:label1\" content=\"Est. reading time\" \/>\n\t<meta name=\"twitter:data1\" content=\"1 minute\" \/>\n<script type=\"application\/ld+json\" class=\"yoast-schema-graph\">{\"@context\":\"https:\/\/schema.org\",\"@graph\":[{\"@type\":\"WebPage\",\"@id\":\"https:\/\/biocabaz.pt\/web\/en\/produto\/bebida-de-coco-e-amendoa-bio-provamel-1l\/\",\"url\":\"https:\/\/biocabaz.pt\/web\/en\/produto\/bebida-de-coco-e-amendoa-bio-provamel-1l\/\",\"name\":\"PROVAMEL ORGANIC COCONUT AND ALMOND DRINK 1L\",\"isPartOf\":{\"@id\":\"https:\/\/biocabaz.pt\/web\/#website\"},\"primaryImageOfPage\":{\"@id\":\"https:\/\/biocabaz.pt\/web\/en\/produto\/bebida-de-coco-e-amendoa-bio-provamel-1l\/#primaryimage\"},\"image\":{\"@id\":\"https:\/\/biocabaz.pt\/web\/en\/produto\/bebida-de-coco-e-amendoa-bio-provamel-1l\/#primaryimage\"},\"thumbnailUrl\":\"https:\/\/www.biocabaz.pt\/web\/wp-conteudos\/uploads\/2019\/09\/bebida-coco-e-amendoa-provamel.jpg\",\"datePublished\":\"2019-09-23T10:56:23+00:00\",\"dateModified\":\"2023-04-15T14:37:33+00:00\",\"breadcrumb\":{\"@id\":\"https:\/\/biocabaz.pt\/web\/en\/produto\/bebida-de-coco-e-amendoa-bio-provamel-1l\/#breadcrumb\"},\"inLanguage\":\"pt-PT\",\"potentialAction\":[{\"@type\":\"ReadAction\",\"target\":[\"https:\/\/biocabaz.pt\/web\/en\/produto\/bebida-de-coco-e-amendoa-bio-provamel-1l\/\"]}]},{\"@type\":\"ImageObject\",\"inLanguage\":\"pt-PT\",\"@id\":\"https:\/\/biocabaz.pt\/web\/en\/produto\/bebida-de-coco-e-amendoa-bio-provamel-1l\/#primaryimage\",\"url\":\"https:\/\/www.biocabaz.pt\/web\/wp-conteudos\/uploads\/2019\/09\/bebida-coco-e-amendoa-provamel.jpg\",\"contentUrl\":\"https:\/\/www.biocabaz.pt\/web\/wp-conteudos\/uploads\/2019\/09\/bebida-coco-e-amendoa-provamel.jpg\",\"width\":600,\"height\":600,\"caption\":\"bebida-coco-e-amendoa-provamel\"},{\"@type\":\"BreadcrumbList\",\"@id\":\"https:\/\/biocabaz.pt\/web\/en\/produto\/bebida-de-coco-e-amendoa-bio-provamel-1l\/#breadcrumb\",\"itemListElement\":[{\"@type\":\"ListItem\",\"position\":1,\"name\":\"Home\",\"item\":\"https:\/\/biocabaz.pt\/web\/\"},{\"@type\":\"ListItem\",\"position\":2,\"name\":\"Loja\",\"item\":\"https:\/\/biocabaz.pt\/web\/shop\/\"},{\"@type\":\"ListItem\",\"position\":3,\"name\":\"PROVAMEL ORGANIC COCONUT AND ALMOND DRINK 1L\"}]},{\"@type\":\"WebSite\",\"@id\":\"https:\/\/biocabaz.pt\/web\/#website\",\"url\":\"https:\/\/biocabaz.pt\/web\/\",\"name\":\"CABAZES BIOL\u00d3GICOS\",\"description\":\"One+Number\",\"potentialAction\":[{\"@type\":\"SearchAction\",\"target\":{\"@type\":\"EntryPoint\",\"urlTemplate\":\"https:\/\/biocabaz.pt\/web\/?s={search_term_string}\"},\"query-input\":{\"@type\":\"PropertyValueSpecification\",\"valueRequired\":true,\"valueName\":\"search_term_string\"}}],\"inLanguage\":\"pt-PT\"}]}<\/script>\n<!-- \/ Yoast SEO plugin. -->","yoast_head_json":{"title":"PROVAMEL ORGANIC COCONUT AND ALMOND DRINK 1L","robots":{"index":"index","follow":"follow","max-snippet":"max-snippet:-1","max-image-preview":"max-image-preview:large","max-video-preview":"max-video-preview:-1"},"canonical":"https:\/\/biocabaz.pt\/web\/en\/produto\/bebida-de-coco-e-amendoa-bio-provamel-1l\/","og_locale":"pt_PT","og_type":"article","og_title":"[:en]PROVAMEL ORGANIC COCONUT AND ALMOND DRINK 1L[:pt]BEBIDA DE C\u00d4CO E AM\u00caNDOA BIO PROVAMEL 1L[:] - CABAZES BIOL\u00d3GICOS","og_description":"Nutritional Information per 100g\/ml: Energy: 144 kJ \/ 35 kcal; Lipids: 2.4g - of which saturated: 0.8g; Carbohydrates: 2.4g - of which sugars: 2.3g; Fiber: 0.5g; Proteins: 0.6g; Salt: 0.10g; Lactose: 0g \/ 100g.","og_url":"https:\/\/biocabaz.pt\/web\/en\/produto\/bebida-de-coco-e-amendoa-bio-provamel-1l\/","og_site_name":"CABAZES BIOL\u00d3GICOS","article_modified_time":"2023-04-15T14:37:33+00:00","og_image":[{"width":600,"height":600,"url":"https:\/\/www.biocabaz.pt\/web\/wp-conteudos\/uploads\/2019\/09\/bebida-coco-e-amendoa-provamel.jpg","type":"image\/jpeg"}],"twitter_card":"summary_large_image","twitter_misc":{"Est. reading time":"1 minute"},"schema":{"@context":"https:\/\/schema.org","@graph":[{"@type":"WebPage","@id":"https:\/\/biocabaz.pt\/web\/en\/produto\/bebida-de-coco-e-amendoa-bio-provamel-1l\/","url":"https:\/\/biocabaz.pt\/web\/en\/produto\/bebida-de-coco-e-amendoa-bio-provamel-1l\/","name":"PROVAMEL ORGANIC COCONUT AND ALMOND DRINK 1L","isPartOf":{"@id":"https:\/\/biocabaz.pt\/web\/#website"},"primaryImageOfPage":{"@id":"https:\/\/biocabaz.pt\/web\/en\/produto\/bebida-de-coco-e-amendoa-bio-provamel-1l\/#primaryimage"},"image":{"@id":"https:\/\/biocabaz.pt\/web\/en\/produto\/bebida-de-coco-e-amendoa-bio-provamel-1l\/#primaryimage"},"thumbnailUrl":"https:\/\/www.biocabaz.pt\/web\/wp-conteudos\/uploads\/2019\/09\/bebida-coco-e-amendoa-provamel.jpg","datePublished":"2019-09-23T10:56:23+00:00","dateModified":"2023-04-15T14:37:33+00:00","breadcrumb":{"@id":"https:\/\/biocabaz.pt\/web\/en\/produto\/bebida-de-coco-e-amendoa-bio-provamel-1l\/#breadcrumb"},"inLanguage":"pt-PT","potentialAction":[{"@type":"ReadAction","target":["https:\/\/biocabaz.pt\/web\/en\/produto\/bebida-de-coco-e-amendoa-bio-provamel-1l\/"]}]},{"@type":"ImageObject","inLanguage":"pt-PT","@id":"https:\/\/biocabaz.pt\/web\/en\/produto\/bebida-de-coco-e-amendoa-bio-provamel-1l\/#primaryimage","url":"https:\/\/www.biocabaz.pt\/web\/wp-conteudos\/uploads\/2019\/09\/bebida-coco-e-amendoa-provamel.jpg","contentUrl":"https:\/\/www.biocabaz.pt\/web\/wp-conteudos\/uploads\/2019\/09\/bebida-coco-e-amendoa-provamel.jpg","width":600,"height":600,"caption":"bebida-coco-e-amendoa-provamel"},{"@type":"BreadcrumbList","@id":"https:\/\/biocabaz.pt\/web\/en\/produto\/bebida-de-coco-e-amendoa-bio-provamel-1l\/#breadcrumb","itemListElement":[{"@type":"ListItem","position":1,"name":"Home","item":"https:\/\/biocabaz.pt\/web\/"},{"@type":"ListItem","position":2,"name":"Loja","item":"https:\/\/biocabaz.pt\/web\/shop\/"},{"@type":"ListItem","position":3,"name":"PROVAMEL ORGANIC COCONUT AND ALMOND DRINK 1L"}]},{"@type":"WebSite","@id":"https:\/\/biocabaz.pt\/web\/#website","url":"https:\/\/biocabaz.pt\/web\/","name":"CABAZES BIOL\u00d3GICOS","description":"One+Number","potentialAction":[{"@type":"SearchAction","target":{"@type":"EntryPoint","urlTemplate":"https:\/\/biocabaz.pt\/web\/?s={search_term_string}"},"query-input":{"@type":"PropertyValueSpecification","valueRequired":true,"valueName":"search_term_string"}}],"inLanguage":"pt-PT"}]}},"_links":{"self":[{"href":"https:\/\/biocabaz.pt\/web\/en\/wp-json\/wp\/v2\/product\/28390","targetHints":{"allow":["GET"]}}],"collection":[{"href":"https:\/\/biocabaz.pt\/web\/en\/wp-json\/wp\/v2\/product"}],"about":[{"href":"https:\/\/biocabaz.pt\/web\/en\/wp-json\/wp\/v2\/types\/product"}],"replies":[{"embeddable":true,"href":"https:\/\/biocabaz.pt\/web\/en\/wp-json\/wp\/v2\/comments?post=28390"}],"wp:featuredmedia":[{"embeddable":true,"href":"https:\/\/biocabaz.pt\/web\/en\/wp-json\/wp\/v2\/media\/74181"}],"wp:attachment":[{"href":"https:\/\/biocabaz.pt\/web\/en\/wp-json\/wp\/v2\/media?parent=28390"}],"wp:term":[{"taxonomy":"product_cat","embeddable":true,"href":"https:\/\/biocabaz.pt\/web\/en\/wp-json\/wp\/v2\/product_cat?post=28390"},{"taxonomy":"product_tag","embeddable":true,"href":"https:\/\/biocabaz.pt\/web\/en\/wp-json\/wp\/v2\/product_tag?post=28390"}],"curies":[{"name":"wp","href":"https:\/\/api.w.org\/{rel}","templated":true}]}}