{"id":25902,"date":"2019-07-08T11:02:18","date_gmt":"2019-07-08T11:02:18","guid":{"rendered":"https:\/\/www.biocabaz.pt\/web\/?post_type=product&#038;p=25902"},"modified":"2023-04-15T14:26:19","modified_gmt":"2023-04-15T14:26:19","slug":"tamari-molho-de-soja-bio-250ml-provida","status":"publish","type":"product","link":"https:\/\/biocabaz.pt\/web\/en\/produto\/tamari-molho-de-soja-bio-250ml-provida\/","title":{"rendered":"PR\u00d3VIDA ORGANIC TAMARI &#8211; SOY SAUCE 250ML"},"content":{"rendered":"<p><strong>Description<\/strong><br \/>Ingredients: Soy beans, water, sea salt, toasted barley flour. This condiment originated in China, about 2500 years ago, and was later taken to Japan (7th century) by Buddhist monks. Its flavor is more concentrated than Shoyu, it is obtained in a traditional way through a fermentation process of soy beans. This process takes about 2-3 years. It is subsequently filtered, pasteurized and bottled.<\/p>\n<p><strong>Nutrition Facts<\/strong><br \/><strong>Nutritional Information per 100g\/ml<\/strong>: Energy: 84kcal \/ 351kj; Proteins: 11.6g; Carbohydrates: 8.6g; Lipids: 0.3g.<\/p>\n<p><strong>Use Mode<\/strong><br \/>It can be used as a condiment in legumes, in protein preparations (Tofu, Seitan, Tempeh, fish or meat), in soups, algae, vegetables, cereals, pates and sauces. Store in a cool, dry place.<\/p>\n","protected":false},"excerpt":{"rendered":"<p><strong>Nutritional Information per 100g\/ml<\/strong>: Energy: 84kcal \/ 351kj; Proteins: 11.6g; Carbohydrates: 8.6g; Lipids: 0.3g.<\/p>\n","protected":false},"featured_media":25897,"comment_status":"closed","ping_status":"closed","template":"","meta":[],"product_cat":[27],"product_tag":[],"class_list":["post-25902","product","type-product","status-publish","has-post-thumbnail","hentry","product_cat-sal-especiarias-temperos"],"bundle_layout":"","bundled_by":[],"bundled_items":[],"yoast_head":"<!-- This site is optimized with the Yoast SEO plugin v26.3 - https:\/\/yoast.com\/wordpress\/plugins\/seo\/ -->\n<title>PR\u00d3VIDA ORGANIC TAMARI - SOY SAUCE 250ML<\/title>\n<meta name=\"robots\" content=\"index, follow, max-snippet:-1, max-image-preview:large, max-video-preview:-1\" \/>\n<link rel=\"canonical\" href=\"https:\/\/biocabaz.pt\/web\/en\/produto\/tamari-molho-de-soja-bio-250ml-provida\/\" \/>\n<meta property=\"og:locale\" content=\"pt_PT\" \/>\n<meta property=\"og:locale:alternate\" content=\"pt_PT\" \/>\n<meta property=\"og:type\" content=\"article\" \/>\n<meta property=\"og:title\" content=\"PR\u00d3VIDA ORGANIC TAMARI - SOY SAUCE 250ML\" \/>\n<meta property=\"og:description\" content=\"Nutritional Information per 100g\/ml: Energy: 84kcal \/ 351kj; Proteins: 11.6g; Carbohydrates: 8.6g; Lipids: 0.3g.\" \/>\n<meta property=\"og:url\" content=\"https:\/\/biocabaz.pt\/web\/en\/produto\/tamari-molho-de-soja-bio-250ml-provida\/\" \/>\n<meta property=\"og:site_name\" content=\"CABAZES BIOL\u00d3GICOS\" \/>\n<meta property=\"article:modified_time\" content=\"2023-04-15T14:26:19+00:00\" \/>\n<meta property=\"og:image\" content=\"https:\/\/www.biocabaz.pt\/web\/wp-conteudos\/uploads\/2016\/04\/TAMARI-MOLHO-DE-SOJA-BIO-250ML-PR\u00d3VIDA-e1562583693972.jpg\" \/>\n\t<meta property=\"og:image:width\" content=\"500\" \/>\n\t<meta property=\"og:image:height\" content=\"1452\" \/>\n\t<meta property=\"og:image:type\" content=\"image\/jpeg\" \/>\n<meta name=\"twitter:card\" content=\"summary_large_image\" \/>\n<meta name=\"twitter:label1\" content=\"Est. reading time\" \/>\n\t<meta name=\"twitter:data1\" content=\"1 minute\" \/>\n<script type=\"application\/ld+json\" class=\"yoast-schema-graph\">{\"@context\":\"https:\/\/schema.org\",\"@graph\":[{\"@type\":\"WebPage\",\"@id\":\"https:\/\/biocabaz.pt\/web\/en\/produto\/tamari-molho-de-soja-bio-250ml-provida\/\",\"url\":\"https:\/\/biocabaz.pt\/web\/en\/produto\/tamari-molho-de-soja-bio-250ml-provida\/\",\"name\":\"PR\u00d3VIDA ORGANIC TAMARI - SOY SAUCE 250ML\",\"isPartOf\":{\"@id\":\"https:\/\/www.biocabaz.pt\/web\/#website\"},\"primaryImageOfPage\":{\"@id\":\"https:\/\/biocabaz.pt\/web\/en\/produto\/tamari-molho-de-soja-bio-250ml-provida\/#primaryimage\"},\"image\":{\"@id\":\"https:\/\/biocabaz.pt\/web\/en\/produto\/tamari-molho-de-soja-bio-250ml-provida\/#primaryimage\"},\"thumbnailUrl\":\"https:\/\/www.biocabaz.pt\/web\/wp-conteudos\/uploads\/2016\/04\/TAMARI-MOLHO-DE-SOJA-BIO-250ML-PR\u00d3VIDA-e1562583693972.jpg\",\"datePublished\":\"2019-07-08T11:02:18+00:00\",\"dateModified\":\"2023-04-15T14:26:19+00:00\",\"breadcrumb\":{\"@id\":\"https:\/\/biocabaz.pt\/web\/en\/produto\/tamari-molho-de-soja-bio-250ml-provida\/#breadcrumb\"},\"inLanguage\":\"pt-PT\",\"potentialAction\":[{\"@type\":\"ReadAction\",\"target\":[\"https:\/\/biocabaz.pt\/web\/en\/produto\/tamari-molho-de-soja-bio-250ml-provida\/\"]}]},{\"@type\":\"ImageObject\",\"inLanguage\":\"pt-PT\",\"@id\":\"https:\/\/biocabaz.pt\/web\/en\/produto\/tamari-molho-de-soja-bio-250ml-provida\/#primaryimage\",\"url\":\"https:\/\/www.biocabaz.pt\/web\/wp-conteudos\/uploads\/2016\/04\/TAMARI-MOLHO-DE-SOJA-BIO-250ML-PR\u00d3VIDA-e1562583693972.jpg\",\"contentUrl\":\"https:\/\/www.biocabaz.pt\/web\/wp-conteudos\/uploads\/2016\/04\/TAMARI-MOLHO-DE-SOJA-BIO-250ML-PR\u00d3VIDA-e1562583693972.jpg\",\"width\":500,\"height\":1452,\"caption\":\"TAMARI - MOLHO DE SOJA BIO 250ML PROVIDA\"},{\"@type\":\"BreadcrumbList\",\"@id\":\"https:\/\/biocabaz.pt\/web\/en\/produto\/tamari-molho-de-soja-bio-250ml-provida\/#breadcrumb\",\"itemListElement\":[{\"@type\":\"ListItem\",\"position\":1,\"name\":\"Home\",\"item\":\"https:\/\/www.biocabaz.pt\/web\/\"},{\"@type\":\"ListItem\",\"position\":2,\"name\":\"Shop\",\"item\":\"https:\/\/www.biocabaz.pt\/web\/en\/shop\/\"},{\"@type\":\"ListItem\",\"position\":3,\"name\":\"PR\u00d3VIDA ORGANIC TAMARI &#8211; SOY SAUCE 250ML\"}]},{\"@type\":\"WebSite\",\"@id\":\"https:\/\/www.biocabaz.pt\/web\/#website\",\"url\":\"https:\/\/www.biocabaz.pt\/web\/\",\"name\":\"CABAZES BIOL\u00d3GICOS\",\"description\":\"One+Number\",\"potentialAction\":[{\"@type\":\"SearchAction\",\"target\":{\"@type\":\"EntryPoint\",\"urlTemplate\":\"https:\/\/www.biocabaz.pt\/web\/?s={search_term_string}\"},\"query-input\":{\"@type\":\"PropertyValueSpecification\",\"valueRequired\":true,\"valueName\":\"search_term_string\"}}],\"inLanguage\":\"pt-PT\"}]}<\/script>\n<!-- \/ Yoast SEO plugin. -->","yoast_head_json":{"title":"PR\u00d3VIDA ORGANIC TAMARI - SOY SAUCE 250ML","robots":{"index":"index","follow":"follow","max-snippet":"max-snippet:-1","max-image-preview":"max-image-preview:large","max-video-preview":"max-video-preview:-1"},"canonical":"https:\/\/biocabaz.pt\/web\/en\/produto\/tamari-molho-de-soja-bio-250ml-provida\/","og_locale":"pt_PT","og_type":"article","og_title":"[:en]PR\u00d3VIDA ORGANIC TAMARI - SOY SAUCE 250ML[:pt]TAMARI - MOLHO DE SOJA BIO 250ML PR\u00d3VIDA[:] - CABAZES BIOL\u00d3GICOS","og_description":"Nutritional Information per 100g\/ml: Energy: 84kcal \/ 351kj; Proteins: 11.6g; Carbohydrates: 8.6g; Lipids: 0.3g.","og_url":"https:\/\/biocabaz.pt\/web\/en\/produto\/tamari-molho-de-soja-bio-250ml-provida\/","og_site_name":"CABAZES BIOL\u00d3GICOS","article_modified_time":"2023-04-15T14:26:19+00:00","og_image":[{"width":500,"height":1452,"url":"https:\/\/www.biocabaz.pt\/web\/wp-conteudos\/uploads\/2016\/04\/TAMARI-MOLHO-DE-SOJA-BIO-250ML-PR\u00d3VIDA-e1562583693972.jpg","type":"image\/jpeg"}],"twitter_card":"summary_large_image","twitter_misc":{"Est. reading time":"1 minute"},"schema":{"@context":"https:\/\/schema.org","@graph":[{"@type":"WebPage","@id":"https:\/\/biocabaz.pt\/web\/en\/produto\/tamari-molho-de-soja-bio-250ml-provida\/","url":"https:\/\/biocabaz.pt\/web\/en\/produto\/tamari-molho-de-soja-bio-250ml-provida\/","name":"PR\u00d3VIDA ORGANIC TAMARI - SOY SAUCE 250ML","isPartOf":{"@id":"https:\/\/www.biocabaz.pt\/web\/#website"},"primaryImageOfPage":{"@id":"https:\/\/biocabaz.pt\/web\/en\/produto\/tamari-molho-de-soja-bio-250ml-provida\/#primaryimage"},"image":{"@id":"https:\/\/biocabaz.pt\/web\/en\/produto\/tamari-molho-de-soja-bio-250ml-provida\/#primaryimage"},"thumbnailUrl":"https:\/\/www.biocabaz.pt\/web\/wp-conteudos\/uploads\/2016\/04\/TAMARI-MOLHO-DE-SOJA-BIO-250ML-PR\u00d3VIDA-e1562583693972.jpg","datePublished":"2019-07-08T11:02:18+00:00","dateModified":"2023-04-15T14:26:19+00:00","breadcrumb":{"@id":"https:\/\/biocabaz.pt\/web\/en\/produto\/tamari-molho-de-soja-bio-250ml-provida\/#breadcrumb"},"inLanguage":"pt-PT","potentialAction":[{"@type":"ReadAction","target":["https:\/\/biocabaz.pt\/web\/en\/produto\/tamari-molho-de-soja-bio-250ml-provida\/"]}]},{"@type":"ImageObject","inLanguage":"pt-PT","@id":"https:\/\/biocabaz.pt\/web\/en\/produto\/tamari-molho-de-soja-bio-250ml-provida\/#primaryimage","url":"https:\/\/www.biocabaz.pt\/web\/wp-conteudos\/uploads\/2016\/04\/TAMARI-MOLHO-DE-SOJA-BIO-250ML-PR\u00d3VIDA-e1562583693972.jpg","contentUrl":"https:\/\/www.biocabaz.pt\/web\/wp-conteudos\/uploads\/2016\/04\/TAMARI-MOLHO-DE-SOJA-BIO-250ML-PR\u00d3VIDA-e1562583693972.jpg","width":500,"height":1452,"caption":"TAMARI - MOLHO DE SOJA BIO 250ML PROVIDA"},{"@type":"BreadcrumbList","@id":"https:\/\/biocabaz.pt\/web\/en\/produto\/tamari-molho-de-soja-bio-250ml-provida\/#breadcrumb","itemListElement":[{"@type":"ListItem","position":1,"name":"Home","item":"https:\/\/www.biocabaz.pt\/web\/"},{"@type":"ListItem","position":2,"name":"Shop","item":"https:\/\/www.biocabaz.pt\/web\/en\/shop\/"},{"@type":"ListItem","position":3,"name":"PR\u00d3VIDA ORGANIC TAMARI &#8211; SOY SAUCE 250ML"}]},{"@type":"WebSite","@id":"https:\/\/www.biocabaz.pt\/web\/#website","url":"https:\/\/www.biocabaz.pt\/web\/","name":"CABAZES BIOL\u00d3GICOS","description":"One+Number","potentialAction":[{"@type":"SearchAction","target":{"@type":"EntryPoint","urlTemplate":"https:\/\/www.biocabaz.pt\/web\/?s={search_term_string}"},"query-input":{"@type":"PropertyValueSpecification","valueRequired":true,"valueName":"search_term_string"}}],"inLanguage":"pt-PT"}]}},"_links":{"self":[{"href":"https:\/\/biocabaz.pt\/web\/en\/wp-json\/wp\/v2\/product\/25902","targetHints":{"allow":["GET"]}}],"collection":[{"href":"https:\/\/biocabaz.pt\/web\/en\/wp-json\/wp\/v2\/product"}],"about":[{"href":"https:\/\/biocabaz.pt\/web\/en\/wp-json\/wp\/v2\/types\/product"}],"replies":[{"embeddable":true,"href":"https:\/\/biocabaz.pt\/web\/en\/wp-json\/wp\/v2\/comments?post=25902"}],"wp:featuredmedia":[{"embeddable":true,"href":"https:\/\/biocabaz.pt\/web\/en\/wp-json\/wp\/v2\/media\/25897"}],"wp:attachment":[{"href":"https:\/\/biocabaz.pt\/web\/en\/wp-json\/wp\/v2\/media?parent=25902"}],"wp:term":[{"taxonomy":"product_cat","embeddable":true,"href":"https:\/\/biocabaz.pt\/web\/en\/wp-json\/wp\/v2\/product_cat?post=25902"},{"taxonomy":"product_tag","embeddable":true,"href":"https:\/\/biocabaz.pt\/web\/en\/wp-json\/wp\/v2\/product_tag?post=25902"}],"curies":[{"name":"wp","href":"https:\/\/api.w.org\/{rel}","templated":true}]}}