{"id":16895,"date":"2019-04-26T14:54:14","date_gmt":"2019-04-26T14:54:14","guid":{"rendered":"https:\/\/www.biocabaz.pt\/web\/?post_type=product&#038;p=16895"},"modified":"2024-08-02T12:47:43","modified_gmt":"2024-08-02T12:47:43","slug":"sultanas-bio-200g-provida","status":"publish","type":"product","link":"https:\/\/biocabaz.pt\/web\/en\/produto\/sultanas-bio-200g-provida\/","title":{"rendered":"PR\u00d3VIDA ORGANIC RAISINS 200GR"},"content":{"rendered":"<p><strong>Description<\/strong><br \/>Ingredients: Organic raisins. Obtained by natural drying. Rich in fiber, source of phosphorus and potassium. No added dyes or preservatives.<\/p>\n<p><strong>Nutrition Facts<\/strong><br \/><strong>Nutritional Information per 100g\/ml<\/strong>: Energy: 1416kJ \/ 334kcal (17% *); Lipids: 0.4g (0.6% *) &#8211; of which Saturated: <0.4g (2% *); Carbohydrates: 77g (29.6% *) - of which sugars: 73g (81.1% *); Fiber: 6g (24.0% *); Proteins: 2.6g (5.2% *); Salt: 0.07g (1.2% *); Potassium: 800mg (40% **); Phosphorus: 129mg (18% **). * Reference intake for an average adult (8400kJ \/ 2000kcal). ** NRV: Nutrient reference value.<\/p>\n<p><strong>Use Mode<\/strong><br \/>Use as a snack between meals or when making your favorite recipes. Store in a cool, dry place.<\/p>\n","protected":false},"excerpt":{"rendered":"<p><strong>Nutritional Information per 100g\/ml<\/strong>: Energy: 1416kJ \/ 334kcal (17% *); Lipids: 0.4g (0.6% *) &#8211; of which Saturated: <0.4g (2% *); Carbohydrates: 77g (29.6% *) - of which sugars: 73g (81.1% *); Fiber: 6g (24.0% *); Proteins: 2.6g (5.2% *); Salt: 0.07g (1.2% *); Potassium: 800mg (40% **); Phosphorus: 129mg (18% **). * Reference intake for an average adult (8400kJ \/ 2000kcal). ** NRV: Nutrient reference value.\n<\/p>\n","protected":false},"featured_media":16896,"comment_status":"closed","ping_status":"closed","template":"","meta":[],"product_cat":[51],"product_tag":[],"class_list":["post-16895","product","type-product","status-publish","has-post-thumbnail","hentry","product_cat-frutos-secos"],"bundle_layout":"","bundled_by":[],"bundled_items":[],"yoast_head":"<!-- This site is optimized with the Yoast SEO plugin v26.3 - https:\/\/yoast.com\/wordpress\/plugins\/seo\/ -->\n<title>PR\u00d3VIDA ORGANIC RAISINS 200GR<\/title>\n<meta name=\"robots\" content=\"index, follow, max-snippet:-1, max-image-preview:large, max-video-preview:-1\" \/>\n<link rel=\"canonical\" href=\"https:\/\/biocabaz.pt\/web\/en\/produto\/sultanas-bio-200g-provida\/\" \/>\n<meta property=\"og:locale\" content=\"pt_PT\" \/>\n<meta property=\"og:locale:alternate\" content=\"pt_PT\" \/>\n<meta property=\"og:type\" content=\"article\" \/>\n<meta property=\"og:title\" content=\"PR\u00d3VIDA ORGANIC RAISINS 200GR\" \/>\n<meta property=\"og:description\" content=\"Nutritional Information per 100g\/ml: Energy: 1416kJ \/ 334kcal (17% *); Lipids: 0.4g (0.6% *) - of which Saturated:\" \/>\n<meta property=\"og:url\" content=\"https:\/\/biocabaz.pt\/web\/en\/produto\/sultanas-bio-200g-provida\/\" \/>\n<meta property=\"og:site_name\" content=\"CABAZES BIOL\u00d3GICOS\" \/>\n<meta property=\"article:modified_time\" content=\"2024-08-02T12:47:43+00:00\" \/>\n<meta property=\"og:image\" content=\"https:\/\/www.biocabaz.pt\/web\/wp-conteudos\/uploads\/2019\/04\/SULTANAS-BIO-200G-PR\u00d3VIDA.jpg\" \/>\n\t<meta property=\"og:image:width\" content=\"300\" \/>\n\t<meta property=\"og:image:height\" content=\"326\" \/>\n\t<meta property=\"og:image:type\" content=\"image\/jpeg\" \/>\n<meta name=\"twitter:card\" content=\"summary_large_image\" \/>\n<script type=\"application\/ld+json\" class=\"yoast-schema-graph\">{\"@context\":\"https:\/\/schema.org\",\"@graph\":[{\"@type\":\"WebPage\",\"@id\":\"https:\/\/biocabaz.pt\/web\/produto\/sultanas-bio-200g-provida\/\",\"url\":\"https:\/\/biocabaz.pt\/web\/produto\/sultanas-bio-200g-provida\/\",\"name\":\"PR\u00d3VIDA ORGANIC RAISINS 200GR\",\"isPartOf\":{\"@id\":\"https:\/\/biocabaz.pt\/web\/#website\"},\"primaryImageOfPage\":{\"@id\":\"https:\/\/biocabaz.pt\/web\/produto\/sultanas-bio-200g-provida\/#primaryimage\"},\"image\":{\"@id\":\"https:\/\/biocabaz.pt\/web\/produto\/sultanas-bio-200g-provida\/#primaryimage\"},\"thumbnailUrl\":\"https:\/\/www.biocabaz.pt\/web\/wp-conteudos\/uploads\/2019\/04\/SULTANAS-BIO-200G-PR\u00d3VIDA.jpg\",\"datePublished\":\"2019-04-26T14:54:14+00:00\",\"dateModified\":\"2024-08-02T12:47:43+00:00\",\"breadcrumb\":{\"@id\":\"https:\/\/biocabaz.pt\/web\/produto\/sultanas-bio-200g-provida\/#breadcrumb\"},\"inLanguage\":\"pt-PT\",\"potentialAction\":[{\"@type\":\"ReadAction\",\"target\":[\"https:\/\/biocabaz.pt\/web\/produto\/sultanas-bio-200g-provida\/\"]}]},{\"@type\":\"ImageObject\",\"inLanguage\":\"pt-PT\",\"@id\":\"https:\/\/biocabaz.pt\/web\/produto\/sultanas-bio-200g-provida\/#primaryimage\",\"url\":\"https:\/\/www.biocabaz.pt\/web\/wp-conteudos\/uploads\/2019\/04\/SULTANAS-BIO-200G-PR\u00d3VIDA.jpg\",\"contentUrl\":\"https:\/\/www.biocabaz.pt\/web\/wp-conteudos\/uploads\/2019\/04\/SULTANAS-BIO-200G-PR\u00d3VIDA.jpg\",\"width\":300,\"height\":326,\"caption\":\"SULTANAS BIO 200G PR\u00d3VIDA\"},{\"@type\":\"BreadcrumbList\",\"@id\":\"https:\/\/biocabaz.pt\/web\/produto\/sultanas-bio-200g-provida\/#breadcrumb\",\"itemListElement\":[{\"@type\":\"ListItem\",\"position\":1,\"name\":\"Home\",\"item\":\"https:\/\/biocabaz.pt\/web\/\"},{\"@type\":\"ListItem\",\"position\":2,\"name\":\"Loja\",\"item\":\"https:\/\/biocabaz.pt\/web\/shop\/\"},{\"@type\":\"ListItem\",\"position\":3,\"name\":\"SULTANAS BIO 200G PR\u00d3VIDA\"}]},{\"@type\":\"WebSite\",\"@id\":\"https:\/\/biocabaz.pt\/web\/#website\",\"url\":\"https:\/\/biocabaz.pt\/web\/\",\"name\":\"CABAZES BIOL\u00d3GICOS\",\"description\":\"One+Number\",\"potentialAction\":[{\"@type\":\"SearchAction\",\"target\":{\"@type\":\"EntryPoint\",\"urlTemplate\":\"https:\/\/biocabaz.pt\/web\/?s={search_term_string}\"},\"query-input\":{\"@type\":\"PropertyValueSpecification\",\"valueRequired\":true,\"valueName\":\"search_term_string\"}}],\"inLanguage\":\"pt-PT\"}]}<\/script>\n<!-- \/ Yoast SEO plugin. -->","yoast_head_json":{"title":"PR\u00d3VIDA ORGANIC RAISINS 200GR","robots":{"index":"index","follow":"follow","max-snippet":"max-snippet:-1","max-image-preview":"max-image-preview:large","max-video-preview":"max-video-preview:-1"},"canonical":"https:\/\/biocabaz.pt\/web\/en\/produto\/sultanas-bio-200g-provida\/","og_locale":"pt_PT","og_type":"article","og_title":"[:en]PR\u00d3VIDA ORGANIC RAISINS 200GR[:pt]SULTANAS BIO 200G PR\u00d3VIDA[:] - CABAZES BIOL\u00d3GICOS","og_description":"Nutritional Information per 100g\/ml: Energy: 1416kJ \/ 334kcal (17% *); Lipids: 0.4g (0.6% *) - of which Saturated:","og_url":"https:\/\/biocabaz.pt\/web\/en\/produto\/sultanas-bio-200g-provida\/","og_site_name":"CABAZES BIOL\u00d3GICOS","article_modified_time":"2024-08-02T12:47:43+00:00","og_image":[{"width":300,"height":326,"url":"https:\/\/www.biocabaz.pt\/web\/wp-conteudos\/uploads\/2019\/04\/SULTANAS-BIO-200G-PR\u00d3VIDA.jpg","type":"image\/jpeg"}],"twitter_card":"summary_large_image","schema":{"@context":"https:\/\/schema.org","@graph":[{"@type":"WebPage","@id":"https:\/\/biocabaz.pt\/web\/produto\/sultanas-bio-200g-provida\/","url":"https:\/\/biocabaz.pt\/web\/produto\/sultanas-bio-200g-provida\/","name":"PR\u00d3VIDA ORGANIC RAISINS 200GR","isPartOf":{"@id":"https:\/\/biocabaz.pt\/web\/#website"},"primaryImageOfPage":{"@id":"https:\/\/biocabaz.pt\/web\/produto\/sultanas-bio-200g-provida\/#primaryimage"},"image":{"@id":"https:\/\/biocabaz.pt\/web\/produto\/sultanas-bio-200g-provida\/#primaryimage"},"thumbnailUrl":"https:\/\/www.biocabaz.pt\/web\/wp-conteudos\/uploads\/2019\/04\/SULTANAS-BIO-200G-PR\u00d3VIDA.jpg","datePublished":"2019-04-26T14:54:14+00:00","dateModified":"2024-08-02T12:47:43+00:00","breadcrumb":{"@id":"https:\/\/biocabaz.pt\/web\/produto\/sultanas-bio-200g-provida\/#breadcrumb"},"inLanguage":"pt-PT","potentialAction":[{"@type":"ReadAction","target":["https:\/\/biocabaz.pt\/web\/produto\/sultanas-bio-200g-provida\/"]}]},{"@type":"ImageObject","inLanguage":"pt-PT","@id":"https:\/\/biocabaz.pt\/web\/produto\/sultanas-bio-200g-provida\/#primaryimage","url":"https:\/\/www.biocabaz.pt\/web\/wp-conteudos\/uploads\/2019\/04\/SULTANAS-BIO-200G-PR\u00d3VIDA.jpg","contentUrl":"https:\/\/www.biocabaz.pt\/web\/wp-conteudos\/uploads\/2019\/04\/SULTANAS-BIO-200G-PR\u00d3VIDA.jpg","width":300,"height":326,"caption":"SULTANAS BIO 200G PR\u00d3VIDA"},{"@type":"BreadcrumbList","@id":"https:\/\/biocabaz.pt\/web\/produto\/sultanas-bio-200g-provida\/#breadcrumb","itemListElement":[{"@type":"ListItem","position":1,"name":"Home","item":"https:\/\/biocabaz.pt\/web\/"},{"@type":"ListItem","position":2,"name":"Loja","item":"https:\/\/biocabaz.pt\/web\/shop\/"},{"@type":"ListItem","position":3,"name":"SULTANAS BIO 200G PR\u00d3VIDA"}]},{"@type":"WebSite","@id":"https:\/\/biocabaz.pt\/web\/#website","url":"https:\/\/biocabaz.pt\/web\/","name":"CABAZES BIOL\u00d3GICOS","description":"One+Number","potentialAction":[{"@type":"SearchAction","target":{"@type":"EntryPoint","urlTemplate":"https:\/\/biocabaz.pt\/web\/?s={search_term_string}"},"query-input":{"@type":"PropertyValueSpecification","valueRequired":true,"valueName":"search_term_string"}}],"inLanguage":"pt-PT"}]}},"_links":{"self":[{"href":"https:\/\/biocabaz.pt\/web\/en\/wp-json\/wp\/v2\/product\/16895","targetHints":{"allow":["GET"]}}],"collection":[{"href":"https:\/\/biocabaz.pt\/web\/en\/wp-json\/wp\/v2\/product"}],"about":[{"href":"https:\/\/biocabaz.pt\/web\/en\/wp-json\/wp\/v2\/types\/product"}],"replies":[{"embeddable":true,"href":"https:\/\/biocabaz.pt\/web\/en\/wp-json\/wp\/v2\/comments?post=16895"}],"wp:featuredmedia":[{"embeddable":true,"href":"https:\/\/biocabaz.pt\/web\/en\/wp-json\/wp\/v2\/media\/16896"}],"wp:attachment":[{"href":"https:\/\/biocabaz.pt\/web\/en\/wp-json\/wp\/v2\/media?parent=16895"}],"wp:term":[{"taxonomy":"product_cat","embeddable":true,"href":"https:\/\/biocabaz.pt\/web\/en\/wp-json\/wp\/v2\/product_cat?post=16895"},{"taxonomy":"product_tag","embeddable":true,"href":"https:\/\/biocabaz.pt\/web\/en\/wp-json\/wp\/v2\/product_tag?post=16895"}],"curies":[{"name":"wp","href":"https:\/\/api.w.org\/{rel}","templated":true}]}}