{"id":16890,"date":"2019-04-26T14:47:23","date_gmt":"2019-04-26T14:47:23","guid":{"rendered":"https:\/\/www.biocabaz.pt\/web\/?post_type=product&#038;p=16890"},"modified":"2022-01-06T15:58:05","modified_gmt":"2022-01-06T15:58:05","slug":"pistachio-bio-150g-provida","status":"publish","type":"product","link":"https:\/\/biocabaz.pt\/web\/en\/produto\/pistachio-bio-150g-provida\/","title":{"rendered":"PROVIDA PISTACHIO"},"content":{"rendered":"<p><strong>Description<\/strong><br \/>Ingredients: Pistachio * with shell and salt. * organic production. Obtained by natural drying. High content of unsaturated fats, rich in Vitamin B1 (Thiamine) and Vitamin B6. Contains Vitamin B2 (Riboflavin). It may contain traces of other nuts, soy and milk protein.<\/p>\n<p><strong>Nutrition Facts<\/strong><br \/><strong>Nutritional Information per 100g\/ml<\/strong>: Energy: 2492kJ \/ 603kcal (30% *); Lipids: 51.6g (73.7% *) &#8211; of which saturated: 6.1g (30.5% *) &#8211; of which monounsaturated: 34.5g &#8211; of which polyunsaturated (g): 7.6g; Carbohydrates: 11.6g (4.5% *) &#8211; of which sugars: 8.1g (9.0% *); Fiber: 10.6g (42.4% *); Proteins: 17.7g (35.4% *); Salt: 0.7g (11.7% *); Vitamin B1 (Thiamine): 0.69mg (63.2% **); Vitamin B2 (Riboflavin): 0.23 mg (16.7% **); Vitamin B6: 1.1mg (78.6% **); Folic Acid: 51ug (25.5% **); Iron: 4mg (28.8% **); Zinc: 2.3mg (23.4% **). * Reference intake for an average adult (8400kJ \/ 2000kcal). ** Nutrient reference value.<\/p>\n<p><strong>Use Mode<\/strong><br \/>Use as a snack between meals or when making your favorite recipes. Store in a cool, dry place.<\/p>\n","protected":false},"excerpt":{"rendered":"<p>Ingredients: Pistachio* with peel and salt. *from organic production, Certiplanet PT-BIO-04 EU Agriculture. Obtained by natural drying. High in unsaturated fats, rich in Vitamin B1 (Thiamin) and Vitamin B6. Contains Vitamin B2 (Riboflavin). May contain traces of other nuts, soy and milk protein.<br \/><b>Use Mode:<\/b> Store in a cool, dry place away from sunlight. <br \/><b>Nutritional Information:<\/b> Nutritional Information per 100g\/ml: Energy &#8211; 2492kJ\/603kcal (30%*); Lipids: 51.6g (73.7%*), of which saturated: 6.1g (30.5%*); of which monounsaturated: 34.5g; of which polyunsaturated (g): 7.6g; Carbohydrates: 11.6g (4.5%*); of which sugars: 8.1g (9.0%*); Fiber: 10.6g (42.4%*); Proteins: 17.7g (35.4%*); Salt: 0.7g (11.7%*); Vitamin B1 (Thiamin): 0.69mg (63.2%**); Vitamin B2 (Riboflavin); 0.23 mg (16.7%**); Vitamin B6: 1.1mg (78.6%**); Folic Acid: 51ug (25.5%**); Iron: 4mg (28.8%**); Zinc: 2.3mg (23.4%**).<\/p>\n","protected":false},"featured_media":16891,"comment_status":"closed","ping_status":"closed","template":"","meta":[],"product_cat":[51],"product_tag":[],"class_list":["post-16890","product","type-product","status-publish","has-post-thumbnail","hentry","product_cat-frutos-secos"],"bundle_layout":"","bundled_by":[],"bundled_items":[],"yoast_head":"<!-- This site is optimized with the Yoast SEO plugin v26.3 - https:\/\/yoast.com\/wordpress\/plugins\/seo\/ -->\n<title>PROVIDA PISTACHIO<\/title>\n<meta name=\"robots\" content=\"index, follow, max-snippet:-1, max-image-preview:large, max-video-preview:-1\" \/>\n<link rel=\"canonical\" href=\"https:\/\/biocabaz.pt\/web\/en\/produto\/pistachio-bio-150g-provida\/\" \/>\n<meta property=\"og:locale\" content=\"pt_PT\" \/>\n<meta property=\"og:locale:alternate\" content=\"pt_PT\" \/>\n<meta property=\"og:type\" content=\"article\" \/>\n<meta property=\"og:title\" content=\"PROVIDA PISTACHIO\" \/>\n<meta property=\"og:description\" content=\"Ingredients: Pistachio* with peel and salt. *from organic production, Certiplanet PT-BIO-04 EU Agriculture. Obtained by natural drying. High in unsaturated fats, rich in Vitamin B1 (Thiamin) and Vitamin B6. Contains Vitamin B2 (Riboflavin). May contain traces of other nuts, soy and milk protein.Use Mode: Store in a cool, dry place away from sunlight. Nutritional Information: Nutritional Information per 100g\/ml: Energy - 2492kJ\/603kcal (30%*); Lipids: 51.6g (73.7%*), of which saturated: 6.1g (30.5%*); of which monounsaturated: 34.5g; of which polyunsaturated (g): 7.6g; Carbohydrates: 11.6g (4.5%*); of which sugars: 8.1g (9.0%*); Fiber: 10.6g (42.4%*); Proteins: 17.7g (35.4%*); Salt: 0.7g (11.7%*); Vitamin B1 (Thiamin): 0.69mg (63.2%**); Vitamin B2 (Riboflavin); 0.23 mg (16.7%**); Vitamin B6: 1.1mg (78.6%**); Folic Acid: 51ug (25.5%**); Iron: 4mg (28.8%**); Zinc: 2.3mg (23.4%**).\" \/>\n<meta property=\"og:url\" content=\"https:\/\/biocabaz.pt\/web\/en\/produto\/pistachio-bio-150g-provida\/\" \/>\n<meta property=\"og:site_name\" content=\"CABAZES BIOL\u00d3GICOS\" \/>\n<meta property=\"article:modified_time\" content=\"2022-01-06T15:58:05+00:00\" \/>\n<meta property=\"og:image\" content=\"https:\/\/www.biocabaz.pt\/web\/wp-conteudos\/uploads\/2019\/04\/PIST\u00c1CHIO-BIO-150G-PR\u00d3VIDA.jpg\" \/>\n\t<meta property=\"og:image:width\" content=\"300\" \/>\n\t<meta property=\"og:image:height\" content=\"326\" \/>\n\t<meta property=\"og:image:type\" content=\"image\/jpeg\" \/>\n<meta name=\"twitter:card\" content=\"summary_large_image\" \/>\n<meta name=\"twitter:label1\" content=\"Est. reading time\" \/>\n\t<meta name=\"twitter:data1\" content=\"1 minute\" \/>\n<script type=\"application\/ld+json\" class=\"yoast-schema-graph\">{\"@context\":\"https:\/\/schema.org\",\"@graph\":[{\"@type\":\"WebPage\",\"@id\":\"https:\/\/biocabaz.pt\/web\/en\/produto\/pistachio-bio-150g-provida\/\",\"url\":\"https:\/\/biocabaz.pt\/web\/en\/produto\/pistachio-bio-150g-provida\/\",\"name\":\"PROVIDA PISTACHIO\",\"isPartOf\":{\"@id\":\"https:\/\/biocabaz.pt\/web\/#website\"},\"primaryImageOfPage\":{\"@id\":\"https:\/\/biocabaz.pt\/web\/en\/produto\/pistachio-bio-150g-provida\/#primaryimage\"},\"image\":{\"@id\":\"https:\/\/biocabaz.pt\/web\/en\/produto\/pistachio-bio-150g-provida\/#primaryimage\"},\"thumbnailUrl\":\"https:\/\/www.biocabaz.pt\/web\/wp-conteudos\/uploads\/2019\/04\/PIST\u00c1CHIO-BIO-150G-PR\u00d3VIDA.jpg\",\"datePublished\":\"2019-04-26T14:47:23+00:00\",\"dateModified\":\"2022-01-06T15:58:05+00:00\",\"breadcrumb\":{\"@id\":\"https:\/\/biocabaz.pt\/web\/en\/produto\/pistachio-bio-150g-provida\/#breadcrumb\"},\"inLanguage\":\"pt-PT\",\"potentialAction\":[{\"@type\":\"ReadAction\",\"target\":[\"https:\/\/biocabaz.pt\/web\/en\/produto\/pistachio-bio-150g-provida\/\"]}]},{\"@type\":\"ImageObject\",\"inLanguage\":\"pt-PT\",\"@id\":\"https:\/\/biocabaz.pt\/web\/en\/produto\/pistachio-bio-150g-provida\/#primaryimage\",\"url\":\"https:\/\/www.biocabaz.pt\/web\/wp-conteudos\/uploads\/2019\/04\/PIST\u00c1CHIO-BIO-150G-PR\u00d3VIDA.jpg\",\"contentUrl\":\"https:\/\/www.biocabaz.pt\/web\/wp-conteudos\/uploads\/2019\/04\/PIST\u00c1CHIO-BIO-150G-PR\u00d3VIDA.jpg\",\"width\":300,\"height\":326,\"caption\":\"PIST\u00c1CHIO BIO 150G PR\u00d3VIDA\"},{\"@type\":\"BreadcrumbList\",\"@id\":\"https:\/\/biocabaz.pt\/web\/en\/produto\/pistachio-bio-150g-provida\/#breadcrumb\",\"itemListElement\":[{\"@type\":\"ListItem\",\"position\":1,\"name\":\"Home\",\"item\":\"https:\/\/biocabaz.pt\/web\/\"},{\"@type\":\"ListItem\",\"position\":2,\"name\":\"Loja\",\"item\":\"https:\/\/biocabaz.pt\/web\/shop\/\"},{\"@type\":\"ListItem\",\"position\":3,\"name\":\"PROVIDA PISTACHIO\"}]},{\"@type\":\"WebSite\",\"@id\":\"https:\/\/biocabaz.pt\/web\/#website\",\"url\":\"https:\/\/biocabaz.pt\/web\/\",\"name\":\"CABAZES BIOL\u00d3GICOS\",\"description\":\"One+Number\",\"potentialAction\":[{\"@type\":\"SearchAction\",\"target\":{\"@type\":\"EntryPoint\",\"urlTemplate\":\"https:\/\/biocabaz.pt\/web\/?s={search_term_string}\"},\"query-input\":{\"@type\":\"PropertyValueSpecification\",\"valueRequired\":true,\"valueName\":\"search_term_string\"}}],\"inLanguage\":\"pt-PT\"}]}<\/script>\n<!-- \/ Yoast SEO plugin. -->","yoast_head_json":{"title":"PROVIDA PISTACHIO","robots":{"index":"index","follow":"follow","max-snippet":"max-snippet:-1","max-image-preview":"max-image-preview:large","max-video-preview":"max-video-preview:-1"},"canonical":"https:\/\/biocabaz.pt\/web\/en\/produto\/pistachio-bio-150g-provida\/","og_locale":"pt_PT","og_type":"article","og_title":"[:pt]PISTACHIO BIO 150G PROVIDA[:en]PROVIDA PISTACHIO[:] - CABAZES BIOL\u00d3GICOS","og_description":"Ingredients: Pistachio* with peel and salt. *from organic production, Certiplanet PT-BIO-04 EU Agriculture. Obtained by natural drying. High in unsaturated fats, rich in Vitamin B1 (Thiamin) and Vitamin B6. Contains Vitamin B2 (Riboflavin). May contain traces of other nuts, soy and milk protein.Use Mode: Store in a cool, dry place away from sunlight. Nutritional Information: Nutritional Information per 100g\/ml: Energy - 2492kJ\/603kcal (30%*); Lipids: 51.6g (73.7%*), of which saturated: 6.1g (30.5%*); of which monounsaturated: 34.5g; of which polyunsaturated (g): 7.6g; Carbohydrates: 11.6g (4.5%*); of which sugars: 8.1g (9.0%*); Fiber: 10.6g (42.4%*); Proteins: 17.7g (35.4%*); Salt: 0.7g (11.7%*); Vitamin B1 (Thiamin): 0.69mg (63.2%**); Vitamin B2 (Riboflavin); 0.23 mg (16.7%**); Vitamin B6: 1.1mg (78.6%**); Folic Acid: 51ug (25.5%**); Iron: 4mg (28.8%**); Zinc: 2.3mg (23.4%**).","og_url":"https:\/\/biocabaz.pt\/web\/en\/produto\/pistachio-bio-150g-provida\/","og_site_name":"CABAZES BIOL\u00d3GICOS","article_modified_time":"2022-01-06T15:58:05+00:00","og_image":[{"width":300,"height":326,"url":"https:\/\/www.biocabaz.pt\/web\/wp-conteudos\/uploads\/2019\/04\/PIST\u00c1CHIO-BIO-150G-PR\u00d3VIDA.jpg","type":"image\/jpeg"}],"twitter_card":"summary_large_image","twitter_misc":{"Est. reading time":"1 minute"},"schema":{"@context":"https:\/\/schema.org","@graph":[{"@type":"WebPage","@id":"https:\/\/biocabaz.pt\/web\/en\/produto\/pistachio-bio-150g-provida\/","url":"https:\/\/biocabaz.pt\/web\/en\/produto\/pistachio-bio-150g-provida\/","name":"PROVIDA PISTACHIO","isPartOf":{"@id":"https:\/\/biocabaz.pt\/web\/#website"},"primaryImageOfPage":{"@id":"https:\/\/biocabaz.pt\/web\/en\/produto\/pistachio-bio-150g-provida\/#primaryimage"},"image":{"@id":"https:\/\/biocabaz.pt\/web\/en\/produto\/pistachio-bio-150g-provida\/#primaryimage"},"thumbnailUrl":"https:\/\/www.biocabaz.pt\/web\/wp-conteudos\/uploads\/2019\/04\/PIST\u00c1CHIO-BIO-150G-PR\u00d3VIDA.jpg","datePublished":"2019-04-26T14:47:23+00:00","dateModified":"2022-01-06T15:58:05+00:00","breadcrumb":{"@id":"https:\/\/biocabaz.pt\/web\/en\/produto\/pistachio-bio-150g-provida\/#breadcrumb"},"inLanguage":"pt-PT","potentialAction":[{"@type":"ReadAction","target":["https:\/\/biocabaz.pt\/web\/en\/produto\/pistachio-bio-150g-provida\/"]}]},{"@type":"ImageObject","inLanguage":"pt-PT","@id":"https:\/\/biocabaz.pt\/web\/en\/produto\/pistachio-bio-150g-provida\/#primaryimage","url":"https:\/\/www.biocabaz.pt\/web\/wp-conteudos\/uploads\/2019\/04\/PIST\u00c1CHIO-BIO-150G-PR\u00d3VIDA.jpg","contentUrl":"https:\/\/www.biocabaz.pt\/web\/wp-conteudos\/uploads\/2019\/04\/PIST\u00c1CHIO-BIO-150G-PR\u00d3VIDA.jpg","width":300,"height":326,"caption":"PIST\u00c1CHIO BIO 150G PR\u00d3VIDA"},{"@type":"BreadcrumbList","@id":"https:\/\/biocabaz.pt\/web\/en\/produto\/pistachio-bio-150g-provida\/#breadcrumb","itemListElement":[{"@type":"ListItem","position":1,"name":"Home","item":"https:\/\/biocabaz.pt\/web\/"},{"@type":"ListItem","position":2,"name":"Loja","item":"https:\/\/biocabaz.pt\/web\/shop\/"},{"@type":"ListItem","position":3,"name":"PROVIDA PISTACHIO"}]},{"@type":"WebSite","@id":"https:\/\/biocabaz.pt\/web\/#website","url":"https:\/\/biocabaz.pt\/web\/","name":"CABAZES BIOL\u00d3GICOS","description":"One+Number","potentialAction":[{"@type":"SearchAction","target":{"@type":"EntryPoint","urlTemplate":"https:\/\/biocabaz.pt\/web\/?s={search_term_string}"},"query-input":{"@type":"PropertyValueSpecification","valueRequired":true,"valueName":"search_term_string"}}],"inLanguage":"pt-PT"}]}},"_links":{"self":[{"href":"https:\/\/biocabaz.pt\/web\/en\/wp-json\/wp\/v2\/product\/16890","targetHints":{"allow":["GET"]}}],"collection":[{"href":"https:\/\/biocabaz.pt\/web\/en\/wp-json\/wp\/v2\/product"}],"about":[{"href":"https:\/\/biocabaz.pt\/web\/en\/wp-json\/wp\/v2\/types\/product"}],"replies":[{"embeddable":true,"href":"https:\/\/biocabaz.pt\/web\/en\/wp-json\/wp\/v2\/comments?post=16890"}],"wp:featuredmedia":[{"embeddable":true,"href":"https:\/\/biocabaz.pt\/web\/en\/wp-json\/wp\/v2\/media\/16891"}],"wp:attachment":[{"href":"https:\/\/biocabaz.pt\/web\/en\/wp-json\/wp\/v2\/media?parent=16890"}],"wp:term":[{"taxonomy":"product_cat","embeddable":true,"href":"https:\/\/biocabaz.pt\/web\/en\/wp-json\/wp\/v2\/product_cat?post=16890"},{"taxonomy":"product_tag","embeddable":true,"href":"https:\/\/biocabaz.pt\/web\/en\/wp-json\/wp\/v2\/product_tag?post=16890"}],"curies":[{"name":"wp","href":"https:\/\/api.w.org\/{rel}","templated":true}]}}