{"id":16878,"date":"2019-04-26T13:04:18","date_gmt":"2019-04-26T13:04:18","guid":{"rendered":"https:\/\/www.biocabaz.pt\/web\/?post_type=product&#038;p=16878"},"modified":"2026-03-28T09:15:07","modified_gmt":"2026-03-28T09:15:07","slug":"bulgur-bio-500g-provida","status":"publish","type":"product","link":"https:\/\/biocabaz.pt\/web\/en\/produto\/bulgur-bio-500g-provida\/","title":{"rendered":"PR\u00d3VIDA ORGANIC BULGUR 500GR"},"content":{"rendered":"<p><strong>Description<\/strong><br \/>Ingredients: Wheat. Bulgur is a derivative of wheat that has existed for thousands of years in the Middle East, where it originates from. It is obtained from wheat grains from organic farming which, when they start to germinate, are pre-cooked, dried and broken.<\/p>\n<p><strong>Nutrition Facts<\/strong><br \/><strong>Nutritional Information per 100g\/ml<\/strong>: Energy: 370 Kcal \/ 1570 Kj; Proteins: 12.5g; Lipids: 2.5g; Carbohydrates: 74g; Dietary fibers: 9g.<\/p>\n<p><strong>Use Mode<\/strong><br \/>1 cup of bulgur, 2 cups of water and salt. Bring the salted water to a boil. Add the bulgur and cook for 10 to 15 minutes, well covered. Allow to stand for 10 minutes. It can be served with different vegetables. Store in a cool, dry place.<\/p>\n","protected":false},"excerpt":{"rendered":"<p><strong>Nutritional Information per 100g\/ml<\/strong>: Energy: 370 Kcal \/ 1570 Kj; Proteins: 12.5g; Lipids: 2.5g; Carbohydrates: 74g; Dietary fibers: 9g.<\/p>\n","protected":false},"featured_media":16879,"comment_status":"closed","ping_status":"closed","template":"","meta":[],"product_cat":[25],"product_tag":[],"class_list":["post-16878","product","type-product","status-publish","has-post-thumbnail","hentry","product_cat-leguminosas"],"bundle_layout":"","bundled_by":[],"bundled_items":[],"yoast_head":"<!-- This site is optimized with the Yoast SEO plugin v26.3 - https:\/\/yoast.com\/wordpress\/plugins\/seo\/ -->\n<title>PR\u00d3VIDA ORGANIC BULGUR 500GR<\/title>\n<meta name=\"robots\" content=\"index, follow, max-snippet:-1, max-image-preview:large, max-video-preview:-1\" \/>\n<link rel=\"canonical\" href=\"https:\/\/www.biocabaz.pt\/web\/produto\/bulgur-bio-500g-provida\/\" \/>\n<meta property=\"og:locale\" content=\"pt_PT\" \/>\n<meta property=\"og:locale:alternate\" content=\"pt_PT\" \/>\n<meta property=\"og:type\" content=\"article\" \/>\n<meta property=\"og:title\" content=\"PR\u00d3VIDA ORGANIC BULGUR 500GR\" \/>\n<meta property=\"og:description\" content=\"Nutritional Information per 100g\/ml: Energy: 370 Kcal \/ 1570 Kj; Proteins: 12.5g; Lipids: 2.5g; Carbohydrates: 74g; Dietary fibers: 9g.\" \/>\n<meta property=\"og:url\" content=\"https:\/\/biocabaz.pt\/web\/en\/produto\/bulgur-bio-500g-provida\/\" \/>\n<meta property=\"og:site_name\" content=\"CABAZES BIOL\u00d3GICOS\" \/>\n<meta property=\"article:modified_time\" content=\"2026-03-28T09:15:07+00:00\" \/>\n<meta property=\"og:image\" content=\"https:\/\/www.biocabaz.pt\/web\/wp-conteudos\/uploads\/2019\/04\/BULGUR-BIO-500G-PR\u00d3VIDA.jpg\" \/>\n\t<meta property=\"og:image:width\" content=\"300\" \/>\n\t<meta property=\"og:image:height\" content=\"585\" \/>\n\t<meta property=\"og:image:type\" content=\"image\/jpeg\" \/>\n<meta name=\"twitter:card\" content=\"summary_large_image\" \/>\n<meta name=\"twitter:label1\" content=\"Est. reading time\" \/>\n\t<meta name=\"twitter:data1\" content=\"1 minute\" \/>\n<script type=\"application\/ld+json\" class=\"yoast-schema-graph\">{\"@context\":\"https:\/\/schema.org\",\"@graph\":[{\"@type\":\"WebPage\",\"@id\":\"https:\/\/www.biocabaz.pt\/web\/produto\/bulgur-bio-500g-provida\/\",\"url\":\"https:\/\/www.biocabaz.pt\/web\/produto\/bulgur-bio-500g-provida\/\",\"name\":\"PR\u00d3VIDA ORGANIC BULGUR 500GR\",\"isPartOf\":{\"@id\":\"https:\/\/www.biocabaz.pt\/web\/#website\"},\"primaryImageOfPage\":{\"@id\":\"https:\/\/www.biocabaz.pt\/web\/produto\/bulgur-bio-500g-provida\/#primaryimage\"},\"image\":{\"@id\":\"https:\/\/www.biocabaz.pt\/web\/produto\/bulgur-bio-500g-provida\/#primaryimage\"},\"thumbnailUrl\":\"https:\/\/www.biocabaz.pt\/web\/wp-conteudos\/uploads\/2019\/04\/BULGUR-BIO-500G-PR\u00d3VIDA.jpg\",\"datePublished\":\"2019-04-26T13:04:18+00:00\",\"dateModified\":\"2026-03-28T09:15:07+00:00\",\"breadcrumb\":{\"@id\":\"https:\/\/www.biocabaz.pt\/web\/produto\/bulgur-bio-500g-provida\/#breadcrumb\"},\"inLanguage\":\"pt-PT\",\"potentialAction\":[{\"@type\":\"ReadAction\",\"target\":[\"https:\/\/www.biocabaz.pt\/web\/produto\/bulgur-bio-500g-provida\/\"]}]},{\"@type\":\"ImageObject\",\"inLanguage\":\"pt-PT\",\"@id\":\"https:\/\/www.biocabaz.pt\/web\/produto\/bulgur-bio-500g-provida\/#primaryimage\",\"url\":\"https:\/\/www.biocabaz.pt\/web\/wp-conteudos\/uploads\/2019\/04\/BULGUR-BIO-500G-PR\u00d3VIDA.jpg\",\"contentUrl\":\"https:\/\/www.biocabaz.pt\/web\/wp-conteudos\/uploads\/2019\/04\/BULGUR-BIO-500G-PR\u00d3VIDA.jpg\",\"width\":300,\"height\":585,\"caption\":\"BULGUR BIO 500G PR\u00d3VIDA\"},{\"@type\":\"BreadcrumbList\",\"@id\":\"https:\/\/www.biocabaz.pt\/web\/produto\/bulgur-bio-500g-provida\/#breadcrumb\",\"itemListElement\":[{\"@type\":\"ListItem\",\"position\":1,\"name\":\"Home\",\"item\":\"https:\/\/www.biocabaz.pt\/web\/\"},{\"@type\":\"ListItem\",\"position\":2,\"name\":\"Loja\",\"item\":\"https:\/\/www.biocabaz.pt\/web\/shop\/\"},{\"@type\":\"ListItem\",\"position\":3,\"name\":\"BULGUR BIO 500G PR\u00d3VIDA\"}]},{\"@type\":\"WebSite\",\"@id\":\"https:\/\/www.biocabaz.pt\/web\/#website\",\"url\":\"https:\/\/www.biocabaz.pt\/web\/\",\"name\":\"CABAZES BIOL\u00d3GICOS\",\"description\":\"One+Number\",\"potentialAction\":[{\"@type\":\"SearchAction\",\"target\":{\"@type\":\"EntryPoint\",\"urlTemplate\":\"https:\/\/www.biocabaz.pt\/web\/?s={search_term_string}\"},\"query-input\":{\"@type\":\"PropertyValueSpecification\",\"valueRequired\":true,\"valueName\":\"search_term_string\"}}],\"inLanguage\":\"pt-PT\"}]}<\/script>\n<!-- \/ Yoast SEO plugin. -->","yoast_head_json":{"title":"PR\u00d3VIDA ORGANIC BULGUR 500GR","robots":{"index":"index","follow":"follow","max-snippet":"max-snippet:-1","max-image-preview":"max-image-preview:large","max-video-preview":"max-video-preview:-1"},"canonical":"https:\/\/www.biocabaz.pt\/web\/produto\/bulgur-bio-500g-provida\/","og_locale":"pt_PT","og_type":"article","og_title":"[:en]PR\u00d3VIDA ORGANIC BULGUR 500GR[:pt]BULGUR BIO 500G PR\u00d3VIDA[:] - CABAZES BIOL\u00d3GICOS","og_description":"Nutritional Information per 100g\/ml: Energy: 370 Kcal \/ 1570 Kj; Proteins: 12.5g; Lipids: 2.5g; Carbohydrates: 74g; Dietary fibers: 9g.","og_url":"https:\/\/biocabaz.pt\/web\/en\/produto\/bulgur-bio-500g-provida\/","og_site_name":"CABAZES BIOL\u00d3GICOS","article_modified_time":"2026-03-28T09:15:07+00:00","og_image":[{"width":300,"height":585,"url":"https:\/\/www.biocabaz.pt\/web\/wp-conteudos\/uploads\/2019\/04\/BULGUR-BIO-500G-PR\u00d3VIDA.jpg","type":"image\/jpeg"}],"twitter_card":"summary_large_image","twitter_misc":{"Est. reading time":"1 minute"},"schema":{"@context":"https:\/\/schema.org","@graph":[{"@type":"WebPage","@id":"https:\/\/www.biocabaz.pt\/web\/produto\/bulgur-bio-500g-provida\/","url":"https:\/\/www.biocabaz.pt\/web\/produto\/bulgur-bio-500g-provida\/","name":"PR\u00d3VIDA ORGANIC BULGUR 500GR","isPartOf":{"@id":"https:\/\/www.biocabaz.pt\/web\/#website"},"primaryImageOfPage":{"@id":"https:\/\/www.biocabaz.pt\/web\/produto\/bulgur-bio-500g-provida\/#primaryimage"},"image":{"@id":"https:\/\/www.biocabaz.pt\/web\/produto\/bulgur-bio-500g-provida\/#primaryimage"},"thumbnailUrl":"https:\/\/www.biocabaz.pt\/web\/wp-conteudos\/uploads\/2019\/04\/BULGUR-BIO-500G-PR\u00d3VIDA.jpg","datePublished":"2019-04-26T13:04:18+00:00","dateModified":"2026-03-28T09:15:07+00:00","breadcrumb":{"@id":"https:\/\/www.biocabaz.pt\/web\/produto\/bulgur-bio-500g-provida\/#breadcrumb"},"inLanguage":"pt-PT","potentialAction":[{"@type":"ReadAction","target":["https:\/\/www.biocabaz.pt\/web\/produto\/bulgur-bio-500g-provida\/"]}]},{"@type":"ImageObject","inLanguage":"pt-PT","@id":"https:\/\/www.biocabaz.pt\/web\/produto\/bulgur-bio-500g-provida\/#primaryimage","url":"https:\/\/www.biocabaz.pt\/web\/wp-conteudos\/uploads\/2019\/04\/BULGUR-BIO-500G-PR\u00d3VIDA.jpg","contentUrl":"https:\/\/www.biocabaz.pt\/web\/wp-conteudos\/uploads\/2019\/04\/BULGUR-BIO-500G-PR\u00d3VIDA.jpg","width":300,"height":585,"caption":"BULGUR BIO 500G PR\u00d3VIDA"},{"@type":"BreadcrumbList","@id":"https:\/\/www.biocabaz.pt\/web\/produto\/bulgur-bio-500g-provida\/#breadcrumb","itemListElement":[{"@type":"ListItem","position":1,"name":"Home","item":"https:\/\/www.biocabaz.pt\/web\/"},{"@type":"ListItem","position":2,"name":"Loja","item":"https:\/\/www.biocabaz.pt\/web\/shop\/"},{"@type":"ListItem","position":3,"name":"BULGUR BIO 500G PR\u00d3VIDA"}]},{"@type":"WebSite","@id":"https:\/\/www.biocabaz.pt\/web\/#website","url":"https:\/\/www.biocabaz.pt\/web\/","name":"CABAZES BIOL\u00d3GICOS","description":"One+Number","potentialAction":[{"@type":"SearchAction","target":{"@type":"EntryPoint","urlTemplate":"https:\/\/www.biocabaz.pt\/web\/?s={search_term_string}"},"query-input":{"@type":"PropertyValueSpecification","valueRequired":true,"valueName":"search_term_string"}}],"inLanguage":"pt-PT"}]}},"_links":{"self":[{"href":"https:\/\/biocabaz.pt\/web\/en\/wp-json\/wp\/v2\/product\/16878","targetHints":{"allow":["GET"]}}],"collection":[{"href":"https:\/\/biocabaz.pt\/web\/en\/wp-json\/wp\/v2\/product"}],"about":[{"href":"https:\/\/biocabaz.pt\/web\/en\/wp-json\/wp\/v2\/types\/product"}],"replies":[{"embeddable":true,"href":"https:\/\/biocabaz.pt\/web\/en\/wp-json\/wp\/v2\/comments?post=16878"}],"wp:featuredmedia":[{"embeddable":true,"href":"https:\/\/biocabaz.pt\/web\/en\/wp-json\/wp\/v2\/media\/16879"}],"wp:attachment":[{"href":"https:\/\/biocabaz.pt\/web\/en\/wp-json\/wp\/v2\/media?parent=16878"}],"wp:term":[{"taxonomy":"product_cat","embeddable":true,"href":"https:\/\/biocabaz.pt\/web\/en\/wp-json\/wp\/v2\/product_cat?post=16878"},{"taxonomy":"product_tag","embeddable":true,"href":"https:\/\/biocabaz.pt\/web\/en\/wp-json\/wp\/v2\/product_tag?post=16878"}],"curies":[{"name":"wp","href":"https:\/\/api.w.org\/{rel}","templated":true}]}}