{"id":1683,"date":"2016-06-13T14:55:52","date_gmt":"2016-06-13T14:55:52","guid":{"rendered":"http:\/\/www.biocabaz.com\/web\/produto\/infusao-criancas-bio-20x15g-holle\/"},"modified":"2020-08-21T16:22:36","modified_gmt":"2020-08-21T16:22:36","slug":"infusao-criancas-bio-20x15g-holle","status":"publish","type":"product","link":"https:\/\/biocabaz.pt\/web\/en\/produto\/infusao-criancas-bio-20x15g-holle\/","title":{"rendered":"HOLLE ORGANIC TEA INFUSION FOR CHILDREN 20X1,5G"},"content":{"rendered":"<p><strong>Description<\/strong><br \/>Ingredients: Fennel * 45%, caraway * 22.5%, anise * 20%, chamomile * 12.5%. * certified organic farming<\/p>\n<p><strong>Use Mode<\/strong><br \/>Pour 200ml of freshly boiled water into a sachet and leave to infuse for 5 to 10 minutes. Remove the sachet and fill the bottle or cup. Allow to cool to a temperature of about 37\u00baC before drinking. It is not necessary to add sugar.<\/p>\n","protected":false},"excerpt":{"rendered":"<p>A Infus\u00e3o Biol\u00f3gica para Beb\u00e9s e Crian\u00e7as da Holle \u00e9 adequada para beb\u00e9s a partir das 2 semanas de idade. As plantas cuidadosamente escolhidas t\u00eam um efeito relaxante e a sua infus\u00e3o \u00e9 saborosa e agrad\u00e1vel. As crian\u00e7as mais velhas tamb\u00e9m podem beneficiar com a toma desta infus\u00e3o. Todos os seus ingredientes s\u00e3o de agricultura biol\u00f3gica.<\/p>\n","protected":false},"featured_media":1690,"comment_status":"closed","ping_status":"closed","template":"","meta":[],"product_cat":[57,61,18,30],"product_tag":[],"class_list":["post-1683","product","type-product","status-publish","has-post-thumbnail","hentry","product_cat-bebes-e-criancas","product_cat-sumos-snacks","product_cat-mercearia","product_cat-cafes-chas-e-infusoes"],"bundle_layout":"","bundled_by":[],"bundled_items":[],"yoast_head":"<!-- This site is optimized with the Yoast SEO plugin v26.3 - https:\/\/yoast.com\/wordpress\/plugins\/seo\/ -->\n<title>HOLLE ORGANIC TEA INFUSION FOR CHILDREN 20X1,5G<\/title>\n<meta name=\"robots\" content=\"index, follow, max-snippet:-1, max-image-preview:large, max-video-preview:-1\" \/>\n<link rel=\"canonical\" href=\"https:\/\/biocabaz.pt\/web\/en\/produto\/infusao-criancas-bio-20x15g-holle\/\" \/>\n<meta property=\"og:locale\" content=\"pt_PT\" \/>\n<meta property=\"og:locale:alternate\" content=\"pt_PT\" \/>\n<meta property=\"og:type\" content=\"article\" \/>\n<meta property=\"og:title\" content=\"HOLLE ORGANIC TEA INFUSION FOR CHILDREN 20X1,5G\" \/>\n<meta property=\"og:description\" content=\"A Infus\u00e3o Biol\u00f3gica para Beb\u00e9s e Crian\u00e7as da Holle \u00e9 adequada para beb\u00e9s a partir das 2 semanas de idade. As plantas cuidadosamente escolhidas t\u00eam um efeito relaxante e a sua infus\u00e3o \u00e9 saborosa e agrad\u00e1vel. As crian\u00e7as mais velhas tamb\u00e9m podem beneficiar com a toma desta infus\u00e3o. Todos os seus ingredientes s\u00e3o de agricultura biol\u00f3gica.\" \/>\n<meta property=\"og:url\" content=\"https:\/\/biocabaz.pt\/web\/en\/produto\/infusao-criancas-bio-20x15g-holle\/\" \/>\n<meta property=\"og:site_name\" content=\"CABAZES BIOL\u00d3GICOS\" \/>\n<meta property=\"article:modified_time\" content=\"2020-08-21T16:22:36+00:00\" \/>\n<meta property=\"og:image\" content=\"https:\/\/www.biocabaz.pt\/web\/wp-conteudos\/uploads\/2016\/06\/PS_KINDERTEE_D-F_frontal_XXL_D_F_GB_I_cut.png\" \/>\n\t<meta property=\"og:image:width\" content=\"600\" \/>\n\t<meta property=\"og:image:height\" content=\"600\" \/>\n\t<meta property=\"og:image:type\" content=\"image\/png\" \/>\n<meta name=\"twitter:card\" content=\"summary_large_image\" \/>\n<meta name=\"twitter:label1\" content=\"Est. reading time\" \/>\n\t<meta name=\"twitter:data1\" content=\"1 minute\" \/>\n<script type=\"application\/ld+json\" class=\"yoast-schema-graph\">{\"@context\":\"https:\/\/schema.org\",\"@graph\":[{\"@type\":\"WebPage\",\"@id\":\"https:\/\/biocabaz.pt\/web\/en\/produto\/infusao-criancas-bio-20x15g-holle\/\",\"url\":\"https:\/\/biocabaz.pt\/web\/en\/produto\/infusao-criancas-bio-20x15g-holle\/\",\"name\":\"HOLLE ORGANIC TEA INFUSION FOR CHILDREN 20X1,5G\",\"isPartOf\":{\"@id\":\"https:\/\/biocabaz.pt\/web\/#website\"},\"primaryImageOfPage\":{\"@id\":\"https:\/\/biocabaz.pt\/web\/en\/produto\/infusao-criancas-bio-20x15g-holle\/#primaryimage\"},\"image\":{\"@id\":\"https:\/\/biocabaz.pt\/web\/en\/produto\/infusao-criancas-bio-20x15g-holle\/#primaryimage\"},\"thumbnailUrl\":\"https:\/\/www.biocabaz.pt\/web\/wp-conteudos\/uploads\/2016\/06\/PS_KINDERTEE_D-F_frontal_XXL_D_F_GB_I_cut.png\",\"datePublished\":\"2016-06-13T14:55:52+00:00\",\"dateModified\":\"2020-08-21T16:22:36+00:00\",\"breadcrumb\":{\"@id\":\"https:\/\/biocabaz.pt\/web\/en\/produto\/infusao-criancas-bio-20x15g-holle\/#breadcrumb\"},\"inLanguage\":\"pt-PT\",\"potentialAction\":[{\"@type\":\"ReadAction\",\"target\":[\"https:\/\/biocabaz.pt\/web\/en\/produto\/infusao-criancas-bio-20x15g-holle\/\"]}]},{\"@type\":\"ImageObject\",\"inLanguage\":\"pt-PT\",\"@id\":\"https:\/\/biocabaz.pt\/web\/en\/produto\/infusao-criancas-bio-20x15g-holle\/#primaryimage\",\"url\":\"https:\/\/www.biocabaz.pt\/web\/wp-conteudos\/uploads\/2016\/06\/PS_KINDERTEE_D-F_frontal_XXL_D_F_GB_I_cut.png\",\"contentUrl\":\"https:\/\/www.biocabaz.pt\/web\/wp-conteudos\/uploads\/2016\/06\/PS_KINDERTEE_D-F_frontal_XXL_D_F_GB_I_cut.png\",\"width\":600,\"height\":600},{\"@type\":\"BreadcrumbList\",\"@id\":\"https:\/\/biocabaz.pt\/web\/en\/produto\/infusao-criancas-bio-20x15g-holle\/#breadcrumb\",\"itemListElement\":[{\"@type\":\"ListItem\",\"position\":1,\"name\":\"Home\",\"item\":\"https:\/\/biocabaz.pt\/web\/\"},{\"@type\":\"ListItem\",\"position\":2,\"name\":\"Loja\",\"item\":\"https:\/\/biocabaz.pt\/web\/shop\/\"},{\"@type\":\"ListItem\",\"position\":3,\"name\":\"HOLLE ORGANIC TEA INFUSION FOR CHILDREN 20X1,5G\"}]},{\"@type\":\"WebSite\",\"@id\":\"https:\/\/biocabaz.pt\/web\/#website\",\"url\":\"https:\/\/biocabaz.pt\/web\/\",\"name\":\"CABAZES BIOL\u00d3GICOS\",\"description\":\"One+Number\",\"potentialAction\":[{\"@type\":\"SearchAction\",\"target\":{\"@type\":\"EntryPoint\",\"urlTemplate\":\"https:\/\/biocabaz.pt\/web\/?s={search_term_string}\"},\"query-input\":{\"@type\":\"PropertyValueSpecification\",\"valueRequired\":true,\"valueName\":\"search_term_string\"}}],\"inLanguage\":\"pt-PT\"}]}<\/script>\n<!-- \/ Yoast SEO plugin. -->","yoast_head_json":{"title":"HOLLE ORGANIC TEA INFUSION FOR CHILDREN 20X1,5G","robots":{"index":"index","follow":"follow","max-snippet":"max-snippet:-1","max-image-preview":"max-image-preview:large","max-video-preview":"max-video-preview:-1"},"canonical":"https:\/\/biocabaz.pt\/web\/en\/produto\/infusao-criancas-bio-20x15g-holle\/","og_locale":"pt_PT","og_type":"article","og_title":"[:pt]INFUS\u00c3O CRIAN\u00c7AS BIO 20X1,5G HOLLE[:en]HOLLE ORGANIC TEA INFUSION FOR CHILDREN 20X1,5G[:] - CABAZES BIOL\u00d3GICOS","og_description":"A Infus\u00e3o Biol\u00f3gica para Beb\u00e9s e Crian\u00e7as da Holle \u00e9 adequada para beb\u00e9s a partir das 2 semanas de idade. As plantas cuidadosamente escolhidas t\u00eam um efeito relaxante e a sua infus\u00e3o \u00e9 saborosa e agrad\u00e1vel. As crian\u00e7as mais velhas tamb\u00e9m podem beneficiar com a toma desta infus\u00e3o. Todos os seus ingredientes s\u00e3o de agricultura biol\u00f3gica.","og_url":"https:\/\/biocabaz.pt\/web\/en\/produto\/infusao-criancas-bio-20x15g-holle\/","og_site_name":"CABAZES BIOL\u00d3GICOS","article_modified_time":"2020-08-21T16:22:36+00:00","og_image":[{"width":600,"height":600,"url":"https:\/\/www.biocabaz.pt\/web\/wp-conteudos\/uploads\/2016\/06\/PS_KINDERTEE_D-F_frontal_XXL_D_F_GB_I_cut.png","type":"image\/png"}],"twitter_card":"summary_large_image","twitter_misc":{"Est. reading time":"1 minute"},"schema":{"@context":"https:\/\/schema.org","@graph":[{"@type":"WebPage","@id":"https:\/\/biocabaz.pt\/web\/en\/produto\/infusao-criancas-bio-20x15g-holle\/","url":"https:\/\/biocabaz.pt\/web\/en\/produto\/infusao-criancas-bio-20x15g-holle\/","name":"HOLLE ORGANIC TEA INFUSION FOR CHILDREN 20X1,5G","isPartOf":{"@id":"https:\/\/biocabaz.pt\/web\/#website"},"primaryImageOfPage":{"@id":"https:\/\/biocabaz.pt\/web\/en\/produto\/infusao-criancas-bio-20x15g-holle\/#primaryimage"},"image":{"@id":"https:\/\/biocabaz.pt\/web\/en\/produto\/infusao-criancas-bio-20x15g-holle\/#primaryimage"},"thumbnailUrl":"https:\/\/www.biocabaz.pt\/web\/wp-conteudos\/uploads\/2016\/06\/PS_KINDERTEE_D-F_frontal_XXL_D_F_GB_I_cut.png","datePublished":"2016-06-13T14:55:52+00:00","dateModified":"2020-08-21T16:22:36+00:00","breadcrumb":{"@id":"https:\/\/biocabaz.pt\/web\/en\/produto\/infusao-criancas-bio-20x15g-holle\/#breadcrumb"},"inLanguage":"pt-PT","potentialAction":[{"@type":"ReadAction","target":["https:\/\/biocabaz.pt\/web\/en\/produto\/infusao-criancas-bio-20x15g-holle\/"]}]},{"@type":"ImageObject","inLanguage":"pt-PT","@id":"https:\/\/biocabaz.pt\/web\/en\/produto\/infusao-criancas-bio-20x15g-holle\/#primaryimage","url":"https:\/\/www.biocabaz.pt\/web\/wp-conteudos\/uploads\/2016\/06\/PS_KINDERTEE_D-F_frontal_XXL_D_F_GB_I_cut.png","contentUrl":"https:\/\/www.biocabaz.pt\/web\/wp-conteudos\/uploads\/2016\/06\/PS_KINDERTEE_D-F_frontal_XXL_D_F_GB_I_cut.png","width":600,"height":600},{"@type":"BreadcrumbList","@id":"https:\/\/biocabaz.pt\/web\/en\/produto\/infusao-criancas-bio-20x15g-holle\/#breadcrumb","itemListElement":[{"@type":"ListItem","position":1,"name":"Home","item":"https:\/\/biocabaz.pt\/web\/"},{"@type":"ListItem","position":2,"name":"Loja","item":"https:\/\/biocabaz.pt\/web\/shop\/"},{"@type":"ListItem","position":3,"name":"HOLLE ORGANIC TEA INFUSION FOR CHILDREN 20X1,5G"}]},{"@type":"WebSite","@id":"https:\/\/biocabaz.pt\/web\/#website","url":"https:\/\/biocabaz.pt\/web\/","name":"CABAZES BIOL\u00d3GICOS","description":"One+Number","potentialAction":[{"@type":"SearchAction","target":{"@type":"EntryPoint","urlTemplate":"https:\/\/biocabaz.pt\/web\/?s={search_term_string}"},"query-input":{"@type":"PropertyValueSpecification","valueRequired":true,"valueName":"search_term_string"}}],"inLanguage":"pt-PT"}]}},"_links":{"self":[{"href":"https:\/\/biocabaz.pt\/web\/en\/wp-json\/wp\/v2\/product\/1683","targetHints":{"allow":["GET"]}}],"collection":[{"href":"https:\/\/biocabaz.pt\/web\/en\/wp-json\/wp\/v2\/product"}],"about":[{"href":"https:\/\/biocabaz.pt\/web\/en\/wp-json\/wp\/v2\/types\/product"}],"replies":[{"embeddable":true,"href":"https:\/\/biocabaz.pt\/web\/en\/wp-json\/wp\/v2\/comments?post=1683"}],"wp:featuredmedia":[{"embeddable":true,"href":"https:\/\/biocabaz.pt\/web\/en\/wp-json\/wp\/v2\/media\/1690"}],"wp:attachment":[{"href":"https:\/\/biocabaz.pt\/web\/en\/wp-json\/wp\/v2\/media?parent=1683"}],"wp:term":[{"taxonomy":"product_cat","embeddable":true,"href":"https:\/\/biocabaz.pt\/web\/en\/wp-json\/wp\/v2\/product_cat?post=1683"},{"taxonomy":"product_tag","embeddable":true,"href":"https:\/\/biocabaz.pt\/web\/en\/wp-json\/wp\/v2\/product_tag?post=1683"}],"curies":[{"name":"wp","href":"https:\/\/api.w.org\/{rel}","templated":true}]}}