{"id":1664,"date":"2016-06-13T14:55:45","date_gmt":"2016-06-13T14:55:45","guid":{"rendered":"http:\/\/www.biocabaz.com\/web\/produto\/pure-maca-banana-alperce-6m-bio-boiao-190g-holle\/"},"modified":"2020-08-21T16:24:13","modified_gmt":"2020-08-21T16:24:13","slug":"pure-maca-banana-alperce-6m-bio-boiao-190g-holle","status":"publish","type":"product","link":"https:\/\/biocabaz.pt\/web\/en\/produto\/pure-maca-banana-alperce-6m-bio-boiao-190g-holle\/","title":{"rendered":"HOLLE ORGANIC APPLE &#038; BANANA WITH APRICOT JAR AFTER 6 MONTHS 190GR"},"content":{"rendered":"<p><strong>Description<\/strong><br \/>Ingredients: Fruit 58,1 % (apple* 35 %, banana** 9 %, apricot* 7 % pear juice concentrate**, lemon juice concentrate**), water, rice semolina** *from biodynamic agriculture **from organic agriculture<\/p>\n<p><strong>Nutrition Facts<\/strong><br \/><strong>Nutritional Information per 100g\/ml<\/strong>: Energy: 365kJ \/ 86kcal; Lipids: 0.1 g &#8211; of which saturated fatty acids: 0.07 g; Carbohydrates: 20.4g &#8211; of which sugars: 12.7g; Fiber: 0.8g; Proteins: 0.5g: Salt: 0.025g.<\/p>\n<p><strong>Use Mode<\/strong><br \/>AFTER 6 MONTHS, unless otherwise opposed by professionals with qualifications in medicine, nutrition or pharmacy, or other professionals responsible for maternal or child care. It is important that you always follow the preparation instructions. Stir before eating. Heat the entire jar or portion to be consumed in a water bath (about 37\u00baC). Start by giving 2 to 4 coffee spoons. Gradually increase the amount to the entire jar.<br \/>\nSuggestion: add 2 coffee spoons of extra virgin olive oil. Store in a cool, dry place. Once opened, keep it in the refrigerator and consume within 2 days.<\/p>\n","protected":false},"excerpt":{"rendered":"<p><strong>Nutritional Information per 100g\/ml<\/strong>: Energy: 365kJ \/ 86kcal; Lipids: 0.1 g &#8211; of which saturated fatty acids: 0.07 g; Carbohydrates: 20.4g &#8211; of which sugars: 12.7g; Fiber: 0.8g; Proteins: 0.5g: Salt: 0.025g.<\/p>\n","protected":false},"featured_media":1711,"comment_status":"closed","ping_status":"closed","template":"","meta":[],"product_cat":[57,60],"product_tag":[],"class_list":["post-1664","product","type-product","status-publish","has-post-thumbnail","hentry","product_cat-bebes-e-criancas","product_cat-refeicoes-prontas"],"bundle_layout":"","bundled_by":[],"bundled_items":[],"yoast_head":"<!-- This site is optimized with the Yoast SEO plugin v26.3 - https:\/\/yoast.com\/wordpress\/plugins\/seo\/ -->\n<title>HOLLE ORGANIC APPLE &amp; BANANA WITH APRICOT JAR AFTER 6 MONTHS 190GR<\/title>\n<meta name=\"robots\" content=\"index, follow, max-snippet:-1, max-image-preview:large, max-video-preview:-1\" \/>\n<link rel=\"canonical\" href=\"https:\/\/www.biocabaz.pt\/web\/produto\/pure-maca-banana-alperce-6m-bio-boiao-190g-holle\/\" \/>\n<meta property=\"og:locale\" content=\"pt_PT\" \/>\n<meta property=\"og:locale:alternate\" content=\"pt_PT\" \/>\n<meta property=\"og:type\" content=\"article\" \/>\n<meta property=\"og:title\" content=\"HOLLE ORGANIC APPLE &amp; BANANA WITH APRICOT JAR AFTER 6 MONTHS 190GR\" \/>\n<meta property=\"og:description\" content=\"Nutritional Information per 100g\/ml: Energy: 365kJ \/ 86kcal; Lipids: 0.1 g - of which saturated fatty acids: 0.07 g; Carbohydrates: 20.4g - of which sugars: 12.7g; Fiber: 0.8g; Proteins: 0.5g: Salt: 0.025g.\" \/>\n<meta property=\"og:url\" content=\"https:\/\/biocabaz.pt\/web\/en\/produto\/pure-maca-banana-alperce-6m-bio-boiao-190g-holle\/\" \/>\n<meta property=\"og:site_name\" content=\"CABAZES BIOL\u00d3GICOS\" \/>\n<meta property=\"article:modified_time\" content=\"2020-08-21T16:24:13+00:00\" \/>\n<meta property=\"og:image\" content=\"https:\/\/www.biocabaz.pt\/web\/wp-conteudos\/uploads\/2016\/06\/PS_Glaeschen_D-F_190g_ApfelBananeAprikose_frontal_XL_D-F_01_021114_72dpi_RGB.png\" \/>\n\t<meta property=\"og:image:width\" content=\"600\" \/>\n\t<meta property=\"og:image:height\" content=\"600\" \/>\n\t<meta property=\"og:image:type\" content=\"image\/png\" \/>\n<meta name=\"twitter:card\" content=\"summary_large_image\" \/>\n<meta name=\"twitter:label1\" content=\"Est. reading time\" \/>\n\t<meta name=\"twitter:data1\" content=\"2 minutes\" \/>\n<script type=\"application\/ld+json\" class=\"yoast-schema-graph\">{\"@context\":\"https:\/\/schema.org\",\"@graph\":[{\"@type\":\"WebPage\",\"@id\":\"https:\/\/www.biocabaz.pt\/web\/produto\/pure-maca-banana-alperce-6m-bio-boiao-190g-holle\/\",\"url\":\"https:\/\/www.biocabaz.pt\/web\/produto\/pure-maca-banana-alperce-6m-bio-boiao-190g-holle\/\",\"name\":\"HOLLE ORGANIC APPLE & BANANA WITH APRICOT JAR AFTER 6 MONTHS 190GR\",\"isPartOf\":{\"@id\":\"https:\/\/www.biocabaz.pt\/web\/#website\"},\"primaryImageOfPage\":{\"@id\":\"https:\/\/www.biocabaz.pt\/web\/produto\/pure-maca-banana-alperce-6m-bio-boiao-190g-holle\/#primaryimage\"},\"image\":{\"@id\":\"https:\/\/www.biocabaz.pt\/web\/produto\/pure-maca-banana-alperce-6m-bio-boiao-190g-holle\/#primaryimage\"},\"thumbnailUrl\":\"https:\/\/www.biocabaz.pt\/web\/wp-conteudos\/uploads\/2016\/06\/PS_Glaeschen_D-F_190g_ApfelBananeAprikose_frontal_XL_D-F_01_021114_72dpi_RGB.png\",\"datePublished\":\"2016-06-13T14:55:45+00:00\",\"dateModified\":\"2020-08-21T16:24:13+00:00\",\"breadcrumb\":{\"@id\":\"https:\/\/www.biocabaz.pt\/web\/produto\/pure-maca-banana-alperce-6m-bio-boiao-190g-holle\/#breadcrumb\"},\"inLanguage\":\"pt-PT\",\"potentialAction\":[{\"@type\":\"ReadAction\",\"target\":[\"https:\/\/www.biocabaz.pt\/web\/produto\/pure-maca-banana-alperce-6m-bio-boiao-190g-holle\/\"]}]},{\"@type\":\"ImageObject\",\"inLanguage\":\"pt-PT\",\"@id\":\"https:\/\/www.biocabaz.pt\/web\/produto\/pure-maca-banana-alperce-6m-bio-boiao-190g-holle\/#primaryimage\",\"url\":\"https:\/\/www.biocabaz.pt\/web\/wp-conteudos\/uploads\/2016\/06\/PS_Glaeschen_D-F_190g_ApfelBananeAprikose_frontal_XL_D-F_01_021114_72dpi_RGB.png\",\"contentUrl\":\"https:\/\/www.biocabaz.pt\/web\/wp-conteudos\/uploads\/2016\/06\/PS_Glaeschen_D-F_190g_ApfelBananeAprikose_frontal_XL_D-F_01_021114_72dpi_RGB.png\",\"width\":600,\"height\":600},{\"@type\":\"BreadcrumbList\",\"@id\":\"https:\/\/www.biocabaz.pt\/web\/produto\/pure-maca-banana-alperce-6m-bio-boiao-190g-holle\/#breadcrumb\",\"itemListElement\":[{\"@type\":\"ListItem\",\"position\":1,\"name\":\"Home\",\"item\":\"https:\/\/www.biocabaz.pt\/web\/\"},{\"@type\":\"ListItem\",\"position\":2,\"name\":\"Shop\",\"item\":\"https:\/\/www.biocabaz.pt\/web\/en\/shop\/\"},{\"@type\":\"ListItem\",\"position\":3,\"name\":\"PUR\u00c9 MA\u00c7\u00c3 BANANA ALPERCE 6M BIO BOI\u00c3O 190G HOLLE\"}]},{\"@type\":\"WebSite\",\"@id\":\"https:\/\/www.biocabaz.pt\/web\/#website\",\"url\":\"https:\/\/www.biocabaz.pt\/web\/\",\"name\":\"CABAZES BIOL\u00d3GICOS\",\"description\":\"One+Number\",\"potentialAction\":[{\"@type\":\"SearchAction\",\"target\":{\"@type\":\"EntryPoint\",\"urlTemplate\":\"https:\/\/www.biocabaz.pt\/web\/?s={search_term_string}\"},\"query-input\":{\"@type\":\"PropertyValueSpecification\",\"valueRequired\":true,\"valueName\":\"search_term_string\"}}],\"inLanguage\":\"pt-PT\"}]}<\/script>\n<!-- \/ Yoast SEO plugin. -->","yoast_head_json":{"title":"HOLLE ORGANIC APPLE & BANANA WITH APRICOT JAR AFTER 6 MONTHS 190GR","robots":{"index":"index","follow":"follow","max-snippet":"max-snippet:-1","max-image-preview":"max-image-preview:large","max-video-preview":"max-video-preview:-1"},"canonical":"https:\/\/www.biocabaz.pt\/web\/produto\/pure-maca-banana-alperce-6m-bio-boiao-190g-holle\/","og_locale":"pt_PT","og_type":"article","og_title":"[:pt]PUR\u00c9 MA\u00c7\u00c3 BANANA ALPERCE 6M BIO BOI\u00c3O 190G HOLLE[:en]HOLLE ORGANIC APPLE &amp; BANANA WITH APRICOT JAR AFTER 6 MONTHS 190GR[:] - CABAZES BIOL\u00d3GICOS","og_description":"Nutritional Information per 100g\/ml: Energy: 365kJ \/ 86kcal; Lipids: 0.1 g - of which saturated fatty acids: 0.07 g; Carbohydrates: 20.4g - of which sugars: 12.7g; Fiber: 0.8g; Proteins: 0.5g: Salt: 0.025g.","og_url":"https:\/\/biocabaz.pt\/web\/en\/produto\/pure-maca-banana-alperce-6m-bio-boiao-190g-holle\/","og_site_name":"CABAZES BIOL\u00d3GICOS","article_modified_time":"2020-08-21T16:24:13+00:00","og_image":[{"width":600,"height":600,"url":"https:\/\/www.biocabaz.pt\/web\/wp-conteudos\/uploads\/2016\/06\/PS_Glaeschen_D-F_190g_ApfelBananeAprikose_frontal_XL_D-F_01_021114_72dpi_RGB.png","type":"image\/png"}],"twitter_card":"summary_large_image","twitter_misc":{"Est. reading time":"2 minutes"},"schema":{"@context":"https:\/\/schema.org","@graph":[{"@type":"WebPage","@id":"https:\/\/www.biocabaz.pt\/web\/produto\/pure-maca-banana-alperce-6m-bio-boiao-190g-holle\/","url":"https:\/\/www.biocabaz.pt\/web\/produto\/pure-maca-banana-alperce-6m-bio-boiao-190g-holle\/","name":"HOLLE ORGANIC APPLE & BANANA WITH APRICOT JAR AFTER 6 MONTHS 190GR","isPartOf":{"@id":"https:\/\/www.biocabaz.pt\/web\/#website"},"primaryImageOfPage":{"@id":"https:\/\/www.biocabaz.pt\/web\/produto\/pure-maca-banana-alperce-6m-bio-boiao-190g-holle\/#primaryimage"},"image":{"@id":"https:\/\/www.biocabaz.pt\/web\/produto\/pure-maca-banana-alperce-6m-bio-boiao-190g-holle\/#primaryimage"},"thumbnailUrl":"https:\/\/www.biocabaz.pt\/web\/wp-conteudos\/uploads\/2016\/06\/PS_Glaeschen_D-F_190g_ApfelBananeAprikose_frontal_XL_D-F_01_021114_72dpi_RGB.png","datePublished":"2016-06-13T14:55:45+00:00","dateModified":"2020-08-21T16:24:13+00:00","breadcrumb":{"@id":"https:\/\/www.biocabaz.pt\/web\/produto\/pure-maca-banana-alperce-6m-bio-boiao-190g-holle\/#breadcrumb"},"inLanguage":"pt-PT","potentialAction":[{"@type":"ReadAction","target":["https:\/\/www.biocabaz.pt\/web\/produto\/pure-maca-banana-alperce-6m-bio-boiao-190g-holle\/"]}]},{"@type":"ImageObject","inLanguage":"pt-PT","@id":"https:\/\/www.biocabaz.pt\/web\/produto\/pure-maca-banana-alperce-6m-bio-boiao-190g-holle\/#primaryimage","url":"https:\/\/www.biocabaz.pt\/web\/wp-conteudos\/uploads\/2016\/06\/PS_Glaeschen_D-F_190g_ApfelBananeAprikose_frontal_XL_D-F_01_021114_72dpi_RGB.png","contentUrl":"https:\/\/www.biocabaz.pt\/web\/wp-conteudos\/uploads\/2016\/06\/PS_Glaeschen_D-F_190g_ApfelBananeAprikose_frontal_XL_D-F_01_021114_72dpi_RGB.png","width":600,"height":600},{"@type":"BreadcrumbList","@id":"https:\/\/www.biocabaz.pt\/web\/produto\/pure-maca-banana-alperce-6m-bio-boiao-190g-holle\/#breadcrumb","itemListElement":[{"@type":"ListItem","position":1,"name":"Home","item":"https:\/\/www.biocabaz.pt\/web\/"},{"@type":"ListItem","position":2,"name":"Shop","item":"https:\/\/www.biocabaz.pt\/web\/en\/shop\/"},{"@type":"ListItem","position":3,"name":"PUR\u00c9 MA\u00c7\u00c3 BANANA ALPERCE 6M BIO BOI\u00c3O 190G HOLLE"}]},{"@type":"WebSite","@id":"https:\/\/www.biocabaz.pt\/web\/#website","url":"https:\/\/www.biocabaz.pt\/web\/","name":"CABAZES BIOL\u00d3GICOS","description":"One+Number","potentialAction":[{"@type":"SearchAction","target":{"@type":"EntryPoint","urlTemplate":"https:\/\/www.biocabaz.pt\/web\/?s={search_term_string}"},"query-input":{"@type":"PropertyValueSpecification","valueRequired":true,"valueName":"search_term_string"}}],"inLanguage":"pt-PT"}]}},"_links":{"self":[{"href":"https:\/\/biocabaz.pt\/web\/en\/wp-json\/wp\/v2\/product\/1664","targetHints":{"allow":["GET"]}}],"collection":[{"href":"https:\/\/biocabaz.pt\/web\/en\/wp-json\/wp\/v2\/product"}],"about":[{"href":"https:\/\/biocabaz.pt\/web\/en\/wp-json\/wp\/v2\/types\/product"}],"replies":[{"embeddable":true,"href":"https:\/\/biocabaz.pt\/web\/en\/wp-json\/wp\/v2\/comments?post=1664"}],"wp:featuredmedia":[{"embeddable":true,"href":"https:\/\/biocabaz.pt\/web\/en\/wp-json\/wp\/v2\/media\/1711"}],"wp:attachment":[{"href":"https:\/\/biocabaz.pt\/web\/en\/wp-json\/wp\/v2\/media?parent=1664"}],"wp:term":[{"taxonomy":"product_cat","embeddable":true,"href":"https:\/\/biocabaz.pt\/web\/en\/wp-json\/wp\/v2\/product_cat?post=1664"},{"taxonomy":"product_tag","embeddable":true,"href":"https:\/\/biocabaz.pt\/web\/en\/wp-json\/wp\/v2\/product_tag?post=1664"}],"curies":[{"name":"wp","href":"https:\/\/api.w.org\/{rel}","templated":true}]}}