{"id":1642,"date":"2016-06-13T14:55:36","date_gmt":"2016-06-13T14:55:36","guid":{"rendered":"http:\/\/www.biocabaz.com\/web\/produto\/farinha-cereais-cacau-bio-220g-babybio\/"},"modified":"2018-10-09T08:52:35","modified_gmt":"2018-10-09T08:52:35","slug":"farinha-cereais-cacau-bio-220g-babybio","status":"publish","type":"product","link":"https:\/\/biocabaz.pt\/web\/en\/produto\/farinha-cereais-cacau-bio-220g-babybio\/","title":{"rendered":"FARINHA CEREAIS CACAU BIO 220G BABYBIO"},"content":{"rendered":"<p><strong>Ingredientes<\/strong>: farinha de arroz bio,\u00a0<span lang=\"pt\">farinha de quinoa bio, cacau em p\u00f3 magro bio, \u00a0extrato de baunilha bio e\u00a0tiamina (vitamina B1)<\/span><\/p>\n","protected":false},"excerpt":{"rendered":"<p>Combinada com o nosso cacau org\u00e2nico , a quinoa revela todo o seu sabor, dando a conhecer ao beb\u00e9 novos aromas. Cada planta\u00e7\u00e3o, cada t\u00e9cnica agr\u00edcola, cada solo e suas especificidades, possibilitar\u00e3o ao beb\u00e9 descobrir a do\u00e7ura e os sabores do mundo.<\/p>\n","protected":false},"featured_media":1738,"comment_status":"closed","ping_status":"closed","template":"","meta":[],"product_cat":[57,58],"product_tag":[],"class_list":["post-1642","product","type-product","status-publish","has-post-thumbnail","hentry","product_cat-bebes-e-criancas","product_cat-papas"],"bundle_layout":"","bundled_by":[],"bundled_items":[],"yoast_head":"<!-- This site is optimized with the Yoast SEO plugin v26.3 - https:\/\/yoast.com\/wordpress\/plugins\/seo\/ -->\n<title>FARINHA CEREAIS CACAU BIO 220G BABYBIO - CABAZES BIOL\u00d3GICOS<\/title>\n<meta name=\"robots\" content=\"index, follow, max-snippet:-1, max-image-preview:large, max-video-preview:-1\" \/>\n<link rel=\"canonical\" href=\"https:\/\/biocabaz.pt\/web\/en\/produto\/farinha-cereais-cacau-bio-220g-babybio\/\" \/>\n<meta property=\"og:locale\" content=\"pt_PT\" \/>\n<meta property=\"og:locale:alternate\" content=\"pt_PT\" \/>\n<meta property=\"og:type\" content=\"article\" \/>\n<meta property=\"og:title\" content=\"FARINHA CEREAIS CACAU BIO 220G BABYBIO - CABAZES BIOL\u00d3GICOS\" \/>\n<meta property=\"og:description\" content=\"Combinada com o nosso cacau org\u00e2nico , a quinoa revela todo o seu sabor, dando a conhecer ao beb\u00e9 novos aromas. Cada planta\u00e7\u00e3o, cada t\u00e9cnica agr\u00edcola, cada solo e suas especificidades, possibilitar\u00e3o ao beb\u00e9 descobrir a do\u00e7ura e os sabores do mundo.\" \/>\n<meta property=\"og:url\" content=\"https:\/\/biocabaz.pt\/web\/en\/produto\/farinha-cereais-cacau-bio-220g-babybio\/\" \/>\n<meta property=\"og:site_name\" content=\"CABAZES BIOL\u00d3GICOS\" \/>\n<meta property=\"article:modified_time\" content=\"2018-10-09T08:52:35+00:00\" \/>\n<meta property=\"og:image\" content=\"https:\/\/www.biocabaz.pt\/web\/wp-conteudos\/uploads\/2016\/06\/cereales-cacao.jpg\" \/>\n\t<meta property=\"og:image:width\" content=\"470\" \/>\n\t<meta property=\"og:image:height\" content=\"470\" \/>\n\t<meta property=\"og:image:type\" content=\"image\/jpeg\" \/>\n<meta name=\"twitter:card\" content=\"summary_large_image\" \/>\n<script type=\"application\/ld+json\" class=\"yoast-schema-graph\">{\"@context\":\"https:\/\/schema.org\",\"@graph\":[{\"@type\":\"WebPage\",\"@id\":\"https:\/\/biocabaz.pt\/web\/en\/produto\/farinha-cereais-cacau-bio-220g-babybio\/\",\"url\":\"https:\/\/biocabaz.pt\/web\/en\/produto\/farinha-cereais-cacau-bio-220g-babybio\/\",\"name\":\"FARINHA CEREAIS CACAU BIO 220G BABYBIO - CABAZES BIOL\u00d3GICOS\",\"isPartOf\":{\"@id\":\"https:\/\/biocabaz.pt\/web\/#website\"},\"primaryImageOfPage\":{\"@id\":\"https:\/\/biocabaz.pt\/web\/en\/produto\/farinha-cereais-cacau-bio-220g-babybio\/#primaryimage\"},\"image\":{\"@id\":\"https:\/\/biocabaz.pt\/web\/en\/produto\/farinha-cereais-cacau-bio-220g-babybio\/#primaryimage\"},\"thumbnailUrl\":\"https:\/\/www.biocabaz.pt\/web\/wp-conteudos\/uploads\/2016\/06\/cereales-cacao.jpg\",\"datePublished\":\"2016-06-13T14:55:36+00:00\",\"dateModified\":\"2018-10-09T08:52:35+00:00\",\"breadcrumb\":{\"@id\":\"https:\/\/biocabaz.pt\/web\/en\/produto\/farinha-cereais-cacau-bio-220g-babybio\/#breadcrumb\"},\"inLanguage\":\"pt-PT\",\"potentialAction\":[{\"@type\":\"ReadAction\",\"target\":[\"https:\/\/biocabaz.pt\/web\/en\/produto\/farinha-cereais-cacau-bio-220g-babybio\/\"]}]},{\"@type\":\"ImageObject\",\"inLanguage\":\"pt-PT\",\"@id\":\"https:\/\/biocabaz.pt\/web\/en\/produto\/farinha-cereais-cacau-bio-220g-babybio\/#primaryimage\",\"url\":\"https:\/\/www.biocabaz.pt\/web\/wp-conteudos\/uploads\/2016\/06\/cereales-cacao.jpg\",\"contentUrl\":\"https:\/\/www.biocabaz.pt\/web\/wp-conteudos\/uploads\/2016\/06\/cereales-cacao.jpg\",\"width\":470,\"height\":470},{\"@type\":\"BreadcrumbList\",\"@id\":\"https:\/\/biocabaz.pt\/web\/en\/produto\/farinha-cereais-cacau-bio-220g-babybio\/#breadcrumb\",\"itemListElement\":[{\"@type\":\"ListItem\",\"position\":1,\"name\":\"Home\",\"item\":\"https:\/\/biocabaz.pt\/web\/\"},{\"@type\":\"ListItem\",\"position\":2,\"name\":\"Loja\",\"item\":\"https:\/\/biocabaz.pt\/web\/shop\/\"},{\"@type\":\"ListItem\",\"position\":3,\"name\":\"FARINHA CEREAIS CACAU BIO 220G BABYBIO\"}]},{\"@type\":\"WebSite\",\"@id\":\"https:\/\/biocabaz.pt\/web\/#website\",\"url\":\"https:\/\/biocabaz.pt\/web\/\",\"name\":\"CABAZES BIOL\u00d3GICOS\",\"description\":\"One+Number\",\"potentialAction\":[{\"@type\":\"SearchAction\",\"target\":{\"@type\":\"EntryPoint\",\"urlTemplate\":\"https:\/\/biocabaz.pt\/web\/?s={search_term_string}\"},\"query-input\":{\"@type\":\"PropertyValueSpecification\",\"valueRequired\":true,\"valueName\":\"search_term_string\"}}],\"inLanguage\":\"pt-PT\"}]}<\/script>\n<!-- \/ Yoast SEO plugin. -->","yoast_head_json":{"title":"FARINHA CEREAIS CACAU BIO 220G BABYBIO - CABAZES BIOL\u00d3GICOS","robots":{"index":"index","follow":"follow","max-snippet":"max-snippet:-1","max-image-preview":"max-image-preview:large","max-video-preview":"max-video-preview:-1"},"canonical":"https:\/\/biocabaz.pt\/web\/en\/produto\/farinha-cereais-cacau-bio-220g-babybio\/","og_locale":"pt_PT","og_type":"article","og_title":"FARINHA CEREAIS CACAU BIO 220G BABYBIO - CABAZES BIOL\u00d3GICOS","og_description":"Combinada com o nosso cacau org\u00e2nico , a quinoa revela todo o seu sabor, dando a conhecer ao beb\u00e9 novos aromas. Cada planta\u00e7\u00e3o, cada t\u00e9cnica agr\u00edcola, cada solo e suas especificidades, possibilitar\u00e3o ao beb\u00e9 descobrir a do\u00e7ura e os sabores do mundo.","og_url":"https:\/\/biocabaz.pt\/web\/en\/produto\/farinha-cereais-cacau-bio-220g-babybio\/","og_site_name":"CABAZES BIOL\u00d3GICOS","article_modified_time":"2018-10-09T08:52:35+00:00","og_image":[{"width":470,"height":470,"url":"https:\/\/www.biocabaz.pt\/web\/wp-conteudos\/uploads\/2016\/06\/cereales-cacao.jpg","type":"image\/jpeg"}],"twitter_card":"summary_large_image","schema":{"@context":"https:\/\/schema.org","@graph":[{"@type":"WebPage","@id":"https:\/\/biocabaz.pt\/web\/en\/produto\/farinha-cereais-cacau-bio-220g-babybio\/","url":"https:\/\/biocabaz.pt\/web\/en\/produto\/farinha-cereais-cacau-bio-220g-babybio\/","name":"FARINHA CEREAIS CACAU BIO 220G BABYBIO - CABAZES BIOL\u00d3GICOS","isPartOf":{"@id":"https:\/\/biocabaz.pt\/web\/#website"},"primaryImageOfPage":{"@id":"https:\/\/biocabaz.pt\/web\/en\/produto\/farinha-cereais-cacau-bio-220g-babybio\/#primaryimage"},"image":{"@id":"https:\/\/biocabaz.pt\/web\/en\/produto\/farinha-cereais-cacau-bio-220g-babybio\/#primaryimage"},"thumbnailUrl":"https:\/\/www.biocabaz.pt\/web\/wp-conteudos\/uploads\/2016\/06\/cereales-cacao.jpg","datePublished":"2016-06-13T14:55:36+00:00","dateModified":"2018-10-09T08:52:35+00:00","breadcrumb":{"@id":"https:\/\/biocabaz.pt\/web\/en\/produto\/farinha-cereais-cacau-bio-220g-babybio\/#breadcrumb"},"inLanguage":"pt-PT","potentialAction":[{"@type":"ReadAction","target":["https:\/\/biocabaz.pt\/web\/en\/produto\/farinha-cereais-cacau-bio-220g-babybio\/"]}]},{"@type":"ImageObject","inLanguage":"pt-PT","@id":"https:\/\/biocabaz.pt\/web\/en\/produto\/farinha-cereais-cacau-bio-220g-babybio\/#primaryimage","url":"https:\/\/www.biocabaz.pt\/web\/wp-conteudos\/uploads\/2016\/06\/cereales-cacao.jpg","contentUrl":"https:\/\/www.biocabaz.pt\/web\/wp-conteudos\/uploads\/2016\/06\/cereales-cacao.jpg","width":470,"height":470},{"@type":"BreadcrumbList","@id":"https:\/\/biocabaz.pt\/web\/en\/produto\/farinha-cereais-cacau-bio-220g-babybio\/#breadcrumb","itemListElement":[{"@type":"ListItem","position":1,"name":"Home","item":"https:\/\/biocabaz.pt\/web\/"},{"@type":"ListItem","position":2,"name":"Loja","item":"https:\/\/biocabaz.pt\/web\/shop\/"},{"@type":"ListItem","position":3,"name":"FARINHA CEREAIS CACAU BIO 220G BABYBIO"}]},{"@type":"WebSite","@id":"https:\/\/biocabaz.pt\/web\/#website","url":"https:\/\/biocabaz.pt\/web\/","name":"CABAZES BIOL\u00d3GICOS","description":"One+Number","potentialAction":[{"@type":"SearchAction","target":{"@type":"EntryPoint","urlTemplate":"https:\/\/biocabaz.pt\/web\/?s={search_term_string}"},"query-input":{"@type":"PropertyValueSpecification","valueRequired":true,"valueName":"search_term_string"}}],"inLanguage":"pt-PT"}]}},"_links":{"self":[{"href":"https:\/\/biocabaz.pt\/web\/en\/wp-json\/wp\/v2\/product\/1642","targetHints":{"allow":["GET"]}}],"collection":[{"href":"https:\/\/biocabaz.pt\/web\/en\/wp-json\/wp\/v2\/product"}],"about":[{"href":"https:\/\/biocabaz.pt\/web\/en\/wp-json\/wp\/v2\/types\/product"}],"replies":[{"embeddable":true,"href":"https:\/\/biocabaz.pt\/web\/en\/wp-json\/wp\/v2\/comments?post=1642"}],"wp:featuredmedia":[{"embeddable":true,"href":"https:\/\/biocabaz.pt\/web\/en\/wp-json\/wp\/v2\/media\/1738"}],"wp:attachment":[{"href":"https:\/\/biocabaz.pt\/web\/en\/wp-json\/wp\/v2\/media?parent=1642"}],"wp:term":[{"taxonomy":"product_cat","embeddable":true,"href":"https:\/\/biocabaz.pt\/web\/en\/wp-json\/wp\/v2\/product_cat?post=1642"},{"taxonomy":"product_tag","embeddable":true,"href":"https:\/\/biocabaz.pt\/web\/en\/wp-json\/wp\/v2\/product_tag?post=1642"}],"curies":[{"name":"wp","href":"https:\/\/api.w.org\/{rel}","templated":true}]}}