{"id":1323,"date":"2016-04-23T20:53:20","date_gmt":"2016-04-23T20:53:20","guid":{"rendered":"http:\/\/www.biocabaz.com\/web\/produto\/oleo-cocovirgem-bio-340ml\/"},"modified":"2025-06-09T09:53:18","modified_gmt":"2025-06-09T09:53:18","slug":"oleo-coco-virgem-bio-270ml-provida","status":"publish","type":"product","link":"https:\/\/biocabaz.pt\/web\/en\/produto\/oleo-coco-virgem-bio-270ml-provida\/","title":{"rendered":"PR\u00d3VIDA ORGANIC COCONUT OIL 270ML"},"content":{"rendered":"<p><strong>Description<\/strong><br \/>Ingredients: Organic extra virgin coconut oil * (cold extraction) *. Minimum lauric acid content: 45%. 100% vegetable product.<\/p>\n<p><strong>Nutrition Facts<\/strong><br \/><strong>Nutritional Information per 100g\/ml<\/strong>: Energy: 3700kJ \/ 900kcal; Lipids: 100g &#8211; of which saturated: 86g; Carbohydrates: 0g &#8211; of which sugars: 0g; Fiber: 0g; Proteins: 0g; Salt: 0g.<\/p>\n<p><strong>Use Mode<\/strong><br \/>Two tablespoons a day outside meals can be added to juices, smoothies, tea or coffee. It can tolerate high levels of heat and can be used in frying and roasting. Alternative to butter in sweets and pastries. Store in a cool, dry place.<\/p>\n","protected":false},"excerpt":{"rendered":"<p><strong>Nutritional Information per 100g\/ml<\/strong>: Energy: 3700kJ \/ 900kcal; Lipids: 100g &#8211; of which saturated: 86g; Carbohydrates: 0g &#8211; of which sugars: 0g; Fiber: 0g; Proteins: 0g; Salt: 0g.<\/p>\n","protected":false},"featured_media":9078,"comment_status":"closed","ping_status":"closed","template":"","meta":[],"product_cat":[23],"product_tag":[],"class_list":["post-1323","product","type-product","status-publish","has-post-thumbnail","hentry","product_cat-azeite-oleo-vinagre"],"bundle_layout":"","bundled_by":[],"bundled_items":[],"yoast_head":"<!-- This site is optimized with the Yoast SEO plugin v26.3 - https:\/\/yoast.com\/wordpress\/plugins\/seo\/ -->\n<title>PR\u00d3VIDA ORGANIC COCONUT OIL 270ML<\/title>\n<meta name=\"description\" content=\"\u00d3LEO COCO VIRGEM BIO 270ML PROVIDA\" \/>\n<meta name=\"robots\" content=\"index, follow, max-snippet:-1, max-image-preview:large, max-video-preview:-1\" \/>\n<link rel=\"canonical\" href=\"https:\/\/biocabaz.pt\/web\/en\/produto\/oleo-coco-virgem-bio-270ml-provida\/\" \/>\n<meta property=\"og:locale\" content=\"pt_PT\" \/>\n<meta property=\"og:locale:alternate\" content=\"pt_PT\" \/>\n<meta property=\"og:type\" content=\"article\" \/>\n<meta property=\"og:title\" content=\"PR\u00d3VIDA ORGANIC COCONUT OIL 270ML\" \/>\n<meta property=\"og:description\" content=\"\u00d3LEO COCO VIRGEM BIO 270ML PROVIDA\" \/>\n<meta property=\"og:url\" content=\"https:\/\/biocabaz.pt\/web\/en\/produto\/oleo-coco-virgem-bio-270ml-provida\/\" \/>\n<meta property=\"og:site_name\" content=\"CABAZES BIOL\u00d3GICOS\" \/>\n<meta property=\"article:modified_time\" content=\"2025-06-09T09:53:18+00:00\" \/>\n<meta property=\"og:image\" content=\"https:\/\/www.biocabaz.pt\/web\/wp-conteudos\/uploads\/2016\/04\/\u00d3LEO-COCO-VIRGEM-BIO-270ML-PROVIDA.jpg\" \/>\n\t<meta property=\"og:image:width\" content=\"300\" \/>\n\t<meta property=\"og:image:height\" content=\"326\" \/>\n\t<meta property=\"og:image:type\" content=\"image\/jpeg\" \/>\n<meta name=\"twitter:card\" content=\"summary_large_image\" \/>\n<meta name=\"twitter:label1\" content=\"Est. reading time\" \/>\n\t<meta name=\"twitter:data1\" content=\"1 minute\" \/>\n<script type=\"application\/ld+json\" class=\"yoast-schema-graph\">{\"@context\":\"https:\/\/schema.org\",\"@graph\":[{\"@type\":\"WebPage\",\"@id\":\"https:\/\/biocabaz.pt\/web\/en\/produto\/oleo-coco-virgem-bio-270ml-provida\/\",\"url\":\"https:\/\/biocabaz.pt\/web\/en\/produto\/oleo-coco-virgem-bio-270ml-provida\/\",\"name\":\"PR\u00d3VIDA ORGANIC COCONUT OIL 270ML\",\"isPartOf\":{\"@id\":\"https:\/\/biocabaz.pt\/web\/#website\"},\"primaryImageOfPage\":{\"@id\":\"https:\/\/biocabaz.pt\/web\/en\/produto\/oleo-coco-virgem-bio-270ml-provida\/#primaryimage\"},\"image\":{\"@id\":\"https:\/\/biocabaz.pt\/web\/en\/produto\/oleo-coco-virgem-bio-270ml-provida\/#primaryimage\"},\"thumbnailUrl\":\"https:\/\/www.biocabaz.pt\/web\/wp-conteudos\/uploads\/2016\/04\/\u00d3LEO-COCO-VIRGEM-BIO-270ML-PROVIDA.jpg\",\"datePublished\":\"2016-04-23T20:53:20+00:00\",\"dateModified\":\"2025-06-09T09:53:18+00:00\",\"description\":\"\u00d3LEO COCO VIRGEM BIO 270ML PROVIDA\",\"breadcrumb\":{\"@id\":\"https:\/\/biocabaz.pt\/web\/en\/produto\/oleo-coco-virgem-bio-270ml-provida\/#breadcrumb\"},\"inLanguage\":\"pt-PT\",\"potentialAction\":[{\"@type\":\"ReadAction\",\"target\":[\"https:\/\/biocabaz.pt\/web\/en\/produto\/oleo-coco-virgem-bio-270ml-provida\/\"]}]},{\"@type\":\"ImageObject\",\"inLanguage\":\"pt-PT\",\"@id\":\"https:\/\/biocabaz.pt\/web\/en\/produto\/oleo-coco-virgem-bio-270ml-provida\/#primaryimage\",\"url\":\"https:\/\/www.biocabaz.pt\/web\/wp-conteudos\/uploads\/2016\/04\/\u00d3LEO-COCO-VIRGEM-BIO-270ML-PROVIDA.jpg\",\"contentUrl\":\"https:\/\/www.biocabaz.pt\/web\/wp-conteudos\/uploads\/2016\/04\/\u00d3LEO-COCO-VIRGEM-BIO-270ML-PROVIDA.jpg\",\"width\":300,\"height\":326,\"caption\":\"\u00d3LEO COCO VIRGEM BIO 270ML PROVIDA\"},{\"@type\":\"BreadcrumbList\",\"@id\":\"https:\/\/biocabaz.pt\/web\/en\/produto\/oleo-coco-virgem-bio-270ml-provida\/#breadcrumb\",\"itemListElement\":[{\"@type\":\"ListItem\",\"position\":1,\"name\":\"Home\",\"item\":\"https:\/\/biocabaz.pt\/web\/\"},{\"@type\":\"ListItem\",\"position\":2,\"name\":\"Loja\",\"item\":\"https:\/\/biocabaz.pt\/web\/shop\/\"},{\"@type\":\"ListItem\",\"position\":3,\"name\":\"PR\u00d3VIDA ORGANIC COCONUT OIL 270ML\"}]},{\"@type\":\"WebSite\",\"@id\":\"https:\/\/biocabaz.pt\/web\/#website\",\"url\":\"https:\/\/biocabaz.pt\/web\/\",\"name\":\"CABAZES BIOL\u00d3GICOS\",\"description\":\"One+Number\",\"potentialAction\":[{\"@type\":\"SearchAction\",\"target\":{\"@type\":\"EntryPoint\",\"urlTemplate\":\"https:\/\/biocabaz.pt\/web\/?s={search_term_string}\"},\"query-input\":{\"@type\":\"PropertyValueSpecification\",\"valueRequired\":true,\"valueName\":\"search_term_string\"}}],\"inLanguage\":\"pt-PT\"}]}<\/script>\n<!-- \/ Yoast SEO plugin. -->","yoast_head_json":{"title":"PR\u00d3VIDA ORGANIC COCONUT OIL 270ML","description":"\u00d3LEO COCO VIRGEM BIO 270ML PROVIDA","robots":{"index":"index","follow":"follow","max-snippet":"max-snippet:-1","max-image-preview":"max-image-preview:large","max-video-preview":"max-video-preview:-1"},"canonical":"https:\/\/biocabaz.pt\/web\/en\/produto\/oleo-coco-virgem-bio-270ml-provida\/","og_locale":"pt_PT","og_type":"article","og_title":"[:en]PR\u00d3VIDA ORGANIC COCONUT OIL 270ML[:pt]\u00d3LEO COCO EXTRA VIRGEM BIO 270ML PROVIDA[:] - CABAZES BIOL\u00d3GICOS","og_description":"\u00d3LEO COCO VIRGEM BIO 270ML PROVIDA","og_url":"https:\/\/biocabaz.pt\/web\/en\/produto\/oleo-coco-virgem-bio-270ml-provida\/","og_site_name":"CABAZES BIOL\u00d3GICOS","article_modified_time":"2025-06-09T09:53:18+00:00","og_image":[{"width":300,"height":326,"url":"https:\/\/www.biocabaz.pt\/web\/wp-conteudos\/uploads\/2016\/04\/\u00d3LEO-COCO-VIRGEM-BIO-270ML-PROVIDA.jpg","type":"image\/jpeg"}],"twitter_card":"summary_large_image","twitter_misc":{"Est. reading time":"1 minute"},"schema":{"@context":"https:\/\/schema.org","@graph":[{"@type":"WebPage","@id":"https:\/\/biocabaz.pt\/web\/en\/produto\/oleo-coco-virgem-bio-270ml-provida\/","url":"https:\/\/biocabaz.pt\/web\/en\/produto\/oleo-coco-virgem-bio-270ml-provida\/","name":"PR\u00d3VIDA ORGANIC COCONUT OIL 270ML","isPartOf":{"@id":"https:\/\/biocabaz.pt\/web\/#website"},"primaryImageOfPage":{"@id":"https:\/\/biocabaz.pt\/web\/en\/produto\/oleo-coco-virgem-bio-270ml-provida\/#primaryimage"},"image":{"@id":"https:\/\/biocabaz.pt\/web\/en\/produto\/oleo-coco-virgem-bio-270ml-provida\/#primaryimage"},"thumbnailUrl":"https:\/\/www.biocabaz.pt\/web\/wp-conteudos\/uploads\/2016\/04\/\u00d3LEO-COCO-VIRGEM-BIO-270ML-PROVIDA.jpg","datePublished":"2016-04-23T20:53:20+00:00","dateModified":"2025-06-09T09:53:18+00:00","description":"\u00d3LEO COCO VIRGEM BIO 270ML PROVIDA","breadcrumb":{"@id":"https:\/\/biocabaz.pt\/web\/en\/produto\/oleo-coco-virgem-bio-270ml-provida\/#breadcrumb"},"inLanguage":"pt-PT","potentialAction":[{"@type":"ReadAction","target":["https:\/\/biocabaz.pt\/web\/en\/produto\/oleo-coco-virgem-bio-270ml-provida\/"]}]},{"@type":"ImageObject","inLanguage":"pt-PT","@id":"https:\/\/biocabaz.pt\/web\/en\/produto\/oleo-coco-virgem-bio-270ml-provida\/#primaryimage","url":"https:\/\/www.biocabaz.pt\/web\/wp-conteudos\/uploads\/2016\/04\/\u00d3LEO-COCO-VIRGEM-BIO-270ML-PROVIDA.jpg","contentUrl":"https:\/\/www.biocabaz.pt\/web\/wp-conteudos\/uploads\/2016\/04\/\u00d3LEO-COCO-VIRGEM-BIO-270ML-PROVIDA.jpg","width":300,"height":326,"caption":"\u00d3LEO COCO VIRGEM BIO 270ML PROVIDA"},{"@type":"BreadcrumbList","@id":"https:\/\/biocabaz.pt\/web\/en\/produto\/oleo-coco-virgem-bio-270ml-provida\/#breadcrumb","itemListElement":[{"@type":"ListItem","position":1,"name":"Home","item":"https:\/\/biocabaz.pt\/web\/"},{"@type":"ListItem","position":2,"name":"Loja","item":"https:\/\/biocabaz.pt\/web\/shop\/"},{"@type":"ListItem","position":3,"name":"PR\u00d3VIDA ORGANIC COCONUT OIL 270ML"}]},{"@type":"WebSite","@id":"https:\/\/biocabaz.pt\/web\/#website","url":"https:\/\/biocabaz.pt\/web\/","name":"CABAZES BIOL\u00d3GICOS","description":"One+Number","potentialAction":[{"@type":"SearchAction","target":{"@type":"EntryPoint","urlTemplate":"https:\/\/biocabaz.pt\/web\/?s={search_term_string}"},"query-input":{"@type":"PropertyValueSpecification","valueRequired":true,"valueName":"search_term_string"}}],"inLanguage":"pt-PT"}]}},"_links":{"self":[{"href":"https:\/\/biocabaz.pt\/web\/en\/wp-json\/wp\/v2\/product\/1323","targetHints":{"allow":["GET"]}}],"collection":[{"href":"https:\/\/biocabaz.pt\/web\/en\/wp-json\/wp\/v2\/product"}],"about":[{"href":"https:\/\/biocabaz.pt\/web\/en\/wp-json\/wp\/v2\/types\/product"}],"replies":[{"embeddable":true,"href":"https:\/\/biocabaz.pt\/web\/en\/wp-json\/wp\/v2\/comments?post=1323"}],"wp:featuredmedia":[{"embeddable":true,"href":"https:\/\/biocabaz.pt\/web\/en\/wp-json\/wp\/v2\/media\/9078"}],"wp:attachment":[{"href":"https:\/\/biocabaz.pt\/web\/en\/wp-json\/wp\/v2\/media?parent=1323"}],"wp:term":[{"taxonomy":"product_cat","embeddable":true,"href":"https:\/\/biocabaz.pt\/web\/en\/wp-json\/wp\/v2\/product_cat?post=1323"},{"taxonomy":"product_tag","embeddable":true,"href":"https:\/\/biocabaz.pt\/web\/en\/wp-json\/wp\/v2\/product_tag?post=1323"}],"curies":[{"name":"wp","href":"https:\/\/api.w.org\/{rel}","templated":true}]}}