{"id":122904,"date":"2025-06-12T10:42:23","date_gmt":"2025-06-12T10:42:23","guid":{"rendered":"https:\/\/www.biocabaz.pt\/web\/?post_type=product&#038;p=122904"},"modified":"2025-06-12T10:42:23","modified_gmt":"2025-06-12T10:42:23","slug":"massa-esparguete-deen-500g","status":"publish","type":"product","link":"https:\/\/biocabaz.pt\/web\/en\/produto\/massa-esparguete-deen-500g\/","title":{"rendered":"MASSA ESPARGUETE DEEN 500G"},"content":{"rendered":"<h4>Ingredientes<\/h4>\n<p>Ingredientes: s\u00eamola de TRIGO duro*. *= de agricultura biol\u00f3gica controlada. Alerg\u00e9nios: Pode conter vest\u00edgios de SOJA e MOSTARDA.<\/p>\n<h4>Declara\u00e7\u00e3o nutricional<\/h4>\n<p>Declara\u00e7\u00e3o nutricional m\u00e9dia por 100g: Energia: 1516kJ\/358kcal; l\u00edpidos: 1,5g; dos quais saturados: 0,3g; hidratos de carbono: 73g; dos quais a\u00e7\u00facares: 3g; prote\u00ednas: 12g; sal: <0,01g. Controlo: IT-BIO-008. Agricultura: UE. Tempo de cozedura: 8 minutos. Conservar em local fresco e seco.\n<\/p>\n","protected":false},"excerpt":{"rendered":"<p>Ingredientes Ingredientes: s\u00eamola de TRIGO duro*. *= de agricultura biol\u00f3gica controlada. Alerg\u00e9nios: Pode conter vest\u00edgios de SOJA e MOSTARDA. Declara\u00e7\u00e3o nutricional Declara\u00e7\u00e3o nutricional m\u00e9dia por 100g: Energia: 1516kJ\/358kcal; l\u00edpidos: 1,5g; dos quais saturados: 0,3g; hidratos de carbono: 73g; dos quais a\u00e7\u00facares: 3g; prote\u00ednas: 12g; sal:<\/p>\n","protected":false},"featured_media":122905,"comment_status":"closed","ping_status":"closed","template":"","meta":[],"product_cat":[26],"product_tag":[],"class_list":["post-122904","product","type-product","status-publish","has-post-thumbnail","hentry","product_cat-massas"],"bundle_layout":"","bundled_by":[],"bundled_items":[],"yoast_head":"<!-- This site is optimized with the Yoast SEO plugin v26.3 - https:\/\/yoast.com\/wordpress\/plugins\/seo\/ -->\n<title>MASSA ESPARGUETE DEEN 500G<\/title>\n<meta name=\"description\" content=\"MASSA ESPARGUETE DEEN 500G\" \/>\n<meta name=\"robots\" content=\"index, follow, max-snippet:-1, max-image-preview:large, max-video-preview:-1\" \/>\n<link rel=\"canonical\" href=\"https:\/\/www.biocabaz.pt\/web\/produto\/massa-esparguete-deen-500g\/\" \/>\n<meta property=\"og:locale\" content=\"pt_PT\" \/>\n<meta property=\"og:locale:alternate\" content=\"pt_PT\" \/>\n<meta property=\"og:type\" content=\"article\" \/>\n<meta property=\"og:title\" content=\"MASSA ESPARGUETE DEEN 500G\" \/>\n<meta property=\"og:description\" content=\"MASSA ESPARGUETE DEEN 500G\" \/>\n<meta property=\"og:url\" content=\"https:\/\/biocabaz.pt\/web\/en\/produto\/massa-esparguete-deen-500g\/\" \/>\n<meta property=\"og:site_name\" content=\"CABAZES BIOL\u00d3GICOS\" \/>\n<meta property=\"og:image\" content=\"https:\/\/www.biocabaz.pt\/web\/wp-conteudos\/uploads\/2025\/06\/massa-esparguete-deen-500g.jpg\" \/>\n\t<meta property=\"og:image:width\" content=\"1000\" \/>\n\t<meta property=\"og:image:height\" content=\"1000\" \/>\n\t<meta property=\"og:image:type\" content=\"image\/jpeg\" \/>\n<meta name=\"twitter:card\" content=\"summary_large_image\" \/>\n<meta name=\"twitter:label1\" content=\"Est. reading time\" \/>\n\t<meta name=\"twitter:data1\" content=\"1 minute\" \/>\n<script type=\"application\/ld+json\" class=\"yoast-schema-graph\">{\"@context\":\"https:\/\/schema.org\",\"@graph\":[{\"@type\":\"WebPage\",\"@id\":\"https:\/\/www.biocabaz.pt\/web\/produto\/massa-esparguete-deen-500g\/\",\"url\":\"https:\/\/www.biocabaz.pt\/web\/produto\/massa-esparguete-deen-500g\/\",\"name\":\"MASSA ESPARGUETE DEEN 500G\",\"isPartOf\":{\"@id\":\"https:\/\/www.biocabaz.pt\/web\/#website\"},\"primaryImageOfPage\":{\"@id\":\"https:\/\/www.biocabaz.pt\/web\/produto\/massa-esparguete-deen-500g\/#primaryimage\"},\"image\":{\"@id\":\"https:\/\/www.biocabaz.pt\/web\/produto\/massa-esparguete-deen-500g\/#primaryimage\"},\"thumbnailUrl\":\"https:\/\/www.biocabaz.pt\/web\/wp-conteudos\/uploads\/2025\/06\/massa-esparguete-deen-500g.jpg\",\"datePublished\":\"2025-06-12T10:42:23+00:00\",\"description\":\"MASSA ESPARGUETE DEEN 500G\",\"breadcrumb\":{\"@id\":\"https:\/\/www.biocabaz.pt\/web\/produto\/massa-esparguete-deen-500g\/#breadcrumb\"},\"inLanguage\":\"pt-PT\",\"potentialAction\":[{\"@type\":\"ReadAction\",\"target\":[\"https:\/\/www.biocabaz.pt\/web\/produto\/massa-esparguete-deen-500g\/\"]}]},{\"@type\":\"ImageObject\",\"inLanguage\":\"pt-PT\",\"@id\":\"https:\/\/www.biocabaz.pt\/web\/produto\/massa-esparguete-deen-500g\/#primaryimage\",\"url\":\"https:\/\/www.biocabaz.pt\/web\/wp-conteudos\/uploads\/2025\/06\/massa-esparguete-deen-500g.jpg\",\"contentUrl\":\"https:\/\/www.biocabaz.pt\/web\/wp-conteudos\/uploads\/2025\/06\/massa-esparguete-deen-500g.jpg\",\"width\":1000,\"height\":1000,\"caption\":\"MASSA ESPARGUETE DEEN 500G\"},{\"@type\":\"BreadcrumbList\",\"@id\":\"https:\/\/www.biocabaz.pt\/web\/produto\/massa-esparguete-deen-500g\/#breadcrumb\",\"itemListElement\":[{\"@type\":\"ListItem\",\"position\":1,\"name\":\"Home\",\"item\":\"https:\/\/www.biocabaz.pt\/web\/\"},{\"@type\":\"ListItem\",\"position\":2,\"name\":\"Loja\",\"item\":\"https:\/\/www.biocabaz.pt\/web\/shop\/\"},{\"@type\":\"ListItem\",\"position\":3,\"name\":\"MASSA ESPARGUETE DEEN 500G\"}]},{\"@type\":\"WebSite\",\"@id\":\"https:\/\/www.biocabaz.pt\/web\/#website\",\"url\":\"https:\/\/www.biocabaz.pt\/web\/\",\"name\":\"CABAZES BIOL\u00d3GICOS\",\"description\":\"One+Number\",\"potentialAction\":[{\"@type\":\"SearchAction\",\"target\":{\"@type\":\"EntryPoint\",\"urlTemplate\":\"https:\/\/www.biocabaz.pt\/web\/?s={search_term_string}\"},\"query-input\":{\"@type\":\"PropertyValueSpecification\",\"valueRequired\":true,\"valueName\":\"search_term_string\"}}],\"inLanguage\":\"pt-PT\"}]}<\/script>\n<!-- \/ Yoast SEO plugin. -->","yoast_head_json":{"title":"MASSA ESPARGUETE DEEN 500G","description":"MASSA ESPARGUETE DEEN 500G","robots":{"index":"index","follow":"follow","max-snippet":"max-snippet:-1","max-image-preview":"max-image-preview:large","max-video-preview":"max-video-preview:-1"},"canonical":"https:\/\/www.biocabaz.pt\/web\/produto\/massa-esparguete-deen-500g\/","og_locale":"pt_PT","og_type":"article","og_title":"[:pt]MASSA ESPARGUETE DEEN 500G[:] - CABAZES BIOL\u00d3GICOS","og_description":"MASSA ESPARGUETE DEEN 500G","og_url":"https:\/\/biocabaz.pt\/web\/en\/produto\/massa-esparguete-deen-500g\/","og_site_name":"CABAZES BIOL\u00d3GICOS","og_image":[{"width":1000,"height":1000,"url":"https:\/\/www.biocabaz.pt\/web\/wp-conteudos\/uploads\/2025\/06\/massa-esparguete-deen-500g.jpg","type":"image\/jpeg"}],"twitter_card":"summary_large_image","twitter_misc":{"Est. reading time":"1 minute"},"schema":{"@context":"https:\/\/schema.org","@graph":[{"@type":"WebPage","@id":"https:\/\/www.biocabaz.pt\/web\/produto\/massa-esparguete-deen-500g\/","url":"https:\/\/www.biocabaz.pt\/web\/produto\/massa-esparguete-deen-500g\/","name":"MASSA ESPARGUETE DEEN 500G","isPartOf":{"@id":"https:\/\/www.biocabaz.pt\/web\/#website"},"primaryImageOfPage":{"@id":"https:\/\/www.biocabaz.pt\/web\/produto\/massa-esparguete-deen-500g\/#primaryimage"},"image":{"@id":"https:\/\/www.biocabaz.pt\/web\/produto\/massa-esparguete-deen-500g\/#primaryimage"},"thumbnailUrl":"https:\/\/www.biocabaz.pt\/web\/wp-conteudos\/uploads\/2025\/06\/massa-esparguete-deen-500g.jpg","datePublished":"2025-06-12T10:42:23+00:00","description":"MASSA ESPARGUETE DEEN 500G","breadcrumb":{"@id":"https:\/\/www.biocabaz.pt\/web\/produto\/massa-esparguete-deen-500g\/#breadcrumb"},"inLanguage":"pt-PT","potentialAction":[{"@type":"ReadAction","target":["https:\/\/www.biocabaz.pt\/web\/produto\/massa-esparguete-deen-500g\/"]}]},{"@type":"ImageObject","inLanguage":"pt-PT","@id":"https:\/\/www.biocabaz.pt\/web\/produto\/massa-esparguete-deen-500g\/#primaryimage","url":"https:\/\/www.biocabaz.pt\/web\/wp-conteudos\/uploads\/2025\/06\/massa-esparguete-deen-500g.jpg","contentUrl":"https:\/\/www.biocabaz.pt\/web\/wp-conteudos\/uploads\/2025\/06\/massa-esparguete-deen-500g.jpg","width":1000,"height":1000,"caption":"MASSA ESPARGUETE DEEN 500G"},{"@type":"BreadcrumbList","@id":"https:\/\/www.biocabaz.pt\/web\/produto\/massa-esparguete-deen-500g\/#breadcrumb","itemListElement":[{"@type":"ListItem","position":1,"name":"Home","item":"https:\/\/www.biocabaz.pt\/web\/"},{"@type":"ListItem","position":2,"name":"Loja","item":"https:\/\/www.biocabaz.pt\/web\/shop\/"},{"@type":"ListItem","position":3,"name":"MASSA ESPARGUETE DEEN 500G"}]},{"@type":"WebSite","@id":"https:\/\/www.biocabaz.pt\/web\/#website","url":"https:\/\/www.biocabaz.pt\/web\/","name":"CABAZES BIOL\u00d3GICOS","description":"One+Number","potentialAction":[{"@type":"SearchAction","target":{"@type":"EntryPoint","urlTemplate":"https:\/\/www.biocabaz.pt\/web\/?s={search_term_string}"},"query-input":{"@type":"PropertyValueSpecification","valueRequired":true,"valueName":"search_term_string"}}],"inLanguage":"pt-PT"}]}},"_links":{"self":[{"href":"https:\/\/biocabaz.pt\/web\/en\/wp-json\/wp\/v2\/product\/122904","targetHints":{"allow":["GET"]}}],"collection":[{"href":"https:\/\/biocabaz.pt\/web\/en\/wp-json\/wp\/v2\/product"}],"about":[{"href":"https:\/\/biocabaz.pt\/web\/en\/wp-json\/wp\/v2\/types\/product"}],"replies":[{"embeddable":true,"href":"https:\/\/biocabaz.pt\/web\/en\/wp-json\/wp\/v2\/comments?post=122904"}],"wp:featuredmedia":[{"embeddable":true,"href":"https:\/\/biocabaz.pt\/web\/en\/wp-json\/wp\/v2\/media\/122905"}],"wp:attachment":[{"href":"https:\/\/biocabaz.pt\/web\/en\/wp-json\/wp\/v2\/media?parent=122904"}],"wp:term":[{"taxonomy":"product_cat","embeddable":true,"href":"https:\/\/biocabaz.pt\/web\/en\/wp-json\/wp\/v2\/product_cat?post=122904"},{"taxonomy":"product_tag","embeddable":true,"href":"https:\/\/biocabaz.pt\/web\/en\/wp-json\/wp\/v2\/product_tag?post=122904"}],"curies":[{"name":"wp","href":"https:\/\/api.w.org\/{rel}","templated":true}]}}