{"id":122896,"date":"2025-06-12T10:09:27","date_gmt":"2025-06-12T10:09:27","guid":{"rendered":"https:\/\/www.biocabaz.pt\/web\/?post_type=product&#038;p=122896"},"modified":"2025-06-12T10:09:29","modified_gmt":"2025-06-12T10:09:29","slug":"polenta-instantanea-bio-500g-la-finestra-sul-cielo","status":"publish","type":"product","link":"https:\/\/biocabaz.pt\/web\/en\/produto\/polenta-instantanea-bio-500g-la-finestra-sul-cielo\/","title":{"rendered":"Polenta Instant\u00e2nea Bio 500g La finestra Sul Cielo"},"content":{"rendered":"<p><span class=\"nutritional-important\"><strong>Ingredientes<\/strong>:\u00a0<\/span>Milho<\/p>\n<p>&nbsp;<\/p>\n<div class=\"nutritional-table margin-top-10\">\n<div class=\"nutritional-important\"><strong>Informa\u00e7\u00e3o Nutricional<\/strong><\/div>\n<div class=\"nutritional-row layout-row\">\n<div class=\"text-right\"><\/div>\n<\/div>\n<\/div>\n<div class=\"layout-row margin-10\">Quantidade por <a class=\"btn btn-mini change-base\" data-base=\"100\">100 g<\/a><\/div>\n<div class=\"nutritional-table\">\n<div class=\"nutritional-row layout-row\">\n<div class=\"nutritional-important\">Valor Energ\u00e9tico 1472.77 kJ \/ 352 Kcal<\/div>\n<\/div>\n<div class=\"nutritional-row layout-row\">\n<div class=\"nutritional-important\">Gorduras 1.5 g<\/div>\n<\/div>\n<div class=\"nutritional-row layout-row\">\n<div class=\"padding-left-20\">Das quais saturadas 0.3 g<\/div>\n<\/div>\n<div class=\"nutritional-row layout-row\">\n<div class=\"nutritional-important\">Hidratos de carbono 77.4 g<\/div>\n<\/div>\n<div class=\"nutritional-row layout-row\">\n<div class=\"padding-left-20\">Dos quais a\u00e7\u00facares 0.8 g<\/div>\n<\/div>\n<div class=\"nutritional-row layout-row\">\n<div class=\"nutritional-important\">Prote\u00ednas 6.3 g<\/div>\n<\/div>\n<div class=\"nutritional-row layout-row\">\n<div class=\"nutritional-important\">Fibra alimentar 1.9 g<\/div>\n<\/div>\n<div class=\"nutritional-row layout-row\">\n<div class=\"nutritional-important\">Sal 0.03 g<\/div>\n<\/div>\n<\/div>\n","protected":false},"excerpt":{"rendered":"<p>Ingredientes:\u00a0Milho &nbsp; Informa\u00e7\u00e3o Nutricional Quantidade por 100 g Valor Energ\u00e9tico 1472.77 kJ \/ 352 Kcal Gorduras 1.5 g Das quais saturadas 0.3 g Hidratos de carbono 77.4 g Dos quais a\u00e7\u00facares 0.8 g Prote\u00ednas 6.3 g Fibra alimentar 1.9 g Sal 0.03 g<\/p>\n","protected":false},"featured_media":122897,"comment_status":"closed","ping_status":"closed","template":"","meta":[],"product_cat":[25],"product_tag":[],"class_list":["post-122896","product","type-product","status-publish","has-post-thumbnail","hentry","product_cat-leguminosas"],"bundle_layout":"","bundled_by":[],"bundled_items":[],"yoast_head":"<!-- This site is optimized with the Yoast SEO plugin v26.3 - https:\/\/yoast.com\/wordpress\/plugins\/seo\/ -->\n<title>Polenta Instant\u00e2nea Bio 500g La finestra Sul Cielo<\/title>\n<meta name=\"description\" content=\"Polenta Instant\u00e2nea Bio 500g La finestra Sul Cielo\" \/>\n<meta name=\"robots\" content=\"index, follow, max-snippet:-1, max-image-preview:large, max-video-preview:-1\" \/>\n<link rel=\"canonical\" href=\"https:\/\/biocabaz.pt\/web\/en\/produto\/polenta-instantanea-bio-500g-la-finestra-sul-cielo\/\" \/>\n<meta property=\"og:locale\" content=\"pt_PT\" \/>\n<meta property=\"og:locale:alternate\" content=\"pt_PT\" \/>\n<meta property=\"og:type\" content=\"article\" \/>\n<meta property=\"og:title\" content=\"Polenta Instant\u00e2nea Bio 500g La finestra Sul Cielo\" \/>\n<meta property=\"og:description\" content=\"Polenta Instant\u00e2nea Bio 500g La finestra Sul Cielo\" \/>\n<meta property=\"og:url\" content=\"https:\/\/biocabaz.pt\/web\/en\/produto\/polenta-instantanea-bio-500g-la-finestra-sul-cielo\/\" \/>\n<meta property=\"og:site_name\" content=\"CABAZES BIOL\u00d3GICOS\" \/>\n<meta property=\"article:modified_time\" content=\"2025-06-12T10:09:29+00:00\" \/>\n<meta property=\"og:image\" content=\"https:\/\/www.biocabaz.pt\/web\/wp-conteudos\/uploads\/2025\/06\/polenta-instantanea-bio-500g-la-finestra-sul-cielo.webp\" \/>\n\t<meta property=\"og:image:width\" content=\"250\" \/>\n\t<meta property=\"og:image:height\" content=\"250\" \/>\n\t<meta property=\"og:image:type\" content=\"image\/webp\" \/>\n<meta name=\"twitter:card\" content=\"summary_large_image\" \/>\n<meta name=\"twitter:label1\" content=\"Est. reading time\" \/>\n\t<meta name=\"twitter:data1\" content=\"1 minute\" \/>\n<script type=\"application\/ld+json\" class=\"yoast-schema-graph\">{\"@context\":\"https:\/\/schema.org\",\"@graph\":[{\"@type\":\"WebPage\",\"@id\":\"https:\/\/biocabaz.pt\/web\/en\/produto\/polenta-instantanea-bio-500g-la-finestra-sul-cielo\/\",\"url\":\"https:\/\/biocabaz.pt\/web\/en\/produto\/polenta-instantanea-bio-500g-la-finestra-sul-cielo\/\",\"name\":\"Polenta Instant\u00e2nea Bio 500g La finestra Sul Cielo\",\"isPartOf\":{\"@id\":\"https:\/\/biocabaz.pt\/web\/en\/#website\"},\"primaryImageOfPage\":{\"@id\":\"https:\/\/biocabaz.pt\/web\/en\/produto\/polenta-instantanea-bio-500g-la-finestra-sul-cielo\/#primaryimage\"},\"image\":{\"@id\":\"https:\/\/biocabaz.pt\/web\/en\/produto\/polenta-instantanea-bio-500g-la-finestra-sul-cielo\/#primaryimage\"},\"thumbnailUrl\":\"https:\/\/www.biocabaz.pt\/web\/wp-conteudos\/uploads\/2025\/06\/polenta-instantanea-bio-500g-la-finestra-sul-cielo.webp\",\"datePublished\":\"2025-06-12T10:09:27+00:00\",\"dateModified\":\"2025-06-12T10:09:29+00:00\",\"description\":\"Polenta Instant\u00e2nea Bio 500g La finestra Sul Cielo\",\"breadcrumb\":{\"@id\":\"https:\/\/biocabaz.pt\/web\/en\/produto\/polenta-instantanea-bio-500g-la-finestra-sul-cielo\/#breadcrumb\"},\"inLanguage\":\"pt-PT\",\"potentialAction\":[{\"@type\":\"ReadAction\",\"target\":[\"https:\/\/biocabaz.pt\/web\/en\/produto\/polenta-instantanea-bio-500g-la-finestra-sul-cielo\/\"]}]},{\"@type\":\"ImageObject\",\"inLanguage\":\"pt-PT\",\"@id\":\"https:\/\/biocabaz.pt\/web\/en\/produto\/polenta-instantanea-bio-500g-la-finestra-sul-cielo\/#primaryimage\",\"url\":\"https:\/\/www.biocabaz.pt\/web\/wp-conteudos\/uploads\/2025\/06\/polenta-instantanea-bio-500g-la-finestra-sul-cielo.webp\",\"contentUrl\":\"https:\/\/www.biocabaz.pt\/web\/wp-conteudos\/uploads\/2025\/06\/polenta-instantanea-bio-500g-la-finestra-sul-cielo.webp\",\"width\":250,\"height\":250,\"caption\":\"Polenta Instant\u00e2nea Bio 500g La finestra Sul Cielo\"},{\"@type\":\"BreadcrumbList\",\"@id\":\"https:\/\/biocabaz.pt\/web\/en\/produto\/polenta-instantanea-bio-500g-la-finestra-sul-cielo\/#breadcrumb\",\"itemListElement\":[{\"@type\":\"ListItem\",\"position\":1,\"name\":\"Home\",\"item\":\"https:\/\/biocabaz.pt\/web\/en\/\"},{\"@type\":\"ListItem\",\"position\":2,\"name\":\"Shop\",\"item\":\"https:\/\/biocabaz.pt\/web\/en\/shop\/\"},{\"@type\":\"ListItem\",\"position\":3,\"name\":\"Polenta Instant\u00e2nea Bio 500g La finestra Sul Cielo\"}]},{\"@type\":\"WebSite\",\"@id\":\"https:\/\/biocabaz.pt\/web\/en\/#website\",\"url\":\"https:\/\/biocabaz.pt\/web\/en\/\",\"name\":\"CABAZES BIOL\u00d3GICOS\",\"description\":\"One+Number\",\"potentialAction\":[{\"@type\":\"SearchAction\",\"target\":{\"@type\":\"EntryPoint\",\"urlTemplate\":\"https:\/\/biocabaz.pt\/web\/en\/?s={search_term_string}\"},\"query-input\":{\"@type\":\"PropertyValueSpecification\",\"valueRequired\":true,\"valueName\":\"search_term_string\"}}],\"inLanguage\":\"pt-PT\"}]}<\/script>\n<!-- \/ Yoast SEO plugin. -->","yoast_head_json":{"title":"Polenta Instant\u00e2nea Bio 500g La finestra Sul Cielo","description":"Polenta Instant\u00e2nea Bio 500g La finestra Sul Cielo","robots":{"index":"index","follow":"follow","max-snippet":"max-snippet:-1","max-image-preview":"max-image-preview:large","max-video-preview":"max-video-preview:-1"},"canonical":"https:\/\/biocabaz.pt\/web\/en\/produto\/polenta-instantanea-bio-500g-la-finestra-sul-cielo\/","og_locale":"pt_PT","og_type":"article","og_title":"[:pt]Polenta Instant\u00e2nea Bio 500g La finestra Sul Cielo[:] - CABAZES BIOL\u00d3GICOS","og_description":"Polenta Instant\u00e2nea Bio 500g La finestra Sul Cielo","og_url":"https:\/\/biocabaz.pt\/web\/en\/produto\/polenta-instantanea-bio-500g-la-finestra-sul-cielo\/","og_site_name":"CABAZES BIOL\u00d3GICOS","article_modified_time":"2025-06-12T10:09:29+00:00","og_image":[{"width":250,"height":250,"url":"https:\/\/www.biocabaz.pt\/web\/wp-conteudos\/uploads\/2025\/06\/polenta-instantanea-bio-500g-la-finestra-sul-cielo.webp","type":"image\/webp"}],"twitter_card":"summary_large_image","twitter_misc":{"Est. reading time":"1 minute"},"schema":{"@context":"https:\/\/schema.org","@graph":[{"@type":"WebPage","@id":"https:\/\/biocabaz.pt\/web\/en\/produto\/polenta-instantanea-bio-500g-la-finestra-sul-cielo\/","url":"https:\/\/biocabaz.pt\/web\/en\/produto\/polenta-instantanea-bio-500g-la-finestra-sul-cielo\/","name":"Polenta Instant\u00e2nea Bio 500g La finestra Sul Cielo","isPartOf":{"@id":"https:\/\/biocabaz.pt\/web\/en\/#website"},"primaryImageOfPage":{"@id":"https:\/\/biocabaz.pt\/web\/en\/produto\/polenta-instantanea-bio-500g-la-finestra-sul-cielo\/#primaryimage"},"image":{"@id":"https:\/\/biocabaz.pt\/web\/en\/produto\/polenta-instantanea-bio-500g-la-finestra-sul-cielo\/#primaryimage"},"thumbnailUrl":"https:\/\/www.biocabaz.pt\/web\/wp-conteudos\/uploads\/2025\/06\/polenta-instantanea-bio-500g-la-finestra-sul-cielo.webp","datePublished":"2025-06-12T10:09:27+00:00","dateModified":"2025-06-12T10:09:29+00:00","description":"Polenta Instant\u00e2nea Bio 500g La finestra Sul Cielo","breadcrumb":{"@id":"https:\/\/biocabaz.pt\/web\/en\/produto\/polenta-instantanea-bio-500g-la-finestra-sul-cielo\/#breadcrumb"},"inLanguage":"pt-PT","potentialAction":[{"@type":"ReadAction","target":["https:\/\/biocabaz.pt\/web\/en\/produto\/polenta-instantanea-bio-500g-la-finestra-sul-cielo\/"]}]},{"@type":"ImageObject","inLanguage":"pt-PT","@id":"https:\/\/biocabaz.pt\/web\/en\/produto\/polenta-instantanea-bio-500g-la-finestra-sul-cielo\/#primaryimage","url":"https:\/\/www.biocabaz.pt\/web\/wp-conteudos\/uploads\/2025\/06\/polenta-instantanea-bio-500g-la-finestra-sul-cielo.webp","contentUrl":"https:\/\/www.biocabaz.pt\/web\/wp-conteudos\/uploads\/2025\/06\/polenta-instantanea-bio-500g-la-finestra-sul-cielo.webp","width":250,"height":250,"caption":"Polenta Instant\u00e2nea Bio 500g La finestra Sul Cielo"},{"@type":"BreadcrumbList","@id":"https:\/\/biocabaz.pt\/web\/en\/produto\/polenta-instantanea-bio-500g-la-finestra-sul-cielo\/#breadcrumb","itemListElement":[{"@type":"ListItem","position":1,"name":"Home","item":"https:\/\/biocabaz.pt\/web\/en\/"},{"@type":"ListItem","position":2,"name":"Shop","item":"https:\/\/biocabaz.pt\/web\/en\/shop\/"},{"@type":"ListItem","position":3,"name":"Polenta Instant\u00e2nea Bio 500g La finestra Sul Cielo"}]},{"@type":"WebSite","@id":"https:\/\/biocabaz.pt\/web\/en\/#website","url":"https:\/\/biocabaz.pt\/web\/en\/","name":"CABAZES BIOL\u00d3GICOS","description":"One+Number","potentialAction":[{"@type":"SearchAction","target":{"@type":"EntryPoint","urlTemplate":"https:\/\/biocabaz.pt\/web\/en\/?s={search_term_string}"},"query-input":{"@type":"PropertyValueSpecification","valueRequired":true,"valueName":"search_term_string"}}],"inLanguage":"pt-PT"}]}},"_links":{"self":[{"href":"https:\/\/biocabaz.pt\/web\/en\/wp-json\/wp\/v2\/product\/122896","targetHints":{"allow":["GET"]}}],"collection":[{"href":"https:\/\/biocabaz.pt\/web\/en\/wp-json\/wp\/v2\/product"}],"about":[{"href":"https:\/\/biocabaz.pt\/web\/en\/wp-json\/wp\/v2\/types\/product"}],"replies":[{"embeddable":true,"href":"https:\/\/biocabaz.pt\/web\/en\/wp-json\/wp\/v2\/comments?post=122896"}],"wp:featuredmedia":[{"embeddable":true,"href":"https:\/\/biocabaz.pt\/web\/en\/wp-json\/wp\/v2\/media\/122897"}],"wp:attachment":[{"href":"https:\/\/biocabaz.pt\/web\/en\/wp-json\/wp\/v2\/media?parent=122896"}],"wp:term":[{"taxonomy":"product_cat","embeddable":true,"href":"https:\/\/biocabaz.pt\/web\/en\/wp-json\/wp\/v2\/product_cat?post=122896"},{"taxonomy":"product_tag","embeddable":true,"href":"https:\/\/biocabaz.pt\/web\/en\/wp-json\/wp\/v2\/product_tag?post=122896"}],"curies":[{"name":"wp","href":"https:\/\/api.w.org\/{rel}","templated":true}]}}