{"id":122877,"date":"2025-06-11T20:50:17","date_gmt":"2025-06-11T20:50:17","guid":{"rendered":"https:\/\/www.biocabaz.pt\/web\/?post_type=product&#038;p=122877"},"modified":"2025-06-11T20:50:18","modified_gmt":"2025-06-11T20:50:18","slug":"nau-de-cacau-flor-de-sal-equador-80","status":"publish","type":"product","link":"https:\/\/biocabaz.pt\/web\/en\/produto\/nau-de-cacau-flor-de-sal-equador-80\/","title":{"rendered":"NAU DE CACAU FLOR DE SAL EQUADOR 80%"},"content":{"rendered":"<p><strong>Ingredientes<\/strong><\/p>\n<ul>\n<li>Pasta de cacau Equador;<\/li>\n<li>A\u00e7\u00facar de cana;<\/li>\n<li>Flor de sal<\/li>\n<\/ul>\n<p>(Produtos provenientes de agricultura ou produ\u00e7\u00e3o biol\u00f3gica)<\/p>\n<div id=\"tab-title-10369_tab\" class=\"accordion-head 10369_tab_tab js-btn-accordion active\">\n<div class=\"accordion-title\"><strong>Informa\u00e7\u00e3o Nutricional<\/strong><\/div>\n<\/div>\n<div class=\"accordion-body js-card-body active\">\n<ul>\n<li>Valor Energ\u00e9tico por 100g: 2395 kj \/ 572 kcal<\/li>\n<li>L\u00edpidos: 44g (27g dos quais saturados)<\/li>\n<li>Hidratos de Carbono: 27g (dos quais 21g s\u00e3o a\u00e7\u00facares)<\/li>\n<li>Fibras: 14,1g<\/li>\n<li>Prote\u00ednas: 11,1g<\/li>\n<li>Sal: 0,81 g<\/li>\n<\/ul>\n<\/div>\n","protected":false},"excerpt":{"rendered":"<p>Ingredientes Pasta de cacau Equador; A\u00e7\u00facar de cana; Flor de sal (Produtos provenientes de agricultura ou produ\u00e7\u00e3o biol\u00f3gica) Informa\u00e7\u00e3o Nutricional Valor Energ\u00e9tico por 100g: 2395 kj \/ 572 kcal L\u00edpidos: 44g (27g dos quais saturados) Hidratos de Carbono: 27g (dos quais 21g s\u00e3o a\u00e7\u00facares) Fibras: 14,1g Prote\u00ednas: 11,1g Sal: 0,81 g<\/p>\n","protected":false},"featured_media":122878,"comment_status":"closed","ping_status":"closed","template":"","meta":[],"product_cat":[31],"product_tag":[],"class_list":["post-122877","product","type-product","status-publish","has-post-thumbnail","hentry","product_cat-chocolates"],"bundle_layout":"","bundled_by":[],"bundled_items":[],"yoast_head":"<!-- This site is optimized with the Yoast SEO plugin v26.3 - https:\/\/yoast.com\/wordpress\/plugins\/seo\/ -->\n<title>NAU DE CACAU FLOR DE SAL EQUADOR 80%<\/title>\n<meta name=\"description\" content=\"NAU DE CACAU FLOR DE SAL EQUADOR 80%\" \/>\n<meta name=\"robots\" content=\"index, follow, max-snippet:-1, max-image-preview:large, max-video-preview:-1\" \/>\n<link rel=\"canonical\" href=\"https:\/\/www.biocabaz.pt\/web\/produto\/nau-de-cacau-flor-de-sal-equador-80\/\" \/>\n<meta property=\"og:locale\" content=\"pt_PT\" \/>\n<meta property=\"og:locale:alternate\" content=\"pt_PT\" \/>\n<meta property=\"og:type\" content=\"article\" \/>\n<meta property=\"og:title\" content=\"NAU DE CACAU FLOR DE SAL EQUADOR 80%\" \/>\n<meta property=\"og:description\" content=\"NAU DE CACAU FLOR DE SAL EQUADOR 80%\" \/>\n<meta property=\"og:url\" content=\"https:\/\/biocabaz.pt\/web\/en\/produto\/nau-de-cacau-flor-de-sal-equador-80\/\" \/>\n<meta property=\"og:site_name\" content=\"CABAZES BIOL\u00d3GICOS\" \/>\n<meta property=\"article:modified_time\" content=\"2025-06-11T20:50:18+00:00\" \/>\n<meta property=\"og:image\" content=\"https:\/\/www.biocabaz.pt\/web\/wp-conteudos\/uploads\/2025\/06\/nau-de-cacau-flor-de-sal-equador-80.webp\" \/>\n\t<meta property=\"og:image:width\" content=\"800\" \/>\n\t<meta property=\"og:image:height\" content=\"1000\" \/>\n\t<meta property=\"og:image:type\" content=\"image\/webp\" \/>\n<meta name=\"twitter:card\" content=\"summary_large_image\" \/>\n<meta name=\"twitter:label1\" content=\"Est. reading time\" \/>\n\t<meta name=\"twitter:data1\" content=\"1 minute\" \/>\n<script type=\"application\/ld+json\" class=\"yoast-schema-graph\">{\"@context\":\"https:\/\/schema.org\",\"@graph\":[{\"@type\":\"WebPage\",\"@id\":\"https:\/\/www.biocabaz.pt\/web\/produto\/nau-de-cacau-flor-de-sal-equador-80\/\",\"url\":\"https:\/\/www.biocabaz.pt\/web\/produto\/nau-de-cacau-flor-de-sal-equador-80\/\",\"name\":\"NAU DE CACAU FLOR DE SAL EQUADOR 80%\",\"isPartOf\":{\"@id\":\"https:\/\/biocabaz.pt\/web\/en\/#website\"},\"primaryImageOfPage\":{\"@id\":\"https:\/\/www.biocabaz.pt\/web\/produto\/nau-de-cacau-flor-de-sal-equador-80\/#primaryimage\"},\"image\":{\"@id\":\"https:\/\/www.biocabaz.pt\/web\/produto\/nau-de-cacau-flor-de-sal-equador-80\/#primaryimage\"},\"thumbnailUrl\":\"https:\/\/www.biocabaz.pt\/web\/wp-conteudos\/uploads\/2025\/06\/nau-de-cacau-flor-de-sal-equador-80.webp\",\"datePublished\":\"2025-06-11T20:50:17+00:00\",\"dateModified\":\"2025-06-11T20:50:18+00:00\",\"description\":\"NAU DE CACAU FLOR DE SAL EQUADOR 80%\",\"breadcrumb\":{\"@id\":\"https:\/\/www.biocabaz.pt\/web\/produto\/nau-de-cacau-flor-de-sal-equador-80\/#breadcrumb\"},\"inLanguage\":\"pt-PT\",\"potentialAction\":[{\"@type\":\"ReadAction\",\"target\":[\"https:\/\/www.biocabaz.pt\/web\/produto\/nau-de-cacau-flor-de-sal-equador-80\/\"]}]},{\"@type\":\"ImageObject\",\"inLanguage\":\"pt-PT\",\"@id\":\"https:\/\/www.biocabaz.pt\/web\/produto\/nau-de-cacau-flor-de-sal-equador-80\/#primaryimage\",\"url\":\"https:\/\/www.biocabaz.pt\/web\/wp-conteudos\/uploads\/2025\/06\/nau-de-cacau-flor-de-sal-equador-80.webp\",\"contentUrl\":\"https:\/\/www.biocabaz.pt\/web\/wp-conteudos\/uploads\/2025\/06\/nau-de-cacau-flor-de-sal-equador-80.webp\",\"width\":800,\"height\":1000,\"caption\":\"NAU DE CACAU FLOR DE SAL EQUADOR 80%\"},{\"@type\":\"BreadcrumbList\",\"@id\":\"https:\/\/www.biocabaz.pt\/web\/produto\/nau-de-cacau-flor-de-sal-equador-80\/#breadcrumb\",\"itemListElement\":[{\"@type\":\"ListItem\",\"position\":1,\"name\":\"Home\",\"item\":\"https:\/\/biocabaz.pt\/web\/en\/\"},{\"@type\":\"ListItem\",\"position\":2,\"name\":\"Shop\",\"item\":\"https:\/\/biocabaz.pt\/web\/en\/shop\/\"},{\"@type\":\"ListItem\",\"position\":3,\"name\":\"NAU DE CACAU FLOR DE SAL EQUADOR 80%\"}]},{\"@type\":\"WebSite\",\"@id\":\"https:\/\/biocabaz.pt\/web\/en\/#website\",\"url\":\"https:\/\/biocabaz.pt\/web\/en\/\",\"name\":\"CABAZES BIOL\u00d3GICOS\",\"description\":\"One+Number\",\"potentialAction\":[{\"@type\":\"SearchAction\",\"target\":{\"@type\":\"EntryPoint\",\"urlTemplate\":\"https:\/\/biocabaz.pt\/web\/en\/?s={search_term_string}\"},\"query-input\":{\"@type\":\"PropertyValueSpecification\",\"valueRequired\":true,\"valueName\":\"search_term_string\"}}],\"inLanguage\":\"pt-PT\"}]}<\/script>\n<!-- \/ Yoast SEO plugin. -->","yoast_head_json":{"title":"NAU DE CACAU FLOR DE SAL EQUADOR 80%","description":"NAU DE CACAU FLOR DE SAL EQUADOR 80%","robots":{"index":"index","follow":"follow","max-snippet":"max-snippet:-1","max-image-preview":"max-image-preview:large","max-video-preview":"max-video-preview:-1"},"canonical":"https:\/\/www.biocabaz.pt\/web\/produto\/nau-de-cacau-flor-de-sal-equador-80\/","og_locale":"pt_PT","og_type":"article","og_title":"[:pt]NAU DE CACAU FLOR DE SAL EQUADOR 80%[:] - CABAZES BIOL\u00d3GICOS","og_description":"NAU DE CACAU FLOR DE SAL EQUADOR 80%","og_url":"https:\/\/biocabaz.pt\/web\/en\/produto\/nau-de-cacau-flor-de-sal-equador-80\/","og_site_name":"CABAZES BIOL\u00d3GICOS","article_modified_time":"2025-06-11T20:50:18+00:00","og_image":[{"width":800,"height":1000,"url":"https:\/\/www.biocabaz.pt\/web\/wp-conteudos\/uploads\/2025\/06\/nau-de-cacau-flor-de-sal-equador-80.webp","type":"image\/webp"}],"twitter_card":"summary_large_image","twitter_misc":{"Est. reading time":"1 minute"},"schema":{"@context":"https:\/\/schema.org","@graph":[{"@type":"WebPage","@id":"https:\/\/www.biocabaz.pt\/web\/produto\/nau-de-cacau-flor-de-sal-equador-80\/","url":"https:\/\/www.biocabaz.pt\/web\/produto\/nau-de-cacau-flor-de-sal-equador-80\/","name":"NAU DE CACAU FLOR DE SAL EQUADOR 80%","isPartOf":{"@id":"https:\/\/biocabaz.pt\/web\/en\/#website"},"primaryImageOfPage":{"@id":"https:\/\/www.biocabaz.pt\/web\/produto\/nau-de-cacau-flor-de-sal-equador-80\/#primaryimage"},"image":{"@id":"https:\/\/www.biocabaz.pt\/web\/produto\/nau-de-cacau-flor-de-sal-equador-80\/#primaryimage"},"thumbnailUrl":"https:\/\/www.biocabaz.pt\/web\/wp-conteudos\/uploads\/2025\/06\/nau-de-cacau-flor-de-sal-equador-80.webp","datePublished":"2025-06-11T20:50:17+00:00","dateModified":"2025-06-11T20:50:18+00:00","description":"NAU DE CACAU FLOR DE SAL EQUADOR 80%","breadcrumb":{"@id":"https:\/\/www.biocabaz.pt\/web\/produto\/nau-de-cacau-flor-de-sal-equador-80\/#breadcrumb"},"inLanguage":"pt-PT","potentialAction":[{"@type":"ReadAction","target":["https:\/\/www.biocabaz.pt\/web\/produto\/nau-de-cacau-flor-de-sal-equador-80\/"]}]},{"@type":"ImageObject","inLanguage":"pt-PT","@id":"https:\/\/www.biocabaz.pt\/web\/produto\/nau-de-cacau-flor-de-sal-equador-80\/#primaryimage","url":"https:\/\/www.biocabaz.pt\/web\/wp-conteudos\/uploads\/2025\/06\/nau-de-cacau-flor-de-sal-equador-80.webp","contentUrl":"https:\/\/www.biocabaz.pt\/web\/wp-conteudos\/uploads\/2025\/06\/nau-de-cacau-flor-de-sal-equador-80.webp","width":800,"height":1000,"caption":"NAU DE CACAU FLOR DE SAL EQUADOR 80%"},{"@type":"BreadcrumbList","@id":"https:\/\/www.biocabaz.pt\/web\/produto\/nau-de-cacau-flor-de-sal-equador-80\/#breadcrumb","itemListElement":[{"@type":"ListItem","position":1,"name":"Home","item":"https:\/\/biocabaz.pt\/web\/en\/"},{"@type":"ListItem","position":2,"name":"Shop","item":"https:\/\/biocabaz.pt\/web\/en\/shop\/"},{"@type":"ListItem","position":3,"name":"NAU DE CACAU FLOR DE SAL EQUADOR 80%"}]},{"@type":"WebSite","@id":"https:\/\/biocabaz.pt\/web\/en\/#website","url":"https:\/\/biocabaz.pt\/web\/en\/","name":"CABAZES BIOL\u00d3GICOS","description":"One+Number","potentialAction":[{"@type":"SearchAction","target":{"@type":"EntryPoint","urlTemplate":"https:\/\/biocabaz.pt\/web\/en\/?s={search_term_string}"},"query-input":{"@type":"PropertyValueSpecification","valueRequired":true,"valueName":"search_term_string"}}],"inLanguage":"pt-PT"}]}},"_links":{"self":[{"href":"https:\/\/biocabaz.pt\/web\/en\/wp-json\/wp\/v2\/product\/122877","targetHints":{"allow":["GET"]}}],"collection":[{"href":"https:\/\/biocabaz.pt\/web\/en\/wp-json\/wp\/v2\/product"}],"about":[{"href":"https:\/\/biocabaz.pt\/web\/en\/wp-json\/wp\/v2\/types\/product"}],"replies":[{"embeddable":true,"href":"https:\/\/biocabaz.pt\/web\/en\/wp-json\/wp\/v2\/comments?post=122877"}],"wp:featuredmedia":[{"embeddable":true,"href":"https:\/\/biocabaz.pt\/web\/en\/wp-json\/wp\/v2\/media\/122878"}],"wp:attachment":[{"href":"https:\/\/biocabaz.pt\/web\/en\/wp-json\/wp\/v2\/media?parent=122877"}],"wp:term":[{"taxonomy":"product_cat","embeddable":true,"href":"https:\/\/biocabaz.pt\/web\/en\/wp-json\/wp\/v2\/product_cat?post=122877"},{"taxonomy":"product_tag","embeddable":true,"href":"https:\/\/biocabaz.pt\/web\/en\/wp-json\/wp\/v2\/product_tag?post=122877"}],"curies":[{"name":"wp","href":"https:\/\/api.w.org\/{rel}","templated":true}]}}