{"id":122865,"date":"2025-06-11T14:06:09","date_gmt":"2025-06-11T14:06:09","guid":{"rendered":"https:\/\/www.biocabaz.pt\/web\/?post_type=product&#038;p=122865"},"modified":"2025-06-11T14:06:09","modified_gmt":"2025-06-11T14:06:09","slug":"cereais-coloridos-sem-gluten","status":"publish","type":"product","link":"https:\/\/biocabaz.pt\/web\/en\/produto\/cereais-coloridos-sem-gluten\/","title":{"rendered":"Cereais coloridos sem gl\u00faten"},"content":{"rendered":"<h2 class=\"product-rich-descriptive-content-title\">Ingredientes<\/h2>\n<p>Farinha de milho*, farinha\u00a0<strong>de aveia<\/strong>\u00a0sem\u00a0<strong>gl\u00faten<\/strong>\u00a0*, farinha de arroz, a\u00e7\u00facar de cana*, casca de milho*, concentrados vegetais* (concentrado de c\u00e1rtamo*, espirulina*, rabanete*, lim\u00e3o*, batata-doce*), sal marinho, aroma natural de framboesa, aroma natural de groselha.<\/p>\n<p>&nbsp;<\/p>\n<p><strong>Valores nutricionais Por 100 g:<\/strong><br \/>\nEnergia: 1529 KJ \/ 361 kcal<br \/>\nGorduras: 1,6 g &#8211; das quais 0,1 g saturadas<br \/>\nCarboidratos: 80 g &#8211; dos quais 19,8 g de a\u00e7\u00facares<br \/>\nFibras: 6,9 g<br \/>\nProte\u00ednas: 3,6 g<br \/>\nSal: 0,7 g<\/p>\n<p>Peso l\u00edquido: 300 g<\/p>\n","protected":false},"excerpt":{"rendered":"<p>Ingredientes Farinha de milho*, farinha\u00a0de aveia\u00a0sem\u00a0gl\u00faten\u00a0*, farinha de arroz, a\u00e7\u00facar de cana*, casca de milho*, concentrados vegetais* (concentrado de c\u00e1rtamo*, espirulina*, rabanete*, lim\u00e3o*, batata-doce*), sal marinho, aroma natural de framboesa, aroma natural de groselha. &nbsp; Valores nutricionais Por 100 g: Energia: 1529 KJ \/ 361 kcal Gorduras: 1,6 g &#8211; das quais 0,1 g saturadas [&hellip;]<\/p>\n","protected":false},"featured_media":122866,"comment_status":"closed","ping_status":"closed","template":"","meta":[],"product_cat":[54,33],"product_tag":[],"class_list":["post-122865","product","type-product","status-publish","has-post-thumbnail","hentry","product_cat-alimentos-sem-gluten","product_cat-cereais"],"bundle_layout":"","bundled_by":[],"bundled_items":[],"yoast_head":"<!-- This site is optimized with the Yoast SEO plugin v26.3 - https:\/\/yoast.com\/wordpress\/plugins\/seo\/ -->\n<title>Cereais coloridos sem gl\u00faten<\/title>\n<meta name=\"description\" content=\"Cereais coloridos sem gl\u00faten\" \/>\n<meta name=\"robots\" content=\"index, follow, max-snippet:-1, max-image-preview:large, max-video-preview:-1\" \/>\n<link rel=\"canonical\" href=\"https:\/\/biocabaz.pt\/web\/en\/produto\/cereais-coloridos-sem-gluten\/\" \/>\n<meta property=\"og:locale\" content=\"pt_PT\" \/>\n<meta property=\"og:locale:alternate\" content=\"pt_PT\" \/>\n<meta property=\"og:type\" content=\"article\" \/>\n<meta property=\"og:title\" content=\"Cereais coloridos sem gl\u00faten\" \/>\n<meta property=\"og:description\" content=\"Cereais coloridos sem gl\u00faten\" \/>\n<meta property=\"og:url\" content=\"https:\/\/biocabaz.pt\/web\/en\/produto\/cereais-coloridos-sem-gluten\/\" \/>\n<meta property=\"og:site_name\" content=\"CABAZES BIOL\u00d3GICOS\" \/>\n<meta property=\"og:image\" content=\"https:\/\/www.biocabaz.pt\/web\/wp-conteudos\/uploads\/2025\/06\/cereais-coloridos-sem-gluten.jpg\" \/>\n\t<meta property=\"og:image:width\" content=\"500\" \/>\n\t<meta property=\"og:image:height\" content=\"500\" \/>\n\t<meta property=\"og:image:type\" content=\"image\/jpeg\" \/>\n<meta name=\"twitter:card\" content=\"summary_large_image\" \/>\n<meta name=\"twitter:label1\" content=\"Est. reading time\" \/>\n\t<meta name=\"twitter:data1\" content=\"1 minute\" \/>\n<script type=\"application\/ld+json\" class=\"yoast-schema-graph\">{\"@context\":\"https:\/\/schema.org\",\"@graph\":[{\"@type\":\"WebPage\",\"@id\":\"https:\/\/biocabaz.pt\/web\/produto\/cereais-coloridos-sem-gluten\/\",\"url\":\"https:\/\/biocabaz.pt\/web\/produto\/cereais-coloridos-sem-gluten\/\",\"name\":\"Cereais coloridos sem gl\u00faten\",\"isPartOf\":{\"@id\":\"https:\/\/biocabaz.pt\/web\/en\/#website\"},\"primaryImageOfPage\":{\"@id\":\"https:\/\/biocabaz.pt\/web\/produto\/cereais-coloridos-sem-gluten\/#primaryimage\"},\"image\":{\"@id\":\"https:\/\/biocabaz.pt\/web\/produto\/cereais-coloridos-sem-gluten\/#primaryimage\"},\"thumbnailUrl\":\"https:\/\/www.biocabaz.pt\/web\/wp-conteudos\/uploads\/2025\/06\/cereais-coloridos-sem-gluten.jpg\",\"datePublished\":\"2025-06-11T14:06:09+00:00\",\"description\":\"Cereais coloridos sem gl\u00faten\",\"breadcrumb\":{\"@id\":\"https:\/\/biocabaz.pt\/web\/produto\/cereais-coloridos-sem-gluten\/#breadcrumb\"},\"inLanguage\":\"pt-PT\",\"potentialAction\":[{\"@type\":\"ReadAction\",\"target\":[\"https:\/\/biocabaz.pt\/web\/produto\/cereais-coloridos-sem-gluten\/\"]}]},{\"@type\":\"ImageObject\",\"inLanguage\":\"pt-PT\",\"@id\":\"https:\/\/biocabaz.pt\/web\/produto\/cereais-coloridos-sem-gluten\/#primaryimage\",\"url\":\"https:\/\/www.biocabaz.pt\/web\/wp-conteudos\/uploads\/2025\/06\/cereais-coloridos-sem-gluten.jpg\",\"contentUrl\":\"https:\/\/www.biocabaz.pt\/web\/wp-conteudos\/uploads\/2025\/06\/cereais-coloridos-sem-gluten.jpg\",\"width\":500,\"height\":500,\"caption\":\"Cereais coloridos sem gl\u00faten\"},{\"@type\":\"BreadcrumbList\",\"@id\":\"https:\/\/biocabaz.pt\/web\/produto\/cereais-coloridos-sem-gluten\/#breadcrumb\",\"itemListElement\":[{\"@type\":\"ListItem\",\"position\":1,\"name\":\"Home\",\"item\":\"https:\/\/biocabaz.pt\/web\/en\/\"},{\"@type\":\"ListItem\",\"position\":2,\"name\":\"Shop\",\"item\":\"https:\/\/biocabaz.pt\/web\/en\/shop\/\"},{\"@type\":\"ListItem\",\"position\":3,\"name\":\"Cereais coloridos sem gl\u00faten\"}]},{\"@type\":\"WebSite\",\"@id\":\"https:\/\/biocabaz.pt\/web\/en\/#website\",\"url\":\"https:\/\/biocabaz.pt\/web\/en\/\",\"name\":\"CABAZES BIOL\u00d3GICOS\",\"description\":\"One+Number\",\"potentialAction\":[{\"@type\":\"SearchAction\",\"target\":{\"@type\":\"EntryPoint\",\"urlTemplate\":\"https:\/\/biocabaz.pt\/web\/en\/?s={search_term_string}\"},\"query-input\":{\"@type\":\"PropertyValueSpecification\",\"valueRequired\":true,\"valueName\":\"search_term_string\"}}],\"inLanguage\":\"pt-PT\"}]}<\/script>\n<!-- \/ Yoast SEO plugin. -->","yoast_head_json":{"title":"Cereais coloridos sem gl\u00faten","description":"Cereais coloridos sem gl\u00faten","robots":{"index":"index","follow":"follow","max-snippet":"max-snippet:-1","max-image-preview":"max-image-preview:large","max-video-preview":"max-video-preview:-1"},"canonical":"https:\/\/biocabaz.pt\/web\/en\/produto\/cereais-coloridos-sem-gluten\/","og_locale":"pt_PT","og_type":"article","og_title":"[:pt]Cereais coloridos sem gl\u00faten[:] - CABAZES BIOL\u00d3GICOS","og_description":"Cereais coloridos sem gl\u00faten","og_url":"https:\/\/biocabaz.pt\/web\/en\/produto\/cereais-coloridos-sem-gluten\/","og_site_name":"CABAZES BIOL\u00d3GICOS","og_image":[{"width":500,"height":500,"url":"https:\/\/www.biocabaz.pt\/web\/wp-conteudos\/uploads\/2025\/06\/cereais-coloridos-sem-gluten.jpg","type":"image\/jpeg"}],"twitter_card":"summary_large_image","twitter_misc":{"Est. reading time":"1 minute"},"schema":{"@context":"https:\/\/schema.org","@graph":[{"@type":"WebPage","@id":"https:\/\/biocabaz.pt\/web\/produto\/cereais-coloridos-sem-gluten\/","url":"https:\/\/biocabaz.pt\/web\/produto\/cereais-coloridos-sem-gluten\/","name":"Cereais coloridos sem gl\u00faten","isPartOf":{"@id":"https:\/\/biocabaz.pt\/web\/en\/#website"},"primaryImageOfPage":{"@id":"https:\/\/biocabaz.pt\/web\/produto\/cereais-coloridos-sem-gluten\/#primaryimage"},"image":{"@id":"https:\/\/biocabaz.pt\/web\/produto\/cereais-coloridos-sem-gluten\/#primaryimage"},"thumbnailUrl":"https:\/\/www.biocabaz.pt\/web\/wp-conteudos\/uploads\/2025\/06\/cereais-coloridos-sem-gluten.jpg","datePublished":"2025-06-11T14:06:09+00:00","description":"Cereais coloridos sem gl\u00faten","breadcrumb":{"@id":"https:\/\/biocabaz.pt\/web\/produto\/cereais-coloridos-sem-gluten\/#breadcrumb"},"inLanguage":"pt-PT","potentialAction":[{"@type":"ReadAction","target":["https:\/\/biocabaz.pt\/web\/produto\/cereais-coloridos-sem-gluten\/"]}]},{"@type":"ImageObject","inLanguage":"pt-PT","@id":"https:\/\/biocabaz.pt\/web\/produto\/cereais-coloridos-sem-gluten\/#primaryimage","url":"https:\/\/www.biocabaz.pt\/web\/wp-conteudos\/uploads\/2025\/06\/cereais-coloridos-sem-gluten.jpg","contentUrl":"https:\/\/www.biocabaz.pt\/web\/wp-conteudos\/uploads\/2025\/06\/cereais-coloridos-sem-gluten.jpg","width":500,"height":500,"caption":"Cereais coloridos sem gl\u00faten"},{"@type":"BreadcrumbList","@id":"https:\/\/biocabaz.pt\/web\/produto\/cereais-coloridos-sem-gluten\/#breadcrumb","itemListElement":[{"@type":"ListItem","position":1,"name":"Home","item":"https:\/\/biocabaz.pt\/web\/en\/"},{"@type":"ListItem","position":2,"name":"Shop","item":"https:\/\/biocabaz.pt\/web\/en\/shop\/"},{"@type":"ListItem","position":3,"name":"Cereais coloridos sem gl\u00faten"}]},{"@type":"WebSite","@id":"https:\/\/biocabaz.pt\/web\/en\/#website","url":"https:\/\/biocabaz.pt\/web\/en\/","name":"CABAZES BIOL\u00d3GICOS","description":"One+Number","potentialAction":[{"@type":"SearchAction","target":{"@type":"EntryPoint","urlTemplate":"https:\/\/biocabaz.pt\/web\/en\/?s={search_term_string}"},"query-input":{"@type":"PropertyValueSpecification","valueRequired":true,"valueName":"search_term_string"}}],"inLanguage":"pt-PT"}]}},"_links":{"self":[{"href":"https:\/\/biocabaz.pt\/web\/en\/wp-json\/wp\/v2\/product\/122865","targetHints":{"allow":["GET"]}}],"collection":[{"href":"https:\/\/biocabaz.pt\/web\/en\/wp-json\/wp\/v2\/product"}],"about":[{"href":"https:\/\/biocabaz.pt\/web\/en\/wp-json\/wp\/v2\/types\/product"}],"replies":[{"embeddable":true,"href":"https:\/\/biocabaz.pt\/web\/en\/wp-json\/wp\/v2\/comments?post=122865"}],"wp:featuredmedia":[{"embeddable":true,"href":"https:\/\/biocabaz.pt\/web\/en\/wp-json\/wp\/v2\/media\/122866"}],"wp:attachment":[{"href":"https:\/\/biocabaz.pt\/web\/en\/wp-json\/wp\/v2\/media?parent=122865"}],"wp:term":[{"taxonomy":"product_cat","embeddable":true,"href":"https:\/\/biocabaz.pt\/web\/en\/wp-json\/wp\/v2\/product_cat?post=122865"},{"taxonomy":"product_tag","embeddable":true,"href":"https:\/\/biocabaz.pt\/web\/en\/wp-json\/wp\/v2\/product_tag?post=122865"}],"curies":[{"name":"wp","href":"https:\/\/api.w.org\/{rel}","templated":true}]}}