{"id":122838,"date":"2025-06-09T12:00:21","date_gmt":"2025-06-09T12:00:21","guid":{"rendered":"https:\/\/www.biocabaz.pt\/web\/?post_type=product&#038;p=122838"},"modified":"2026-02-18T19:44:57","modified_gmt":"2026-02-18T19:44:57","slug":"cafe-bio-100-arabica-moido-cafe-bio-100-arabica-moido","status":"publish","type":"product","link":"https:\/\/biocabaz.pt\/web\/en\/produto\/cafe-bio-100-arabica-moido-cafe-bio-100-arabica-moido\/","title":{"rendered":"Caf\u00e9 Bio 100% Ar\u00e1bica Grao"},"content":{"rendered":"","protected":false},"excerpt":{"rendered":"","protected":false},"featured_media":122839,"comment_status":"closed","ping_status":"closed","template":"","meta":[],"product_cat":[30],"product_tag":[],"class_list":["post-122838","product","type-product","status-publish","has-post-thumbnail","hentry","product_cat-cafes-chas-e-infusoes"],"bundle_layout":"","bundled_by":[],"bundled_items":[],"yoast_head":"<!-- This site is optimized with the Yoast SEO plugin v26.3 - https:\/\/yoast.com\/wordpress\/plugins\/seo\/ -->\n<title>Caf\u00e9 Bio 100% Ar\u00e1bica Grao<\/title>\n<meta name=\"description\" content=\"Caf\u00e9 Bio 100% Ar\u00e1bica Mo\u00eddo\" \/>\n<meta name=\"robots\" content=\"index, follow, max-snippet:-1, max-image-preview:large, max-video-preview:-1\" \/>\n<link rel=\"canonical\" href=\"https:\/\/biocabaz.pt\/web\/en\/produto\/cafe-bio-100-arabica-moido-cafe-bio-100-arabica-moido\/\" \/>\n<meta property=\"og:locale\" content=\"pt_PT\" \/>\n<meta property=\"og:locale:alternate\" content=\"pt_PT\" \/>\n<meta property=\"og:type\" content=\"article\" \/>\n<meta property=\"og:title\" content=\"Caf\u00e9 Bio 100% Ar\u00e1bica Grao\" \/>\n<meta property=\"og:description\" content=\"Caf\u00e9 Bio 100% Ar\u00e1bica Mo\u00eddo\" \/>\n<meta property=\"og:url\" content=\"https:\/\/biocabaz.pt\/web\/en\/produto\/cafe-bio-100-arabica-moido-cafe-bio-100-arabica-moido\/\" \/>\n<meta property=\"og:site_name\" content=\"CABAZES BIOL\u00d3GICOS\" \/>\n<meta property=\"article:modified_time\" content=\"2026-02-18T19:44:57+00:00\" \/>\n<meta property=\"og:image\" content=\"https:\/\/www.biocabaz.pt\/web\/wp-conteudos\/uploads\/2025\/06\/cafe-bio-100-arabica-moido.jpg\" \/>\n\t<meta property=\"og:image:width\" content=\"600\" \/>\n\t<meta property=\"og:image:height\" content=\"600\" \/>\n\t<meta property=\"og:image:type\" content=\"image\/jpeg\" \/>\n<meta name=\"twitter:card\" content=\"summary_large_image\" \/>\n<script type=\"application\/ld+json\" class=\"yoast-schema-graph\">{\"@context\":\"https:\/\/schema.org\",\"@graph\":[{\"@type\":\"WebPage\",\"@id\":\"https:\/\/biocabaz.pt\/web\/en\/produto\/cafe-bio-100-arabica-moido-cafe-bio-100-arabica-moido\/\",\"url\":\"https:\/\/biocabaz.pt\/web\/en\/produto\/cafe-bio-100-arabica-moido-cafe-bio-100-arabica-moido\/\",\"name\":\"Caf\u00e9 Bio 100% Ar\u00e1bica Grao\",\"isPartOf\":{\"@id\":\"https:\/\/www.biocabaz.pt\/web\/en\/#website\"},\"primaryImageOfPage\":{\"@id\":\"https:\/\/biocabaz.pt\/web\/en\/produto\/cafe-bio-100-arabica-moido-cafe-bio-100-arabica-moido\/#primaryimage\"},\"image\":{\"@id\":\"https:\/\/biocabaz.pt\/web\/en\/produto\/cafe-bio-100-arabica-moido-cafe-bio-100-arabica-moido\/#primaryimage\"},\"thumbnailUrl\":\"https:\/\/www.biocabaz.pt\/web\/wp-conteudos\/uploads\/2025\/06\/cafe-bio-100-arabica-moido.jpg\",\"datePublished\":\"2025-06-09T12:00:21+00:00\",\"dateModified\":\"2026-02-18T19:44:57+00:00\",\"description\":\"Caf\u00e9 Bio 100% Ar\u00e1bica Mo\u00eddo\",\"breadcrumb\":{\"@id\":\"https:\/\/biocabaz.pt\/web\/en\/produto\/cafe-bio-100-arabica-moido-cafe-bio-100-arabica-moido\/#breadcrumb\"},\"inLanguage\":\"pt-PT\",\"potentialAction\":[{\"@type\":\"ReadAction\",\"target\":[\"https:\/\/biocabaz.pt\/web\/en\/produto\/cafe-bio-100-arabica-moido-cafe-bio-100-arabica-moido\/\"]}]},{\"@type\":\"ImageObject\",\"inLanguage\":\"pt-PT\",\"@id\":\"https:\/\/biocabaz.pt\/web\/en\/produto\/cafe-bio-100-arabica-moido-cafe-bio-100-arabica-moido\/#primaryimage\",\"url\":\"https:\/\/www.biocabaz.pt\/web\/wp-conteudos\/uploads\/2025\/06\/cafe-bio-100-arabica-moido.jpg\",\"contentUrl\":\"https:\/\/www.biocabaz.pt\/web\/wp-conteudos\/uploads\/2025\/06\/cafe-bio-100-arabica-moido.jpg\",\"width\":600,\"height\":600,\"caption\":\"Caf\u00e9 Bio 100% Ar\u00e1bica Mo\u00eddo\"},{\"@type\":\"BreadcrumbList\",\"@id\":\"https:\/\/biocabaz.pt\/web\/en\/produto\/cafe-bio-100-arabica-moido-cafe-bio-100-arabica-moido\/#breadcrumb\",\"itemListElement\":[{\"@type\":\"ListItem\",\"position\":1,\"name\":\"Home\",\"item\":\"https:\/\/www.biocabaz.pt\/web\/en\/\"},{\"@type\":\"ListItem\",\"position\":2,\"name\":\"Shop\",\"item\":\"https:\/\/www.biocabaz.pt\/web\/en\/shop\/\"},{\"@type\":\"ListItem\",\"position\":3,\"name\":\"Caf\u00e9 Bio 100% Ar\u00e1bica Grao\"}]},{\"@type\":\"WebSite\",\"@id\":\"https:\/\/www.biocabaz.pt\/web\/en\/#website\",\"url\":\"https:\/\/www.biocabaz.pt\/web\/en\/\",\"name\":\"CABAZES BIOL\u00d3GICOS\",\"description\":\"One+Number\",\"potentialAction\":[{\"@type\":\"SearchAction\",\"target\":{\"@type\":\"EntryPoint\",\"urlTemplate\":\"https:\/\/www.biocabaz.pt\/web\/en\/?s={search_term_string}\"},\"query-input\":{\"@type\":\"PropertyValueSpecification\",\"valueRequired\":true,\"valueName\":\"search_term_string\"}}],\"inLanguage\":\"pt-PT\"}]}<\/script>\n<!-- \/ Yoast SEO plugin. -->","yoast_head_json":{"title":"Caf\u00e9 Bio 100% Ar\u00e1bica Grao","description":"Caf\u00e9 Bio 100% Ar\u00e1bica Mo\u00eddo","robots":{"index":"index","follow":"follow","max-snippet":"max-snippet:-1","max-image-preview":"max-image-preview:large","max-video-preview":"max-video-preview:-1"},"canonical":"https:\/\/biocabaz.pt\/web\/en\/produto\/cafe-bio-100-arabica-moido-cafe-bio-100-arabica-moido\/","og_locale":"pt_PT","og_type":"article","og_title":"[:pt]Caf\u00e9 Bio 100% Ar\u00e1bica Grao[:] - CABAZES BIOL\u00d3GICOS","og_description":"Caf\u00e9 Bio 100% Ar\u00e1bica Mo\u00eddo","og_url":"https:\/\/biocabaz.pt\/web\/en\/produto\/cafe-bio-100-arabica-moido-cafe-bio-100-arabica-moido\/","og_site_name":"CABAZES BIOL\u00d3GICOS","article_modified_time":"2026-02-18T19:44:57+00:00","og_image":[{"width":600,"height":600,"url":"https:\/\/www.biocabaz.pt\/web\/wp-conteudos\/uploads\/2025\/06\/cafe-bio-100-arabica-moido.jpg","type":"image\/jpeg"}],"twitter_card":"summary_large_image","schema":{"@context":"https:\/\/schema.org","@graph":[{"@type":"WebPage","@id":"https:\/\/biocabaz.pt\/web\/en\/produto\/cafe-bio-100-arabica-moido-cafe-bio-100-arabica-moido\/","url":"https:\/\/biocabaz.pt\/web\/en\/produto\/cafe-bio-100-arabica-moido-cafe-bio-100-arabica-moido\/","name":"Caf\u00e9 Bio 100% Ar\u00e1bica Grao","isPartOf":{"@id":"https:\/\/www.biocabaz.pt\/web\/en\/#website"},"primaryImageOfPage":{"@id":"https:\/\/biocabaz.pt\/web\/en\/produto\/cafe-bio-100-arabica-moido-cafe-bio-100-arabica-moido\/#primaryimage"},"image":{"@id":"https:\/\/biocabaz.pt\/web\/en\/produto\/cafe-bio-100-arabica-moido-cafe-bio-100-arabica-moido\/#primaryimage"},"thumbnailUrl":"https:\/\/www.biocabaz.pt\/web\/wp-conteudos\/uploads\/2025\/06\/cafe-bio-100-arabica-moido.jpg","datePublished":"2025-06-09T12:00:21+00:00","dateModified":"2026-02-18T19:44:57+00:00","description":"Caf\u00e9 Bio 100% Ar\u00e1bica Mo\u00eddo","breadcrumb":{"@id":"https:\/\/biocabaz.pt\/web\/en\/produto\/cafe-bio-100-arabica-moido-cafe-bio-100-arabica-moido\/#breadcrumb"},"inLanguage":"pt-PT","potentialAction":[{"@type":"ReadAction","target":["https:\/\/biocabaz.pt\/web\/en\/produto\/cafe-bio-100-arabica-moido-cafe-bio-100-arabica-moido\/"]}]},{"@type":"ImageObject","inLanguage":"pt-PT","@id":"https:\/\/biocabaz.pt\/web\/en\/produto\/cafe-bio-100-arabica-moido-cafe-bio-100-arabica-moido\/#primaryimage","url":"https:\/\/www.biocabaz.pt\/web\/wp-conteudos\/uploads\/2025\/06\/cafe-bio-100-arabica-moido.jpg","contentUrl":"https:\/\/www.biocabaz.pt\/web\/wp-conteudos\/uploads\/2025\/06\/cafe-bio-100-arabica-moido.jpg","width":600,"height":600,"caption":"Caf\u00e9 Bio 100% Ar\u00e1bica Mo\u00eddo"},{"@type":"BreadcrumbList","@id":"https:\/\/biocabaz.pt\/web\/en\/produto\/cafe-bio-100-arabica-moido-cafe-bio-100-arabica-moido\/#breadcrumb","itemListElement":[{"@type":"ListItem","position":1,"name":"Home","item":"https:\/\/www.biocabaz.pt\/web\/en\/"},{"@type":"ListItem","position":2,"name":"Shop","item":"https:\/\/www.biocabaz.pt\/web\/en\/shop\/"},{"@type":"ListItem","position":3,"name":"Caf\u00e9 Bio 100% Ar\u00e1bica Grao"}]},{"@type":"WebSite","@id":"https:\/\/www.biocabaz.pt\/web\/en\/#website","url":"https:\/\/www.biocabaz.pt\/web\/en\/","name":"CABAZES BIOL\u00d3GICOS","description":"One+Number","potentialAction":[{"@type":"SearchAction","target":{"@type":"EntryPoint","urlTemplate":"https:\/\/www.biocabaz.pt\/web\/en\/?s={search_term_string}"},"query-input":{"@type":"PropertyValueSpecification","valueRequired":true,"valueName":"search_term_string"}}],"inLanguage":"pt-PT"}]}},"_links":{"self":[{"href":"https:\/\/biocabaz.pt\/web\/en\/wp-json\/wp\/v2\/product\/122838","targetHints":{"allow":["GET"]}}],"collection":[{"href":"https:\/\/biocabaz.pt\/web\/en\/wp-json\/wp\/v2\/product"}],"about":[{"href":"https:\/\/biocabaz.pt\/web\/en\/wp-json\/wp\/v2\/types\/product"}],"replies":[{"embeddable":true,"href":"https:\/\/biocabaz.pt\/web\/en\/wp-json\/wp\/v2\/comments?post=122838"}],"wp:featuredmedia":[{"embeddable":true,"href":"https:\/\/biocabaz.pt\/web\/en\/wp-json\/wp\/v2\/media\/122839"}],"wp:attachment":[{"href":"https:\/\/biocabaz.pt\/web\/en\/wp-json\/wp\/v2\/media?parent=122838"}],"wp:term":[{"taxonomy":"product_cat","embeddable":true,"href":"https:\/\/biocabaz.pt\/web\/en\/wp-json\/wp\/v2\/product_cat?post=122838"},{"taxonomy":"product_tag","embeddable":true,"href":"https:\/\/biocabaz.pt\/web\/en\/wp-json\/wp\/v2\/product_tag?post=122838"}],"curies":[{"name":"wp","href":"https:\/\/api.w.org\/{rel}","templated":true}]}}