{"id":122833,"date":"2025-06-09T11:27:35","date_gmt":"2025-06-09T11:27:35","guid":{"rendered":"https:\/\/www.biocabaz.pt\/web\/?post_type=product&#038;p=122833"},"modified":"2026-02-18T19:45:19","modified_gmt":"2026-02-18T19:45:19","slug":"cafe-de-cereias-bio-green-organics","status":"publish","type":"product","link":"https:\/\/biocabaz.pt\/web\/en\/produto\/cafe-de-cereias-bio-green-organics\/","title":{"rendered":"CAFE DE CEREIAS BIO GREEN ORGANICS"},"content":{"rendered":"<div class=\"h3\"><span>Ingredientes:<\/span><\/div>\n<p><span>CENTEIO*, MALTE DE CEVADA*, CEVADA*, Chic\u00f3ria*, Figos*<\/span><\/p>\n<div class=\"h3\"><span>Valores nutricionais e resultados de an\u00e1lise com base em 100 g:<\/span><\/div>\n<table class=\"naehrwerte_table\">\n<tbody>\n<tr>\n<td><span>Energia:<\/span><\/td>\n<td><span>1534 kJ \/ 362 kcal<\/span><\/td>\n<\/tr>\n<tr>\n<td><span>Gordo:<\/span><\/td>\n<td><span>0,5 g<\/span><\/td>\n<\/tr>\n<tr>\n<td><span>dos quais \u00e1cidos graxos saturados:<\/span><\/td>\n<td><span>G<\/span><\/td>\n<\/tr>\n<tr>\n<td><span>Carboidratos:<\/span><\/td>\n<td><span>81 g<\/span><\/td>\n<\/tr>\n<tr>\n<td><span>dos quais a\u00e7\u00facar:<\/span><\/td>\n<td><span>13 g<\/span><\/td>\n<\/tr>\n<tr>\n<td><span>Prote\u00edna:<\/span><\/td>\n<td><span>3,7 g<\/span><\/td>\n<\/tr>\n<tr>\n<td><span>Sal:<\/span><\/td>\n<td><span>0,16 g<\/span><\/td>\n<\/tr>\n<\/tbody>\n<\/table>\n","protected":false},"excerpt":{"rendered":"<p>Ingredientes: CENTEIO*, MALTE DE CEVADA*, CEVADA*, Chic\u00f3ria*, Figos* Valores nutricionais e resultados de an\u00e1lise com base em 100 g: Energia: 1534 kJ \/ 362 kcal Gordo: 0,5 g dos quais \u00e1cidos graxos saturados: G Carboidratos: 81 g dos quais a\u00e7\u00facar: 13 g Prote\u00edna: 3,7 g Sal: 0,16 g<\/p>\n","protected":false},"featured_media":122835,"comment_status":"closed","ping_status":"closed","template":"","meta":[],"product_cat":[30],"product_tag":[],"class_list":["post-122833","product","type-product","status-publish","has-post-thumbnail","hentry","product_cat-cafes-chas-e-infusoes"],"bundle_layout":"","bundled_by":[],"bundled_items":[],"yoast_head":"<!-- This site is optimized with the Yoast SEO plugin v26.3 - https:\/\/yoast.com\/wordpress\/plugins\/seo\/ -->\n<title>CAFE DE CEREIAS BIO GREEN ORGANICS<\/title>\n<meta name=\"robots\" content=\"index, follow, max-snippet:-1, max-image-preview:large, max-video-preview:-1\" \/>\n<link rel=\"canonical\" href=\"https:\/\/www.biocabaz.pt\/web\/en\/produto\/cafe-de-cereias-bio-green-organics\/\" \/>\n<meta property=\"og:locale\" content=\"pt_PT\" \/>\n<meta property=\"og:locale:alternate\" content=\"pt_PT\" \/>\n<meta property=\"og:type\" content=\"article\" \/>\n<meta property=\"og:title\" content=\"CAFE DE CEREIAS BIO GREEN ORGANICS\" \/>\n<meta property=\"og:description\" content=\"Ingredientes: CENTEIO*, MALTE DE CEVADA*, CEVADA*, Chic\u00f3ria*, Figos* Valores nutricionais e resultados de an\u00e1lise com base em 100 g: Energia: 1534 kJ \/ 362 kcal Gordo: 0,5 g dos quais \u00e1cidos graxos saturados: G Carboidratos: 81 g dos quais a\u00e7\u00facar: 13 g Prote\u00edna: 3,7 g Sal: 0,16 g\" \/>\n<meta property=\"og:url\" content=\"https:\/\/biocabaz.pt\/web\/en\/produto\/cafe-de-cereias-bio-green-organics\/\" \/>\n<meta property=\"og:site_name\" content=\"CABAZES BIOL\u00d3GICOS\" \/>\n<meta property=\"article:modified_time\" content=\"2026-02-18T19:45:19+00:00\" \/>\n<meta property=\"og:image\" content=\"https:\/\/www.biocabaz.pt\/web\/wp-conteudos\/uploads\/2025\/06\/cafe-de-cereias-bio-green-organics.jpg\" \/>\n\t<meta property=\"og:image:width\" content=\"768\" \/>\n\t<meta property=\"og:image:height\" content=\"1377\" \/>\n\t<meta property=\"og:image:type\" content=\"image\/jpeg\" \/>\n<meta name=\"twitter:card\" content=\"summary_large_image\" \/>\n<meta name=\"twitter:label1\" content=\"Est. reading time\" \/>\n\t<meta name=\"twitter:data1\" content=\"1 minute\" \/>\n<script type=\"application\/ld+json\" class=\"yoast-schema-graph\">{\"@context\":\"https:\/\/schema.org\",\"@graph\":[{\"@type\":\"WebPage\",\"@id\":\"https:\/\/www.biocabaz.pt\/web\/en\/produto\/cafe-de-cereias-bio-green-organics\/\",\"url\":\"https:\/\/www.biocabaz.pt\/web\/en\/produto\/cafe-de-cereias-bio-green-organics\/\",\"name\":\"CAFE DE CEREIAS BIO GREEN ORGANICS\",\"isPartOf\":{\"@id\":\"https:\/\/www.biocabaz.pt\/web\/#website\"},\"primaryImageOfPage\":{\"@id\":\"https:\/\/www.biocabaz.pt\/web\/en\/produto\/cafe-de-cereias-bio-green-organics\/#primaryimage\"},\"image\":{\"@id\":\"https:\/\/www.biocabaz.pt\/web\/en\/produto\/cafe-de-cereias-bio-green-organics\/#primaryimage\"},\"thumbnailUrl\":\"https:\/\/www.biocabaz.pt\/web\/wp-conteudos\/uploads\/2025\/06\/cafe-de-cereias-bio-green-organics.jpg\",\"datePublished\":\"2025-06-09T11:27:35+00:00\",\"dateModified\":\"2026-02-18T19:45:19+00:00\",\"breadcrumb\":{\"@id\":\"https:\/\/www.biocabaz.pt\/web\/en\/produto\/cafe-de-cereias-bio-green-organics\/#breadcrumb\"},\"inLanguage\":\"pt-PT\",\"potentialAction\":[{\"@type\":\"ReadAction\",\"target\":[\"https:\/\/www.biocabaz.pt\/web\/en\/produto\/cafe-de-cereias-bio-green-organics\/\"]}]},{\"@type\":\"ImageObject\",\"inLanguage\":\"pt-PT\",\"@id\":\"https:\/\/www.biocabaz.pt\/web\/en\/produto\/cafe-de-cereias-bio-green-organics\/#primaryimage\",\"url\":\"https:\/\/www.biocabaz.pt\/web\/wp-conteudos\/uploads\/2025\/06\/cafe-de-cereias-bio-green-organics.jpg\",\"contentUrl\":\"https:\/\/www.biocabaz.pt\/web\/wp-conteudos\/uploads\/2025\/06\/cafe-de-cereias-bio-green-organics.jpg\",\"width\":768,\"height\":1377,\"caption\":\"CAFE DE CEREIAS BIO GREEN ORGANICS\"},{\"@type\":\"BreadcrumbList\",\"@id\":\"https:\/\/www.biocabaz.pt\/web\/en\/produto\/cafe-de-cereias-bio-green-organics\/#breadcrumb\",\"itemListElement\":[{\"@type\":\"ListItem\",\"position\":1,\"name\":\"Home\",\"item\":\"https:\/\/www.biocabaz.pt\/web\/\"},{\"@type\":\"ListItem\",\"position\":2,\"name\":\"Shop\",\"item\":\"https:\/\/www.biocabaz.pt\/web\/en\/shop\/\"},{\"@type\":\"ListItem\",\"position\":3,\"name\":\"CAFE DE CEREIAS BIO GREEN ORGANICS\"}]},{\"@type\":\"WebSite\",\"@id\":\"https:\/\/www.biocabaz.pt\/web\/#website\",\"url\":\"https:\/\/www.biocabaz.pt\/web\/\",\"name\":\"CABAZES BIOL\u00d3GICOS\",\"description\":\"One+Number\",\"potentialAction\":[{\"@type\":\"SearchAction\",\"target\":{\"@type\":\"EntryPoint\",\"urlTemplate\":\"https:\/\/www.biocabaz.pt\/web\/?s={search_term_string}\"},\"query-input\":{\"@type\":\"PropertyValueSpecification\",\"valueRequired\":true,\"valueName\":\"search_term_string\"}}],\"inLanguage\":\"pt-PT\"}]}<\/script>\n<!-- \/ Yoast SEO plugin. -->","yoast_head_json":{"title":"CAFE DE CEREIAS BIO GREEN ORGANICS","robots":{"index":"index","follow":"follow","max-snippet":"max-snippet:-1","max-image-preview":"max-image-preview:large","max-video-preview":"max-video-preview:-1"},"canonical":"https:\/\/www.biocabaz.pt\/web\/en\/produto\/cafe-de-cereias-bio-green-organics\/","og_locale":"pt_PT","og_type":"article","og_title":"[:pt]CAFE DE CEREIAS BIO GREEN ORGANICS[:] - CABAZES BIOL\u00d3GICOS","og_description":"Ingredientes: CENTEIO*, MALTE DE CEVADA*, CEVADA*, Chic\u00f3ria*, Figos* Valores nutricionais e resultados de an\u00e1lise com base em 100 g: Energia: 1534 kJ \/ 362 kcal Gordo: 0,5 g dos quais \u00e1cidos graxos saturados: G Carboidratos: 81 g dos quais a\u00e7\u00facar: 13 g Prote\u00edna: 3,7 g Sal: 0,16 g","og_url":"https:\/\/biocabaz.pt\/web\/en\/produto\/cafe-de-cereias-bio-green-organics\/","og_site_name":"CABAZES BIOL\u00d3GICOS","article_modified_time":"2026-02-18T19:45:19+00:00","og_image":[{"width":768,"height":1377,"url":"https:\/\/www.biocabaz.pt\/web\/wp-conteudos\/uploads\/2025\/06\/cafe-de-cereias-bio-green-organics.jpg","type":"image\/jpeg"}],"twitter_card":"summary_large_image","twitter_misc":{"Est. reading time":"1 minute"},"schema":{"@context":"https:\/\/schema.org","@graph":[{"@type":"WebPage","@id":"https:\/\/www.biocabaz.pt\/web\/en\/produto\/cafe-de-cereias-bio-green-organics\/","url":"https:\/\/www.biocabaz.pt\/web\/en\/produto\/cafe-de-cereias-bio-green-organics\/","name":"CAFE DE CEREIAS BIO GREEN ORGANICS","isPartOf":{"@id":"https:\/\/www.biocabaz.pt\/web\/#website"},"primaryImageOfPage":{"@id":"https:\/\/www.biocabaz.pt\/web\/en\/produto\/cafe-de-cereias-bio-green-organics\/#primaryimage"},"image":{"@id":"https:\/\/www.biocabaz.pt\/web\/en\/produto\/cafe-de-cereias-bio-green-organics\/#primaryimage"},"thumbnailUrl":"https:\/\/www.biocabaz.pt\/web\/wp-conteudos\/uploads\/2025\/06\/cafe-de-cereias-bio-green-organics.jpg","datePublished":"2025-06-09T11:27:35+00:00","dateModified":"2026-02-18T19:45:19+00:00","breadcrumb":{"@id":"https:\/\/www.biocabaz.pt\/web\/en\/produto\/cafe-de-cereias-bio-green-organics\/#breadcrumb"},"inLanguage":"pt-PT","potentialAction":[{"@type":"ReadAction","target":["https:\/\/www.biocabaz.pt\/web\/en\/produto\/cafe-de-cereias-bio-green-organics\/"]}]},{"@type":"ImageObject","inLanguage":"pt-PT","@id":"https:\/\/www.biocabaz.pt\/web\/en\/produto\/cafe-de-cereias-bio-green-organics\/#primaryimage","url":"https:\/\/www.biocabaz.pt\/web\/wp-conteudos\/uploads\/2025\/06\/cafe-de-cereias-bio-green-organics.jpg","contentUrl":"https:\/\/www.biocabaz.pt\/web\/wp-conteudos\/uploads\/2025\/06\/cafe-de-cereias-bio-green-organics.jpg","width":768,"height":1377,"caption":"CAFE DE CEREIAS BIO GREEN ORGANICS"},{"@type":"BreadcrumbList","@id":"https:\/\/www.biocabaz.pt\/web\/en\/produto\/cafe-de-cereias-bio-green-organics\/#breadcrumb","itemListElement":[{"@type":"ListItem","position":1,"name":"Home","item":"https:\/\/www.biocabaz.pt\/web\/"},{"@type":"ListItem","position":2,"name":"Shop","item":"https:\/\/www.biocabaz.pt\/web\/en\/shop\/"},{"@type":"ListItem","position":3,"name":"CAFE DE CEREIAS BIO GREEN ORGANICS"}]},{"@type":"WebSite","@id":"https:\/\/www.biocabaz.pt\/web\/#website","url":"https:\/\/www.biocabaz.pt\/web\/","name":"CABAZES BIOL\u00d3GICOS","description":"One+Number","potentialAction":[{"@type":"SearchAction","target":{"@type":"EntryPoint","urlTemplate":"https:\/\/www.biocabaz.pt\/web\/?s={search_term_string}"},"query-input":{"@type":"PropertyValueSpecification","valueRequired":true,"valueName":"search_term_string"}}],"inLanguage":"pt-PT"}]}},"_links":{"self":[{"href":"https:\/\/biocabaz.pt\/web\/en\/wp-json\/wp\/v2\/product\/122833","targetHints":{"allow":["GET"]}}],"collection":[{"href":"https:\/\/biocabaz.pt\/web\/en\/wp-json\/wp\/v2\/product"}],"about":[{"href":"https:\/\/biocabaz.pt\/web\/en\/wp-json\/wp\/v2\/types\/product"}],"replies":[{"embeddable":true,"href":"https:\/\/biocabaz.pt\/web\/en\/wp-json\/wp\/v2\/comments?post=122833"}],"wp:featuredmedia":[{"embeddable":true,"href":"https:\/\/biocabaz.pt\/web\/en\/wp-json\/wp\/v2\/media\/122835"}],"wp:attachment":[{"href":"https:\/\/biocabaz.pt\/web\/en\/wp-json\/wp\/v2\/media?parent=122833"}],"wp:term":[{"taxonomy":"product_cat","embeddable":true,"href":"https:\/\/biocabaz.pt\/web\/en\/wp-json\/wp\/v2\/product_cat?post=122833"},{"taxonomy":"product_tag","embeddable":true,"href":"https:\/\/biocabaz.pt\/web\/en\/wp-json\/wp\/v2\/product_tag?post=122833"}],"curies":[{"name":"wp","href":"https:\/\/api.w.org\/{rel}","templated":true}]}}