{"id":1032,"date":"2016-04-14T21:51:34","date_gmt":"2016-04-14T21:51:34","guid":{"rendered":"http:\/\/www.biocabaz.com\/web\/produto\/flor-de-sal-do-algarve-200g-provida\/"},"modified":"2024-08-06T10:15:26","modified_gmt":"2024-08-06T10:15:26","slug":"flor-de-sal-do-algarve-200g-provida","status":"publish","type":"product","link":"https:\/\/biocabaz.pt\/web\/en\/produto\/flor-de-sal-do-algarve-200g-provida\/","title":{"rendered":"PR\u00d3VIDA ORGANIC SALT FLOWER FROM ALGARVE 200GR"},"content":{"rendered":"<p><strong>Description<\/strong><br \/>Ingredients: Salt flower from the Algarve. Contains no bleaching and anti-caking additives.<\/p>\n<p><strong>Nutrition Facts<\/strong><br \/>Chemical analysis: chloride (59 g \/ 100g); Sodium 38 g \/ 100g); Magnesium 580 mg \/ 100g (155% RDI); Calcium 120mg \/ 100g (15% RDI); Iodine 70\/100 g (47% RDI)<\/p>\n<p><strong>Use Mode<\/strong><br \/>Store in a cool, dry place.<\/p>\n","protected":false},"excerpt":{"rendered":"<p>Chemical analysis: chloride (59 g \/ 100g); Sodium 38 g \/ 100g); Magnesium 580 mg \/ 100g (155% RDI); Calcium 120mg \/ 100g (15% RDI); Iodine 70\/100 g (47% RDI)<\/p>\n","protected":false},"featured_media":1086,"comment_status":"closed","ping_status":"closed","template":"","meta":[],"product_cat":[27],"product_tag":[],"class_list":["post-1032","product","type-product","status-publish","has-post-thumbnail","hentry","product_cat-sal-especiarias-temperos"],"bundle_layout":"","bundled_by":[],"bundled_items":[],"yoast_head":"<!-- This site is optimized with the Yoast SEO plugin v26.3 - https:\/\/yoast.com\/wordpress\/plugins\/seo\/ -->\n<title>PR\u00d3VIDA ORGANIC SALT FLOWER FROM ALGARVE 200GR<\/title>\n<meta name=\"robots\" content=\"index, follow, max-snippet:-1, max-image-preview:large, max-video-preview:-1\" \/>\n<link rel=\"canonical\" href=\"https:\/\/www.biocabaz.pt\/web\/produto\/flor-de-sal-do-algarve-200g-provida\/\" \/>\n<meta property=\"og:locale\" content=\"pt_PT\" \/>\n<meta property=\"og:locale:alternate\" content=\"pt_PT\" \/>\n<meta property=\"og:type\" content=\"article\" \/>\n<meta property=\"og:title\" content=\"PR\u00d3VIDA ORGANIC SALT FLOWER FROM ALGARVE 200GR\" \/>\n<meta property=\"og:description\" content=\"Chemical analysis: chloride (59 g \/ 100g); Sodium 38 g \/ 100g); Magnesium 580 mg \/ 100g (155% RDI); Calcium 120mg \/ 100g (15% RDI); Iodine 70\/100 g (47% RDI)\" \/>\n<meta property=\"og:url\" content=\"https:\/\/biocabaz.pt\/web\/en\/produto\/flor-de-sal-do-algarve-200g-provida\/\" \/>\n<meta property=\"og:site_name\" content=\"CABAZES BIOL\u00d3GICOS\" \/>\n<meta property=\"article:modified_time\" content=\"2024-08-06T10:15:26+00:00\" \/>\n<meta property=\"og:image\" content=\"https:\/\/www.biocabaz.pt\/web\/wp-conteudos\/uploads\/2016\/04\/flor-de-sal-do-algarve-200g.jpg\" \/>\n\t<meta property=\"og:image:width\" content=\"600\" \/>\n\t<meta property=\"og:image:height\" content=\"600\" \/>\n\t<meta property=\"og:image:type\" content=\"image\/jpeg\" \/>\n<meta name=\"twitter:card\" content=\"summary_large_image\" \/>\n<script type=\"application\/ld+json\" class=\"yoast-schema-graph\">{\"@context\":\"https:\/\/schema.org\",\"@graph\":[{\"@type\":\"WebPage\",\"@id\":\"https:\/\/www.biocabaz.pt\/web\/produto\/flor-de-sal-do-algarve-200g-provida\/\",\"url\":\"https:\/\/www.biocabaz.pt\/web\/produto\/flor-de-sal-do-algarve-200g-provida\/\",\"name\":\"PR\u00d3VIDA ORGANIC SALT FLOWER FROM ALGARVE 200GR\",\"isPartOf\":{\"@id\":\"https:\/\/biocabaz.pt\/web\/#website\"},\"primaryImageOfPage\":{\"@id\":\"https:\/\/www.biocabaz.pt\/web\/produto\/flor-de-sal-do-algarve-200g-provida\/#primaryimage\"},\"image\":{\"@id\":\"https:\/\/www.biocabaz.pt\/web\/produto\/flor-de-sal-do-algarve-200g-provida\/#primaryimage\"},\"thumbnailUrl\":\"https:\/\/www.biocabaz.pt\/web\/wp-conteudos\/uploads\/2016\/04\/flor-de-sal-do-algarve-200g.jpg\",\"datePublished\":\"2016-04-14T21:51:34+00:00\",\"dateModified\":\"2024-08-06T10:15:26+00:00\",\"breadcrumb\":{\"@id\":\"https:\/\/www.biocabaz.pt\/web\/produto\/flor-de-sal-do-algarve-200g-provida\/#breadcrumb\"},\"inLanguage\":\"pt-PT\",\"potentialAction\":[{\"@type\":\"ReadAction\",\"target\":[\"https:\/\/www.biocabaz.pt\/web\/produto\/flor-de-sal-do-algarve-200g-provida\/\"]}]},{\"@type\":\"ImageObject\",\"inLanguage\":\"pt-PT\",\"@id\":\"https:\/\/www.biocabaz.pt\/web\/produto\/flor-de-sal-do-algarve-200g-provida\/#primaryimage\",\"url\":\"https:\/\/www.biocabaz.pt\/web\/wp-conteudos\/uploads\/2016\/04\/flor-de-sal-do-algarve-200g.jpg\",\"contentUrl\":\"https:\/\/www.biocabaz.pt\/web\/wp-conteudos\/uploads\/2016\/04\/flor-de-sal-do-algarve-200g.jpg\",\"width\":600,\"height\":600},{\"@type\":\"BreadcrumbList\",\"@id\":\"https:\/\/www.biocabaz.pt\/web\/produto\/flor-de-sal-do-algarve-200g-provida\/#breadcrumb\",\"itemListElement\":[{\"@type\":\"ListItem\",\"position\":1,\"name\":\"Home\",\"item\":\"https:\/\/biocabaz.pt\/web\/\"},{\"@type\":\"ListItem\",\"position\":2,\"name\":\"Loja\",\"item\":\"https:\/\/biocabaz.pt\/web\/shop\/\"},{\"@type\":\"ListItem\",\"position\":3,\"name\":\"FLOR DE SAL DO ALGARVE 200G PR\u00d3VIDA\"}]},{\"@type\":\"WebSite\",\"@id\":\"https:\/\/biocabaz.pt\/web\/#website\",\"url\":\"https:\/\/biocabaz.pt\/web\/\",\"name\":\"CABAZES BIOL\u00d3GICOS\",\"description\":\"One+Number\",\"potentialAction\":[{\"@type\":\"SearchAction\",\"target\":{\"@type\":\"EntryPoint\",\"urlTemplate\":\"https:\/\/biocabaz.pt\/web\/?s={search_term_string}\"},\"query-input\":{\"@type\":\"PropertyValueSpecification\",\"valueRequired\":true,\"valueName\":\"search_term_string\"}}],\"inLanguage\":\"pt-PT\"}]}<\/script>\n<!-- \/ Yoast SEO plugin. -->","yoast_head_json":{"title":"PR\u00d3VIDA ORGANIC SALT FLOWER FROM ALGARVE 200GR","robots":{"index":"index","follow":"follow","max-snippet":"max-snippet:-1","max-image-preview":"max-image-preview:large","max-video-preview":"max-video-preview:-1"},"canonical":"https:\/\/www.biocabaz.pt\/web\/produto\/flor-de-sal-do-algarve-200g-provida\/","og_locale":"pt_PT","og_type":"article","og_title":"[:en]PR\u00d3VIDA ORGANIC SALT FLOWER FROM ALGARVE 200GR[:pt]FLOR DE SAL DO ALGARVE 200G PR\u00d3VIDA[:] - CABAZES BIOL\u00d3GICOS","og_description":"Chemical analysis: chloride (59 g \/ 100g); Sodium 38 g \/ 100g); Magnesium 580 mg \/ 100g (155% RDI); Calcium 120mg \/ 100g (15% RDI); Iodine 70\/100 g (47% RDI)","og_url":"https:\/\/biocabaz.pt\/web\/en\/produto\/flor-de-sal-do-algarve-200g-provida\/","og_site_name":"CABAZES BIOL\u00d3GICOS","article_modified_time":"2024-08-06T10:15:26+00:00","og_image":[{"width":600,"height":600,"url":"https:\/\/www.biocabaz.pt\/web\/wp-conteudos\/uploads\/2016\/04\/flor-de-sal-do-algarve-200g.jpg","type":"image\/jpeg"}],"twitter_card":"summary_large_image","schema":{"@context":"https:\/\/schema.org","@graph":[{"@type":"WebPage","@id":"https:\/\/www.biocabaz.pt\/web\/produto\/flor-de-sal-do-algarve-200g-provida\/","url":"https:\/\/www.biocabaz.pt\/web\/produto\/flor-de-sal-do-algarve-200g-provida\/","name":"PR\u00d3VIDA ORGANIC SALT FLOWER FROM ALGARVE 200GR","isPartOf":{"@id":"https:\/\/biocabaz.pt\/web\/#website"},"primaryImageOfPage":{"@id":"https:\/\/www.biocabaz.pt\/web\/produto\/flor-de-sal-do-algarve-200g-provida\/#primaryimage"},"image":{"@id":"https:\/\/www.biocabaz.pt\/web\/produto\/flor-de-sal-do-algarve-200g-provida\/#primaryimage"},"thumbnailUrl":"https:\/\/www.biocabaz.pt\/web\/wp-conteudos\/uploads\/2016\/04\/flor-de-sal-do-algarve-200g.jpg","datePublished":"2016-04-14T21:51:34+00:00","dateModified":"2024-08-06T10:15:26+00:00","breadcrumb":{"@id":"https:\/\/www.biocabaz.pt\/web\/produto\/flor-de-sal-do-algarve-200g-provida\/#breadcrumb"},"inLanguage":"pt-PT","potentialAction":[{"@type":"ReadAction","target":["https:\/\/www.biocabaz.pt\/web\/produto\/flor-de-sal-do-algarve-200g-provida\/"]}]},{"@type":"ImageObject","inLanguage":"pt-PT","@id":"https:\/\/www.biocabaz.pt\/web\/produto\/flor-de-sal-do-algarve-200g-provida\/#primaryimage","url":"https:\/\/www.biocabaz.pt\/web\/wp-conteudos\/uploads\/2016\/04\/flor-de-sal-do-algarve-200g.jpg","contentUrl":"https:\/\/www.biocabaz.pt\/web\/wp-conteudos\/uploads\/2016\/04\/flor-de-sal-do-algarve-200g.jpg","width":600,"height":600},{"@type":"BreadcrumbList","@id":"https:\/\/www.biocabaz.pt\/web\/produto\/flor-de-sal-do-algarve-200g-provida\/#breadcrumb","itemListElement":[{"@type":"ListItem","position":1,"name":"Home","item":"https:\/\/biocabaz.pt\/web\/"},{"@type":"ListItem","position":2,"name":"Loja","item":"https:\/\/biocabaz.pt\/web\/shop\/"},{"@type":"ListItem","position":3,"name":"FLOR DE SAL DO ALGARVE 200G PR\u00d3VIDA"}]},{"@type":"WebSite","@id":"https:\/\/biocabaz.pt\/web\/#website","url":"https:\/\/biocabaz.pt\/web\/","name":"CABAZES BIOL\u00d3GICOS","description":"One+Number","potentialAction":[{"@type":"SearchAction","target":{"@type":"EntryPoint","urlTemplate":"https:\/\/biocabaz.pt\/web\/?s={search_term_string}"},"query-input":{"@type":"PropertyValueSpecification","valueRequired":true,"valueName":"search_term_string"}}],"inLanguage":"pt-PT"}]}},"_links":{"self":[{"href":"https:\/\/biocabaz.pt\/web\/en\/wp-json\/wp\/v2\/product\/1032","targetHints":{"allow":["GET"]}}],"collection":[{"href":"https:\/\/biocabaz.pt\/web\/en\/wp-json\/wp\/v2\/product"}],"about":[{"href":"https:\/\/biocabaz.pt\/web\/en\/wp-json\/wp\/v2\/types\/product"}],"replies":[{"embeddable":true,"href":"https:\/\/biocabaz.pt\/web\/en\/wp-json\/wp\/v2\/comments?post=1032"}],"wp:featuredmedia":[{"embeddable":true,"href":"https:\/\/biocabaz.pt\/web\/en\/wp-json\/wp\/v2\/media\/1086"}],"wp:attachment":[{"href":"https:\/\/biocabaz.pt\/web\/en\/wp-json\/wp\/v2\/media?parent=1032"}],"wp:term":[{"taxonomy":"product_cat","embeddable":true,"href":"https:\/\/biocabaz.pt\/web\/en\/wp-json\/wp\/v2\/product_cat?post=1032"},{"taxonomy":"product_tag","embeddable":true,"href":"https:\/\/biocabaz.pt\/web\/en\/wp-json\/wp\/v2\/product_tag?post=1032"}],"curies":[{"name":"wp","href":"https:\/\/api.w.org\/{rel}","templated":true}]}}