{"id":1019,"date":"2016-04-14T21:51:17","date_gmt":"2016-04-14T21:51:17","guid":{"rendered":"http:\/\/www.biocabaz.com\/web\/produto\/lentilhas-castanhas-500g\/"},"modified":"2022-10-03T11:57:17","modified_gmt":"2022-10-03T11:57:17","slug":"lentilhas-castanhas-500g","status":"publish","type":"product","link":"https:\/\/biocabaz.pt\/web\/en\/produto\/lentilhas-castanhas-500g\/","title":{"rendered":"PR\u00d3VIDA ORGANIC BROWN LENTILS 500GR"},"content":{"rendered":"<p><strong>Description<\/strong><br \/>Ingredients: Brown lentil &#8211; has a rounded, fine shape and a color that varies from khaki to brown. The taste of this lentil is smooth and slightly earthy. High in protein, fiber, iron, magnesium and vitamin B1 (Thiamine) and B6. It may contain traces of gluten.<\/p>\n<p><strong>Nutrition Facts<\/strong><br \/><strong>Nutritional Information per 100g\/ml<\/strong>: Energy: 1255kJ \/ 292kcal; Lipids: 1g &#8211; of which saturated: 0.15g; Carbohydrates: 30.0g &#8211; of which sugars: 0.15g; Fiber: 30.0g; Proteins: 26g; Salt: 0.025g; Iron: 7.5mg (54% *); Phosphorus: 451mg (64% *); Magnesium: 122mg (32% *); Thiamine: 0.87g (79% *); Vitamin B6: 0.54mg (38% *). * NRV: Nutrient reference value.<\/p>\n<p><strong>Use Mode<\/strong><br \/>Bake for 20 minutes, preferably stewed with vegetables or cereals, or added to soup. Store in a cool, dry place.<\/p>\n","protected":false},"excerpt":{"rendered":"<p><strong>Nutritional Information per 100g\/ml<\/strong>: Energy: 1255kJ \/ 292kcal; Lipids: 1g &#8211; of which saturated: 0.15g; Carbohydrates: 30.0g &#8211; of which sugars: 0.15g; Fiber: 30.0g; Proteins: 26g; Salt: 0.025g; Iron: 7.5mg (54% *); Phosphorus: 451mg (64% *); Magnesium: 122mg (32% *); Thiamine: 0.87g (79% *); Vitamin B6: 0.54mg (38% *). * NRV: Nutrient reference value.<\/p>\n","protected":false},"featured_media":1137,"comment_status":"closed","ping_status":"closed","template":"","meta":[],"product_cat":[25],"product_tag":[],"class_list":["post-1019","product","type-product","status-publish","has-post-thumbnail","hentry","product_cat-leguminosas"],"bundle_layout":"","bundled_by":[],"bundled_items":[],"yoast_head":"<!-- This site is optimized with the Yoast SEO plugin v26.3 - https:\/\/yoast.com\/wordpress\/plugins\/seo\/ -->\n<title>PR\u00d3VIDA ORGANIC BROWN LENTILS 500GR<\/title>\n<meta name=\"robots\" content=\"index, follow, max-snippet:-1, max-image-preview:large, max-video-preview:-1\" \/>\n<link rel=\"canonical\" href=\"https:\/\/biocabaz.pt\/web\/en\/produto\/lentilhas-castanhas-500g\/\" \/>\n<meta property=\"og:locale\" content=\"pt_PT\" \/>\n<meta property=\"og:locale:alternate\" content=\"pt_PT\" \/>\n<meta property=\"og:type\" content=\"article\" \/>\n<meta property=\"og:title\" content=\"PR\u00d3VIDA ORGANIC BROWN LENTILS 500GR\" \/>\n<meta property=\"og:description\" content=\"Nutritional Information per 100g\/ml: Energy: 1255kJ \/ 292kcal; Lipids: 1g - of which saturated: 0.15g; Carbohydrates: 30.0g - of which sugars: 0.15g; Fiber: 30.0g; Proteins: 26g; Salt: 0.025g; Iron: 7.5mg (54% *); Phosphorus: 451mg (64% *); Magnesium: 122mg (32% *); Thiamine: 0.87g (79% *); Vitamin B6: 0.54mg (38% *). * NRV: Nutrient reference value.\" \/>\n<meta property=\"og:url\" content=\"https:\/\/biocabaz.pt\/web\/en\/produto\/lentilhas-castanhas-500g\/\" \/>\n<meta property=\"og:site_name\" content=\"CABAZES BIOL\u00d3GICOS\" \/>\n<meta property=\"article:modified_time\" content=\"2022-10-03T11:57:17+00:00\" \/>\n<meta property=\"og:image\" content=\"https:\/\/www.biocabaz.pt\/web\/wp-conteudos\/uploads\/2016\/04\/104016B.jpg\" \/>\n\t<meta property=\"og:image:width\" content=\"300\" \/>\n\t<meta property=\"og:image:height\" content=\"326\" \/>\n\t<meta property=\"og:image:type\" content=\"image\/jpeg\" \/>\n<meta name=\"twitter:card\" content=\"summary_large_image\" \/>\n<meta name=\"twitter:label1\" content=\"Est. reading time\" \/>\n\t<meta name=\"twitter:data1\" content=\"1 minute\" \/>\n<script type=\"application\/ld+json\" class=\"yoast-schema-graph\">{\"@context\":\"https:\/\/schema.org\",\"@graph\":[{\"@type\":\"WebPage\",\"@id\":\"https:\/\/biocabaz.pt\/web\/en\/produto\/lentilhas-castanhas-500g\/\",\"url\":\"https:\/\/biocabaz.pt\/web\/en\/produto\/lentilhas-castanhas-500g\/\",\"name\":\"PR\u00d3VIDA ORGANIC BROWN LENTILS 500GR\",\"isPartOf\":{\"@id\":\"https:\/\/www.biocabaz.pt\/web\/en\/#website\"},\"primaryImageOfPage\":{\"@id\":\"https:\/\/biocabaz.pt\/web\/en\/produto\/lentilhas-castanhas-500g\/#primaryimage\"},\"image\":{\"@id\":\"https:\/\/biocabaz.pt\/web\/en\/produto\/lentilhas-castanhas-500g\/#primaryimage\"},\"thumbnailUrl\":\"https:\/\/www.biocabaz.pt\/web\/wp-conteudos\/uploads\/2016\/04\/104016B.jpg\",\"datePublished\":\"2016-04-14T21:51:17+00:00\",\"dateModified\":\"2022-10-03T11:57:17+00:00\",\"breadcrumb\":{\"@id\":\"https:\/\/biocabaz.pt\/web\/en\/produto\/lentilhas-castanhas-500g\/#breadcrumb\"},\"inLanguage\":\"pt-PT\",\"potentialAction\":[{\"@type\":\"ReadAction\",\"target\":[\"https:\/\/biocabaz.pt\/web\/en\/produto\/lentilhas-castanhas-500g\/\"]}]},{\"@type\":\"ImageObject\",\"inLanguage\":\"pt-PT\",\"@id\":\"https:\/\/biocabaz.pt\/web\/en\/produto\/lentilhas-castanhas-500g\/#primaryimage\",\"url\":\"https:\/\/www.biocabaz.pt\/web\/wp-conteudos\/uploads\/2016\/04\/104016B.jpg\",\"contentUrl\":\"https:\/\/www.biocabaz.pt\/web\/wp-conteudos\/uploads\/2016\/04\/104016B.jpg\",\"width\":300,\"height\":326},{\"@type\":\"BreadcrumbList\",\"@id\":\"https:\/\/biocabaz.pt\/web\/en\/produto\/lentilhas-castanhas-500g\/#breadcrumb\",\"itemListElement\":[{\"@type\":\"ListItem\",\"position\":1,\"name\":\"Home\",\"item\":\"https:\/\/www.biocabaz.pt\/web\/en\/\"},{\"@type\":\"ListItem\",\"position\":2,\"name\":\"Shop\",\"item\":\"https:\/\/www.biocabaz.pt\/web\/en\/shop\/\"},{\"@type\":\"ListItem\",\"position\":3,\"name\":\"PR\u00d3VIDA ORGANIC BROWN LENTILS 500GR\"}]},{\"@type\":\"WebSite\",\"@id\":\"https:\/\/www.biocabaz.pt\/web\/en\/#website\",\"url\":\"https:\/\/www.biocabaz.pt\/web\/en\/\",\"name\":\"CABAZES BIOL\u00d3GICOS\",\"description\":\"One+Number\",\"potentialAction\":[{\"@type\":\"SearchAction\",\"target\":{\"@type\":\"EntryPoint\",\"urlTemplate\":\"https:\/\/www.biocabaz.pt\/web\/en\/?s={search_term_string}\"},\"query-input\":{\"@type\":\"PropertyValueSpecification\",\"valueRequired\":true,\"valueName\":\"search_term_string\"}}],\"inLanguage\":\"pt-PT\"}]}<\/script>\n<!-- \/ Yoast SEO plugin. -->","yoast_head_json":{"title":"PR\u00d3VIDA ORGANIC BROWN LENTILS 500GR","robots":{"index":"index","follow":"follow","max-snippet":"max-snippet:-1","max-image-preview":"max-image-preview:large","max-video-preview":"max-video-preview:-1"},"canonical":"https:\/\/biocabaz.pt\/web\/en\/produto\/lentilhas-castanhas-500g\/","og_locale":"pt_PT","og_type":"article","og_title":"[:en]PR\u00d3VIDA ORGANIC BROWN LENTILS 500GR[:pt]LENTILHAS CASTANHAS BIO 500G PR\u00d3VIDA[:] - CABAZES BIOL\u00d3GICOS","og_description":"Nutritional Information per 100g\/ml: Energy: 1255kJ \/ 292kcal; Lipids: 1g - of which saturated: 0.15g; Carbohydrates: 30.0g - of which sugars: 0.15g; Fiber: 30.0g; Proteins: 26g; Salt: 0.025g; Iron: 7.5mg (54% *); Phosphorus: 451mg (64% *); Magnesium: 122mg (32% *); Thiamine: 0.87g (79% *); Vitamin B6: 0.54mg (38% *). * NRV: Nutrient reference value.","og_url":"https:\/\/biocabaz.pt\/web\/en\/produto\/lentilhas-castanhas-500g\/","og_site_name":"CABAZES BIOL\u00d3GICOS","article_modified_time":"2022-10-03T11:57:17+00:00","og_image":[{"width":300,"height":326,"url":"https:\/\/www.biocabaz.pt\/web\/wp-conteudos\/uploads\/2016\/04\/104016B.jpg","type":"image\/jpeg"}],"twitter_card":"summary_large_image","twitter_misc":{"Est. reading time":"1 minute"},"schema":{"@context":"https:\/\/schema.org","@graph":[{"@type":"WebPage","@id":"https:\/\/biocabaz.pt\/web\/en\/produto\/lentilhas-castanhas-500g\/","url":"https:\/\/biocabaz.pt\/web\/en\/produto\/lentilhas-castanhas-500g\/","name":"PR\u00d3VIDA ORGANIC BROWN LENTILS 500GR","isPartOf":{"@id":"https:\/\/www.biocabaz.pt\/web\/en\/#website"},"primaryImageOfPage":{"@id":"https:\/\/biocabaz.pt\/web\/en\/produto\/lentilhas-castanhas-500g\/#primaryimage"},"image":{"@id":"https:\/\/biocabaz.pt\/web\/en\/produto\/lentilhas-castanhas-500g\/#primaryimage"},"thumbnailUrl":"https:\/\/www.biocabaz.pt\/web\/wp-conteudos\/uploads\/2016\/04\/104016B.jpg","datePublished":"2016-04-14T21:51:17+00:00","dateModified":"2022-10-03T11:57:17+00:00","breadcrumb":{"@id":"https:\/\/biocabaz.pt\/web\/en\/produto\/lentilhas-castanhas-500g\/#breadcrumb"},"inLanguage":"pt-PT","potentialAction":[{"@type":"ReadAction","target":["https:\/\/biocabaz.pt\/web\/en\/produto\/lentilhas-castanhas-500g\/"]}]},{"@type":"ImageObject","inLanguage":"pt-PT","@id":"https:\/\/biocabaz.pt\/web\/en\/produto\/lentilhas-castanhas-500g\/#primaryimage","url":"https:\/\/www.biocabaz.pt\/web\/wp-conteudos\/uploads\/2016\/04\/104016B.jpg","contentUrl":"https:\/\/www.biocabaz.pt\/web\/wp-conteudos\/uploads\/2016\/04\/104016B.jpg","width":300,"height":326},{"@type":"BreadcrumbList","@id":"https:\/\/biocabaz.pt\/web\/en\/produto\/lentilhas-castanhas-500g\/#breadcrumb","itemListElement":[{"@type":"ListItem","position":1,"name":"Home","item":"https:\/\/www.biocabaz.pt\/web\/en\/"},{"@type":"ListItem","position":2,"name":"Shop","item":"https:\/\/www.biocabaz.pt\/web\/en\/shop\/"},{"@type":"ListItem","position":3,"name":"PR\u00d3VIDA ORGANIC BROWN LENTILS 500GR"}]},{"@type":"WebSite","@id":"https:\/\/www.biocabaz.pt\/web\/en\/#website","url":"https:\/\/www.biocabaz.pt\/web\/en\/","name":"CABAZES BIOL\u00d3GICOS","description":"One+Number","potentialAction":[{"@type":"SearchAction","target":{"@type":"EntryPoint","urlTemplate":"https:\/\/www.biocabaz.pt\/web\/en\/?s={search_term_string}"},"query-input":{"@type":"PropertyValueSpecification","valueRequired":true,"valueName":"search_term_string"}}],"inLanguage":"pt-PT"}]}},"_links":{"self":[{"href":"https:\/\/biocabaz.pt\/web\/en\/wp-json\/wp\/v2\/product\/1019","targetHints":{"allow":["GET"]}}],"collection":[{"href":"https:\/\/biocabaz.pt\/web\/en\/wp-json\/wp\/v2\/product"}],"about":[{"href":"https:\/\/biocabaz.pt\/web\/en\/wp-json\/wp\/v2\/types\/product"}],"replies":[{"embeddable":true,"href":"https:\/\/biocabaz.pt\/web\/en\/wp-json\/wp\/v2\/comments?post=1019"}],"wp:featuredmedia":[{"embeddable":true,"href":"https:\/\/biocabaz.pt\/web\/en\/wp-json\/wp\/v2\/media\/1137"}],"wp:attachment":[{"href":"https:\/\/biocabaz.pt\/web\/en\/wp-json\/wp\/v2\/media?parent=1019"}],"wp:term":[{"taxonomy":"product_cat","embeddable":true,"href":"https:\/\/biocabaz.pt\/web\/en\/wp-json\/wp\/v2\/product_cat?post=1019"},{"taxonomy":"product_tag","embeddable":true,"href":"https:\/\/biocabaz.pt\/web\/en\/wp-json\/wp\/v2\/product_tag?post=1019"}],"curies":[{"name":"wp","href":"https:\/\/api.w.org\/{rel}","templated":true}]}}