{"id":23,"date":"2016-01-24T21:26:22","date_gmt":"2016-01-24T21:26:22","guid":{"rendered":"http:\/\/www.biocabaz.com\/web\/?page_id=23"},"modified":"2025-01-03T07:58:10","modified_gmt":"2025-01-03T07:58:10","slug":"como-encomendar","status":"publish","type":"page","link":"https:\/\/biocabaz.pt\/web\/en\/como-encomendar\/","title":{"rendered":"HOW TO ORDER"},"content":{"rendered":"[mk_page_section][vc_column][vc_column_text css=&#8221;.vc_custom_1735891083210{margin-bottom: 0px !important;}&#8221;]<strong>1\u00ba &#8211; Verification of delivery locations<\/strong><\/p>\n<p>To order, start by checking if we deliver to your area of \u200b\u200bresidence or place of work (or other location where you want the basket to be delivered)<\/p>\n<p><strong>Note: <\/strong> If your address is not included in our delivery area, please contact us to find out about your intention to order, so that you can be on the \u201cwaiting list\u201d or possibly so that it is possible to fulfill your request, combining a possible site that is accessible to you and us (within the metropolitan area of \u200b\u200bLisbon). Outside the Lisbon area, if you want a non-perishable product, we can send it by post. For this contact us via email or by phone.<\/p>\n<p>&nbsp;<\/p>\n<p><strong>2nd &#8211; Registration <\/strong><\/p>\n<p>You will have to register giving us all the necessary data for invoicing, delivery address and contact details. With the registration you will have access to your client area, where you can manage your data, as well as define the type of basket (weekly, biweekly, monthly, other) and access the history of your orders. Each customer has his space on the website, where he can see the orders and deliveries made, such as the status of his current order and current account at all times.<\/p>\n<p>&nbsp;<\/p>\n<p><strong>3rd &#8211; Buy <\/strong><\/p>\n<p>After login (after registration) you can choose 2 options:<\/p>\n<ul>\n<li>Pre-defined basket<\/li>\n<li>Custom basket<\/li>\n<\/ul>\n<p>In the 1st option you will choose a basket defined by us, according to the general needs of the families, for one week. In this solution, you can change up to 2 products in the basket that you don&#8217;t like, replacing them with others of equal value (this change must be made in the order notes). You can also add more products that interest you. In the 2nd option you can choose from our wide range of products, fresh, groceries, etc &#8230; In any case the minimum order is \u20ac 25.On the first purchase, a \u20ac4 deposit will be charged for the Biocabaz jute bag, the amount will be refunded if you stop being a Biocabaz customer and return it. You can also define the periodicity of your orders, which can be punctual, weekly ( define each week whether or not you want to receive your basket), biweekly (you will receive your biocabaz every other week), or monthly (you can order the 4 baskets on a monthly basis and receive your basket each week without any worries). In case you want any of these solutions please contact us by phone or email.<\/p>\n<p>&nbsp;<\/p>\n<p><strong>4th &#8211; Finalization of the order<\/strong><\/p>\n<p>&nbsp;<\/p>\n<p><strong>5th &#8211; Payment methods <\/strong><\/p>\n<p>The payment methods for your basket are: bank transfer (to NIB Biobabaz), ATM at the time of delivery of the basket (we have a mobile ATM available to facilitate payment upon delivery) or MBway.<\/p>\n<p><strong>6th &#8211; Confirmation<\/strong><\/p>\n<p>Confirmation of your order via email. Upon receipt of your order you will receive an email with the list of products ordered, as well as the value of the same. The invoice will be sent to you by email shortly after good collection<\/p>\n<p><strong>7\u00ba &#8211; Jurisdiction And Applicable Legislation<\/strong><\/p>\n<p>The conditions of access and use of this website are governed exclusively by Portuguese law.<\/p>\n<p>The <strong> <em> BioCabaz <\/em> <\/strong> and the user understand that the negotiation route is the preferred way to resolve doubts, divergences or disputes of any nature that arise about the interpretation or execution of the provisions legal or contractual conditions applicable to their relationships, including failure to comply with the obligations of the parties. However, once the negotiation route has been exhausted, the parties agree that the Lisbon District Court is competent to resolve disputes resulting from the use of this website.[\/vc_column_text][\/vc_column][\/mk_page_section][mk_page_section][vc_column][mk_padding_divider][\/vc_column][\/mk_page_section]\n","protected":false},"excerpt":{"rendered":"<p>[mk_page_section][vc_column][vc_column_text css=&#8221;.vc_custom_1735891083210{margin-bottom: 0px !important;}&#8221;]1\u00ba &#8211; Verification of delivery locations To order, start by checking if we deliver to your area of \u200b\u200bresidence or place of work (or other location where you want the basket to be delivered) Note: If your address is not included in our delivery area, please contact us to find out about [&hellip;]<\/p>\n","protected":false},"author":3,"featured_media":0,"parent":0,"menu_order":0,"comment_status":"closed","ping_status":"closed","template":"","meta":{"footnotes":""},"class_list":["post-23","page","type-page","status-publish","hentry"],"yoast_head":"<!-- This site is optimized with the Yoast SEO plugin v26.3 - https:\/\/yoast.com\/wordpress\/plugins\/seo\/ -->\n<title>Como Encomendar<\/title>\n<meta name=\"description\" content=\"Verifica\u00e7\u00e3o dos locais de entrega, registe os dados necess\u00e1rios \u00e0 fatura\u00e7\u00e3o, escolha o seu cabaz! Pode optar por um cabaz pr\u00e9-definido ou personalizado.\" \/>\n<meta name=\"robots\" content=\"index, follow, max-snippet:-1, max-image-preview:large, max-video-preview:-1\" \/>\n<link rel=\"canonical\" href=\"https:\/\/biocabaz.pt\/web\/en\/como-encomendar\/\" \/>\n<meta property=\"og:locale\" content=\"pt_PT\" \/>\n<meta property=\"og:locale:alternate\" content=\"pt_PT\" \/>\n<meta property=\"og:type\" content=\"article\" \/>\n<meta property=\"og:title\" content=\"Como Encomendar\" \/>\n<meta property=\"og:description\" content=\"Verifica\u00e7\u00e3o dos locais de entrega, registe os dados necess\u00e1rios \u00e0 fatura\u00e7\u00e3o, escolha o seu cabaz! Pode optar por um cabaz pr\u00e9-definido ou personalizado.\" \/>\n<meta property=\"og:url\" content=\"https:\/\/biocabaz.pt\/web\/en\/como-encomendar\/\" \/>\n<meta property=\"og:site_name\" content=\"CABAZES BIOL\u00d3GICOS\" \/>\n<meta property=\"article:modified_time\" content=\"2025-01-03T07:58:10+00:00\" \/>\n<meta name=\"twitter:card\" content=\"summary_large_image\" \/>\n<meta name=\"twitter:label1\" content=\"Est. reading time\" \/>\n\t<meta name=\"twitter:data1\" content=\"4 minutes\" \/>\n<script type=\"application\/ld+json\" class=\"yoast-schema-graph\">{\"@context\":\"https:\/\/schema.org\",\"@graph\":[{\"@type\":\"WebPage\",\"@id\":\"https:\/\/biocabaz.pt\/web\/en\/como-encomendar\/\",\"url\":\"https:\/\/biocabaz.pt\/web\/en\/como-encomendar\/\",\"name\":\"Como Encomendar\",\"isPartOf\":{\"@id\":\"https:\/\/www.biocabaz.pt\/web\/en\/#website\"},\"datePublished\":\"2016-01-24T21:26:22+00:00\",\"dateModified\":\"2025-01-03T07:58:10+00:00\",\"description\":\"Verifica\u00e7\u00e3o dos locais de entrega, registe os dados necess\u00e1rios \u00e0 fatura\u00e7\u00e3o, escolha o seu cabaz! Pode optar por um cabaz pr\u00e9-definido ou personalizado.\",\"breadcrumb\":{\"@id\":\"https:\/\/biocabaz.pt\/web\/en\/como-encomendar\/#breadcrumb\"},\"inLanguage\":\"pt-PT\",\"potentialAction\":[{\"@type\":\"ReadAction\",\"target\":[\"https:\/\/biocabaz.pt\/web\/en\/como-encomendar\/\"]}]},{\"@type\":\"BreadcrumbList\",\"@id\":\"https:\/\/biocabaz.pt\/web\/en\/como-encomendar\/#breadcrumb\",\"itemListElement\":[{\"@type\":\"ListItem\",\"position\":1,\"name\":\"Home\",\"item\":\"https:\/\/www.biocabaz.pt\/web\/en\/\"},{\"@type\":\"ListItem\",\"position\":2,\"name\":\"HOW TO ORDER\"}]},{\"@type\":\"WebSite\",\"@id\":\"https:\/\/www.biocabaz.pt\/web\/en\/#website\",\"url\":\"https:\/\/www.biocabaz.pt\/web\/en\/\",\"name\":\"CABAZES BIOL\u00d3GICOS\",\"description\":\"One+Number\",\"potentialAction\":[{\"@type\":\"SearchAction\",\"target\":{\"@type\":\"EntryPoint\",\"urlTemplate\":\"https:\/\/www.biocabaz.pt\/web\/en\/?s={search_term_string}\"},\"query-input\":{\"@type\":\"PropertyValueSpecification\",\"valueRequired\":true,\"valueName\":\"search_term_string\"}}],\"inLanguage\":\"pt-PT\"}]}<\/script>\n<!-- \/ Yoast SEO plugin. -->","yoast_head_json":{"title":"Como Encomendar","description":"Verifica\u00e7\u00e3o dos locais de entrega, registe os dados necess\u00e1rios \u00e0 fatura\u00e7\u00e3o, escolha o seu cabaz! Pode optar por um cabaz pr\u00e9-definido ou personalizado.","robots":{"index":"index","follow":"follow","max-snippet":"max-snippet:-1","max-image-preview":"max-image-preview:large","max-video-preview":"max-video-preview:-1"},"canonical":"https:\/\/biocabaz.pt\/web\/en\/como-encomendar\/","og_locale":"pt_PT","og_type":"article","og_title":"Como Encomendar","og_description":"Verifica\u00e7\u00e3o dos locais de entrega, registe os dados necess\u00e1rios \u00e0 fatura\u00e7\u00e3o, escolha o seu cabaz! Pode optar por um cabaz pr\u00e9-definido ou personalizado.","og_url":"https:\/\/biocabaz.pt\/web\/en\/como-encomendar\/","og_site_name":"CABAZES BIOL\u00d3GICOS","article_modified_time":"2025-01-03T07:58:10+00:00","twitter_card":"summary_large_image","twitter_misc":{"Est. reading time":"4 minutes"},"schema":{"@context":"https:\/\/schema.org","@graph":[{"@type":"WebPage","@id":"https:\/\/biocabaz.pt\/web\/en\/como-encomendar\/","url":"https:\/\/biocabaz.pt\/web\/en\/como-encomendar\/","name":"Como Encomendar","isPartOf":{"@id":"https:\/\/www.biocabaz.pt\/web\/en\/#website"},"datePublished":"2016-01-24T21:26:22+00:00","dateModified":"2025-01-03T07:58:10+00:00","description":"Verifica\u00e7\u00e3o dos locais de entrega, registe os dados necess\u00e1rios \u00e0 fatura\u00e7\u00e3o, escolha o seu cabaz! Pode optar por um cabaz pr\u00e9-definido ou personalizado.","breadcrumb":{"@id":"https:\/\/biocabaz.pt\/web\/en\/como-encomendar\/#breadcrumb"},"inLanguage":"pt-PT","potentialAction":[{"@type":"ReadAction","target":["https:\/\/biocabaz.pt\/web\/en\/como-encomendar\/"]}]},{"@type":"BreadcrumbList","@id":"https:\/\/biocabaz.pt\/web\/en\/como-encomendar\/#breadcrumb","itemListElement":[{"@type":"ListItem","position":1,"name":"Home","item":"https:\/\/www.biocabaz.pt\/web\/en\/"},{"@type":"ListItem","position":2,"name":"HOW TO ORDER"}]},{"@type":"WebSite","@id":"https:\/\/www.biocabaz.pt\/web\/en\/#website","url":"https:\/\/www.biocabaz.pt\/web\/en\/","name":"CABAZES BIOL\u00d3GICOS","description":"One+Number","potentialAction":[{"@type":"SearchAction","target":{"@type":"EntryPoint","urlTemplate":"https:\/\/www.biocabaz.pt\/web\/en\/?s={search_term_string}"},"query-input":{"@type":"PropertyValueSpecification","valueRequired":true,"valueName":"search_term_string"}}],"inLanguage":"pt-PT"}]}},"_links":{"self":[{"href":"https:\/\/biocabaz.pt\/web\/en\/wp-json\/wp\/v2\/pages\/23","targetHints":{"allow":["GET"]}}],"collection":[{"href":"https:\/\/biocabaz.pt\/web\/en\/wp-json\/wp\/v2\/pages"}],"about":[{"href":"https:\/\/biocabaz.pt\/web\/en\/wp-json\/wp\/v2\/types\/page"}],"author":[{"embeddable":true,"href":"https:\/\/biocabaz.pt\/web\/en\/wp-json\/wp\/v2\/users\/3"}],"replies":[{"embeddable":true,"href":"https:\/\/biocabaz.pt\/web\/en\/wp-json\/wp\/v2\/comments?post=23"}],"version-history":[{"count":15,"href":"https:\/\/biocabaz.pt\/web\/en\/wp-json\/wp\/v2\/pages\/23\/revisions"}],"predecessor-version":[{"id":120246,"href":"https:\/\/biocabaz.pt\/web\/en\/wp-json\/wp\/v2\/pages\/23\/revisions\/120246"}],"wp:attachment":[{"href":"https:\/\/biocabaz.pt\/web\/en\/wp-json\/wp\/v2\/media?parent=23"}],"curies":[{"name":"wp","href":"https:\/\/api.w.org\/{rel}","templated":true}]}}