{"id":1401,"date":"2016-04-24T22:46:12","date_gmt":"2016-04-24T22:46:12","guid":{"rendered":"http:\/\/www.biocabaz.com\/web\/?page_id=1401"},"modified":"2026-04-20T06:23:53","modified_gmt":"2026-04-20T06:23:53","slug":"cabazes-da-semana","status":"publish","type":"page","link":"https:\/\/biocabaz.pt\/web\/en\/cabazes-da-semana\/","title":{"rendered":"BASKET OF THE WEEK (FROM 17\/04 TO 24\/04)"},"content":{"rendered":"[vc_row][vc_column width=&#8221;1\/3&#8243; el_class=&#8221;product_cabaz_list&#8221;]<div class=\"woocommerce\">\t\t\t<div class=\"single-product\" data-product-page-preselected-id=\"0\">\n\t\t\t\t<div id=\"product-10361\" class=\"product type-product post-10361 status-publish first instock product_cat-cabaz-da-semana product_cat-cabazes has-post-thumbnail shipping-taxable purchasable product-type-bundle\">\n\n\t\n\t<div class=\"summary entry-summary\">\n\t\t<style>.product.product_cat-carne .wc-points-rewards-product-message,.product.product_cat-herdade-freixo-do-meio .wc-points-rewards-product-message,.product.product_cat-suplementos .wc-points-rewards-product-message,.product.product_cat-vegetariano-e-vegan .wc-points-rewards-product-message,.product.product_cat-conservas-doces .wc-points-rewards-product-message,.product.product_cat-sopas .wc-points-rewards-product-message,.product.product_cat-pao-e-tostas .wc-points-rewards-product-message,.product.product_cat-carne-ovos .wc-points-rewards-product-message,.product.product_cat-herdade-freixo-do-meio .wc-points-rewards-product-message,.product.product_cat-talho-biologico .wc-points-rewards-product-message,.product.product_cat-peixaria .wc-points-rewards-product-message{ display: none; }<\/style>\t<\/div>\n\n\t<\/div>\n\n\t\t\t<\/div>\n\t\t\t<\/div>[\/vc_column][vc_column width=&#8221;1\/3&#8243; el_class=&#8221;product_cabaz_list&#8221;]<div class=\"woocommerce\">\t\t\t<div class=\"single-product\" data-product-page-preselected-id=\"0\">\n\t\t\t\t<div id=\"product-10358\" class=\"product type-product post-10358 status-publish instock product_cat-cabaz-da-semana product_cat-cabazes has-post-thumbnail shipping-taxable purchasable product-type-bundle\">\n\n\t\n\t<div class=\"summary entry-summary\">\n\t\t<style>.product.product_cat-carne .wc-points-rewards-product-message,.product.product_cat-herdade-freixo-do-meio .wc-points-rewards-product-message,.product.product_cat-suplementos .wc-points-rewards-product-message,.product.product_cat-vegetariano-e-vegan .wc-points-rewards-product-message,.product.product_cat-conservas-doces .wc-points-rewards-product-message,.product.product_cat-sopas .wc-points-rewards-product-message,.product.product_cat-pao-e-tostas .wc-points-rewards-product-message,.product.product_cat-carne-ovos .wc-points-rewards-product-message,.product.product_cat-herdade-freixo-do-meio .wc-points-rewards-product-message,.product.product_cat-talho-biologico .wc-points-rewards-product-message,.product.product_cat-peixaria .wc-points-rewards-product-message{ display: none; }<\/style>\t<\/div>\n\n\t<\/div>\n\n\t\t\t<\/div>\n\t\t\t<\/div>[\/vc_column][vc_column width=&#8221;1\/3&#8243; el_class=&#8221;product_cabaz_list&#8221;]<div class=\"woocommerce\">\t\t\t<div class=\"single-product\" data-product-page-preselected-id=\"0\">\n\t\t\t\t<div id=\"product-10363\" class=\"product type-product post-10363 status-publish instock product_cat-cabaz-da-semana product_cat-cabazes has-post-thumbnail shipping-taxable purchasable product-type-bundle\">\n\n\t\n\t<div class=\"summary entry-summary\">\n\t\t<style>.product.product_cat-carne .wc-points-rewards-product-message,.product.product_cat-herdade-freixo-do-meio .wc-points-rewards-product-message,.product.product_cat-suplementos .wc-points-rewards-product-message,.product.product_cat-vegetariano-e-vegan .wc-points-rewards-product-message,.product.product_cat-conservas-doces .wc-points-rewards-product-message,.product.product_cat-sopas .wc-points-rewards-product-message,.product.product_cat-pao-e-tostas .wc-points-rewards-product-message,.product.product_cat-carne-ovos .wc-points-rewards-product-message,.product.product_cat-herdade-freixo-do-meio .wc-points-rewards-product-message,.product.product_cat-talho-biologico .wc-points-rewards-product-message,.product.product_cat-peixaria .wc-points-rewards-product-message{ display: none; }<\/style>\t<\/div>\n\n\t<\/div>\n\n\t\t\t<\/div>\n\t\t\t<\/div>[\/vc_column][\/vc_row][vc_row][vc_column width=&#8221;1\/2&#8243; el_class=&#8221;product_cabaz_list&#8221;][\/vc_column][vc_column width=&#8221;1\/2&#8243;][\/vc_column][\/vc_row]\n","protected":false},"excerpt":{"rendered":"<p>[vc_row][vc_column width=&#8221;1\/3&#8243; el_class=&#8221;product_cabaz_list&#8221;][\/vc_column][vc_column width=&#8221;1\/3&#8243; el_class=&#8221;product_cabaz_list&#8221;][\/vc_column][vc_column width=&#8221;1\/3&#8243; el_class=&#8221;product_cabaz_list&#8221;][\/vc_column][\/vc_row][vc_row][vc_column width=&#8221;1\/2&#8243; el_class=&#8221;product_cabaz_list&#8221;][\/vc_column][vc_column width=&#8221;1\/2&#8243;][\/vc_column][\/vc_row]<\/p>\n","protected":false},"author":3,"featured_media":0,"parent":0,"menu_order":0,"comment_status":"closed","ping_status":"closed","template":"","meta":{"footnotes":""},"class_list":["post-1401","page","type-page","status-publish","hentry"],"yoast_head":"<!-- This site is optimized with the Yoast SEO plugin v26.3 - https:\/\/yoast.com\/wordpress\/plugins\/seo\/ -->\n<title>CABAZ SEMANAL BIOLOGICO<\/title>\n<meta name=\"description\" content=\"CABAZ BIOLOGICO GRANDE\" \/>\n<meta name=\"robots\" content=\"index, follow, max-snippet:-1, max-image-preview:large, max-video-preview:-1\" \/>\n<link rel=\"canonical\" href=\"https:\/\/www.biocabaz.pt\/web\/en\/cabazes-da-semana\/\" \/>\n<meta property=\"og:locale\" content=\"pt_PT\" \/>\n<meta property=\"og:locale:alternate\" content=\"pt_PT\" \/>\n<meta property=\"og:type\" content=\"article\" \/>\n<meta property=\"og:title\" content=\"CABAZ SEMANAL BIOLOGICO\" \/>\n<meta property=\"og:description\" content=\"{:pt}Cabaz Biol\u00f3gico semanal completo com frutas e legumes biol\u00f3gicos e bio nacionais. Cabaz Pequeno Bio, Cabaz M\u00e9dio Bio e Cabaz Grande Bio.{:en}CABAZ BIOL\u00d3GICO SEMANAL{:}\" \/>\n<meta property=\"og:url\" content=\"https:\/\/biocabaz.pt\/web\/en\/produto\/cabaz-grande-1\/\" \/>\n<meta property=\"og:site_name\" content=\"CABAZES BIOL\u00d3GICOS\" \/>\n<meta property=\"article:modified_time\" content=\"2026-04-20T06:23:53+00:00\" \/>\n<meta name=\"twitter:card\" content=\"summary_large_image\" \/>\n<meta name=\"twitter:label1\" content=\"Est. reading time\" \/>\n\t<meta name=\"twitter:data1\" content=\"1 minute\" \/>\n<script type=\"application\/ld+json\" class=\"yoast-schema-graph\">{\"@context\":\"https:\/\/schema.org\",\"@graph\":[{\"@type\":\"WebPage\",\"@id\":\"https:\/\/www.biocabaz.pt\/web\/en\/cabazes-da-semana\/\",\"url\":\"https:\/\/www.biocabaz.pt\/web\/en\/cabazes-da-semana\/\",\"name\":\"CABAZ SEMANAL BIOLOGICO\",\"isPartOf\":{\"@id\":\"https:\/\/biocabaz.pt\/web\/#website\"},\"datePublished\":\"2016-04-24T22:46:12+00:00\",\"dateModified\":\"2026-04-20T06:23:53+00:00\",\"description\":\"{:pt}Cabaz Biol\u00f3gico semanal completo com frutas e legumes biol\u00f3gicos e bio nacionais. Cabaz Pequeno Bio, Cabaz M\u00e9dio Bio e Cabaz Grande Bio.{:en}CABAZ BIOL\u00d3GICO SEMANAL{:}\",\"breadcrumb\":{\"@id\":\"https:\/\/www.biocabaz.pt\/web\/en\/cabazes-da-semana\/#breadcrumb\"},\"inLanguage\":\"pt-PT\",\"potentialAction\":[{\"@type\":\"ReadAction\",\"target\":[\"https:\/\/www.biocabaz.pt\/web\/en\/cabazes-da-semana\/\"]}]},{\"@type\":\"BreadcrumbList\",\"@id\":\"https:\/\/www.biocabaz.pt\/web\/en\/cabazes-da-semana\/#breadcrumb\",\"itemListElement\":[{\"@type\":\"ListItem\",\"position\":1,\"name\":\"Home\",\"item\":\"https:\/\/biocabaz.pt\/web\/\"},{\"@type\":\"ListItem\",\"position\":2,\"name\":\"BASKET OF THE WEEK (FROM 17\/04 TO 24\/04)\"}]},{\"@type\":\"WebSite\",\"@id\":\"https:\/\/biocabaz.pt\/web\/#website\",\"url\":\"https:\/\/biocabaz.pt\/web\/\",\"name\":\"CABAZES BIOL\u00d3GICOS\",\"description\":\"One+Number\",\"potentialAction\":[{\"@type\":\"SearchAction\",\"target\":{\"@type\":\"EntryPoint\",\"urlTemplate\":\"https:\/\/biocabaz.pt\/web\/?s={search_term_string}\"},\"query-input\":{\"@type\":\"PropertyValueSpecification\",\"valueRequired\":true,\"valueName\":\"search_term_string\"}}],\"inLanguage\":\"pt-PT\"}]}<\/script>\n<!-- \/ Yoast SEO plugin. -->","yoast_head_json":{"title":"CABAZ SEMANAL BIOLOGICO","description":"CABAZ BIOLOGICO GRANDE","robots":{"index":"index","follow":"follow","max-snippet":"max-snippet:-1","max-image-preview":"max-image-preview:large","max-video-preview":"max-video-preview:-1"},"canonical":"https:\/\/www.biocabaz.pt\/web\/en\/cabazes-da-semana\/","og_locale":"pt_PT","og_type":"article","og_title":"CABAZ SEMANAL BIOLOGICO","og_description":"{:pt}Cabaz Biol\u00f3gico semanal completo com frutas e legumes biol\u00f3gicos e bio nacionais. Cabaz Pequeno Bio, Cabaz M\u00e9dio Bio e Cabaz Grande Bio.{:en}CABAZ BIOL\u00d3GICO SEMANAL{:}","og_url":"https:\/\/biocabaz.pt\/web\/en\/produto\/cabaz-grande-1\/","og_site_name":"CABAZES BIOL\u00d3GICOS","article_modified_time":"2026-04-20T06:23:53+00:00","twitter_card":"summary_large_image","twitter_misc":{"Est. reading time":"1 minute"},"schema":{"@context":"https:\/\/schema.org","@graph":[{"@type":"WebPage","@id":"https:\/\/www.biocabaz.pt\/web\/en\/cabazes-da-semana\/","url":"https:\/\/www.biocabaz.pt\/web\/en\/cabazes-da-semana\/","name":"CABAZ SEMANAL BIOLOGICO","isPartOf":{"@id":"https:\/\/biocabaz.pt\/web\/#website"},"datePublished":"2016-04-24T22:46:12+00:00","dateModified":"2026-04-20T06:23:53+00:00","description":"{:pt}Cabaz Biol\u00f3gico semanal completo com frutas e legumes biol\u00f3gicos e bio nacionais. Cabaz Pequeno Bio, Cabaz M\u00e9dio Bio e Cabaz Grande Bio.{:en}CABAZ BIOL\u00d3GICO SEMANAL{:}","breadcrumb":{"@id":"https:\/\/www.biocabaz.pt\/web\/en\/cabazes-da-semana\/#breadcrumb"},"inLanguage":"pt-PT","potentialAction":[{"@type":"ReadAction","target":["https:\/\/www.biocabaz.pt\/web\/en\/cabazes-da-semana\/"]}]},{"@type":"BreadcrumbList","@id":"https:\/\/www.biocabaz.pt\/web\/en\/cabazes-da-semana\/#breadcrumb","itemListElement":[{"@type":"ListItem","position":1,"name":"Home","item":"https:\/\/biocabaz.pt\/web\/"},{"@type":"ListItem","position":2,"name":"BASKET OF THE WEEK (FROM 17\/04 TO 24\/04)"}]},{"@type":"WebSite","@id":"https:\/\/biocabaz.pt\/web\/#website","url":"https:\/\/biocabaz.pt\/web\/","name":"CABAZES BIOL\u00d3GICOS","description":"One+Number","potentialAction":[{"@type":"SearchAction","target":{"@type":"EntryPoint","urlTemplate":"https:\/\/biocabaz.pt\/web\/?s={search_term_string}"},"query-input":{"@type":"PropertyValueSpecification","valueRequired":true,"valueName":"search_term_string"}}],"inLanguage":"pt-PT"}]}},"_links":{"self":[{"href":"https:\/\/biocabaz.pt\/web\/en\/wp-json\/wp\/v2\/pages\/1401","targetHints":{"allow":["GET"]}}],"collection":[{"href":"https:\/\/biocabaz.pt\/web\/en\/wp-json\/wp\/v2\/pages"}],"about":[{"href":"https:\/\/biocabaz.pt\/web\/en\/wp-json\/wp\/v2\/types\/page"}],"author":[{"embeddable":true,"href":"https:\/\/biocabaz.pt\/web\/en\/wp-json\/wp\/v2\/users\/3"}],"replies":[{"embeddable":true,"href":"https:\/\/biocabaz.pt\/web\/en\/wp-json\/wp\/v2\/comments?post=1401"}],"version-history":[{"count":570,"href":"https:\/\/biocabaz.pt\/web\/en\/wp-json\/wp\/v2\/pages\/1401\/revisions"}],"predecessor-version":[{"id":125319,"href":"https:\/\/biocabaz.pt\/web\/en\/wp-json\/wp\/v2\/pages\/1401\/revisions\/125319"}],"wp:attachment":[{"href":"https:\/\/biocabaz.pt\/web\/en\/wp-json\/wp\/v2\/media?parent=1401"}],"curies":[{"name":"wp","href":"https:\/\/api.w.org\/{rel}","templated":true}]}}